{"id":2781,"date":"2024-03-10T13:24:00","date_gmt":"2024-03-10T12:24:00","guid":{"rendered":"https:\/\/fokusisrael.ch\/les-palestiniens\/tiktok-est-une-plate-forme-dinformation-et-de-surveillance-du-gouvernement-chinois\/"},"modified":"2025-10-15T13:37:52","modified_gmt":"2025-10-15T11:37:52","slug":"tiktok-est-une-plate-forme-dinformation-et-de-surveillance-du-gouvernement-chinois","status":"publish","type":"page","link":"https:\/\/fokusisrael.ch\/fr\/la-haine-des-juifs-et-disrael-a-de-nouveau-le-vent-en-poupe\/tiktok-est-une-plate-forme-dinformation-et-de-surveillance-du-gouvernement-chinois\/","title":{"rendered":"TikTok est une plate-forme d&rsquo;information et de surveillance du gouvernement chinois."},"content":{"rendered":"\n<p class=\"article__intro\">Permettez-moi de le dire clairement : TikTok est une plate-forme du Parti communiste chinois pour la collecte de renseignements, la surveillance de masse et les op\u00e9rations d&rsquo;information. Le probl\u00e8me n&rsquo;est pas seulement la protection des donn\u00e9es &#8211; m\u00eame si elle est monstrueuse, c&rsquo;est comparativement l&rsquo;un des plus petits probl\u00e8mes de TikTok.<\/p>\n\n<figure class=\"wp-block-image size-full\"><img loading=\"lazy\" decoding=\"async\" width=\"1024\" height=\"600\" src=\"https:\/\/fokusisrael.ch\/wp-content\/uploads\/2025\/03\/China-und-TikTok.jpg\" alt=\"Logo TikTok sur un appareil mobile avec le drapeau chinois en arri&#xE8;re-plan\" class=\"wp-image-848\" srcset=\"https:\/\/fokusisrael.ch\/wp-content\/uploads\/2025\/03\/China-und-TikTok.jpg 1024w, https:\/\/fokusisrael.ch\/wp-content\/uploads\/2025\/03\/China-und-TikTok-300x176.jpg 300w, https:\/\/fokusisrael.ch\/wp-content\/uploads\/2025\/03\/China-und-TikTok-768x450.jpg 768w\" sizes=\"auto, (max-width: 1024px) 100vw, 1024px\" \/><figcaption class=\"wp-element-caption\"> <span class=\"image-meta\">&copy;<a href=\"https:\/\/unsplash.com\/de\/@solenfeyissa?utm_content=creditCopyText&#038;utm_medium=referral&#038;utm_source=unsplash\" target=\"_blank\" rel=\"noopener\">Solen Feyissa<\/a> <a href=\"https:\/\/unsplash.com\/de\/fotos\/schwarzes-smartphone-zeigt-die-zeit-bei-12-00-an-QKEeVYu0d7U?utm_content=creditCopyText&#038;utm_medium=referral&#038;utm_source=unsplash\" target=\"_blank\" rel=\"noopener\">Unsplash<\/a><\/span><\/figure><\/figcaption>\n\n<p>Le v\u00e9ritable probl\u00e8me est le contr\u00f4le de l&rsquo;information &#8211; les sujets, les r\u00e9cits et les messages qui atteignent les groupes cibles : Quel type de contenu est promu, quel contenu devient viral (et lequel ne l&rsquo;est pas), quel contenu est supprim\u00e9 ou retir\u00e9.<\/p>\n\n<p>Ici, <a href=\"\/fr\/?page_id=2799\" title=\"Propagande anti-isra&#xE9;lienne sur TikTok\">TikTok<\/a> pr\u00e9tend n&rsquo;\u00eatre \u00ab\u00a0qu&rsquo;une application sociale de plus\u00a0\u00bb, notamment en se comparant aux plateformes am\u00e9ricaines et \u00e0 leurs probl\u00e8mes. Il n&rsquo;y a pas d&rsquo;\u00e9quivalence &#8211; aucune &#8211; avec quoi que ce soit que fasse une plateforme am\u00e9ricaine ou le gouvernement am\u00e9ricain. En outre, les probl\u00e8mes rencontr\u00e9s par les plateformes am\u00e9ricaines sont \u00ab\u00a0nos propres\u00a0\u00bb probl\u00e8mes, que nous devons g\u00e9rer. Les propagandistes chinois savent toutefois qu&rsquo;il s&rsquo;agit d&rsquo;un r\u00e9cit efficace. C&rsquo;est pourquoi, dans chaque d\u00e9bat sur TikTok, vous entendrez toujours les arguments \u00ab\u00a0les \u00c9tats-Unis ne sont pas diff\u00e9rents\u00a0\u00bb et \u00ab\u00a0les \u00c9tats-Unis font la m\u00eame chose\u00a0\u00bb.<\/p>\n\n<p>Le gouvernement chinois conna\u00eet la puissance de TikTok pour fa\u00e7onner la pens\u00e9e de toute une g\u00e9n\u00e9ration d&rsquo;Am\u00e9ricains (et d&rsquo;Occidentaux) sur de nombreux sujets nationaux et internationaux, tout en supprimant les contenus qui ne servent pas les int\u00e9r\u00eats strat\u00e9giques et g\u00e9opolitiques \u00e0 long terme de la Chine.<\/p>\n\n<p>TikTok se camoufle en utilisant le langage de la libert\u00e9 d&rsquo;expression et de la protection constitutionnelle, mais TikTok ne se soucie pas vraiment de ces choses, bien au contraire. Ils ne sont que des arguments \u00e9motionnels efficaces pour maintenir leur t\u00eate de pont cognitive.  <\/p>\n\n<h3 class=\"wp-block-heading\">TikTok dessert tous les piliers des \u00ab\u00a0trois th\u00e9\u00e2tres de guerre\u00a0\u00bb de la Chine.  <\/h3>\n\n<p>Guerre m\u00e9diatique et guerre d&rsquo;opinion, guerre psychologique et guerre juridique &#8211; nous voyons cette derni\u00e8re dans le lobbying agressif de TikTok aux Etats-Unis et maintenant dans les appels creux de TikTok aux Am\u00e9ricains pour qu&rsquo;ils appellent leurs membres du Congr\u00e8s \u00e0 \u00ab\u00a0prot\u00e9ger la libert\u00e9 d&rsquo;expression\u00a0\u00bb.<\/p>\n\n<p>Tout cela alors que la Chine r\u00e9prime brutalement les opinions divergentes et tout ce qui s&rsquo;apparente \u00e0 la libert\u00e9 d&rsquo;expression, non seulement \u00e0 l&rsquo;int\u00e9rieur de la Chine mais aussi \u00e0 l&rsquo;ext\u00e9rieur de ses fronti\u00e8res, et qu&rsquo;elle interdit la discussion de sujets \u00ab\u00a0sensibles\u00a0\u00bb tels que le Xinjiang (o\u00f9 un g\u00e9nocide est effectivement en cours), Tiananmen, le Tibet, Taiwan, Hong Kong&#8230; interdit.<\/p>\n\n<p>Savez-vous ce qui est encore interdit en Chine ? TikTok.  <\/p>\n\n<p>Dave Schroeder, conseiller strat\u00e9gique am\u00e9ricain et expert en cyber-guerre<\/p>\n","protected":false},"excerpt":{"rendered":"<p>Permettez-moi de le dire clairement : TikTok est une plate-forme du Parti communiste chinois pour la collecte de renseignements, la surveillance de masse et les op\u00e9rations d&rsquo;information. Le probl\u00e8me n&rsquo;est pas seulement la protection des donn\u00e9es &#8211; m\u00eame si elle est monstrueuse, c&rsquo;est comparativement l&rsquo;un des plus petits probl\u00e8mes de TikTok. Le v\u00e9ritable probl\u00e8me est [&hellip;]<\/p>\n","protected":false},"author":2,"featured_media":2385,"parent":2709,"menu_order":0,"comment_status":"closed","ping_status":"closed","template":"","meta":{"_hide_socialbar":"","footnotes":""},"categories":[],"tags":[410,409],"class_list":["post-2781","page","type-page","status-publish","has-post-thumbnail","hentry","tag-chine","tag-tiktok-fr"],"aioseo_notices":[],"_links":{"self":[{"href":"https:\/\/fokusisrael.ch\/fr\/wp-json\/wp\/v2\/pages\/2781","targetHints":{"allow":["GET"]}}],"collection":[{"href":"https:\/\/fokusisrael.ch\/fr\/wp-json\/wp\/v2\/pages"}],"about":[{"href":"https:\/\/fokusisrael.ch\/fr\/wp-json\/wp\/v2\/types\/page"}],"author":[{"embeddable":true,"href":"https:\/\/fokusisrael.ch\/fr\/wp-json\/wp\/v2\/users\/2"}],"replies":[{"embeddable":true,"href":"https:\/\/fokusisrael.ch\/fr\/wp-json\/wp\/v2\/comments?post=2781"}],"version-history":[{"count":4,"href":"https:\/\/fokusisrael.ch\/fr\/wp-json\/wp\/v2\/pages\/2781\/revisions"}],"predecessor-version":[{"id":5285,"href":"https:\/\/fokusisrael.ch\/fr\/wp-json\/wp\/v2\/pages\/2781\/revisions\/5285"}],"up":[{"embeddable":true,"href":"https:\/\/fokusisrael.ch\/fr\/wp-json\/wp\/v2\/pages\/2709"}],"wp:featuredmedia":[{"embeddable":true,"href":"https:\/\/fokusisrael.ch\/fr\/wp-json\/wp\/v2\/media\/2385"}],"wp:attachment":[{"href":"https:\/\/fokusisrael.ch\/fr\/wp-json\/wp\/v2\/media?parent=2781"}],"wp:term":[{"taxonomy":"category","embeddable":true,"href":"https:\/\/fokusisrael.ch\/fr\/wp-json\/wp\/v2\/categories?post=2781"},{"taxonomy":"post_tag","embeddable":true,"href":"https:\/\/fokusisrael.ch\/fr\/wp-json\/wp\/v2\/tags?post=2781"}],"curies":[{"name":"wp","href":"https:\/\/api.w.org\/{rel}","templated":true}]}}