{"id":2776,"date":"2025-07-18T17:37:19","date_gmt":"2025-07-18T15:37:19","guid":{"rendered":"https:\/\/fokusisrael.ch\/bulletin-dinformation\/"},"modified":"2025-10-15T13:38:09","modified_gmt":"2025-10-15T11:38:09","slug":"bulletin-dinformation","status":"publish","type":"page","link":"https:\/\/fokusisrael.ch\/fr\/bulletin-dinformation\/","title":{"rendered":"Bulletin d&rsquo;information"},"content":{"rendered":"\n<p>Restez inform\u00e9 avec FocusIsra\u00ebl : derni\u00e8res nouvelles, informations de fond et analyses sur Isra\u00ebl &#8211; abonnez-vous \u00e0 la newsletter et ne manquez plus rien !<\/p>\n\n                <div class=\"ml-embedded\" data-form=\"h9nT2e\"><\/div>\n            \n\n<h2 class=\"wp-block-heading\">Archives des lettres d&rsquo;information<\/h2>\n\n<p>Dans nos archives, vous trouverez nos pr\u00e9c\u00e9dentes newsletters au format PDF.<\/p>\n\n<ul class=\"wp-block-list\">\n<li><a href=\"https:\/\/fokusisrael.ch\/wp-content\/uploads\/2025\/07\/fokusisrael_2025-07-18.pdf\" target=\"_blank\" rel=\"noopener\" title=\"\">18.07.2025 &#8211; Netanyahou en difficult\u00e9. Les micro-partis font pencher la balance. Une couverture honn\u00eate d&rsquo;Isra\u00ebl  <\/a><\/li>\n\n\n\n<li><a href=\"https:\/\/fokusisrael.ch\/wp-content\/uploads\/2025\/07\/fokusisrael_2025-07-11.pdf\" target=\"_blank\" rel=\"noopener\" title=\"\">11.07.2025 &#8211; Pourquoi n&rsquo;y a-t-il pas encore d&rsquo;\u00c9tat palestinien ?<\/a><\/li>\n\n\n\n<li><a href=\"https:\/\/fokusisrael.ch\/wp-content\/uploads\/2025\/07\/fokusisrael_2025-07-04.pdf\" target=\"_blank\" rel=\"noopener\" title=\"\">04.07.2025 &#8211; Quel avenir pour Gaza ? Questions et r\u00e9ponses sur la guerre en Iran. L&rsquo;attitude d&rsquo;Isra\u00ebl \u00e0 l&rsquo;\u00e9gard des religieux pratiquants.  <\/a><\/li>\n\n\n\n<li><a href=\"https:\/\/fokusisrael.ch\/wp-content\/uploads\/2025\/07\/fokusisrael_2025-06-26.pdf\" target=\"_blank\" rel=\"noopener\" title=\"\">26.06.2025 &#8211; Le nouveau Moyen-Orient. Le rabbin Ahrens contre C\u00e9dric Wermuth. La mission de Netanyahou.  <\/a><\/li>\n\n\n\n<li><a href=\"https:\/\/fokusisrael.ch\/wp-content\/uploads\/2025\/07\/fokusisrael_2025-06-19.pdf\" target=\"_blank\" rel=\"noopener\" title=\"\">19.06.2025 &#8211; Les crimes de guerre de l&rsquo;Iran. Les mauvais calculs du r\u00e9gime des ayatollahs. L&rsquo;antis\u00e9mitisme dans l&rsquo;islam.  <\/a><\/li>\n\n\n\n<li><a href=\"https:\/\/fokusisrael.ch\/wp-content\/uploads\/2025\/07\/fokusisrael_2025-06-12.pdf\" target=\"_blank\" rel=\"noopener\" title=\"Des faits plut&#xF4;t que des affirmations - Actualit&#xE9;s et informations de fond sur Isra&#xEB;l\">12.06.2025 &#8211; Des faits plut\u00f4t que des affirmations &#8211; Actualit\u00e9s et informations de fond sur Isra\u00ebl<\/a><\/li>\n<\/ul>\n\n<p><\/p>\n","protected":false},"excerpt":{"rendered":"<p>Restez inform\u00e9 avec FocusIsra\u00ebl : derni\u00e8res nouvelles, informations de fond et analyses sur Isra\u00ebl &#8211; abonnez-vous \u00e0 la newsletter et ne manquez plus rien ! Archives des lettres d&rsquo;information Dans nos archives, vous trouverez nos pr\u00e9c\u00e9dentes newsletters au format PDF.<\/p>\n","protected":false},"author":2,"featured_media":2590,"parent":0,"menu_order":0,"comment_status":"closed","ping_status":"closed","template":"","meta":{"_hide_socialbar":"","footnotes":""},"categories":[],"tags":[],"class_list":["post-2776","page","type-page","status-publish","has-post-thumbnail","hentry"],"aioseo_notices":[],"_links":{"self":[{"href":"https:\/\/fokusisrael.ch\/fr\/wp-json\/wp\/v2\/pages\/2776","targetHints":{"allow":["GET"]}}],"collection":[{"href":"https:\/\/fokusisrael.ch\/fr\/wp-json\/wp\/v2\/pages"}],"about":[{"href":"https:\/\/fokusisrael.ch\/fr\/wp-json\/wp\/v2\/types\/page"}],"author":[{"embeddable":true,"href":"https:\/\/fokusisrael.ch\/fr\/wp-json\/wp\/v2\/users\/2"}],"replies":[{"embeddable":true,"href":"https:\/\/fokusisrael.ch\/fr\/wp-json\/wp\/v2\/comments?post=2776"}],"version-history":[{"count":2,"href":"https:\/\/fokusisrael.ch\/fr\/wp-json\/wp\/v2\/pages\/2776\/revisions"}],"predecessor-version":[{"id":2780,"href":"https:\/\/fokusisrael.ch\/fr\/wp-json\/wp\/v2\/pages\/2776\/revisions\/2780"}],"wp:featuredmedia":[{"embeddable":true,"href":"https:\/\/fokusisrael.ch\/fr\/wp-json\/wp\/v2\/media\/2590"}],"wp:attachment":[{"href":"https:\/\/fokusisrael.ch\/fr\/wp-json\/wp\/v2\/media?parent=2776"}],"wp:term":[{"taxonomy":"category","embeddable":true,"href":"https:\/\/fokusisrael.ch\/fr\/wp-json\/wp\/v2\/categories?post=2776"},{"taxonomy":"post_tag","embeddable":true,"href":"https:\/\/fokusisrael.ch\/fr\/wp-json\/wp\/v2\/tags?post=2776"}],"curies":[{"name":"wp","href":"https:\/\/api.w.org\/{rel}","templated":true}]}}