{"id":2775,"date":"2024-03-05T08:55:00","date_gmt":"2024-03-05T07:55:00","guid":{"rendered":"https:\/\/fokusisrael.ch\/les-haredim-et-larmee-israelienne\/"},"modified":"2025-10-15T13:38:10","modified_gmt":"2025-10-15T11:38:10","slug":"les-haredim-et-larmee-israelienne","status":"publish","type":"page","link":"https:\/\/fokusisrael.ch\/fr\/israel-et-le-moyen-orient\/les-haredim-et-larmee-israelienne\/","title":{"rendered":"Les haredim et l&rsquo;arm\u00e9e isra\u00e9lienne"},"content":{"rendered":"\n<p class=\"article__intro\">Ces jours-ci, le d\u00e9bat bien connu sur le service militaire des citoyens orthodoxes de la soci\u00e9t\u00e9 hared, ou plut\u00f4t sur la pression qu&rsquo;ils exercent sur lui, a \u00e9t\u00e9 relanc\u00e9 en Isra\u00ebl. La r\u00e9alit\u00e9 d&rsquo;aujourd&rsquo;hui remonte \u00e0 la cr\u00e9ation d&rsquo;Isra\u00ebl, lorsque le chef d&rsquo;\u00c9tat David Ben Gourion a exempt\u00e9 de service militaire un petit nombre d&rsquo;\u00e9tudiants talmudiques chared. Cette clause s&rsquo;inspirait de l&rsquo;expression talmudique \u00ab\u00a0torato omanuto\u00a0\u00bb, c&rsquo;est-\u00e0-dire \u00ab\u00a0sa branche professionnelle est la Torah\u00a0\u00bb (Shabbat 11a). Le probl\u00e8me est que le nombre d&rsquo;hommes strictement orthodoxes exempt\u00e9s du service militaire de cette mani\u00e8re \u00e9tait de 400 \u00e9tudiants de yeshiva en 1948, mais qu&rsquo;en raison des changements d\u00e9mographiques en Isra\u00ebl, il est pass\u00e9 depuis \u00e0 environ 60 000 !   <\/p>\n\n<figure class=\"wp-block-image size-full\"><img loading=\"lazy\" decoding=\"async\" width=\"1024\" height=\"600\" src=\"https:\/\/fokusisrael.ch\/wp-content\/uploads\/2025\/03\/Religioese-Juden.jpg\" alt=\"Jeunes &quot;Charedim&quot; (craignant Dieu) au Mur des Lamentations\" class=\"wp-image-808\" srcset=\"https:\/\/fokusisrael.ch\/wp-content\/uploads\/2025\/03\/Religioese-Juden.jpg 1024w, https:\/\/fokusisrael.ch\/wp-content\/uploads\/2025\/03\/Religioese-Juden-300x176.jpg 300w, https:\/\/fokusisrael.ch\/wp-content\/uploads\/2025\/03\/Religioese-Juden-768x450.jpg 768w\" sizes=\"auto, (max-width: 1024px) 100vw, 1024px\" \/><figcaption class=\"wp-element-caption\">Jeunes \u00ab\u00a0Charedim\u00a0\u00bb (craignant Dieu) au Mur des Lamentations <span class=\"image-meta\">&copy; PhotoStock-Israel  Alamy Stock Foto<\/span><\/figcaption><\/figure>\n\n<p>Cette r\u00e9alit\u00e9, dans laquelle 18% ( !) des hommes aptes \u00e0 servir dans l&rsquo;arm\u00e9e se retranchent derri\u00e8re l&rsquo;argument de l&rsquo;\u00e9tude du Talmud pour ne pas faire de service militaire obligatoire, est tout simplement inacceptable. Cela est d&rsquo;autant plus vrai apr\u00e8s le 7 octobre. Dans la guerre actuelle, la n\u00e9cessit\u00e9 d&rsquo;une arm\u00e9e isra\u00e9lienne plus grande et plus large est devenue \u00e9vidente. Isra\u00ebl ne peut tout simplement plus se permettre d&rsquo;avoir un nombre aussi important de militaires qui se d\u00e9filent.   <br \/><br \/>Cette r\u00e9alit\u00e9 n&rsquo;est pas seulement un probl\u00e8me moral, mais aussi un probl\u00e8me religieux. Moch\u00e9 critiquait d\u00e9j\u00e0 la tribu de Ruben lorsqu&rsquo;elle voulait s&rsquo;installer en dehors de la Terre promise, au-del\u00e0 du fleuve Jourdain : \u00ab\u00a0Vos fr\u00e8res iront-ils \u00e0 la guerre, et vous, vous resterez ici ?\u00a0\u00bb (4. B. M. 32:6). Le c\u00f4t\u00e9 chared aime argumenter avec le principe talmudique selon lequel l&rsquo;\u00e9tude de la Torah cr\u00e9e une protection m\u00e9taphysique : \u00ab\u00a0Quand on \u00e9tudie les commandements, ils prot\u00e8gent et sauvent\u00a0\u00bb (Sota 21a). M\u00eame si cela est vrai, il s&rsquo;agit d&rsquo;un argument irrationnel et donc non pertinent pour un \u00c9tat moderne. De plus, il est \u00e9galement malhonn\u00eate. Le tr\u00e8s populaire rabbin sioniste Chaim Nawon dit \u00e0 ce sujet : \u00ab\u00a0Si un \u00e9tudiant de la yeshiva haredique a un enfant malade, il ne se limite pas \u00e0 apprendre une page du Talmud, mais l&#8217;emm\u00e8ne \u00e0 l&rsquo;h\u00f4pital, et s&rsquo;il le faut, dans un pays lointain. Pourquoi, si tout le peuple juif est malade, ne peut-il pas fermer son livre du Talmud pendant un ou deux ans, comme le font les h\u00e9ros des Hesder Yeshivot sionistes ?\u00a0\u00bb Le ton de Nawon est encore plus vif \u00e0 ce sujet : \u00ab\u00a0Il est vrai que les haredim se portent volontaires pour servir \u00e0 ZAKA (une organisation caritative qui identifie les victimes de d\u00e9c\u00e8s apr\u00e8s des attentats terroristes ou des accidents ; ndlr), mais nous n&rsquo;avons jamais accept\u00e9 un accord selon lequel nous mourrions \u00e0 la guerre et ils comptaient nos cadavres. Qu&rsquo;ils soient donc assez bons pour rejoindre les rangs des combattants\u00a0\u00bb. Il convient d&rsquo;ajouter que, selon la halakha, une guerre en Terre sainte pour \u00ab\u00a0sauver Isra\u00ebl des mains d&rsquo;un oppresseur qui l&rsquo;a envahi\u00a0\u00bb (Rambam) est explicitement une \u00ab\u00a0milchemet mizwa\u00a0\u00bb, une \u00ab\u00a0guerre command\u00e9e\u00a0\u00bb, qui oblige tous les hommes et toutes les femmes juifs selon la loi religieuse.     <br \/><br \/>D&rsquo;un autre c\u00f4t\u00e9, l&rsquo;argument selon lequel les g\u00e9nies talmudiques m\u00e9ritent d&rsquo;\u00eatre exempt\u00e9s du service militaire au m\u00eame titre que les sportifs d&rsquo;exception a \u00e9galement du sens. Un noyau d&rsquo;\u00e9rudits de yeshiva s\u00e9rieux devrait rester intact dans l&rsquo;\u00c9tat juif. Tout d&rsquo;abord, les jeunes hommes de la soci\u00e9t\u00e9 hared qui ne prennent pas l&rsquo;\u00e9tude de la Torah au s\u00e9rieux, et ils sont malheureusement nombreux, devraient s&rsquo;engager. Dans quelle unit\u00e9 militaire les int\u00e9grer ? Utiliser la plate-forme de l&rsquo;arm\u00e9e pour s\u00e9culariser de force ses concitoyens haredis ne peut et ne doit pas \u00eatre l&rsquo;imp\u00e9ratif de l&rsquo;\u00c9tat juif, tout comme les Juifs modernes rejetteraient avec v\u00e9h\u00e9mence et \u00e0 juste titre toute contrainte religieuse de la part de Juifs strictement orthodoxes. Cela va tout \u00e0 fait dans le sens de la directive talmudique de Hillel : \u00ab\u00a0Ne fais pas \u00e0 ton prochain ce que tu d\u00e9testes\u00a0\u00bb (Shabbat 31a). Le lib\u00e9ralisme tol\u00e9rant ne signifie pas changer par la force d&rsquo;autres soci\u00e9t\u00e9s patriarcales plus conservatrices, mais cr\u00e9er des conditions qui les incitent \u00e0 s&rsquo;int\u00e9grer dans une certaine mesure \u00e0 la soci\u00e9t\u00e9 majoritaire moderne. Tout changement dans le mode de vie chared doit venir de l&rsquo;int\u00e9rieur, sinon il ne tiendra pas. En pratique, cela signifie cr\u00e9er des divisions homog\u00e8nes au sein de l&rsquo;arm\u00e9e isra\u00e9lienne qui soient \u00ab\u00a0charedim-friendly\u00a0\u00bb, par exemple en allongeant les heures de pri\u00e8re et en appliquant des normes plus \u00e9lev\u00e9es en mati\u00e8re de cacherout, ou en \u00e9vitant que leurs troupes soient entra\u00een\u00e9es par des femmes soldats, comme c&rsquo;est parfois le cas dans d&rsquo;autres unit\u00e9s de combat.        <br \/><br \/>Le temps est venu pour nos fr\u00e8res hared de s&rsquo;engager activement dans la d\u00e9fense d&rsquo;Isra\u00ebl. D&rsquo;autre part, l&rsquo;Etat d&rsquo;Isra\u00ebl est \u00e9galement appel\u00e9 \u00e0 cr\u00e9er un cadre au sein de Tsahal dans lequel les hommes strictement orthodoxes peuvent se sentir \u00e0 l&rsquo;aise et s&rsquo;\u00e9panouir. Pour cela, il faut une dose de bonne volont\u00e9. De tous les c\u00f4t\u00e9s.   <\/p>\n\n<p>*\u00a0\u00bbCharedim\u00a0\u00bb (craignant Dieu)  <\/p>\n\n<p>Texte de l&rsquo;article : Emanuel Cohn. Cohn enseigne le cin\u00e9ma et le Talmud et vit \u00e0 J\u00e9rusalem |\u00a9 Tir\u00e9 de l&rsquo;hebdomadaire juif <a href=\"https:\/\/www.tachles.ch\/\" target=\"_blank\" rel=\"noreferrer noopener\">TACHLES<\/a>, 1.03.2024 <\/p>\n","protected":false},"excerpt":{"rendered":"<p>Ces jours-ci, le d\u00e9bat bien connu sur le service militaire des citoyens orthodoxes de la soci\u00e9t\u00e9 hared, ou plut\u00f4t sur la pression qu&rsquo;ils exercent sur lui, a \u00e9t\u00e9 relanc\u00e9 en Isra\u00ebl. La r\u00e9alit\u00e9 d&rsquo;aujourd&rsquo;hui remonte \u00e0 la cr\u00e9ation d&rsquo;Isra\u00ebl, lorsque le chef d&rsquo;\u00c9tat David Ben Gourion a exempt\u00e9 de service militaire un petit nombre d&rsquo;\u00e9tudiants [&hellip;]<\/p>\n","protected":false},"author":2,"featured_media":2369,"parent":2802,"menu_order":0,"comment_status":"closed","ping_status":"closed","template":"","meta":{"_hide_socialbar":"","footnotes":""},"categories":[],"tags":[408,407],"class_list":["post-2775","page","type-page","status-publish","has-post-thumbnail","hentry","tag-charedim-fr","tag-fil"],"aioseo_notices":[],"_links":{"self":[{"href":"https:\/\/fokusisrael.ch\/fr\/wp-json\/wp\/v2\/pages\/2775","targetHints":{"allow":["GET"]}}],"collection":[{"href":"https:\/\/fokusisrael.ch\/fr\/wp-json\/wp\/v2\/pages"}],"about":[{"href":"https:\/\/fokusisrael.ch\/fr\/wp-json\/wp\/v2\/types\/page"}],"author":[{"embeddable":true,"href":"https:\/\/fokusisrael.ch\/fr\/wp-json\/wp\/v2\/users\/2"}],"replies":[{"embeddable":true,"href":"https:\/\/fokusisrael.ch\/fr\/wp-json\/wp\/v2\/comments?post=2775"}],"version-history":[{"count":3,"href":"https:\/\/fokusisrael.ch\/fr\/wp-json\/wp\/v2\/pages\/2775\/revisions"}],"predecessor-version":[{"id":5284,"href":"https:\/\/fokusisrael.ch\/fr\/wp-json\/wp\/v2\/pages\/2775\/revisions\/5284"}],"up":[{"embeddable":true,"href":"https:\/\/fokusisrael.ch\/fr\/wp-json\/wp\/v2\/pages\/2802"}],"wp:featuredmedia":[{"embeddable":true,"href":"https:\/\/fokusisrael.ch\/fr\/wp-json\/wp\/v2\/media\/2369"}],"wp:attachment":[{"href":"https:\/\/fokusisrael.ch\/fr\/wp-json\/wp\/v2\/media?parent=2775"}],"wp:term":[{"taxonomy":"category","embeddable":true,"href":"https:\/\/fokusisrael.ch\/fr\/wp-json\/wp\/v2\/categories?post=2775"},{"taxonomy":"post_tag","embeddable":true,"href":"https:\/\/fokusisrael.ch\/fr\/wp-json\/wp\/v2\/tags?post=2775"}],"curies":[{"name":"wp","href":"https:\/\/api.w.org\/{rel}","templated":true}]}}