{"id":2770,"date":"2024-08-03T02:43:00","date_gmt":"2024-08-03T00:43:00","guid":{"rendered":"https:\/\/fokusisrael.ch\/que-faut-il-faire-avec-lunrwa-et-pourquoi\/"},"modified":"2026-04-02T00:40:32","modified_gmt":"2026-04-01T22:40:32","slug":"que-faut-il-faire-avec-lunrwa-et-pourquoi","status":"publish","type":"page","link":"https:\/\/fokusisrael.ch\/fr\/questions-et-reponses-sur-israel-gaza-et-les-palestiniens\/que-faut-il-faire-avec-lunrwa-et-pourquoi\/","title":{"rendered":"Que faut-il faire avec l&rsquo;UNRWA et pourquoi ?"},"content":{"rendered":"\n<p class=\"article__intro\">Elle a \u00e9t\u00e9 membre du Parlement isra\u00e9lien, la Knesset, et est aujourd&rsquo;hui l&rsquo;une des analystes les plus respect\u00e9es au monde de la situation en Isra\u00ebl et au Moyen-Orient : la politologue Dr. Einat Wilf. Einat Wilf r\u00e9pond en exclusivit\u00e9 \u00e0 FocusIsrael.ch sur les dix questions les plus importantes concernant Isra\u00ebl et le Proche-Orient.<\/p>\n\n<figure class=\"wp-block-embed is-type-video is-provider-youtube wp-block-embed-youtube wp-embed-aspect-16-9 wp-has-aspect-ratio\"><div class=\"wp-block-embed__wrapper\">\n<iframe loading=\"lazy\" title=\"Was muss mit dem UNRWA getan werden und warum?\" width=\"500\" height=\"281\" src=\"https:\/\/www.youtube.com\/embed\/PML7T5MTZDc?feature=oembed\" frameborder=\"0\" allow=\"accelerometer; autoplay; clipboard-write; encrypted-media; gyroscope; picture-in-picture; web-share\" referrerpolicy=\"strict-origin-when-cross-origin\" allowfullscreen><\/iframe>\n<\/div><\/figure>\n\n<p>Isra\u00ebl demande le d\u00e9mant\u00e8lement de l&rsquo;Office de secours et de travaux des Nations unies pour les r\u00e9fugi\u00e9s de Palestine (UNRWA). Le Dr Einat Wilf explique pourquoi.<\/p>\n","protected":false},"excerpt":{"rendered":"<p>Elle a \u00e9t\u00e9 membre du Parlement isra\u00e9lien, la Knesset, et est aujourd&rsquo;hui l&rsquo;une des analystes les plus respect\u00e9es au monde de la situation en Isra\u00ebl et au Moyen-Orient : la politologue Dr. Einat Wilf. Einat Wilf r\u00e9pond en exclusivit\u00e9 \u00e0 FocusIsrael.ch sur les dix questions les plus importantes concernant Isra\u00ebl et le Proche-Orient. Isra\u00ebl demande [&hellip;]<\/p>\n","protected":false},"author":2,"featured_media":2344,"parent":2814,"menu_order":15,"comment_status":"closed","ping_status":"closed","template":"","meta":{"_hide_socialbar":"","footnotes":""},"categories":[],"tags":[373,375,399],"class_list":["post-2770","page","type-page","status-publish","has-post-thumbnail","hentry","tag-einat-wilf-fr","tag-faq-fr-2","tag-unrwa-fr"],"aioseo_notices":[],"_links":{"self":[{"href":"https:\/\/fokusisrael.ch\/fr\/wp-json\/wp\/v2\/pages\/2770","targetHints":{"allow":["GET"]}}],"collection":[{"href":"https:\/\/fokusisrael.ch\/fr\/wp-json\/wp\/v2\/pages"}],"about":[{"href":"https:\/\/fokusisrael.ch\/fr\/wp-json\/wp\/v2\/types\/page"}],"author":[{"embeddable":true,"href":"https:\/\/fokusisrael.ch\/fr\/wp-json\/wp\/v2\/users\/2"}],"replies":[{"embeddable":true,"href":"https:\/\/fokusisrael.ch\/fr\/wp-json\/wp\/v2\/comments?post=2770"}],"version-history":[{"count":2,"href":"https:\/\/fokusisrael.ch\/fr\/wp-json\/wp\/v2\/pages\/2770\/revisions"}],"predecessor-version":[{"id":2774,"href":"https:\/\/fokusisrael.ch\/fr\/wp-json\/wp\/v2\/pages\/2770\/revisions\/2774"}],"up":[{"embeddable":true,"href":"https:\/\/fokusisrael.ch\/fr\/wp-json\/wp\/v2\/pages\/2814"}],"wp:featuredmedia":[{"embeddable":true,"href":"https:\/\/fokusisrael.ch\/fr\/wp-json\/wp\/v2\/media\/2344"}],"wp:attachment":[{"href":"https:\/\/fokusisrael.ch\/fr\/wp-json\/wp\/v2\/media?parent=2770"}],"wp:term":[{"taxonomy":"category","embeddable":true,"href":"https:\/\/fokusisrael.ch\/fr\/wp-json\/wp\/v2\/categories?post=2770"},{"taxonomy":"post_tag","embeddable":true,"href":"https:\/\/fokusisrael.ch\/fr\/wp-json\/wp\/v2\/tags?post=2770"}],"curies":[{"name":"wp","href":"https:\/\/api.w.org\/{rel}","templated":true}]}}