{"id":2769,"date":"2024-01-30T06:30:00","date_gmt":"2024-01-30T05:30:00","guid":{"rendered":"https:\/\/fokusisrael.ch\/les-palestiniens\/"},"modified":"2025-10-15T13:37:52","modified_gmt":"2025-10-15T11:37:52","slug":"les-palestiniens","status":"publish","type":"page","link":"https:\/\/fokusisrael.ch\/fr\/les-palestiniens\/","title":{"rendered":"Les Palestiniens"},"content":{"rendered":"\n<p class=\"article__intro\">Lorsque l&rsquo;on parle aujourd&rsquo;hui des \u00ab\u00a0Palestiniens\u00a0\u00bb, il s&rsquo;agit g\u00e9n\u00e9ralement de la population de la Cisjordanie et de Gaza. Il s&rsquo;agit des deux territoires qui, selon la r\u00e9solution 181 II de l&rsquo;ONU de 1947, doivent former leur propre \u00c9tat. <\/p>\n\n<p>La r\u00e9solution de l&rsquo;ONU ne parle toutefois pas d'\u00a0\u00bb\u00c9tat palestinien\u00a0\u00bb, mais d'\u00a0\u00bb\u00c9tat arabe\u00a0\u00bb &#8211; par opposition \u00e0 l'\u00a0\u00bb\u00c9tat juif\u00a0\u00bb, \u00e9galement d\u00e9cid\u00e9 dans le plan de partage de la r\u00e9solution 181 II. Le fait que l&rsquo;ONU ait choisi le terme \u00ab\u00a0\u00c9tat arabe\u00a0\u00bb n&rsquo;est pas un hasard. En effet, dans le pass\u00e9, la \u00ab\u00a0Palestine\u00a0\u00bb comprenait, outre Gaza et la Cisjordanie, l&rsquo;actuel Isra\u00ebl ainsi que certaines parties de l&rsquo;actuelle Jordanie, o\u00f9 les Palestiniens repr\u00e9sentent \u00e9galement une grande partie de la population. Depuis 2011, la \u00ab\u00a0Palestine\u00a0\u00bb est certes membre de l&rsquo;organisation subsidiaire de l&rsquo;ONU, l&rsquo;UNESCO, et l&rsquo;Organisation de lib\u00e9ration de la Palestine (OLP), qui administre la Cisjordanie, b\u00e9n\u00e9ficie d&rsquo;un statut d&rsquo;observateur \u00e0 l&rsquo;Assembl\u00e9e g\u00e9n\u00e9rale de l&rsquo;ONU depuis 2012. Mais jusqu&rsquo;\u00e0 pr\u00e9sent, la cr\u00e9ation d&rsquo;un Etat palestinien ind\u00e9pendant s&rsquo;est heurt\u00e9e aux n\u00e9gociations avec Isra\u00ebl, lanc\u00e9es en 1993 mais qui n&rsquo;ont pas encore abouti.    <br \/><br \/>Les diff\u00e9rentes organisations terroristes palestiniennes et arabes, qui nient le droit \u00e0 l&rsquo;existence d&rsquo;Isra\u00ebl et le combattent par des moyens terroristes, constituent un obstacle d\u00e9cisif sur la voie d&rsquo;une coexistence pacifique entre l&rsquo;\u00c9tat arabe et l&rsquo;\u00c9tat juif d\u00e9cid\u00e9 par l&rsquo;ONU en 1947. La recherche d&rsquo;une solution pour un \u00c9tat palestinien est \u00e9galement rendue plus difficile, surtout ces derniers temps, par le nombre croissant de colons qui se sont install\u00e9s en Cisjordanie avec le soutien des cercles gouvernementaux de la droite nationale et ultra-orthodoxe. <\/p>\n","protected":false},"excerpt":{"rendered":"<p>Lorsque l&rsquo;on parle aujourd&rsquo;hui des \u00ab\u00a0Palestiniens\u00a0\u00bb, il s&rsquo;agit g\u00e9n\u00e9ralement de la population de la Cisjordanie et de Gaza. Il s&rsquo;agit des deux territoires qui, selon la r\u00e9solution 181 II de l&rsquo;ONU de 1947, doivent former leur propre \u00c9tat. La r\u00e9solution de l&rsquo;ONU ne parle toutefois pas d&rsquo;\u00a0\u00bb\u00c9tat palestinien\u00a0\u00bb, mais d&rsquo;\u00a0\u00bb\u00c9tat arabe\u00a0\u00bb &#8211; par opposition \u00e0 [&hellip;]<\/p>\n","protected":false},"author":2,"featured_media":2384,"parent":0,"menu_order":0,"comment_status":"closed","ping_status":"closed","template":"","meta":{"_hide_socialbar":"","footnotes":""},"categories":[],"tags":[382],"class_list":["post-2769","page","type-page","status-publish","has-post-thumbnail","hentry","tag-palestiniens"],"aioseo_notices":[],"_links":{"self":[{"href":"https:\/\/fokusisrael.ch\/fr\/wp-json\/wp\/v2\/pages\/2769","targetHints":{"allow":["GET"]}}],"collection":[{"href":"https:\/\/fokusisrael.ch\/fr\/wp-json\/wp\/v2\/pages"}],"about":[{"href":"https:\/\/fokusisrael.ch\/fr\/wp-json\/wp\/v2\/types\/page"}],"author":[{"embeddable":true,"href":"https:\/\/fokusisrael.ch\/fr\/wp-json\/wp\/v2\/users\/2"}],"replies":[{"embeddable":true,"href":"https:\/\/fokusisrael.ch\/fr\/wp-json\/wp\/v2\/comments?post=2769"}],"version-history":[{"count":3,"href":"https:\/\/fokusisrael.ch\/fr\/wp-json\/wp\/v2\/pages\/2769\/revisions"}],"predecessor-version":[{"id":5283,"href":"https:\/\/fokusisrael.ch\/fr\/wp-json\/wp\/v2\/pages\/2769\/revisions\/5283"}],"wp:featuredmedia":[{"embeddable":true,"href":"https:\/\/fokusisrael.ch\/fr\/wp-json\/wp\/v2\/media\/2384"}],"wp:attachment":[{"href":"https:\/\/fokusisrael.ch\/fr\/wp-json\/wp\/v2\/media?parent=2769"}],"wp:term":[{"taxonomy":"category","embeddable":true,"href":"https:\/\/fokusisrael.ch\/fr\/wp-json\/wp\/v2\/categories?post=2769"},{"taxonomy":"post_tag","embeddable":true,"href":"https:\/\/fokusisrael.ch\/fr\/wp-json\/wp\/v2\/tags?post=2769"}],"curies":[{"name":"wp","href":"https:\/\/api.w.org\/{rel}","templated":true}]}}