{"id":2766,"date":"2024-08-04T08:59:00","date_gmt":"2024-08-04T06:59:00","guid":{"rendered":"https:\/\/fokusisrael.ch\/quelle-approche-les-gouvernements-occidentaux-y-compris-lue-devraient-ils-adopter-pour-promouvoir-la-paix-au-moyen-orient\/"},"modified":"2026-04-02T00:40:58","modified_gmt":"2026-04-01T22:40:58","slug":"quelle-approche-les-gouvernements-occidentaux-y-compris-lue-devraient-ils-adopter-pour-promouvoir-la-paix-au-moyen-orient","status":"publish","type":"page","link":"https:\/\/fokusisrael.ch\/fr\/questions-et-reponses-sur-israel-gaza-et-les-palestiniens\/quelle-approche-les-gouvernements-occidentaux-y-compris-lue-devraient-ils-adopter-pour-promouvoir-la-paix-au-moyen-orient\/","title":{"rendered":"Quelle approche les gouvernements occidentaux (y compris l&rsquo;UE) devraient-ils adopter pour promouvoir la paix au Moyen-Orient ?"},"content":{"rendered":"\n<p class=\"article__intro\">Elle a \u00e9t\u00e9 membre du Parlement isra\u00e9lien, la Knesset, et est aujourd&rsquo;hui l&rsquo;une des analystes les plus respect\u00e9es au monde de la situation en Isra\u00ebl et au Moyen-Orient : la politologue Dr. Einat Wilf. Einat Wilf r\u00e9pond en exclusivit\u00e9 \u00e0 FocusIsrael.ch sur les dix questions les plus importantes concernant Isra\u00ebl et le Proche-Orient.<\/p>\n\n<figure class=\"wp-block-embed is-type-video is-provider-youtube wp-block-embed-youtube wp-embed-aspect-16-9 wp-has-aspect-ratio\"><div class=\"wp-block-embed__wrapper\">\n<iframe loading=\"lazy\" title=\"Welchen Ansatz sollten westliche Regierungen w\u00e4hlen, um den Frieden im Nahen Osten zu f\u00f6rdern?\" width=\"500\" height=\"281\" src=\"https:\/\/www.youtube.com\/embed\/pEOk2ipb74s?feature=oembed\" frameborder=\"0\" allow=\"accelerometer; autoplay; clipboard-write; encrypted-media; gyroscope; picture-in-picture; web-share\" referrerpolicy=\"strict-origin-when-cross-origin\" allowfullscreen><\/iframe>\n<\/div><\/figure>\n\n<p>Les \u00c9tats-Unis et l&rsquo;Europe aiment se poser en m\u00e9diateurs au Moyen-Orient. Le Dr Einat Wilf analyse ce que les puissances occidentales doivent prendre en compte si elles veulent r\u00e9ussir.<\/p>\n\n<p><\/p>\n","protected":false},"excerpt":{"rendered":"<p>Elle a \u00e9t\u00e9 membre du Parlement isra\u00e9lien, la Knesset, et est aujourd&rsquo;hui l&rsquo;une des analystes les plus respect\u00e9es au monde de la situation en Isra\u00ebl et au Moyen-Orient : la politologue Dr. Einat Wilf. Einat Wilf r\u00e9pond en exclusivit\u00e9 \u00e0 FocusIsrael.ch sur les dix questions les plus importantes concernant Isra\u00ebl et le Proche-Orient. Les \u00c9tats-Unis [&hellip;]<\/p>\n","protected":false},"author":2,"featured_media":2347,"parent":2814,"menu_order":18,"comment_status":"closed","ping_status":"closed","template":"","meta":{"_hide_socialbar":"","footnotes":""},"categories":[],"tags":[373,375,372],"class_list":["post-2766","page","type-page","status-publish","has-post-thumbnail","hentry","tag-einat-wilf-fr","tag-faq-fr-2","tag-israel-fr"],"aioseo_notices":[],"_links":{"self":[{"href":"https:\/\/fokusisrael.ch\/fr\/wp-json\/wp\/v2\/pages\/2766","targetHints":{"allow":["GET"]}}],"collection":[{"href":"https:\/\/fokusisrael.ch\/fr\/wp-json\/wp\/v2\/pages"}],"about":[{"href":"https:\/\/fokusisrael.ch\/fr\/wp-json\/wp\/v2\/types\/page"}],"author":[{"embeddable":true,"href":"https:\/\/fokusisrael.ch\/fr\/wp-json\/wp\/v2\/users\/2"}],"replies":[{"embeddable":true,"href":"https:\/\/fokusisrael.ch\/fr\/wp-json\/wp\/v2\/comments?post=2766"}],"version-history":[{"count":2,"href":"https:\/\/fokusisrael.ch\/fr\/wp-json\/wp\/v2\/pages\/2766\/revisions"}],"predecessor-version":[{"id":2768,"href":"https:\/\/fokusisrael.ch\/fr\/wp-json\/wp\/v2\/pages\/2766\/revisions\/2768"}],"up":[{"embeddable":true,"href":"https:\/\/fokusisrael.ch\/fr\/wp-json\/wp\/v2\/pages\/2814"}],"wp:featuredmedia":[{"embeddable":true,"href":"https:\/\/fokusisrael.ch\/fr\/wp-json\/wp\/v2\/media\/2347"}],"wp:attachment":[{"href":"https:\/\/fokusisrael.ch\/fr\/wp-json\/wp\/v2\/media?parent=2766"}],"wp:term":[{"taxonomy":"category","embeddable":true,"href":"https:\/\/fokusisrael.ch\/fr\/wp-json\/wp\/v2\/categories?post=2766"},{"taxonomy":"post_tag","embeddable":true,"href":"https:\/\/fokusisrael.ch\/fr\/wp-json\/wp\/v2\/tags?post=2766"}],"curies":[{"name":"wp","href":"https:\/\/api.w.org\/{rel}","templated":true}]}}