{"id":2760,"date":"2023-12-23T21:22:00","date_gmt":"2023-12-23T20:22:00","guid":{"rendered":"https:\/\/fokusisrael.ch\/histoire-du-moyen-orient-et-disrael\/"},"modified":"2025-10-15T13:38:10","modified_gmt":"2025-10-15T11:38:10","slug":"histoire-du-moyen-orient-et-disrael","status":"publish","type":"page","link":"https:\/\/fokusisrael.ch\/fr\/israel-et-le-moyen-orient\/histoire-du-moyen-orient-et-disrael\/","title":{"rendered":"Histoire du Moyen-Orient et d&rsquo;Isra\u00ebl"},"content":{"rendered":"\n<h2 class=\"wp-block-heading\">Affirmation<\/h2>\n\n<p>\u00ab\u00a0Les Palestiniens sont les descendants des Canan\u00e9ens qui vivaient en Palestine il y a environ 5 000 ans et qui l&rsquo;habitent encore aujourd&rsquo;hui\u00a0\u00bb. C&rsquo;est ce qu&rsquo;a affirm\u00e9 <a href=\"https:\/\/www.timesofisrael.com\/liveblog_entry\/abbas-says-palestinians-are-the-descendants-of-canaanites\/\" target=\"_blank\" rel=\"noreferrer noopener\">Mahmoud Abbas, chef de l&rsquo;Autorit\u00e9 palestinienne, devant le Conseil de s\u00e9curit\u00e9 des Nations unies en 2018<\/a>. <\/p>\n\n<figure class=\"wp-block-image size-full\"><img loading=\"lazy\" decoding=\"async\" width=\"1024\" height=\"600\" src=\"https:\/\/fokusisrael.ch\/wp-content\/uploads\/2025\/03\/neal-e-johnson-U5hQ0ysw76U-unsplash.jpg\" alt=\"Vue de la vieille ville de J&#xE9;rusalem avec le D&#xF4;me du Rocher\" class=\"wp-image-833\" srcset=\"https:\/\/fokusisrael.ch\/wp-content\/uploads\/2025\/03\/neal-e-johnson-U5hQ0ysw76U-unsplash.jpg 1024w, https:\/\/fokusisrael.ch\/wp-content\/uploads\/2025\/03\/neal-e-johnson-U5hQ0ysw76U-unsplash-300x176.jpg 300w, https:\/\/fokusisrael.ch\/wp-content\/uploads\/2025\/03\/neal-e-johnson-U5hQ0ysw76U-unsplash-768x450.jpg 768w\" sizes=\"auto, (max-width: 1024px) 100vw, 1024px\" \/><figcaption class=\"wp-element-caption\">Vue de la vieille ville de J\u00e9rusalem avec le D\u00f4me du Rocher <span class=\"image-meta\">&copy;<a href=\"https:\/\/unsplash.com\/de\/@neal_johnson?utm_content=creditCopyText&#038;utm_medium=referral&#038;utm_source=unsplash\" target=\"_blank\" rel=\"noopener\">Neal E. Johnson<\/a> <a href=\"https:\/\/unsplash.com\/de\/fotos\/blick-auf-die-altstadt-von-jerusalem-mit-dem-felsendom-U5hQ0ysw76U?utm_content=creditCopyText&#038;utm_medium=referral&#038;utm_source=unsplash\" target=\"_blank\" rel=\"noopener\">Unsplash<\/a><\/span><\/figcaption><\/figure>\n\n<h2 class=\"wp-block-heading\">Les faits<\/h2>\n\n<p>Le mythe de l&rsquo;origine canan\u00e9enne a fond\u00e9 la revendication des Palestiniens sur le territoire de la Palestine historique, c&rsquo;est-\u00e0-dire le territoire de l&rsquo;actuel \u00c9tat d&rsquo;Isra\u00ebl, de la bande de Gaza et de la Cisjordanie, ainsi que des parties de la Syrie, du Liban et de la Jordanie. Selon ce mythe, les anc\u00eatres des Palestiniens \u00e9taient des tribus qui, depuis la p\u00e9ninsule arabique, auraient envahi les territoires de l&rsquo;actuelle Syrie, du Liban, du nord de l&rsquo;Irak, de la Jordanie et d&rsquo;Isra\u00ebl, o\u00f9 ils auraient cr\u00e9\u00e9 une communaut\u00e9 linguistique et culturelle canan\u00e9enne. <\/p>\n\n<p>Il est bien \u00e9tabli que les juifs sont pr\u00e9sents dans la r\u00e9gion depuis la fin de l&rsquo;\u00e2ge de bronze. On peut ainsi dater le d\u00e9but de l&rsquo;histoire juive dans cette r\u00e9gion \u00e0 environ 1300 avant J.-C., alors que la langue et la culture arabes ne se sont r\u00e9pandues qu&rsquo;au 7e si\u00e8cle apr\u00e8s J.-C., avec l&rsquo;\u00e9mergence de l&rsquo;islam, depuis la p\u00e9ninsule arabique vers la Palestine byzantine, alors chr\u00e9tienne. <\/p>\n\n<p>De plus, les revendications qui se r\u00e9f\u00e8rent \u00e0 une p\u00e9riode ant\u00e9rieure \u00e0 5 000 ans ne sont pas pertinentes, non seulement sur le plan juridique, mais aussi sur le plan politique.<\/p>\n\n<h3 class=\"wp-block-heading\">Plus d&rsquo;informations<\/h3>\n\n<p>L&rsquo;histoire le dit : la langue et la culture arabes ne se sont \u00e9tendues qu&rsquo;au 7e si\u00e8cle de notre \u00e8re, mais de mani\u00e8re fulgurante. Quelques ann\u00e9es seulement apr\u00e8s la mort du proph\u00e8te Mahomet (632 apr\u00e8s J.-C.), les Arabes de M\u00e9dine avaient plac\u00e9 une grande partie du monde m\u00e9diterran\u00e9en et de l&rsquo;Orient sous la domination de l&rsquo;Islam. <br \/><br \/>C&rsquo;est ce que dit la g\u00e9n\u00e9tique : les populations d\u00e9sign\u00e9es dans les textes bibliques sous le nom de Canan\u00e9ens du Sud, la Palestine historique, sont g\u00e9n\u00e9tiquement issues de deux origines :<\/p>\n\n<p>&#8211; Les personnes qui vivaient \u00e0 l&rsquo;origine dans la r\u00e9gion<\/p>\n\n<p>&#8211; les personnes venues de la r\u00e9gion du Caucase\/Zagros<\/p>\n\n<p>Les deux populations se sont m\u00e9lang\u00e9es dans des proportions \u00e0 peu pr\u00e8s \u00e9gales. Les personnes apparent\u00e9es \u00e0 ces individus ont contribu\u00e9 \u00e0 toutes les populations levantines actuelles. Ils sont donc \u00e9galement les anc\u00eatres des Juifs actuels. (Voir l&rsquo;\u00e9tude d&rsquo;analyse g\u00e9n\u00e9tique <a href=\"https:\/\/www.sciencedirect.com\/science\/article\/pii\/S0092867420304876\" target=\"_blank\" rel=\"noreferrer noopener\">\u00ab\u00a0The Genomic History of the Bronze Age Southern Levant\u00a0\u00bb ;<\/a> publi\u00e9e en 2020 dans la prestigieuse revue \u00ab\u00a0Cell\u00a0\u00bb).     <\/p>\n\n<h2 class=\"wp-block-heading\">Affirmation<\/h2>\n\n<p>La cr\u00e9ation d&rsquo;Isra\u00ebl en 1948 a entra\u00een\u00e9 l&rsquo;expulsion des Palestiniens, la Nakba, qui signifie \u00e0 peu pr\u00e8s catastrophe en fran\u00e7ais.<\/p>\n\n<h2 class=\"wp-block-heading\">Les faits<\/h2>\n\n<p>Ce r\u00e9cit inverse la v\u00e9rit\u00e9. C&rsquo;est la guerre d&rsquo;agression men\u00e9e par les arm\u00e9es arabes contre l&rsquo;\u00c9tat d&rsquo;Isra\u00ebl nouvellement cr\u00e9\u00e9 qui a conduit environ 700 000 \u00e0 750 000 Arabes \u00e0 quitter le territoire, \u00e0 s&rsquo;enfuir ou \u00e0 \u00eatre expuls\u00e9s. D&rsquo;autres sont rest\u00e9s et sont devenus isra\u00e9liens. Les r\u00e9fugi\u00e9s n&rsquo;ont pas \u00e9t\u00e9 int\u00e9gr\u00e9s par les pays arabes voisins, mais ont \u00e9t\u00e9 install\u00e9s de mani\u00e8re permanente dans des camps. D&rsquo;autre part, environ <a href=\"https:\/\/www.nzz.ch\/international\/zweierlei-vertreibungen-zweierlei-integration-ld.1471990?reduced=true\" target=\"_blank\" rel=\"noreferrer noopener\">900 000 Juifs ont \u00e9t\u00e9 expuls\u00e9s des pays arabes<\/a> depuis 1948.    <br \/><\/p>\n\n<h3 class=\"wp-block-heading\">Plus d&rsquo;informations<\/h3>\n\n<p>La guerre d&rsquo;agression arabe de 1948 n&rsquo;a pas seulement \u00e9t\u00e9 la cause de l&rsquo;expulsion et de la fuite de 700 000 \u00e0 750 000 Arabes du territoire de l&rsquo;actuel Isra\u00ebl, elle est \u00e9galement la raison pour laquelle l&rsquo;\u00c9tat arabe pr\u00e9vu par l&rsquo;ONU n&rsquo;a pas \u00e9t\u00e9 cr\u00e9\u00e9 en Cisjordanie et \u00e0 Gaza.<br \/><br \/>Les arm\u00e9es r\u00e9guli\u00e8res des \u00c9tats arabes d&rsquo;\u00c9gypte, de Syrie, du Liban, de Jordanie et d&rsquo;Irak ont lanc\u00e9 la guerre d&rsquo;agression le 15 mai peu apr\u00e8s minuit, quelques heures seulement apr\u00e8s que David Ben Gourion a annonc\u00e9 la cr\u00e9ation d&rsquo;Isra\u00ebl le 14 mai. La guerre a dur\u00e9 environ un an. Isra\u00ebl l&rsquo;a remport\u00e9e haut la main, \u00e9tendant son territoire d&rsquo;un tiers par rapport au plan de partage de l&rsquo;ONU de novembre 1947.   <br \/><br \/>Le plan de partage de l&rsquo;ONU avait pr\u00e9vu la cr\u00e9ation d&rsquo;un \u00c9tat juif sur 56% du territoire du mandat britannique situ\u00e9 \u00e0 l&rsquo;ouest du Jourdain et d&rsquo;un \u00c9tat arabe sur 43%. (La Jordanie actuelle, situ\u00e9e \u00e0 l&rsquo;est du Jourdain, avait d\u00e9j\u00e0 \u00e9t\u00e9 s\u00e9par\u00e9e du mandat britannique initial en 1923). <br \/><br \/>Selon le plan de partage, J\u00e9rusalem devait \u00eatre administr\u00e9e comme une \u00ab\u00a0zone internationale\u00a0\u00bb. Le nouvel \u00c9tat juif et le nouvel \u00c9tat arabe devaient former une union \u00e9conomique et ils devaient \u00eatre dot\u00e9s d&rsquo;une constitution d\u00e9mocratique. <br \/><br \/>La partie juive a accept\u00e9 le plan, la partie arabe l&rsquo;a rejet\u00e9.<\/p>\n\n<h2 class=\"wp-block-heading\">Affirmation<\/h2>\n\n<p>L&rsquo;attaque contre le nouvel Isra\u00ebl \u00e9tait motiv\u00e9e par la haine des Juifs.<\/p>\n\n<h2 class=\"wp-block-heading\">Les faits<\/h2>\n\n<p>Cette affirmation est correcte. La haine des Juifs a toujours fait partie int\u00e9grante de l&rsquo;Islam (voir \u00e0 ce sujet le chapitre <a href=\"\/fr\/?page_id=2815\">\u00ab\u00a0La pers\u00e9cution des Juifs de Mahomet \u00e0 nos jours\u00a0\u00bb)<\/a>. L&rsquo;un des <a href=\"https:\/\/www.mena-watch.com\/was-geschah-am-nakba-tag-tatsaechlich\/\" target=\"_blank\" rel=\"noreferrer noopener\">principaux bellig\u00e9rants<\/a> contre le nouvel \u00c9tat juif d&rsquo;Isra\u00ebl d\u00e9cid\u00e9 par l&rsquo;ONU \u00e9tait l&rsquo;ancien collaborateur des nazis et d\u00e9tracteur inv\u00e9t\u00e9r\u00e9 des Juifs, <a href=\"https:\/\/www.spiegel.de\/geschichte\/hitlers-arabischer-freund-a-3361088e-0002-0001-0000-000065469611\" target=\"_blank\" rel=\"noreferrer noopener\">Haj Amin el-Husseini<\/a>, le mufti de J\u00e9rusalem. Les Fr\u00e8res musulmans, fond\u00e9s en 1928 en \u00c9gypte et qui ont donn\u00e9 naissance au Hamas \u00e0 Gaza en 1987, ont \u00e9galement soutenu avec v\u00e9h\u00e9mence la destruction d&rsquo;Isra\u00ebl. Les Fr\u00e8res musulmans sont \u00e9galement antis\u00e9mites jusqu&rsquo;\u00e0 la moelle. Jusqu&rsquo;en 1939, elle a soutenu financi\u00e8rement le r\u00e9gime national-socialiste allemand qui pers\u00e9cutait les juifs. En 1948, les Fr\u00e8res musulmans \u00e9taient le plus grand mouvement anti-juif de masse au monde, avec plus d&rsquo;un million de membres.      <\/p>\n\n<h3 class=\"wp-block-heading\">Plus d&rsquo;informations<\/h3>\n\n<p>Le mufti de J\u00e9rusalem jouissait d&rsquo;un statut de h\u00e9ros aupr\u00e8s d&rsquo;une partie de la population arabe. Il voyait dans les Nations unies une organisation domin\u00e9e par des \u00ab\u00a0int\u00e9r\u00eats imp\u00e9rialistes\u00a0\u00bb. Il voyait dans la <a href=\"https:\/\/de.wikipedia.org\/wiki\/UN-Teilungsplan_f%C3%BCr_Pal%C3%A4stina\" target=\"_blank\" rel=\"noreferrer noopener\">d\u00e9cision de partage de l&rsquo;ONU de 1947<\/a> un \u00ab\u00a0complot international ex\u00e9cut\u00e9 par les Am\u00e9ricains, les Russes et les Britanniques sous l&rsquo;influence du sionisme\u00a0\u00bb.  <br \/><br \/>Les Fr\u00e8res musulmans ont cr\u00e9\u00e9 \u00ab\u00a0une atmosph\u00e8re dans laquelle la guerre semblait \u00eatre la seule proc\u00e9dure logique et naturelle\u00a0\u00bb, a \u00e9crit l&rsquo;historien du Moyen-Orient Thomas Mayer. Aucun dirigeant arabe ne pouvait s&rsquo;opposer \u00e0 cette atmosph\u00e8re de guerre tout en esp\u00e9rant rester en vie, et encore moins au pouvoir. <br \/><br \/><a href=\"https:\/\/www.mena-watch.com\/warum-wurde-1948-kein-arabischer-staat-in-palaestina-gegruendet\/\" target=\"_blank\" rel=\"noreferrer noopener\">La Ligue arabe s&rsquo;est cependant oppos\u00e9e \u00e0 plusieurs reprises \u00e0 une invasion par des arm\u00e9es arabes r\u00e9guli\u00e8res<\/a>. \u00ab\u00a0Nous ne penserons jamais \u00e0 entrer dans une guerre officielle\u00a0\u00bb, avait d\u00e9clar\u00e9 le g\u00e9n\u00e9ral Muhammad Haidar, ministre \u00e9gyptien de la D\u00e9fense, d\u00e9but mai 1948. <br \/><br \/>Le 12 mai 1948, l&rsquo;\u00c9gypte, principal \u00c9tat du monde arabe, c\u00e9da cependant \u00e0 la pression de la rue. Trois jours plus tard, l&rsquo;invasion des arm\u00e9es arabes commen\u00e7ait, avec les cons\u00e9quences catastrophiques que l&rsquo;on sait pour les Juifs et les Arabes vivant sur le territoire d&rsquo;Isra\u00ebl. <br \/><br \/>Aujourd&rsquo;hui, certains acteurs arabes remettent en question la mauvaise d\u00e9cision de 1948. C&rsquo;est le cas de Nabil &lsquo;Amr, un ancien ministre de l&rsquo;Autorit\u00e9 palestinienne. \u00ab\u00a0Sept d\u00e9cennies apr\u00e8s que les Arabes et les Palestiniens ont rejet\u00e9 le plan de partage, la question se pose de savoir s&rsquo;ils ont bien ou mal agi \u00e0 cet \u00e9gard\u00a0\u00bb, a-t-il \u00e9crit en avril 2019.  <\/p>\n\n<h2 class=\"wp-block-heading\">Affirmation<\/h2>\n\n<p>La Palestine historique de 1917 a \u00e9t\u00e9 progressivement r\u00e9duite \u00e0 la suite de \u00ab\u00a0compromis\u00a0\u00bb en 1937, 1947 et 1967, jusqu&rsquo;\u00e0 ce qu&rsquo;il ne reste plus en 2020 que de petites zones disjointes. Les Palestiniens paient un prix immense pour la cr\u00e9ation et la croissance d&rsquo;Isra\u00ebl. Le dirigeant palestinien Mahmoud Abbas a montr\u00e9 devant le Conseil de s\u00e9curit\u00e9 des Nations unies en f\u00e9vrier 2020 cinq cartes visant \u00e0 prouver comment la Palestine a \u00e9t\u00e9 progressivement vol\u00e9e aux Palestiniens.  <\/p>\n\n<h2 class=\"wp-block-heading\">Les faits<\/h2>\n\n<p>Le graphique de Mahmoud Abbas circule depuis des ann\u00e9es dans les m\u00e9dias et m\u00eame dans les universit\u00e9s. Or, elle est <a href=\"https:\/\/katapult-magazin.de\/de\/artikel\/wie-eine-karte-die-geschichte-des-israel-palaestina-konfliktes-verfaelscht\" target=\"_blank\" rel=\"noreferrer noopener\">fausse et manipulatrice<\/a>. Premi\u00e8rement, les cartes sugg\u00e8rent qu&rsquo;un \u00c9tat souverain \u00ab\u00a0Palestine\u00a0\u00bb a exist\u00e9 en 1917. La r\u00e9alit\u00e9 est qu&rsquo;il n&rsquo;y a jamais eu de Palestine ind\u00e9pendante jusqu&rsquo;\u00e0 aujourd&rsquo;hui. La Palestine n&rsquo;a jamais exist\u00e9, contrairement aux \u00c9tats juifs de Jud\u00e9e et de Samarie (l&rsquo;actuelle Cisjordanie), habit\u00e9s par les Juifs depuis les temps bibliques, o\u00f9 se trouvaient les royaumes de Jud\u00e9e et d&rsquo;Isra\u00ebl.    <\/p>\n\n<h3 class=\"wp-block-heading\">Plus d&rsquo;informations<\/h3>\n\n<p>Les \u00c9tats juifs de Juda et d&rsquo;Isra\u00ebl ont ensuite \u00e9t\u00e9 conquis par les Babyloniens, les Assyriens, les Perses, les Grecs, les Romains, les Arabes, les Crois\u00e9s, les Mongols et les Turcs. Apr\u00e8s environ 400 ans de domination ottomane, le sud du Levant est devenu une colonie de la Grande-Bretagne en 1918, qui y a \u00e9tabli la Palestine mandataire. <br \/><br \/>Ce sont les Romains qui, apr\u00e8s avoir conquis les royaumes juifs de Juda et d&rsquo;Isra\u00ebl en 70 apr\u00e8s JC, les ont rebaptis\u00e9s \u00ab\u00a0Palestine\u00a0\u00bb. Cette d\u00e9cision visait \u00e0 effacer le lien entre les Juifs et la r\u00e9gion de Juda et d&rsquo;Isra\u00ebl. <br \/><br \/>En outre, le graphique d&rsquo;Abbas ignore compl\u00e8tement le fait que la r\u00e9gion de Palestine <a href=\"https:\/\/de.wikipedia.org\/wiki\/Transjordanien\" target=\"_blank\" rel=\"noreferrer noopener\">comprenait \u00e0 l&rsquo;origine, outre le territoire de l&rsquo;actuel Isra\u00ebl, Gaza et la Cisjordanie, l &lsquo;actuelle Jordanie situ\u00e9e \u00e0 l&rsquo;est du Jourdain<\/a>. Cette r\u00e9gion, qui repr\u00e9sentait environ 75% de la Palestine avec 98 400 kilom\u00e8tres carr\u00e9s, est devenue en 1921, \u00e0 l&rsquo;instigation des Britanniques, une r\u00e9gion autonome de Transjordanie. <br \/><br \/>En 1946, l&rsquo;\u00c9tat arabe palestinien ind\u00e9pendant de Transjordanie a \u00e9t\u00e9 proclam\u00e9, tandis que des territoires couvrant moins de 33 000 kilom\u00e8tres carr\u00e9s, soit environ 25 pour cent du territoire palestinien \u00e0 l&rsquo;ouest du Jourdain, ont \u00e9t\u00e9 r\u00e9serv\u00e9s pour l&rsquo;implantation juive et le futur \u00c9tat juif.<br \/><br \/>Avec la division de la Palestine occidentale par le <a href=\"https:\/\/de.wikipedia.org\/wiki\/UN-Teilungsplan_f%C3%BCr_Pal%C3%A4stina\" target=\"_blank\" rel=\"noreferrer noopener\">plan de partage des Nations unies de 1947, le territoire juif s&rsquo;est limit\u00e9 \u00e0 environ 56 pour cent de la Palestine occidentale, soit 14 pour cent du territoire du mandat britannique<\/a>. Cela correspond \u00e0 environ 14 pour cent de la superficie totale du mandat britannique d&rsquo;origine sur la Palestine. 86 pour cent du territoire du mandat ont \u00e9t\u00e9 attribu\u00e9s aux Arabes. Le plan de partage de l&rsquo;ONU n&rsquo;a donc pas favoris\u00e9 les Juifs par rapport aux Arabes, comme on l&rsquo;affirme souvent \u00e0 tort.   <\/p>\n\n<h4 class=\"wp-block-heading\">La partie juive s&rsquo;est toujours montr\u00e9e pr\u00eate \u00e0 faire des compromis.<\/h4>\n\n<p>Cinq fois, elle a propos\u00e9 aux Palestiniens de cr\u00e9er leur propre \u00c9tat. Mais \u00e0 cinq reprises, ceux-ci ont refus\u00e9 et ont d\u00e9cid\u00e9 de pr\u00e9f\u00e9rer expulser tous les Juifs.   <\/p>\n\n<p>1936  <br \/>https:\/\/de.wikipedia.org\/wiki\/Peel-Kommission <br \/> <br \/>1947  <br \/>https:\/\/en.wikipedia.org\/wiki\/United_Nations_Partition_Plan_for_Palestine <br \/> <br \/>1949  <br \/>https:\/\/de.wikipedia.org\/wiki\/Ost-Jerusalem_unter_jordanischer_Besatzung <br \/> <br \/>1967 Guerre des 6 jours  <br \/>https:\/\/de.wikipedia.org\/wiki\/Sechstagekrieg <br \/> <br \/>1967 Sommet arabe au Soudan  <br \/>https:\/\/en.wikipedia.org\/wiki\/1967_Arab_League_summit <br \/> <br \/>2000 Ehud Barak  <br \/>https:\/\/de.wikipedia.org\/wiki\/Camp_David_II <br \/> <br \/>2008 Ehud Olmert  <br \/><a href=\"https:\/\/www.mena-watch.com\/friedensplan\" target=\"_blank\" rel=\"noreferrer noopener\">https:\/\/www.mena-watch.c<\/a><a href=\"https:\/\/www.mena-watch.com\/friedensplan-2008-olmert-bot-abbas-mehr-als-100-der-westbank-an\/\">om\/plan de paix <\/a> <\/p>\n","protected":false},"excerpt":{"rendered":"<p>Affirmation \u00ab\u00a0Les Palestiniens sont les descendants des Canan\u00e9ens qui vivaient en Palestine il y a environ 5 000 ans et qui l&rsquo;habitent encore aujourd&rsquo;hui\u00a0\u00bb. C&rsquo;est ce qu&rsquo;a affirm\u00e9 Mahmoud Abbas, chef de l&rsquo;Autorit\u00e9 palestinienne, devant le Conseil de s\u00e9curit\u00e9 des Nations unies en 2018. Les faits Le mythe de l&rsquo;origine canan\u00e9enne a fond\u00e9 la revendication [&hellip;]<\/p>\n","protected":false},"author":2,"featured_media":2380,"parent":2802,"menu_order":0,"comment_status":"closed","ping_status":"closed","template":"","meta":{"_hide_socialbar":"","footnotes":""},"categories":[],"tags":[372,406],"class_list":["post-2760","page","type-page","status-publish","has-post-thumbnail","hentry","tag-israel-fr","tag-moyen-orient"],"aioseo_notices":[],"_links":{"self":[{"href":"https:\/\/fokusisrael.ch\/fr\/wp-json\/wp\/v2\/pages\/2760","targetHints":{"allow":["GET"]}}],"collection":[{"href":"https:\/\/fokusisrael.ch\/fr\/wp-json\/wp\/v2\/pages"}],"about":[{"href":"https:\/\/fokusisrael.ch\/fr\/wp-json\/wp\/v2\/types\/page"}],"author":[{"embeddable":true,"href":"https:\/\/fokusisrael.ch\/fr\/wp-json\/wp\/v2\/users\/2"}],"replies":[{"embeddable":true,"href":"https:\/\/fokusisrael.ch\/fr\/wp-json\/wp\/v2\/comments?post=2760"}],"version-history":[{"count":3,"href":"https:\/\/fokusisrael.ch\/fr\/wp-json\/wp\/v2\/pages\/2760\/revisions"}],"predecessor-version":[{"id":5281,"href":"https:\/\/fokusisrael.ch\/fr\/wp-json\/wp\/v2\/pages\/2760\/revisions\/5281"}],"up":[{"embeddable":true,"href":"https:\/\/fokusisrael.ch\/fr\/wp-json\/wp\/v2\/pages\/2802"}],"wp:featuredmedia":[{"embeddable":true,"href":"https:\/\/fokusisrael.ch\/fr\/wp-json\/wp\/v2\/media\/2380"}],"wp:attachment":[{"href":"https:\/\/fokusisrael.ch\/fr\/wp-json\/wp\/v2\/media?parent=2760"}],"wp:term":[{"taxonomy":"category","embeddable":true,"href":"https:\/\/fokusisrael.ch\/fr\/wp-json\/wp\/v2\/categories?post=2760"},{"taxonomy":"post_tag","embeddable":true,"href":"https:\/\/fokusisrael.ch\/fr\/wp-json\/wp\/v2\/tags?post=2760"}],"curies":[{"name":"wp","href":"https:\/\/api.w.org\/{rel}","templated":true}]}}