{"id":2754,"date":"2023-12-23T12:11:00","date_gmt":"2023-12-23T11:11:00","guid":{"rendered":"https:\/\/fokusisrael.ch\/onu-unis-contre-israel-avec-le-soutien-de-la-suisse\/"},"modified":"2025-10-15T13:37:52","modified_gmt":"2025-10-15T11:37:52","slug":"onu-unis-contre-israel-avec-le-soutien-de-la-suisse","status":"publish","type":"page","link":"https:\/\/fokusisrael.ch\/fr\/israel-lonu-et-la-suisse\/onu-unis-contre-israel-avec-le-soutien-de-la-suisse\/","title":{"rendered":"ONU : unis contre Isra\u00ebl avec le soutien de la Suisse"},"content":{"rendered":"\n<h2 class=\"wp-block-heading\">Affirmation<\/h2>\n\n<p>Avec ses 193 membres, l&rsquo;Organisation des Nations unies (ONU) est consid\u00e9r\u00e9e comme l&rsquo;organe le plus important de la communaut\u00e9 internationale. Sur le papier, elle est tenue \u00e0 l&rsquo;impartialit\u00e9. <\/p>\n\n<h2 class=\"wp-block-heading\">Faits<\/h2>\n\n<p>La r\u00e9alit\u00e9 est diff\u00e9rente : Depuis des d\u00e9cennies, l&rsquo;ONU se distingue par une attitude massivement anti-isra\u00e9lienne. Aucun autre \u00c9tat au monde n&rsquo;est plus souvent d\u00e9nonc\u00e9 par l&rsquo;ONU pour ses violations des droits de l&rsquo;homme qu&rsquo;Isra\u00ebl, la seule d\u00e9mocratie du Proche-Orient. Et la Suisse tol\u00e8re et soutient cette pratique douteuse depuis des d\u00e9cennies. En revanche, l&rsquo;ONU n&rsquo;a gu\u00e8re montr\u00e9 d&rsquo;int\u00e9r\u00eat par le pass\u00e9 pour le comportement de son personnel travaillant pour les r\u00e9fugi\u00e9s palestiniens. Et ce, bien que des \u00e9tudes aient montr\u00e9 que tant l&rsquo;<a href=\"\/fr\/?page_id=2706\">UNRWA, l&rsquo;<\/a> agence de l&rsquo;ONU pour les r\u00e9fugi\u00e9s palestiniens, que les ONG priv\u00e9es travaillant pour les Palestiniens sont souvent infiltr\u00e9es par des membres d&rsquo;organisations terroristes palestiniennes et contr\u00f4l\u00e9es en coulisses par ces derni\u00e8res.    <br \/><\/p>\n\n<p>Fin octobre 2023, quelques jours seulement apr\u00e8s l&rsquo;attaque terroriste du Hamas, le plus grand pogrom contre les Juifs depuis la Seconde Guerre mondiale, l&rsquo;<a href=\"https:\/\/de.wikipedia.org\/wiki\/Generalversammlung_der_Vereinten_Nationen\" target=\"_blank\" rel=\"noreferrer noopener\">Assembl\u00e9e g\u00e9n\u00e9rale des Nations unies<\/a> demande un cessez-le-feu imm\u00e9diat \u00e0 Gaza, remettant ainsi en question le droit d&rsquo;Isra\u00ebl \u00e0 se d\u00e9fendre. L&rsquo;attaque du Hamas et les atrocit\u00e9s qui ont d\u00e9clench\u00e9 la guerre en premier lieu ne sont pas mentionn\u00e9es. Seuls 14 pays ont vot\u00e9 contre la r\u00e9solution, dont les \u00c9tats-Unis, l&rsquo;Autriche, la Hongrie, la R\u00e9publique tch\u00e8que et la Croatie. La Suisse soutient la r\u00e9solution.   <br \/><br \/>Par le pass\u00e9 \u00e9galement, la Suisse a r\u00e9guli\u00e8rement soutenu le vote unilat\u00e9ral anti-isra\u00e9lien de l&rsquo;Assembl\u00e9e g\u00e9n\u00e9rale des Nations unies. En 2023 (au 10.11.), <a href=\"https:\/\/unwatch.org\/2023-unga-resolutions-on-israel-vs-rest-of-the-world\/\" target=\"_blank\" rel=\"noreferrer noopener\">14 r\u00e9solutions<\/a> visent Isra\u00ebl et seulement sept les Etats du reste du monde. Qu&rsquo;a fait la Suisse ? Elle a vot\u00e9 pour toutes les r\u00e9solutions anti-isra\u00e9liennes ou s&rsquo;est abstenue de voter.   <br \/><br \/>Les chiffres pour 2022 pr\u00e9sentent une image analogue : <a href=\"https:\/\/unwatch.org\/2022-2023-unga-resolutions-on-israel-vs-rest-of-the-world\/\" target=\"_blank\" rel=\"noreferrer noopener\">15 r\u00e9solutions<\/a> contre Isra\u00ebl, une seule contre l&rsquo;Afghanistan, la Cor\u00e9e du Nord, l&rsquo;Iran et la Syrie et aucune contre la Russie, la Chine, le Qatar ou l&rsquo;Arabie saoudite &#8211; des \u00c9tats qui violent continuellement les droits de l&rsquo;homme de la mani\u00e8re la plus grave. L\u00e0 encore, la Suisse approuve les r\u00e9solutions ou s&rsquo;abstient de voter. <br \/><br \/>Selon UN-Watch, entre 2015 et 2022, <a href=\"https:\/\/unwatch.org\/2022-2023-unga-resolutions-on-israel-vs-rest-of-the-world\/\" target=\"_blank\" rel=\"noreferrer noopener\">140 r\u00e9solutions<\/a> visent Isra\u00ebl, 68 se r\u00e9partissent sur le reste du monde. La seule d\u00e9mocratie du Moyen-Orient aurait ainsi viol\u00e9 les droits de l&rsquo;homme deux fois plus souvent que tous les autres Etats r\u00e9unis. <br \/><br \/><a href=\"https:\/\/de.wikipedia.org\/wiki\/Marianne_Binder-Keller\" target=\"_blank\" rel=\"noreferrer noopener\">Marianne Binder-Keller<\/a>, conseill\u00e8re nationale du centre, a demand\u00e9 dans une <a href=\"https:\/\/www.parlament.ch\/de\/ratsbetrieb\/suche-curia-vista\/geschaeft?AffairId=20204143\" target=\"_blank\" rel=\"noreferrer noopener\">interpellation de 2020<\/a> des r\u00e9ponses sur les cons\u00e9quences que la Suisse tire de la pratique de condamnation unilat\u00e9rale de l&rsquo;ONU \u00e0 l&rsquo;\u00e9gard d&rsquo;Isra\u00ebl, d&rsquo;autant plus que <a href=\"https:\/\/www.eda.admin.ch\/eda\/de\/home.html\" target=\"_blank\" rel=\"noreferrer noopener\">le DFAE<\/a> confirme dans l&rsquo;<a href=\"https:\/\/www.parlament.ch\/de\/ratsbetrieb\/suche-curia-vista\/geschaeft?AffairId=20205417\" target=\"_blank\" rel=\"noreferrer noopener\">affaire 20.5417<\/a> que ces condamnations sont \u00ab\u00a0singuli\u00e8rement \u00e9lev\u00e9es\u00a0\u00bb par rapport aux autres pays, comme elle l&rsquo;\u00e9crit. L&rsquo;interpellation a \u00e9t\u00e9 class\u00e9e en novembre 2022, \u00ab\u00a0car elle n&rsquo;a pas \u00e9t\u00e9 trait\u00e9e d\u00e9finitivement par le Conseil dans un d\u00e9lai de deux ans\u00a0\u00bb. <br \/><br \/>L&rsquo;Assembl\u00e9e g\u00e9n\u00e9rale de l&rsquo;ONU n&rsquo;est pas la seule instance \u00e0 diaboliser Isra\u00ebl depuis des ann\u00e9es. Depuis sa cr\u00e9ation en 2006, le Conseil des droits de l&rsquo;homme de l&rsquo;ONU, dont le si\u00e8ge est \u00e0 Gen\u00e8ve, a adopt\u00e9 plus de <a href=\"https:\/\/unwatch.org\/hillel-neuer-testifies-before-u-s-congress-on-u-n-antisemitism\/\" target=\"_blank\" rel=\"noreferrer noopener\">r\u00e9solutions sur Isra\u00ebl<\/a> (104) que sur n&rsquo;importe quel autre pays du monde, et plus que sur l&rsquo;Iran, la Syrie et la Cor\u00e9e du Nord r\u00e9unis. <br \/><br \/>Actuellement, le Conseil des droits de l&rsquo;homme compte parmi ses membres des pays m\u00e9prisant les droits de l&rsquo;homme tels que <a href=\"https:\/\/www.kas.de\/de\/web\/multilateraler-dialog-genf\/map-of-the-month\/detail\/-\/content\/zentrale-abstimmungen-waehrend-des-54-un-menschenrechtsrates-sowie-neue-zusammensetzung-ab-2024\" target=\"_blank\" rel=\"noreferrer noopener\">la Chine, le Kazakhstan, le Qatar, la Somalie et le Soudan<\/a>. L&rsquo;Iran, quant \u00e0 lui, a \u00e9t\u00e9 \u00e9lu pour le 1er novembre 2023 \u00e0 la t\u00eate d&rsquo;un forum social du Conseil &#8211; un r\u00e9gime qui bafoue les droits de l&rsquo;homme, en particulier ceux des femmes et des filles, et qui est le cerveau de l&rsquo;attaque terroriste contre Isra\u00ebl du 7 octobre 2023.   <br \/><br \/>La diabolisation d&rsquo;Isra\u00ebl est \u00e9galement au programme du Conseil des droits de l&rsquo;homme de l&rsquo;ONU. Ainsi, un an seulement apr\u00e8s la cr\u00e9ation du Conseil, un ordre du jour fixe a \u00e9t\u00e9 introduit, le <a href=\"https:\/\/unwatch.org\/item7\/\" target=\"_blank\" rel=\"noreferrer noopener\">point 7 de l&rsquo;ordre du jour<\/a> devant obligatoirement porter sur la \u00ab\u00a0situation des droits de l&rsquo;homme en Palestine et dans les autres territoires arabes occup\u00e9s\u00a0\u00bb. Aucune autre zone de conflit ne fait l&rsquo;objet d&rsquo;un point comparable \u00e0 l&rsquo;ordre du jour. Par cons\u00e9quent, Isra\u00ebl est souvent condamn\u00e9. La Suisse ne s&rsquo;oppose pas \u00e0 cette pratique.    <br \/><br \/>En 2017, <a href=\"https:\/\/www.parlament.ch\/de\/ratsbetrieb\/suche-curia-vista\/geschaeft?AffairId=20173819\" target=\"_blank\" rel=\"noreferrer noopener\">Hans-Ulrich Bigler<\/a>, alors conseiller national PLR, a demand\u00e9 dans une motion que la Suisse s&rsquo;engage \u00e0 abolir cette in\u00e9galit\u00e9 de traitement. La F\u00e9d\u00e9ration suisse des communaut\u00e9s isra\u00e9lites (FSCI) a soutenu cette demande. <a href=\"https:\/\/www.parlament.ch\/poly\/Abstimmung\/50\/out\/vote_50_17024.pdf\" target=\"_blank\" rel=\"noreferrer noopener\">Le Conseil national a rejet\u00e9 la motion par 106 voix contre 77<\/a>, principalement gr\u00e2ce \u00e0 la gauche du Conseil qui a vot\u00e9 presque unanimement contre. <br \/><br \/>Sous l&rsquo;effet des atrocit\u00e9s commises par l&rsquo;organisation terroriste palestinienne contre des civils isra\u00e9liens le 7 octobre 2023, le Conseil national a d\u00e9cid\u00e9 en d\u00e9cembre 2023, dans un premier temps certes sur proposition de son membre David Zuberb\u00fchler (UDC), de supprimer la contribution de la Suisse de 20 millions de francs \u00e0 l&rsquo;Office de secours et de travaux des Nations unies pour les Palestiniens (UNRWA). La raison : l&rsquo;UNRWA a \u00e9t\u00e9 accus\u00e9e \u00e0 plusieurs reprises par le pass\u00e9 d&rsquo;antis\u00e9mitisme et de proximit\u00e9 avec des organisations terroristes palestiniennes. Cela incluait une propagande massivement antis\u00e9mite et anti-isra\u00e9lienne dans les manuels scolaires, financ\u00e9e \u00e0 l&rsquo;aide de fonds de l&rsquo;UNRWA, donc \u00e9galement avec l&rsquo;argent des contribuables suisses. Cela s&rsquo;explique par le fait que de nombreux employ\u00e9s de l&rsquo;UNRWA sont eux-m\u00eames palestiniens (au sein de l&rsquo;organisation s\u0153ur de l&rsquo;ONU, le HCR, qui est responsable de tous les autres groupes de r\u00e9fugi\u00e9s pris en charge par les Nations unies, de tels chevauchements de personnel ne sont pas \u00e0 l&rsquo;ordre du jour). Mais le Conseil des Etats s&rsquo;est oppos\u00e9 \u00e0 cette r\u00e9duction, qui a donc \u00e9t\u00e9 annul\u00e9e lors de la conf\u00e9rence de conciliation des deux Chambres. Aujourd&rsquo;hui, la suppression de l&rsquo;aide \u00e0 l&rsquo;UNRWA est \u00e0 nouveau en discussion, \u00e0 l&rsquo;initiative de David Zuberb\u00fchler. En effet, il a \u00e9t\u00e9 rendu public qu&rsquo;au moins douze employ\u00e9s de l&rsquo;UNRWA ont \u00e9t\u00e9 impliqu\u00e9s dans le massacre de civils isra\u00e9liens perp\u00e9tr\u00e9 par le Hamas le 7 octobre 2023. Un certain nombre d&rsquo;autres pays ont donc d\u00e9j\u00e0 suspendu leur contribution \u00e0 l&rsquo;UNRWA : Etats-Unis, Allemagne, Grande-Bretagne, Italie, Pays-Bas, Japon, Finlande, Australie et Canada.       <\/p>\n","protected":false},"excerpt":{"rendered":"<p>Affirmation Avec ses 193 membres, l&rsquo;Organisation des Nations unies (ONU) est consid\u00e9r\u00e9e comme l&rsquo;organe le plus important de la communaut\u00e9 internationale. Sur le papier, elle est tenue \u00e0 l&rsquo;impartialit\u00e9. Faits La r\u00e9alit\u00e9 est diff\u00e9rente : Depuis des d\u00e9cennies, l&rsquo;ONU se distingue par une attitude massivement anti-isra\u00e9lienne. Aucun autre \u00c9tat au monde n&rsquo;est plus souvent d\u00e9nonc\u00e9 [&hellip;]<\/p>\n","protected":false},"author":2,"featured_media":2350,"parent":2808,"menu_order":0,"comment_status":"closed","ping_status":"closed","template":"","meta":{"_hide_socialbar":"","footnotes":""},"categories":[],"tags":[372,397,396],"class_list":["post-2754","page","type-page","status-publish","has-post-thumbnail","hentry","tag-israel-fr","tag-onu","tag-suisse"],"aioseo_notices":[],"_links":{"self":[{"href":"https:\/\/fokusisrael.ch\/fr\/wp-json\/wp\/v2\/pages\/2754","targetHints":{"allow":["GET"]}}],"collection":[{"href":"https:\/\/fokusisrael.ch\/fr\/wp-json\/wp\/v2\/pages"}],"about":[{"href":"https:\/\/fokusisrael.ch\/fr\/wp-json\/wp\/v2\/types\/page"}],"author":[{"embeddable":true,"href":"https:\/\/fokusisrael.ch\/fr\/wp-json\/wp\/v2\/users\/2"}],"replies":[{"embeddable":true,"href":"https:\/\/fokusisrael.ch\/fr\/wp-json\/wp\/v2\/comments?post=2754"}],"version-history":[{"count":3,"href":"https:\/\/fokusisrael.ch\/fr\/wp-json\/wp\/v2\/pages\/2754\/revisions"}],"predecessor-version":[{"id":5279,"href":"https:\/\/fokusisrael.ch\/fr\/wp-json\/wp\/v2\/pages\/2754\/revisions\/5279"}],"up":[{"embeddable":true,"href":"https:\/\/fokusisrael.ch\/fr\/wp-json\/wp\/v2\/pages\/2808"}],"wp:featuredmedia":[{"embeddable":true,"href":"https:\/\/fokusisrael.ch\/fr\/wp-json\/wp\/v2\/media\/2350"}],"wp:attachment":[{"href":"https:\/\/fokusisrael.ch\/fr\/wp-json\/wp\/v2\/media?parent=2754"}],"wp:term":[{"taxonomy":"category","embeddable":true,"href":"https:\/\/fokusisrael.ch\/fr\/wp-json\/wp\/v2\/categories?post=2754"},{"taxonomy":"post_tag","embeddable":true,"href":"https:\/\/fokusisrael.ch\/fr\/wp-json\/wp\/v2\/tags?post=2754"}],"curies":[{"name":"wp","href":"https:\/\/api.w.org\/{rel}","templated":true}]}}