{"id":2748,"date":"2024-01-03T09:34:54","date_gmt":"2024-01-03T08:34:54","guid":{"rendered":"https:\/\/fokusisrael.ch\/qui-nous-sommes-et-ce-que-nous-voulons\/evenements-et-campagnes\/"},"modified":"2025-10-15T13:37:14","modified_gmt":"2025-10-15T11:37:14","slug":"evenements-et-campagnes","status":"publish","type":"page","link":"https:\/\/fokusisrael.ch\/fr\/qui-nous-sommes-et-ce-que-nous-voulons\/evenements-et-campagnes\/","title":{"rendered":"\u00c9v\u00e9nements et campagnes"},"content":{"rendered":"\n<h2 class=\"wp-block-heading\">Nos activit\u00e9s<\/h2>\n\n<p><strong>Vous trouverez ici des informations sur les \u00e9v\u00e9nements \u00e0 venir. Consultez-les r\u00e9guli\u00e8rement pour ne manquer aucun \u00e9v\u00e9nement !   <\/strong><\/p>\n\n<p>Aucun \u00e9v\u00e9nement n&rsquo;est pr\u00e9vu pour le moment.<\/p>\n","protected":false},"excerpt":{"rendered":"<p>Nos activit\u00e9s Vous trouverez ici des informations sur les \u00e9v\u00e9nements \u00e0 venir. Consultez-les r\u00e9guli\u00e8rement pour ne manquer aucun \u00e9v\u00e9nement ! Aucun \u00e9v\u00e9nement n&rsquo;est pr\u00e9vu pour le moment.<\/p>\n","protected":false},"author":2,"featured_media":2460,"parent":2679,"menu_order":0,"comment_status":"closed","ping_status":"closed","template":"","meta":{"_hide_socialbar":"","footnotes":""},"categories":[],"tags":[],"class_list":["post-2748","page","type-page","status-publish","has-post-thumbnail","hentry"],"aioseo_notices":[],"_links":{"self":[{"href":"https:\/\/fokusisrael.ch\/fr\/wp-json\/wp\/v2\/pages\/2748","targetHints":{"allow":["GET"]}}],"collection":[{"href":"https:\/\/fokusisrael.ch\/fr\/wp-json\/wp\/v2\/pages"}],"about":[{"href":"https:\/\/fokusisrael.ch\/fr\/wp-json\/wp\/v2\/types\/page"}],"author":[{"embeddable":true,"href":"https:\/\/fokusisrael.ch\/fr\/wp-json\/wp\/v2\/users\/2"}],"replies":[{"embeddable":true,"href":"https:\/\/fokusisrael.ch\/fr\/wp-json\/wp\/v2\/comments?post=2748"}],"version-history":[{"count":2,"href":"https:\/\/fokusisrael.ch\/fr\/wp-json\/wp\/v2\/pages\/2748\/revisions"}],"predecessor-version":[{"id":2750,"href":"https:\/\/fokusisrael.ch\/fr\/wp-json\/wp\/v2\/pages\/2748\/revisions\/2750"}],"up":[{"embeddable":true,"href":"https:\/\/fokusisrael.ch\/fr\/wp-json\/wp\/v2\/pages\/2679"}],"wp:featuredmedia":[{"embeddable":true,"href":"https:\/\/fokusisrael.ch\/fr\/wp-json\/wp\/v2\/media\/2460"}],"wp:attachment":[{"href":"https:\/\/fokusisrael.ch\/fr\/wp-json\/wp\/v2\/media?parent=2748"}],"wp:term":[{"taxonomy":"category","embeddable":true,"href":"https:\/\/fokusisrael.ch\/fr\/wp-json\/wp\/v2\/categories?post=2748"},{"taxonomy":"post_tag","embeddable":true,"href":"https:\/\/fokusisrael.ch\/fr\/wp-json\/wp\/v2\/tags?post=2748"}],"curies":[{"name":"wp","href":"https:\/\/api.w.org\/{rel}","templated":true}]}}