{"id":2743,"date":"2024-01-09T09:15:00","date_gmt":"2024-01-09T08:15:00","guid":{"rendered":"https:\/\/fokusisrael.ch\/la-suisse-et-israel\/"},"modified":"2025-10-15T13:38:10","modified_gmt":"2025-10-15T11:38:10","slug":"la-suisse-et-israel","status":"publish","type":"page","link":"https:\/\/fokusisrael.ch\/fr\/israel-et-le-moyen-orient\/la-suisse-et-israel\/","title":{"rendered":"La Suisse et Isra\u00ebl"},"content":{"rendered":"\n<p>L&rsquo;opinion publique suisse est tr\u00e8s favorable \u00e0 Isra\u00ebl, en particulier depuis le massacre du 7 octobre 2023, au cours duquel plus de 1200 jeunes enfants, enfants, adolescents, femmes et hommes isra\u00e9liens ont \u00e9t\u00e9 assassin\u00e9s de mani\u00e8re horrible par des membres de l&rsquo;<a href=\"https:\/\/mirt.pcfox.ch\/index.php\/palaestinensische-und-islamistische-terrororganisationen\/hamas-und-ihre-ziele\/\">organisation terroriste palestinienne Hamas<\/a>.<\/p>\n\n<p>La Suisse et Isra\u00ebl entretiennent \u00e9galement des relations \u00e9troites dans les domaines \u00e9conomique et militaire depuis de nombreuses d\u00e9cennies. Dans la politique suisse, il existe diff\u00e9rents courants : Au niveau parlementaire (Conseil national et Conseil des Etats), on constate, en particulier depuis l&rsquo;attaque terroriste du Hamas du 7 octobre 2023, un soutien clair au droit d&rsquo;Isra\u00ebl \u00e0 l&rsquo;autod\u00e9fense et \u00e0 la condamnation du terrorisme palestinien. Au D\u00e9partement f\u00e9d\u00e9ral des affaires \u00e9trang\u00e8res (DFAE), en revanche, les tendances anti-isra\u00e9liennes dominent au niveau des fonctionnaires depuis le mandat de l&rsquo;ancienne conseill\u00e8re f\u00e9d\u00e9rale Micheline Calmy-Rey, ce qui s&rsquo;exprime \u00e9galement dans le comportement de vote de la Suisse \u00e0 l&rsquo;<a href=\"https:\/\/mirt.pcfox.ch\/index.php\/uno-und-ngos\/\">ONU<\/a>. Et ce, bien que le conseiller f\u00e9d\u00e9ral Ignazio Cassis, chef du DFAE, soit lui-m\u00eame favorable \u00e0 Isra\u00ebl.   <\/p>\n","protected":false},"excerpt":{"rendered":"<p>L&rsquo;opinion publique suisse est tr\u00e8s favorable \u00e0 Isra\u00ebl, en particulier depuis le massacre du 7 octobre 2023, au cours duquel plus de 1200 jeunes enfants, enfants, adolescents, femmes et hommes isra\u00e9liens ont \u00e9t\u00e9 assassin\u00e9s de mani\u00e8re horrible par des membres de l&rsquo;organisation terroriste palestinienne Hamas. La Suisse et Isra\u00ebl entretiennent \u00e9galement des relations \u00e9troites dans [&hellip;]<\/p>\n","protected":false},"author":2,"featured_media":2366,"parent":2802,"menu_order":0,"comment_status":"closed","ping_status":"closed","template":"","meta":{"_hide_socialbar":"","footnotes":""},"categories":[],"tags":[372,396],"class_list":["post-2743","page","type-page","status-publish","has-post-thumbnail","hentry","tag-israel-fr","tag-suisse"],"aioseo_notices":[],"_links":{"self":[{"href":"https:\/\/fokusisrael.ch\/fr\/wp-json\/wp\/v2\/pages\/2743","targetHints":{"allow":["GET"]}}],"collection":[{"href":"https:\/\/fokusisrael.ch\/fr\/wp-json\/wp\/v2\/pages"}],"about":[{"href":"https:\/\/fokusisrael.ch\/fr\/wp-json\/wp\/v2\/types\/page"}],"author":[{"embeddable":true,"href":"https:\/\/fokusisrael.ch\/fr\/wp-json\/wp\/v2\/users\/2"}],"replies":[{"embeddable":true,"href":"https:\/\/fokusisrael.ch\/fr\/wp-json\/wp\/v2\/comments?post=2743"}],"version-history":[{"count":2,"href":"https:\/\/fokusisrael.ch\/fr\/wp-json\/wp\/v2\/pages\/2743\/revisions"}],"predecessor-version":[{"id":2747,"href":"https:\/\/fokusisrael.ch\/fr\/wp-json\/wp\/v2\/pages\/2743\/revisions\/2747"}],"up":[{"embeddable":true,"href":"https:\/\/fokusisrael.ch\/fr\/wp-json\/wp\/v2\/pages\/2802"}],"wp:featuredmedia":[{"embeddable":true,"href":"https:\/\/fokusisrael.ch\/fr\/wp-json\/wp\/v2\/media\/2366"}],"wp:attachment":[{"href":"https:\/\/fokusisrael.ch\/fr\/wp-json\/wp\/v2\/media?parent=2743"}],"wp:term":[{"taxonomy":"category","embeddable":true,"href":"https:\/\/fokusisrael.ch\/fr\/wp-json\/wp\/v2\/categories?post=2743"},{"taxonomy":"post_tag","embeddable":true,"href":"https:\/\/fokusisrael.ch\/fr\/wp-json\/wp\/v2\/tags?post=2743"}],"curies":[{"name":"wp","href":"https:\/\/api.w.org\/{rel}","templated":true}]}}