{"id":2742,"date":"2024-01-09T09:19:00","date_gmt":"2024-01-09T08:19:00","guid":{"rendered":"https:\/\/fokusisrael.ch\/israel-et-lonu-anti-israelienne\/"},"modified":"2025-10-15T13:37:52","modified_gmt":"2025-10-15T11:37:52","slug":"israel-et-lonu-anti-israelienne","status":"publish","type":"page","link":"https:\/\/fokusisrael.ch\/fr\/israel-lonu-et-la-suisse\/israel-et-lonu-anti-israelienne\/","title":{"rendered":"Isra\u00ebl et l&rsquo;ONU (anti-isra\u00e9lienne)"},"content":{"rendered":"\n<p>Le Moyen-Orient, et plus particuli\u00e8rement Isra\u00ebl et les Palestiniens, est un sujet r\u00e9current au sein des Nations unies. Plusieurs organisations non gouvernementales priv\u00e9es (ONG) s&rsquo;occupent \u00e9galement des Palestiniens.  <\/p>\n\n<p>Des \u00e9tudes ont montr\u00e9 que l&rsquo;<a href=\"\/fr\/?page_id=2706\">Office de secours et de travaux des Nations unies pour les r\u00e9fugi\u00e9s de Palestine (UNRWA<\/a> ) et les ONG priv\u00e9es travaillant pour les Palestiniens sont souvent infiltr\u00e9s et contr\u00f4l\u00e9s en coulisses par des membres d&rsquo;organisations terroristes palestiniennes. Au sein m\u00eame de l&rsquo;ONU, il r\u00e8gne \u00e9galement un climat permanent d&rsquo;hostilit\u00e9 \u00e0 l&rsquo;\u00e9gard d&rsquo;Isra\u00ebl, alors que ces derni\u00e8res ann\u00e9es, de nombreuses r\u00e9solutions unilat\u00e9ralement dirig\u00e9es contre Isra\u00ebl ont \u00e9galement \u00e9t\u00e9 soutenues par la Suisse.  <br \/><br \/><a href=\"https:\/\/fokusisrael.ch\/fr\/thema\/conseil-des-droits-de-lhomme-de-lonu\/\" title=\"Conseil des droits de l'homme de l'ONU\">Hillel Neuer &#8211; le critique du Conseil de l&rsquo;injustice<\/a><\/p>\n\n<p><\/p>\n","protected":false},"excerpt":{"rendered":"<p>Le Moyen-Orient, et plus particuli\u00e8rement Isra\u00ebl et les Palestiniens, est un sujet r\u00e9current au sein des Nations unies. Plusieurs organisations non gouvernementales priv\u00e9es (ONG) s&rsquo;occupent \u00e9galement des Palestiniens. Des \u00e9tudes ont montr\u00e9 que l&rsquo;Office de secours et de travaux des Nations unies pour les r\u00e9fugi\u00e9s de Palestine (UNRWA ) et les ONG priv\u00e9es travaillant pour [&hellip;]<\/p>\n","protected":false},"author":2,"featured_media":2351,"parent":2808,"menu_order":0,"comment_status":"closed","ping_status":"closed","template":"","meta":{"_hide_socialbar":"","footnotes":""},"categories":[],"tags":[372,397],"class_list":["post-2742","page","type-page","status-publish","has-post-thumbnail","hentry","tag-israel-fr","tag-onu"],"aioseo_notices":[],"_links":{"self":[{"href":"https:\/\/fokusisrael.ch\/fr\/wp-json\/wp\/v2\/pages\/2742","targetHints":{"allow":["GET"]}}],"collection":[{"href":"https:\/\/fokusisrael.ch\/fr\/wp-json\/wp\/v2\/pages"}],"about":[{"href":"https:\/\/fokusisrael.ch\/fr\/wp-json\/wp\/v2\/types\/page"}],"author":[{"embeddable":true,"href":"https:\/\/fokusisrael.ch\/fr\/wp-json\/wp\/v2\/users\/2"}],"replies":[{"embeddable":true,"href":"https:\/\/fokusisrael.ch\/fr\/wp-json\/wp\/v2\/comments?post=2742"}],"version-history":[{"count":3,"href":"https:\/\/fokusisrael.ch\/fr\/wp-json\/wp\/v2\/pages\/2742\/revisions"}],"predecessor-version":[{"id":5278,"href":"https:\/\/fokusisrael.ch\/fr\/wp-json\/wp\/v2\/pages\/2742\/revisions\/5278"}],"up":[{"embeddable":true,"href":"https:\/\/fokusisrael.ch\/fr\/wp-json\/wp\/v2\/pages\/2808"}],"wp:featuredmedia":[{"embeddable":true,"href":"https:\/\/fokusisrael.ch\/fr\/wp-json\/wp\/v2\/media\/2351"}],"wp:attachment":[{"href":"https:\/\/fokusisrael.ch\/fr\/wp-json\/wp\/v2\/media?parent=2742"}],"wp:term":[{"taxonomy":"category","embeddable":true,"href":"https:\/\/fokusisrael.ch\/fr\/wp-json\/wp\/v2\/categories?post=2742"},{"taxonomy":"post_tag","embeddable":true,"href":"https:\/\/fokusisrael.ch\/fr\/wp-json\/wp\/v2\/tags?post=2742"}],"curies":[{"name":"wp","href":"https:\/\/api.w.org\/{rel}","templated":true}]}}