{"id":2737,"date":"2024-01-09T14:49:00","date_gmt":"2024-01-09T13:49:00","guid":{"rendered":"https:\/\/fokusisrael.ch\/organisations-terroristes-palestiniennes-et-islamistes\/des-terroristes-en-costume-une-etude-de-cas-sur-adameer\/"},"modified":"2025-10-15T13:37:32","modified_gmt":"2025-10-15T11:37:32","slug":"des-terroristes-en-costume-une-etude-de-cas-sur-adameer","status":"publish","type":"page","link":"https:\/\/fokusisrael.ch\/fr\/organisations-terroristes-palestiniennes-et-islamistes\/des-terroristes-en-costume-une-etude-de-cas-sur-adameer\/","title":{"rendered":"Des terroristes en costume &#8211; Une \u00e9tude de cas sur Adameer"},"content":{"rendered":"\n<p>En f\u00e9vrier 2019, le minist\u00e8re des Affaires strat\u00e9giques a publi\u00e9 le rapport <a class=\"\" href=\"https:\/\/www.gov.il\/BlobFolder\/generalpage\/blood_money\/en\/strategic_affairs_bloodM.pdf\" target=\"_blank\" rel=\"noreferrer noopener\">\u00ab\u00a0Terroristes en costume\u00a0\u00bb, qui<\/a> a r\u00e9v\u00e9l\u00e9 les liens entre les organisations terroristes d\u00e9sign\u00e9es (notamment le Hamas et le Front populaire de lib\u00e9ration de la Palestine) et les ONG, tant au sein de l&rsquo;Autorit\u00e9 palestinienne qu&rsquo;au niveau international.<\/p>\n\n<h3 class=\"wp-block-heading\">Les ONG palestiniennes financ\u00e9es par l&rsquo;Europe et leurs agents terroristes<\/h3>\n\n<p><a class=\"\" href=\"https:\/\/www.gov.il\/BlobFolder\/generalpage\/blood_money\/en\/strategic_affairs_bloodM.pdf\" target=\"_blank\" rel=\"noreferrer noopener\">L&rsquo;\u00e9tude de cas en anglais<\/a><\/p>\n\n<p><a class=\"\" href=\"https:\/\/www.addameer.org\/\" target=\"_blank\" rel=\"noreferrer noopener\">Plus d&rsquo;informations sur Adameer<\/a><\/p>\n\n<p>\u00a9 Minist\u00e8re des Affaires Strat\u00e9giques, J\u00e9rusalem<\/p>\n","protected":false},"excerpt":{"rendered":"<p>En f\u00e9vrier 2019, le minist\u00e8re des Affaires strat\u00e9giques a publi\u00e9 le rapport \u00ab\u00a0Terroristes en costume\u00a0\u00bb, qui a r\u00e9v\u00e9l\u00e9 les liens entre les organisations terroristes d\u00e9sign\u00e9es (notamment le Hamas et le Front populaire de lib\u00e9ration de la Palestine) et les ONG, tant au sein de l&rsquo;Autorit\u00e9 palestinienne qu&rsquo;au niveau international. Les ONG palestiniennes financ\u00e9es par l&rsquo;Europe [&hellip;]<\/p>\n","protected":false},"author":2,"featured_media":2353,"parent":2730,"menu_order":0,"comment_status":"closed","ping_status":"closed","template":"","meta":{"_hide_socialbar":"","footnotes":""},"categories":[],"tags":[405,385],"class_list":["post-2737","page","type-page","status-publish","has-post-thumbnail","hentry","tag-adameer-fr","tag-organisations-terroristes"],"aioseo_notices":[],"_links":{"self":[{"href":"https:\/\/fokusisrael.ch\/fr\/wp-json\/wp\/v2\/pages\/2737","targetHints":{"allow":["GET"]}}],"collection":[{"href":"https:\/\/fokusisrael.ch\/fr\/wp-json\/wp\/v2\/pages"}],"about":[{"href":"https:\/\/fokusisrael.ch\/fr\/wp-json\/wp\/v2\/types\/page"}],"author":[{"embeddable":true,"href":"https:\/\/fokusisrael.ch\/fr\/wp-json\/wp\/v2\/users\/2"}],"replies":[{"embeddable":true,"href":"https:\/\/fokusisrael.ch\/fr\/wp-json\/wp\/v2\/comments?post=2737"}],"version-history":[{"count":2,"href":"https:\/\/fokusisrael.ch\/fr\/wp-json\/wp\/v2\/pages\/2737\/revisions"}],"predecessor-version":[{"id":2741,"href":"https:\/\/fokusisrael.ch\/fr\/wp-json\/wp\/v2\/pages\/2737\/revisions\/2741"}],"up":[{"embeddable":true,"href":"https:\/\/fokusisrael.ch\/fr\/wp-json\/wp\/v2\/pages\/2730"}],"wp:featuredmedia":[{"embeddable":true,"href":"https:\/\/fokusisrael.ch\/fr\/wp-json\/wp\/v2\/media\/2353"}],"wp:attachment":[{"href":"https:\/\/fokusisrael.ch\/fr\/wp-json\/wp\/v2\/media?parent=2737"}],"wp:term":[{"taxonomy":"category","embeddable":true,"href":"https:\/\/fokusisrael.ch\/fr\/wp-json\/wp\/v2\/categories?post=2737"},{"taxonomy":"post_tag","embeddable":true,"href":"https:\/\/fokusisrael.ch\/fr\/wp-json\/wp\/v2\/tags?post=2737"}],"curies":[{"name":"wp","href":"https:\/\/api.w.org\/{rel}","templated":true}]}}