{"id":2736,"date":"2024-01-18T15:46:00","date_gmt":"2024-01-18T14:46:00","guid":{"rendered":"https:\/\/fokusisrael.ch\/letat-disrael-une-democratie-parlementaire\/"},"modified":"2026-01-23T00:14:49","modified_gmt":"2026-01-22T23:14:49","slug":"letat-disrael-une-democratie-parlementaire","status":"publish","type":"page","link":"https:\/\/fokusisrael.ch\/fr\/letat-disrael-une-democratie-parlementaire\/","title":{"rendered":"L&rsquo;\u00c9tat d&rsquo;Isra\u00ebl &#8211; une d\u00e9mocratie parlementaire"},"content":{"rendered":"\n<h2 class=\"wp-block-heading\">Affirmation<\/h2>\n\n<p>Isra\u00ebl est un Etat d&rsquo;apartheid dans lequel la population non juive, en particulier la population arabe, est d\u00e9favoris\u00e9e et o\u00f9 les Arabes sont des citoyens de seconde zone, affirment r\u00e9guli\u00e8rement les opposants \u00e0 l&rsquo;Etat juif.  <\/p>\n\n<h2 class=\"wp-block-heading\">Les faits<\/h2>\n\n<p>Isra\u00ebl est une d\u00e9mocratie parlementaire &#8211; la seule au Moyen-Orient &#8211; avec une population d&rsquo;environ 9,6 millions d&rsquo;habitants. Parmi eux, 7,1 millions sont juifs (73,6%) et 2,03 millions sont arabes (21,1%). Les 513 000 habitants restants (5,3%) appartiennent \u00e0 d&rsquo;autres groupes de population.    <\/p>\n\n<p>Tous les Isra\u00e9liens, ind\u00e9pendamment de leur religion ou de leur appartenance ethnique, jouissent des m\u00eames droits civils, notamment le droit de vote, ainsi que d&rsquo;autres libert\u00e9s civiles. Les Arabes isra\u00e9liens sont repr\u00e9sent\u00e9s au Parlement isra\u00e9lien par leurs propres partis. Les Arabes isra\u00e9liens ont \u00e9galement occup\u00e9 des postes minist\u00e9riels et d&rsquo;autres postes importants au sein de diff\u00e9rents gouvernements isra\u00e9liens. Le service militaire dans l&rsquo;arm\u00e9e isra\u00e9lienne (Israel Defense Forces IDF) est volontaire pour les Arabes isra\u00e9liens, alors qu&rsquo;il est obligatoire pour la population juive et druze.     <\/p>\n\n<h3 class=\"wp-block-heading\">Ant\u00e9c\u00e9dents<\/h3>\n\n<p>En raison des pers\u00e9cutions des Juifs et de l&rsquo;antis\u00e9mitisme dans de nombreux pays europ\u00e9ens, le journaliste autrichien Theodor Herzl a r\u00e9dig\u00e9 en 1896 un livre intitul\u00e9 \u00ab\u00a0L&rsquo;\u00c9tat juif &#8211; Essai de solution moderne de la question juive\u00a0\u00bb. L&rsquo;ann\u00e9e suivante, en 1897, Herzl a invit\u00e9 200 repr\u00e9sentants du juda\u00efsme au 1er Congr\u00e8s sioniste \u00e0 B\u00e2le, o\u00f9 il a appel\u00e9 \u00e0 la cr\u00e9ation d&rsquo;un \u00c9tat juif ind\u00e9pendant en Palestine, qui faisait alors partie de l&rsquo;Empire ottoman. Le territoire de la Palestine comprenait l&rsquo;actuel Isra\u00ebl, Gaza, la Cisjordanie ainsi que l&rsquo;actuelle Jordanie. Apr\u00e8s la fin de la Premi\u00e8re Guerre mondiale (1914-1918) et la chute de l&rsquo;Empire ottoman, la Soci\u00e9t\u00e9 des Nations a accord\u00e9 en 1922 \u00e0 la Grande-Bretagne, puissance victorieuse, un mandat pour l&rsquo;administration de la Palestine. Le trait\u00e9 de mandat stipulait la cr\u00e9ation d&rsquo;un foyer national pour les Juifs. Le gouvernement britannique avait d\u00e9j\u00e0 soutenu cette id\u00e9e en 1917 dans la d\u00e9claration dite de Balfour.     <\/p>\n\n<figure class=\"wp-block-image size-full\"><img loading=\"lazy\" decoding=\"async\" width=\"1024\" height=\"600\" src=\"https:\/\/fokusisrael.ch\/wp-content\/uploads\/2025\/03\/Copyright-UNO.jpg\" alt=\"D&#xE9;cision de partage des Nations unies 1947\" class=\"wp-image-826\" srcset=\"https:\/\/fokusisrael.ch\/wp-content\/uploads\/2025\/03\/Copyright-UNO.jpg 1024w, https:\/\/fokusisrael.ch\/wp-content\/uploads\/2025\/03\/Copyright-UNO-300x176.jpg 300w, https:\/\/fokusisrael.ch\/wp-content\/uploads\/2025\/03\/Copyright-UNO-768x450.jpg 768w\" sizes=\"auto, (max-width: 1024px) 100vw, 1024px\" \/><figcaption class=\"wp-element-caption\">D\u00e9cision de partage des Nations unies 1947 <span class=\"image-meta\">&copy; UNO<\/span><\/figcaption><\/figure>\n\n<p>La d\u00e9cision finale en faveur de la cr\u00e9ation d&rsquo;un \u00c9tat a \u00e9t\u00e9 prise deux ans apr\u00e8s la fin de la Seconde Guerre mondiale au sein de l&rsquo;ONU, l&rsquo;organisation qui a succ\u00e9d\u00e9 \u00e0 la Soci\u00e9t\u00e9 des Nations. Le 29 novembre 1947, les \u00c9tats membres de l&rsquo;ONU se sont prononc\u00e9s par 33 voix contre 13 et 10 abstentions en faveur de la division de la partie de la Palestine situ\u00e9e \u00e0 l&rsquo;ouest du fleuve Jourdain en un \u00c9tat juif et un \u00c9tat palestinien. La ville de J\u00e9rusalem, qui \u00e9tait sacr\u00e9e pour les juifs, les chr\u00e9tiens et les musulmans, devait \u00eatre plac\u00e9e sous une administration internationale. Dans la partie de la Palestine situ\u00e9e \u00e0 l&rsquo;est du Jourdain, le royaume de Jordanie, dont la population \u00e9tait \u00e9galement compos\u00e9e \u00e0 80% de Palestiniens, avait d\u00e9j\u00e0 \u00e9t\u00e9 cr\u00e9\u00e9 avec l&rsquo;accord de la Grande-Bretagne. Les Etats-Unis et l&rsquo;Union sovi\u00e9tique, entre autres, ont vot\u00e9 en faveur du plan de partage, tandis que les Etats islamiques tels que l&rsquo;Arabie saoudite, la Turquie, la Syrie, l&rsquo;Iran, le Pakistan, le Y\u00e9men, le Liban et la Syrie s&rsquo;y sont oppos\u00e9s pour la plupart. Les repr\u00e9sentants palestiniens et la Ligue arabe s&rsquo;y sont \u00e9galement oppos\u00e9s.     <br\/><br\/>Les fronti\u00e8res entre Isra\u00ebl et la Palestine, d\u00e9finies par l&rsquo;ONU, \u00e9taient bas\u00e9es sur la majorit\u00e9 de la population de chaque territoire. Le territoire destin\u00e9 \u00e0 Isra\u00ebl comptait alors 600 000 Juifs. En Cisjordanie et \u00e0 Gaza, qui devaient devenir le nouvel \u00c9tat palestinien, vivaient 1,2 million d&rsquo;Arabes.  <\/p>\n\n<p>En termes de superficie, Isra\u00ebl \u00e9tait certes plus grand que le territoire pr\u00e9vu pour l&rsquo;\u00c9tat palestinien, avec 56,47% de la superficie totale. Mais environ deux tiers du territoire d\u00e9sign\u00e9 par l&rsquo;ONU pour Isra\u00ebl \u00e9taient constitu\u00e9s de d\u00e9sert. Seul un tiers de la superficie totale d&rsquo;Isra\u00ebl \u00e9tait constitu\u00e9 de terres fertiles bordant la M\u00e9diterran\u00e9e et la vall\u00e9e du Jourdain, avec le lac de Ginereth (G\u00e9n\u00e9zareth) \u00e0 l&rsquo;int\u00e9rieur des terres. En revanche, le territoire destin\u00e9 \u00e0 l&rsquo;\u00c9tat palestinien \u00e9tait en grande partie une terre fertile, avec seulement une petite pointe au sud dans le d\u00e9sert du N\u00e9guev.   <\/p>\n\n<p>En raison du refus des \u00c9tats arabes de reconna\u00eetre la d\u00e9cision de l&rsquo;ONU et l&rsquo;\u00c9tat d&rsquo;Isra\u00ebl, le plan de partage du 29 novembre 1947 n&rsquo;est jamais devenu r\u00e9alit\u00e9. Lorsqu&rsquo;Isra\u00ebl a d\u00e9clar\u00e9 son ind\u00e9pendance six mois plus tard, le 14 mai 1948, les arm\u00e9es \u00e9gyptienne, jordanienne, syrienne, irakienne et libanaise ont envahi le pays nouvellement cr\u00e9\u00e9 le lendemain pour tenter de le d\u00e9truire. La guerre s&rsquo;est termin\u00e9e au printemps 1949 par la victoire d&rsquo;Isra\u00ebl.    <\/p>\n    <section class=\"frontpage__section\">\n        \n        <div class=\"teaser__list\">\n                                    <article class=\"teaser__list__article\">\n                            <a href=\"https:\/\/fokusisrael.ch\/news\/mythen-und-fakten-zur-gruendung-des-staates-israel\/\" title=\"Mythen und Fakten zur Gr\u00fcndung des Staates Israel\" class=\"teaser__list__link\">\n                                                                    <img loading=\"lazy\" decoding=\"async\" width=\"300\" height=\"180\" src=\"https:\/\/fokusisrael.ch\/wp-content\/uploads\/2026\/01\/rekruten-inspektion-1-300x180.jpg\" class=\"teaser__list__image wp-post-image\" alt=\"IDF Rekruten bei einer Inspektion\" srcset=\"https:\/\/fokusisrael.ch\/wp-content\/uploads\/2026\/01\/rekruten-inspektion-1-300x180.jpg 300w, https:\/\/fokusisrael.ch\/wp-content\/uploads\/2026\/01\/rekruten-inspektion-1-768x461.jpg 768w, https:\/\/fokusisrael.ch\/wp-content\/uploads\/2026\/01\/rekruten-inspektion-1.jpg 1000w\" sizes=\"auto, (max-width: 300px) 100vw, 300px\" \/>                                                                <h2 class=\"teaser__list__title\">Mythen und Fakten zur Gr\u00fcndung des Staates Israel<\/h2>\n                            <\/a>\n                        <\/article>\n                                                <article class=\"teaser__list__article\">\n                            <a href=\"https:\/\/fokusisrael.ch\/israel-naher-osten\/das-regierungs-und-justizsystem\/\" title=\"Das Regierungs- und Justizsystem\" class=\"teaser__list__link\">\n                                                                    <img loading=\"lazy\" decoding=\"async\" width=\"300\" height=\"176\" src=\"https:\/\/fokusisrael.ch\/wp-content\/uploads\/2025\/03\/Demo_Yoav-Aziz-unsplash-300x176.jpg\" class=\"teaser__list__image wp-post-image\" alt=\"Eine leidenschaftliche Demonstration in einer israelischen Stadt, mit Menschen, die Schilder mit hebr\u00e4ischen Texten hochhalten\" srcset=\"https:\/\/fokusisrael.ch\/wp-content\/uploads\/2025\/03\/Demo_Yoav-Aziz-unsplash-300x176.jpg 300w, https:\/\/fokusisrael.ch\/wp-content\/uploads\/2025\/03\/Demo_Yoav-Aziz-unsplash-768x450.jpg 768w, https:\/\/fokusisrael.ch\/wp-content\/uploads\/2025\/03\/Demo_Yoav-Aziz-unsplash.jpg 1024w\" sizes=\"auto, (max-width: 300px) 100vw, 300px\" \/>                                                                <h2 class=\"teaser__list__title\">Das Regierungs- und Justizsystem<\/h2>\n                            <\/a>\n                        <\/article>\n                                                <article class=\"teaser__list__article\">\n                            <a href=\"https:\/\/fokusisrael.ch\/israel-naher-osten\/zionismus-die-notwendigkeit-eines-eigenen-juedischen-staates\/\" title=\"Zionismus \u2013 die Notwendigkeit eines eigenen j\u00fcdischen Staates\" class=\"teaser__list__link\">\n                                                                    <img loading=\"lazy\" decoding=\"async\" width=\"300\" height=\"176\" src=\"https:\/\/fokusisrael.ch\/wp-content\/uploads\/2025\/03\/Zionismus-300x176.jpg\" class=\"teaser__list__image wp-post-image\" alt=\"\" srcset=\"https:\/\/fokusisrael.ch\/wp-content\/uploads\/2025\/03\/Zionismus-300x176.jpg 300w, https:\/\/fokusisrael.ch\/wp-content\/uploads\/2025\/03\/Zionismus-768x450.jpg 768w, https:\/\/fokusisrael.ch\/wp-content\/uploads\/2025\/03\/Zionismus.jpg 1024w\" sizes=\"auto, (max-width: 300px) 100vw, 300px\" \/>                                                                <h2 class=\"teaser__list__title\">Zionismus \u2013 die Notwendigkeit eines eigenen j\u00fcdischen Staates<\/h2>\n                            <\/a>\n                        <\/article>\n                                <\/div>\n    <\/section>\n        <section class=\"frontpage__section\">\n        \n        <div class=\"teaser__list\">\n                                    <article class=\"teaser__list__article\">\n                            <a href=\"https:\/\/fokusisrael.ch\/israel-naher-osten\/warum-israel-als-startup-nation-erfolgreich-ist\/\" title=\"Warum Israel als Startup-Nation erfolgreich ist\" class=\"teaser__list__link\">\n                                                                    <img loading=\"lazy\" decoding=\"async\" width=\"300\" height=\"176\" src=\"https:\/\/fokusisrael.ch\/wp-content\/uploads\/2025\/03\/Tel-Aviv-Skyline_RaphaelQS_Wikipedia-300x176.jpg\" class=\"teaser__list__image wp-post-image\" alt=\"Skyline von Tel Aviv\" srcset=\"https:\/\/fokusisrael.ch\/wp-content\/uploads\/2025\/03\/Tel-Aviv-Skyline_RaphaelQS_Wikipedia-300x176.jpg 300w, https:\/\/fokusisrael.ch\/wp-content\/uploads\/2025\/03\/Tel-Aviv-Skyline_RaphaelQS_Wikipedia-768x450.jpg 768w, https:\/\/fokusisrael.ch\/wp-content\/uploads\/2025\/03\/Tel-Aviv-Skyline_RaphaelQS_Wikipedia.jpg 1024w\" sizes=\"auto, (max-width: 300px) 100vw, 300px\" \/>                                                                <h2 class=\"teaser__list__title\">Warum Israel als Startup-Nation erfolgreich ist<\/h2>\n                            <\/a>\n                        <\/article>\n                                                <article class=\"teaser__list__article\">\n                            <a href=\"https:\/\/fokusisrael.ch\/israel-naher-osten\/auch-in-israel-ist-jude-nicht-gleich-jude\/\" title=\"Auch in Israel ist Jude nicht gleich Jude\" class=\"teaser__list__link\">\n                                                                    <img loading=\"lazy\" decoding=\"async\" width=\"300\" height=\"176\" src=\"https:\/\/fokusisrael.ch\/wp-content\/uploads\/2025\/03\/Klagemauer-1_Miklos-Klaus-Rozsa-300x176.jpg\" class=\"teaser__list__image wp-post-image\" alt=\"Ein orthodoxer Jude in schwarzem Mantel und Hut telefoniert in einer Stadt, was die Verbindung von Tradition und Moderne vor steinernen Mauern zeigt.\" srcset=\"https:\/\/fokusisrael.ch\/wp-content\/uploads\/2025\/03\/Klagemauer-1_Miklos-Klaus-Rozsa-300x176.jpg 300w, https:\/\/fokusisrael.ch\/wp-content\/uploads\/2025\/03\/Klagemauer-1_Miklos-Klaus-Rozsa-768x450.jpg 768w, https:\/\/fokusisrael.ch\/wp-content\/uploads\/2025\/03\/Klagemauer-1_Miklos-Klaus-Rozsa.jpg 1024w\" sizes=\"auto, (max-width: 300px) 100vw, 300px\" \/>                                                                <h2 class=\"teaser__list__title\">Auch in Israel ist Jude nicht gleich Jude<\/h2>\n                            <\/a>\n                        <\/article>\n                                                <article class=\"teaser__list__article\">\n                            <a href=\"https:\/\/fokusisrael.ch\/israel-naher-osten\/israel-defense-forces-idf-ihre-ethischen-richtlinien-und-der-krieg-in-gaza\/\" title=\"Israel Defense Forces IDF \u2013 ihre ethischen Richtlinien und der Krieg in Gaza\" class=\"teaser__list__link\">\n                                                                    <img loading=\"lazy\" decoding=\"async\" width=\"300\" height=\"176\" src=\"https:\/\/fokusisrael.ch\/wp-content\/uploads\/2025\/03\/timon-studler-sjynUnr9ikA-unsplash-1-300x176.jpg\" class=\"teaser__list__image wp-post-image\" alt=\"Soldaten der IDF \u00fcberblicken das Westjordanland\" srcset=\"https:\/\/fokusisrael.ch\/wp-content\/uploads\/2025\/03\/timon-studler-sjynUnr9ikA-unsplash-1-300x176.jpg 300w, https:\/\/fokusisrael.ch\/wp-content\/uploads\/2025\/03\/timon-studler-sjynUnr9ikA-unsplash-1-768x450.jpg 768w, https:\/\/fokusisrael.ch\/wp-content\/uploads\/2025\/03\/timon-studler-sjynUnr9ikA-unsplash-1.jpg 1024w\" sizes=\"auto, (max-width: 300px) 100vw, 300px\" \/>                                                                <h2 class=\"teaser__list__title\">Israel Defense Forces IDF \u2013 ihre ethischen Richtlinien und der Krieg in Gaza<\/h2>\n                            <\/a>\n                        <\/article>\n                                <\/div>\n    <\/section>\n    \n<p><\/p>\n","protected":false},"excerpt":{"rendered":"<p>Affirmation Isra\u00ebl est un Etat d&rsquo;apartheid dans lequel la population non juive, en particulier la population arabe, est d\u00e9favoris\u00e9e et o\u00f9 les Arabes sont des citoyens de seconde zone, affirment r\u00e9guli\u00e8rement les opposants \u00e0 l&rsquo;Etat juif. Les faits Isra\u00ebl est une d\u00e9mocratie parlementaire &#8211; la seule au Moyen-Orient &#8211; avec une population d&rsquo;environ 9,6 millions [&hellip;]<\/p>\n","protected":false},"author":2,"featured_media":2378,"parent":0,"menu_order":0,"comment_status":"closed","ping_status":"closed","template":"","meta":{"_hide_socialbar":"","footnotes":""},"categories":[],"tags":[372],"class_list":["post-2736","page","type-page","status-publish","has-post-thumbnail","hentry","tag-israel-fr"],"aioseo_notices":[],"_links":{"self":[{"href":"https:\/\/fokusisrael.ch\/fr\/wp-json\/wp\/v2\/pages\/2736","targetHints":{"allow":["GET"]}}],"collection":[{"href":"https:\/\/fokusisrael.ch\/fr\/wp-json\/wp\/v2\/pages"}],"about":[{"href":"https:\/\/fokusisrael.ch\/fr\/wp-json\/wp\/v2\/types\/page"}],"author":[{"embeddable":true,"href":"https:\/\/fokusisrael.ch\/fr\/wp-json\/wp\/v2\/users\/2"}],"replies":[{"embeddable":true,"href":"https:\/\/fokusisrael.ch\/fr\/wp-json\/wp\/v2\/comments?post=2736"}],"version-history":[{"count":4,"href":"https:\/\/fokusisrael.ch\/fr\/wp-json\/wp\/v2\/pages\/2736\/revisions"}],"predecessor-version":[{"id":7003,"href":"https:\/\/fokusisrael.ch\/fr\/wp-json\/wp\/v2\/pages\/2736\/revisions\/7003"}],"wp:featuredmedia":[{"embeddable":true,"href":"https:\/\/fokusisrael.ch\/fr\/wp-json\/wp\/v2\/media\/2378"}],"wp:attachment":[{"href":"https:\/\/fokusisrael.ch\/fr\/wp-json\/wp\/v2\/media?parent=2736"}],"wp:term":[{"taxonomy":"category","embeddable":true,"href":"https:\/\/fokusisrael.ch\/fr\/wp-json\/wp\/v2\/categories?post=2736"},{"taxonomy":"post_tag","embeddable":true,"href":"https:\/\/fokusisrael.ch\/fr\/wp-json\/wp\/v2\/tags?post=2736"}],"curies":[{"name":"wp","href":"https:\/\/api.w.org\/{rel}","templated":true}]}}