{"id":2731,"date":"2024-01-09T13:42:00","date_gmt":"2024-01-09T12:42:00","guid":{"rendered":"https:\/\/fokusisrael.ch\/qui-nous-sommes-et-ce-que-nous-voulons\/trousse-de-premiers-secours-pour-enfants\/"},"modified":"2025-10-15T13:37:14","modified_gmt":"2025-10-15T11:37:14","slug":"trousse-de-premiers-secours-pour-enfants","status":"publish","type":"page","link":"https:\/\/fokusisrael.ch\/fr\/qui-nous-sommes-et-ce-que-nous-voulons\/trousse-de-premiers-secours-pour-enfants\/","title":{"rendered":"Trousse de premiers secours pour enfants"},"content":{"rendered":"\n<h4 class=\"wp-block-heading\">Avez-vous subi une attaque dirig\u00e9e contre votre juda\u00efsme &#8211; et vous \u00eates-vous senti impuissant ?<\/h4>\n\n<h4 class=\"wp-block-heading\">Cette trousse de premiers secours vous aidera \u00e0 vous d\u00e9fendre dans de telles situations !<\/h4>\n\n<p>Une tr\u00e8s bonne d\u00e9fense consiste toujours \u00e0 poser des questions : Que voulez-vous dire exactement ? Pourquoi <\/p>\n\n<p>voyez-vous les choses ainsi ? O\u00f9 avez-vous trouv\u00e9 cette information ? Vous renvoyez ainsi la balle et forcez votre  <\/p>\n\n<p>vis-\u00e0-vis, de v\u00e9rifier ses d\u00e9clarations. Les attaques antis\u00e9mites sont toujours tr\u00e8s simplifi\u00e9es et bas\u00e9es sur des <\/p>\n\n<p>Les ou\u00ef-dire. Si vous posez des questions, la plupart des gens r\u00e9alisent tr\u00e8s vite qu&rsquo;ils racontent n&rsquo;importe quoi. <\/p>\n\n<p>Il est \u00e9galement important que vous parliez de vos sentiments &#8211; vous cr\u00e9ez ainsi un lien.<\/p>\n\n<p>Mais parfois, une attaque peut \u00eatre violente et mettre en danger votre s\u00e9curit\u00e9. Dans ce cas, vous devez vous \u00e9loigner le plus rapidement possible et demander de l&rsquo;aide. Vous devez signaler ce type d&rsquo;incident \u00e0 l&rsquo;\u00e9cole ou \u00e0 la police et le signaler \u00e0 la FSCI.  <\/p>\n\n<p><a href=\"mailto:vorfall@swissjews.ch\" target=\"_blank\" rel=\"noreferrer noopener\">(vorfall@swissjews.ch)<\/a>!<\/p>\n\n<p><a href=\"\/wp-content\/uploads\/2025\/03\/Erste-Hilfe-Set-fur-Kinder.pdf\" target=\"_blank\" rel=\"noreferrer noopener\">T\u00e9l\u00e9charger le PDF Kit de premiers secours pour enfants<\/a><\/p>\n","protected":false},"excerpt":{"rendered":"<p>Avez-vous subi une attaque dirig\u00e9e contre votre juda\u00efsme &#8211; et vous \u00eates-vous senti impuissant ? Cette trousse de premiers secours vous aidera \u00e0 vous d\u00e9fendre dans de telles situations ! Une tr\u00e8s bonne d\u00e9fense consiste toujours \u00e0 poser des questions : Que voulez-vous dire exactement ? Pourquoi voyez-vous les choses ainsi ? O\u00f9 avez-vous trouv\u00e9 [&hellip;]<\/p>\n","protected":false},"author":2,"featured_media":2459,"parent":2679,"menu_order":0,"comment_status":"closed","ping_status":"closed","template":"","meta":{"_hide_socialbar":"","footnotes":""},"categories":[],"tags":[395,404],"class_list":["post-2731","page","type-page","status-publish","has-post-thumbnail","hentry","tag-antisemitisme","tag-premiers-secours"],"aioseo_notices":[],"_links":{"self":[{"href":"https:\/\/fokusisrael.ch\/fr\/wp-json\/wp\/v2\/pages\/2731","targetHints":{"allow":["GET"]}}],"collection":[{"href":"https:\/\/fokusisrael.ch\/fr\/wp-json\/wp\/v2\/pages"}],"about":[{"href":"https:\/\/fokusisrael.ch\/fr\/wp-json\/wp\/v2\/types\/page"}],"author":[{"embeddable":true,"href":"https:\/\/fokusisrael.ch\/fr\/wp-json\/wp\/v2\/users\/2"}],"replies":[{"embeddable":true,"href":"https:\/\/fokusisrael.ch\/fr\/wp-json\/wp\/v2\/comments?post=2731"}],"version-history":[{"count":2,"href":"https:\/\/fokusisrael.ch\/fr\/wp-json\/wp\/v2\/pages\/2731\/revisions"}],"predecessor-version":[{"id":2735,"href":"https:\/\/fokusisrael.ch\/fr\/wp-json\/wp\/v2\/pages\/2731\/revisions\/2735"}],"up":[{"embeddable":true,"href":"https:\/\/fokusisrael.ch\/fr\/wp-json\/wp\/v2\/pages\/2679"}],"wp:featuredmedia":[{"embeddable":true,"href":"https:\/\/fokusisrael.ch\/fr\/wp-json\/wp\/v2\/media\/2459"}],"wp:attachment":[{"href":"https:\/\/fokusisrael.ch\/fr\/wp-json\/wp\/v2\/media?parent=2731"}],"wp:term":[{"taxonomy":"category","embeddable":true,"href":"https:\/\/fokusisrael.ch\/fr\/wp-json\/wp\/v2\/categories?post=2731"},{"taxonomy":"post_tag","embeddable":true,"href":"https:\/\/fokusisrael.ch\/fr\/wp-json\/wp\/v2\/tags?post=2731"}],"curies":[{"name":"wp","href":"https:\/\/api.w.org\/{rel}","templated":true}]}}