{"id":2730,"date":"2024-01-06T13:06:00","date_gmt":"2024-01-06T12:06:00","guid":{"rendered":"https:\/\/fokusisrael.ch\/organisations-terroristes-palestiniennes-et-islamistes\/"},"modified":"2025-10-15T13:37:31","modified_gmt":"2025-10-15T11:37:31","slug":"organisations-terroristes-palestiniennes-et-islamistes","status":"publish","type":"page","link":"https:\/\/fokusisrael.ch\/fr\/organisations-terroristes-palestiniennes-et-islamistes\/","title":{"rendered":"Organisations terroristes palestiniennes et islamistes"},"content":{"rendered":"\n<p>Outre le Hamas, principal responsable de l&rsquo;acte terroriste meurtrier du 7 octobre 2023 dans le sud d&rsquo;Isra\u00ebl, il existe au Proche-Orient plusieurs autres organisations qui ont pour objectif la destruction de l&rsquo;\u00c9tat d&rsquo;Isra\u00ebl et qui sont parfois consid\u00e9r\u00e9es comme des groupes terroristes : Organisation de lib\u00e9ration de la Palestine (OLP) avec le Fatah, Jihad islamique palestinien (JIP), Front populaire de lib\u00e9ration de la Palestine (FPLP) et le Hezbollah (Parti de Dieu), qui pr\u00e9domine au Liban.<\/p>\n","protected":false},"excerpt":{"rendered":"<p>Outre le Hamas, principal responsable de l&rsquo;acte terroriste meurtrier du 7 octobre 2023 dans le sud d&rsquo;Isra\u00ebl, il existe au Proche-Orient plusieurs autres organisations qui ont pour objectif la destruction de l&rsquo;\u00c9tat d&rsquo;Isra\u00ebl et qui sont parfois consid\u00e9r\u00e9es comme des groupes terroristes : Organisation de lib\u00e9ration de la Palestine (OLP) avec le Fatah, Jihad islamique [&hellip;]<\/p>\n","protected":false},"author":2,"featured_media":2352,"parent":0,"menu_order":0,"comment_status":"closed","ping_status":"closed","template":"","meta":{"_hide_socialbar":"","footnotes":""},"categories":[],"tags":[388,389,393,387,385,382,386,394],"class_list":["post-2730","page","type-page","status-publish","has-post-thumbnail","hentry","tag-fatah-fr","tag-fplp","tag-hamas-fr","tag-hezbollah","tag-organisations-terroristes","tag-palestiniens","tag-pij-fr","tag-plo-fr"],"aioseo_notices":[],"_links":{"self":[{"href":"https:\/\/fokusisrael.ch\/fr\/wp-json\/wp\/v2\/pages\/2730","targetHints":{"allow":["GET"]}}],"collection":[{"href":"https:\/\/fokusisrael.ch\/fr\/wp-json\/wp\/v2\/pages"}],"about":[{"href":"https:\/\/fokusisrael.ch\/fr\/wp-json\/wp\/v2\/types\/page"}],"author":[{"embeddable":true,"href":"https:\/\/fokusisrael.ch\/fr\/wp-json\/wp\/v2\/users\/2"}],"replies":[{"embeddable":true,"href":"https:\/\/fokusisrael.ch\/fr\/wp-json\/wp\/v2\/comments?post=2730"}],"version-history":[{"count":2,"href":"https:\/\/fokusisrael.ch\/fr\/wp-json\/wp\/v2\/pages\/2730\/revisions"}],"predecessor-version":[{"id":2734,"href":"https:\/\/fokusisrael.ch\/fr\/wp-json\/wp\/v2\/pages\/2730\/revisions\/2734"}],"wp:featuredmedia":[{"embeddable":true,"href":"https:\/\/fokusisrael.ch\/fr\/wp-json\/wp\/v2\/media\/2352"}],"wp:attachment":[{"href":"https:\/\/fokusisrael.ch\/fr\/wp-json\/wp\/v2\/media?parent=2730"}],"wp:term":[{"taxonomy":"category","embeddable":true,"href":"https:\/\/fokusisrael.ch\/fr\/wp-json\/wp\/v2\/categories?post=2730"},{"taxonomy":"post_tag","embeddable":true,"href":"https:\/\/fokusisrael.ch\/fr\/wp-json\/wp\/v2\/tags?post=2730"}],"curies":[{"name":"wp","href":"https:\/\/api.w.org\/{rel}","templated":true}]}}