{"id":2727,"date":"2024-01-09T09:22:00","date_gmt":"2024-01-09T08:22:00","guid":{"rendered":"https:\/\/fokusisrael.ch\/cisjordanie-et-gaza\/"},"modified":"2025-10-15T13:37:52","modified_gmt":"2025-10-15T11:37:52","slug":"cisjordanie-et-gaza","status":"publish","type":"page","link":"https:\/\/fokusisrael.ch\/fr\/les-palestiniens\/cisjordanie-et-gaza\/","title":{"rendered":"Cisjordanie et Gaza"},"content":{"rendered":"\n<p class=\"article__intro\">Le plan de partage de l&rsquo;ONU de 1947 pr\u00e9voyait qu&rsquo;un territoire situ\u00e9 \u00e0 l&rsquo;ouest du fleuve Jourdain (Cisjordanie \/ Westbank) et une bande de terre bordant la M\u00e9diterran\u00e9e (Gaza) constitueraient un \u00c9tat palestinien-arabe \u00e0 part enti\u00e8re.<\/p>\n\n<figure class=\"wp-block-image size-full\"><img loading=\"lazy\" decoding=\"async\" width=\"640\" height=\"480\" src=\"https:\/\/fokusisrael.ch\/wp-content\/uploads\/2025\/03\/isreal-karte.jpg\" alt=\"Carte d'Isra&#xEB;l\" class=\"wp-image-852\" srcset=\"https:\/\/fokusisrael.ch\/wp-content\/uploads\/2025\/03\/isreal-karte.jpg 640w, https:\/\/fokusisrael.ch\/wp-content\/uploads\/2025\/03\/isreal-karte-300x225.jpg 300w\" sizes=\"auto, (max-width: 640px) 100vw, 640px\" \/><figcaption class=\"wp-element-caption\"> <span class=\"image-meta\">&copy; ZDF Dossier<\/span><\/figure><\/figcaption>\n\n<p>Apr\u00e8s la fin de la guerre men\u00e9e par l&rsquo;\u00c9gypte, la Jordanie, la Syrie, l&rsquo;Irak et le Liban en 1948-1949 pour d\u00e9truire l&rsquo;\u00c9tat d&rsquo;Isra\u00ebl nouvellement cr\u00e9\u00e9, la Cisjordanie a \u00e9t\u00e9 contr\u00f4l\u00e9e par la Jordanie et la bande de Gaza par l&rsquo;\u00c9gypte. Lors de la guerre des Six Jours de 1967, les deux territoires ont \u00e9t\u00e9 conquis par Isra\u00ebl. Toutes les initiatives de paix lanc\u00e9es depuis lors en vue de cr\u00e9er un \u00c9tat palestinien distinct ont \u00e9t\u00e9 rejet\u00e9es par les dirigeants palestiniens. En Cisjordanie, le contr\u00f4le civil est aujourd&rsquo;hui exerc\u00e9 par l&rsquo;Organisation de lib\u00e9ration de la Palestine (OLP), tandis que dans la bande de Gaza, il est exerc\u00e9 depuis 2007 <a href=\"\/palaestinensische-und-islamistische-terrororganisationen\/hamas-und-ihre-ziele\/\">par l&rsquo;organisation terroriste islamiste Hamas<\/a>.   <\/p>\n\n<p>Lecture recommand\u00e9e par la r\u00e9daction &#8211; <a href=\"https:\/\/www.zdf.de\/nachrichten\/politik\/palaestinenser-gaza-westjordanland-nahost-100.html\" target=\"_blank\" rel=\"noreferrer noopener\">Le dossier ZDF<\/a><\/p>\n","protected":false},"excerpt":{"rendered":"<p>Le plan de partage de l&rsquo;ONU de 1947 pr\u00e9voyait qu&rsquo;un territoire situ\u00e9 \u00e0 l&rsquo;ouest du fleuve Jourdain (Cisjordanie \/ Westbank) et une bande de terre bordant la M\u00e9diterran\u00e9e (Gaza) constitueraient un \u00c9tat palestinien-arabe \u00e0 part enti\u00e8re. Apr\u00e8s la fin de la guerre men\u00e9e par l&rsquo;\u00c9gypte, la Jordanie, la Syrie, l&rsquo;Irak et le Liban en 1948-1949 [&hellip;]<\/p>\n","protected":false},"author":2,"featured_media":2487,"parent":2769,"menu_order":0,"comment_status":"closed","ping_status":"closed","template":"","meta":{"_hide_socialbar":"","footnotes":""},"categories":[],"tags":[403,383,379,382],"class_list":["post-2727","page","type-page","status-publish","has-post-thumbnail","hentry","tag-cisjordanie-fr","tag-cisjordanie","tag-gaza-fr","tag-palestiniens"],"aioseo_notices":[],"_links":{"self":[{"href":"https:\/\/fokusisrael.ch\/fr\/wp-json\/wp\/v2\/pages\/2727","targetHints":{"allow":["GET"]}}],"collection":[{"href":"https:\/\/fokusisrael.ch\/fr\/wp-json\/wp\/v2\/pages"}],"about":[{"href":"https:\/\/fokusisrael.ch\/fr\/wp-json\/wp\/v2\/types\/page"}],"author":[{"embeddable":true,"href":"https:\/\/fokusisrael.ch\/fr\/wp-json\/wp\/v2\/users\/2"}],"replies":[{"embeddable":true,"href":"https:\/\/fokusisrael.ch\/fr\/wp-json\/wp\/v2\/comments?post=2727"}],"version-history":[{"count":3,"href":"https:\/\/fokusisrael.ch\/fr\/wp-json\/wp\/v2\/pages\/2727\/revisions"}],"predecessor-version":[{"id":5276,"href":"https:\/\/fokusisrael.ch\/fr\/wp-json\/wp\/v2\/pages\/2727\/revisions\/5276"}],"up":[{"embeddable":true,"href":"https:\/\/fokusisrael.ch\/fr\/wp-json\/wp\/v2\/pages\/2769"}],"wp:featuredmedia":[{"embeddable":true,"href":"https:\/\/fokusisrael.ch\/fr\/wp-json\/wp\/v2\/media\/2487"}],"wp:attachment":[{"href":"https:\/\/fokusisrael.ch\/fr\/wp-json\/wp\/v2\/media?parent=2727"}],"wp:term":[{"taxonomy":"category","embeddable":true,"href":"https:\/\/fokusisrael.ch\/fr\/wp-json\/wp\/v2\/categories?post=2727"},{"taxonomy":"post_tag","embeddable":true,"href":"https:\/\/fokusisrael.ch\/fr\/wp-json\/wp\/v2\/tags?post=2727"}],"curies":[{"name":"wp","href":"https:\/\/api.w.org\/{rel}","templated":true}]}}