{"id":2724,"date":"2024-01-09T06:57:00","date_gmt":"2024-01-09T05:57:00","guid":{"rendered":"https:\/\/fokusisrael.ch\/qui-nous-sommes-et-ce-que-nous-voulons\/organisations-amies\/"},"modified":"2025-10-15T13:37:14","modified_gmt":"2025-10-15T11:37:14","slug":"organisations-amies","status":"publish","type":"page","link":"https:\/\/fokusisrael.ch\/fr\/qui-nous-sommes-et-ce-que-nous-voulons\/organisations-amies\/","title":{"rendered":"Organisations amies"},"content":{"rendered":"\n<p>FokusIsrael.ch travaille en collaboration avec diff\u00e9rentes organisations. Entre autres avec l&rsquo;Israelitische Cultusgemeinde Z\u00fcrich (ICZ) et la F\u00e9d\u00e9ration suisse des communaut\u00e9s isra\u00e9lites (FSCI). D&rsquo;autres organisations amies sont list\u00e9es ci-dessous.    <\/p>\n\n<h2 class=\"wp-block-heading\">Organisations en Suisse et \u00e0 l&rsquo;\u00e9tranger<\/h2>\n\n<p>Depuis 1957, des Suisses s&rsquo;engagent au sein de <a href=\"https:\/\/www.schweiz-israel.ch\/\" target=\"_blank\" rel=\"noreferrer noopener\">l&rsquo;Association Suisse-Isra\u00ebl (ASI)<\/a> pour de bonnes relations bilat\u00e9rales, pour le dialogue, le respect, la compr\u00e9hension et l&rsquo;amiti\u00e9 entre les deux pays.<\/p>\n\n<p><a href=\"https:\/\/www.swissisrael.ch\/\" target=\"_blank\" rel=\"noreferrer noopener\">La Chambre de commerce Suisse-Isra\u00ebl<\/a> est une organisation professionnelle qui s&rsquo;engage \u00e0 promouvoir des relations commerciales fortes et dynamiques entre la Suisse et Isra\u00ebl. <br \/><br \/>Au niveau parlementaire, le groupe parlementaire d&rsquo;amiti\u00e9 Suisse-Isra\u00ebl s&rsquo;engage pour les relations entre les deux pays.<br \/><br \/>La <a href=\"https:\/\/www.gra.ch\/\" target=\"_blank\" rel=\"noreferrer noopener\">GRA Fondation contre le racisme et l&rsquo;antis\u00e9mitisme<\/a> s&rsquo;engage pour les droits de l&rsquo;homme et le maintien de la d\u00e9mocratie \u00e0 la suisse.<\/p>\n\n<p>Fond\u00e9e en 2020, <a href=\"https:\/\/foantisemitism.org\/de\/ueber-uns\/\" target=\"_blank\" rel=\"noreferrer noopener\">Fighting Online Antisemitism <\/a>(FOA) est une ONG bas\u00e9e en Isra\u00ebl et reconnue pour son engagement dans la lutte contre l&rsquo;antis\u00e9mitisme en ligne.  <\/p>\n","protected":false},"excerpt":{"rendered":"<p>FokusIsrael.ch travaille en collaboration avec diff\u00e9rentes organisations. Entre autres avec l&rsquo;Israelitische Cultusgemeinde Z\u00fcrich (ICZ) et la F\u00e9d\u00e9ration suisse des communaut\u00e9s isra\u00e9lites (FSCI). D&rsquo;autres organisations amies sont list\u00e9es ci-dessous. Organisations en Suisse et \u00e0 l&rsquo;\u00e9tranger Depuis 1957, des Suisses s&rsquo;engagent au sein de l&rsquo;Association Suisse-Isra\u00ebl (ASI) pour de bonnes relations bilat\u00e9rales, pour le dialogue, le respect, [&hellip;]<\/p>\n","protected":false},"author":2,"featured_media":2461,"parent":2679,"menu_order":0,"comment_status":"closed","ping_status":"closed","template":"","meta":{"_hide_socialbar":"","footnotes":""},"categories":[],"tags":[402,401],"class_list":["post-2724","page","type-page","status-publish","has-post-thumbnail","hentry","tag-icz-fr","tag-sig-fr"],"aioseo_notices":[],"_links":{"self":[{"href":"https:\/\/fokusisrael.ch\/fr\/wp-json\/wp\/v2\/pages\/2724","targetHints":{"allow":["GET"]}}],"collection":[{"href":"https:\/\/fokusisrael.ch\/fr\/wp-json\/wp\/v2\/pages"}],"about":[{"href":"https:\/\/fokusisrael.ch\/fr\/wp-json\/wp\/v2\/types\/page"}],"author":[{"embeddable":true,"href":"https:\/\/fokusisrael.ch\/fr\/wp-json\/wp\/v2\/users\/2"}],"replies":[{"embeddable":true,"href":"https:\/\/fokusisrael.ch\/fr\/wp-json\/wp\/v2\/comments?post=2724"}],"version-history":[{"count":3,"href":"https:\/\/fokusisrael.ch\/fr\/wp-json\/wp\/v2\/pages\/2724\/revisions"}],"predecessor-version":[{"id":5275,"href":"https:\/\/fokusisrael.ch\/fr\/wp-json\/wp\/v2\/pages\/2724\/revisions\/5275"}],"up":[{"embeddable":true,"href":"https:\/\/fokusisrael.ch\/fr\/wp-json\/wp\/v2\/pages\/2679"}],"wp:featuredmedia":[{"embeddable":true,"href":"https:\/\/fokusisrael.ch\/fr\/wp-json\/wp\/v2\/media\/2461"}],"wp:attachment":[{"href":"https:\/\/fokusisrael.ch\/fr\/wp-json\/wp\/v2\/media?parent=2724"}],"wp:term":[{"taxonomy":"category","embeddable":true,"href":"https:\/\/fokusisrael.ch\/fr\/wp-json\/wp\/v2\/categories?post=2724"},{"taxonomy":"post_tag","embeddable":true,"href":"https:\/\/fokusisrael.ch\/fr\/wp-json\/wp\/v2\/tags?post=2724"}],"curies":[{"name":"wp","href":"https:\/\/api.w.org\/{rel}","templated":true}]}}