{"id":2721,"date":"2024-01-09T09:13:00","date_gmt":"2024-01-09T08:13:00","guid":{"rendered":"https:\/\/fokusisrael.ch\/la-haine-des-juifs-et-disrael-a-de-nouveau-le-vent-en-poupe\/die-sache-mit-den-juden-serie-ard-en-quatre-episodes\/"},"modified":"2025-10-15T13:37:52","modified_gmt":"2025-10-15T11:37:52","slug":"die-sache-mit-den-juden-serie-ard-en-quatre-episodes","status":"publish","type":"page","link":"https:\/\/fokusisrael.ch\/fr\/la-haine-des-juifs-et-disrael-a-de-nouveau-le-vent-en-poupe\/die-sache-mit-den-juden-serie-ard-en-quatre-episodes\/","title":{"rendered":"Die Sache mit den Juden | S\u00e9rie ARD en quatre \u00e9pisodes"},"content":{"rendered":"\n<figure class=\"wp-block-image size-full\"><a href=\"https:\/\/www.ardmediathek.de\/serie\/die-sache-mit-den-juden\/staffel-1\/Y3JpZDovL2JyLmRlL2Jyb2FkY2FzdFNlcmllcy84OTc2NTM0OC04MjVkLTRkMTgtYjE1YS00ZDRhODYwYmYzZGI\/1\"><img loading=\"lazy\" decoding=\"async\" width=\"1024\" height=\"600\" src=\"https:\/\/fokusisrael.ch\/wp-content\/uploads\/2025\/03\/die-Sache-mit-den-Juden.jpg\" alt=\"Capture d'&#xE9;cran de la s&#xE9;rie\" class=\"wp-image-782\" srcset=\"https:\/\/fokusisrael.ch\/wp-content\/uploads\/2025\/03\/die-Sache-mit-den-Juden.jpg 1024w, https:\/\/fokusisrael.ch\/wp-content\/uploads\/2025\/03\/die-Sache-mit-den-Juden-300x176.jpg 300w, https:\/\/fokusisrael.ch\/wp-content\/uploads\/2025\/03\/die-Sache-mit-den-Juden-768x450.jpg 768w\" sizes=\"auto, (max-width: 1024px) 100vw, 1024px\" \/><\/a><\/figure>\n\n<p>Les juifs sont attaqu\u00e9s de toutes parts. Mais pourquoi ? Pourquoi aujourd&rsquo;hui ? Quelles sont les diff\u00e9rentes formes du ressentiment antijuif ? Cette s\u00e9rie explique les m\u00e9canismes volontaires et involontaires de ce pr\u00e9jug\u00e9.    <\/p>\n\n<p><a href=\"https:\/\/www.ardmediathek.de\/serie\/die-sache-mit-den-juden\/staffel-1\/Y3JpZDovL2JyLmRlL2Jyb2FkY2FzdFNlcmllcy84OTc2NTM0OC04MjVkLTRkMTgtYjE1YS00ZDRhODYwYmYzZGI\/1\" target=\"_blank\" rel=\"noopener\" title=\"\">Voir la vid\u00e9o<\/a><\/p>\n\n<p>S\u00e9rie documentaire en quatre \u00e9pisodes, \u00a9 ARD\/BR.  <strong>Disponible jusqu&rsquo;au 12.11.2026<\/strong><\/p>\n","protected":false},"excerpt":{"rendered":"<p>Les juifs sont attaqu\u00e9s de toutes parts. Mais pourquoi ? Pourquoi aujourd&rsquo;hui ? Quelles sont les diff\u00e9rentes formes du ressentiment antijuif ? Cette s\u00e9rie explique les m\u00e9canismes volontaires et involontaires de ce pr\u00e9jug\u00e9. Voir la vid\u00e9o S\u00e9rie documentaire en quatre \u00e9pisodes, \u00a9 ARD\/BR. Disponible jusqu&rsquo;au 12.11.2026<\/p>\n","protected":false},"author":2,"featured_media":2362,"parent":2709,"menu_order":0,"comment_status":"closed","ping_status":"closed","template":"","meta":{"_hide_socialbar":"","footnotes":""},"categories":[],"tags":[395],"class_list":["post-2721","page","type-page","status-publish","has-post-thumbnail","hentry","tag-antisemitisme"],"aioseo_notices":[],"_links":{"self":[{"href":"https:\/\/fokusisrael.ch\/fr\/wp-json\/wp\/v2\/pages\/2721","targetHints":{"allow":["GET"]}}],"collection":[{"href":"https:\/\/fokusisrael.ch\/fr\/wp-json\/wp\/v2\/pages"}],"about":[{"href":"https:\/\/fokusisrael.ch\/fr\/wp-json\/wp\/v2\/types\/page"}],"author":[{"embeddable":true,"href":"https:\/\/fokusisrael.ch\/fr\/wp-json\/wp\/v2\/users\/2"}],"replies":[{"embeddable":true,"href":"https:\/\/fokusisrael.ch\/fr\/wp-json\/wp\/v2\/comments?post=2721"}],"version-history":[{"count":3,"href":"https:\/\/fokusisrael.ch\/fr\/wp-json\/wp\/v2\/pages\/2721\/revisions"}],"predecessor-version":[{"id":5274,"href":"https:\/\/fokusisrael.ch\/fr\/wp-json\/wp\/v2\/pages\/2721\/revisions\/5274"}],"up":[{"embeddable":true,"href":"https:\/\/fokusisrael.ch\/fr\/wp-json\/wp\/v2\/pages\/2709"}],"wp:featuredmedia":[{"embeddable":true,"href":"https:\/\/fokusisrael.ch\/fr\/wp-json\/wp\/v2\/media\/2362"}],"wp:attachment":[{"href":"https:\/\/fokusisrael.ch\/fr\/wp-json\/wp\/v2\/media?parent=2721"}],"wp:term":[{"taxonomy":"category","embeddable":true,"href":"https:\/\/fokusisrael.ch\/fr\/wp-json\/wp\/v2\/categories?post=2721"},{"taxonomy":"post_tag","embeddable":true,"href":"https:\/\/fokusisrael.ch\/fr\/wp-json\/wp\/v2\/tags?post=2721"}],"curies":[{"name":"wp","href":"https:\/\/api.w.org\/{rel}","templated":true}]}}