{"id":2718,"date":"2023-12-06T20:46:00","date_gmt":"2023-12-06T19:46:00","guid":{"rendered":"https:\/\/fokusisrael.ch\/lorganisation-terroriste-hamas-et-ses-objectifs\/"},"modified":"2025-10-15T13:37:32","modified_gmt":"2025-10-15T11:37:32","slug":"lorganisation-terroriste-hamas-et-ses-objectifs","status":"publish","type":"page","link":"https:\/\/fokusisrael.ch\/fr\/organisations-terroristes-palestiniennes-et-islamistes\/lorganisation-terroriste-hamas-et-ses-objectifs\/","title":{"rendered":"L&rsquo;organisation terroriste Hamas et ses objectifs"},"content":{"rendered":"\n<p>Le 7 octobre 2023, l&rsquo;organisation terroriste islamiste palestinienne Hamas a massacr\u00e9 plus de 1 300 personnes dans le sud d&rsquo;Isra\u00ebl et a emmen\u00e9 plus de 200 otages \u00e0 Gaza. Des femmes, des hommes, des personnes \u00e2g\u00e9es, des enfants et m\u00eame des b\u00e9b\u00e9s ont \u00e9t\u00e9 assassin\u00e9s, viol\u00e9s, mutil\u00e9s, d\u00e9capit\u00e9s et incendi\u00e9s de la mani\u00e8re la plus cruelle qui soit. Quelques jours plus tard seulement, un responsable du Hamas, Ghazi Hamad, a annonc\u00e9 : <a href=\"https:\/\/www.timesofisrael.com\/liveblog_entry\/hamas-official-says-group-will-repeat-oct-7-attack-twice-and-three-times-to-destroy-israel\/\" target=\"_blank\" rel=\"noreferrer noopener\">\u00ab\u00a0Ce n&rsquo;\u00e9tait que la premi\u00e8re fois, il y en aura une deuxi\u00e8me, une troisi\u00e8me et une quatri\u00e8me\u00a0\u00bb.<\/a> Le Hamas a inscrit dans sa charte la destruction de l&rsquo;\u00c9tat d&rsquo;Isra\u00ebl et l&rsquo;extermination des Juifs. Il est principalement financ\u00e9 par l&rsquo;Iran et jouit d&rsquo;un soutien important parmi les Palestiniens. Depuis le massacre du 7 octobre, le Conseil f\u00e9d\u00e9ral suisse souhaite \u00e9galement faire interdire le Hamas par la loi. La plupart des pays occidentaux ont class\u00e9 le Hamas comme organisation terroriste et l&rsquo;ont interdit depuis des ann\u00e9es.     <\/p>\n\n<figure class=\"wp-block-image size-full\"><img loading=\"lazy\" decoding=\"async\" width=\"1024\" height=\"600\" src=\"https:\/\/fokusisrael.ch\/wp-content\/uploads\/2025\/03\/Hamas-1024x600-1.jpg\" alt=\"Combattant du Hamas avec une mitraillette\" class=\"wp-image-354\" srcset=\"https:\/\/fokusisrael.ch\/wp-content\/uploads\/2025\/03\/Hamas-1024x600-1.jpg 1024w, https:\/\/fokusisrael.ch\/wp-content\/uploads\/2025\/03\/Hamas-1024x600-1-300x176.jpg 300w, https:\/\/fokusisrael.ch\/wp-content\/uploads\/2025\/03\/Hamas-1024x600-1-768x450.jpg 768w\" sizes=\"auto, (max-width: 1024px) 100vw, 1024px\" \/><figcaption class=\"wp-element-caption\"> <span class=\"image-meta\">&copy; SOPA Images Limited  Alamy Stock Foto<\/span><\/figure><\/figcaption>\n\n<h2 class=\"wp-block-heading\"><strong>Le Hamas et Isra\u00ebl<\/strong><\/h2>\n\n<p>Fond\u00e9 en 1987, le Hamas est une organisation terroriste islamique radicale qui poursuit une id\u00e9ologie anti-d\u00e9mocratique, anti-humaine et profond\u00e9ment antis\u00e9mite. Son objectif : la destruction d&rsquo;Isra\u00ebl par la \u00ab\u00a0guerre sainte islamique\u00a0\u00bb, le djihad. Dans sa charte, le Hamas appelle \u00e0 la mort de tous les Juifs et propage le mensonge du complot juif mondial.  <\/p>\n\n<p>Le Hamas se qualifie lui-m\u00eame d&rsquo;organisation de lib\u00e9ration, mais subordonne tout \u00e0 son objectif destructeur, y compris la vie de sa propre population. Ainsi, \u00e0 Gaza, il les utilise comme <a href=\"https:\/\/www.fokus-jerusalem.tv\/2024\/01\/03\/terroristen-bestaetigen-im-verhoer-die-hamas-benutzt-zivilisten-als-menschliche-schutzschilder\/\">boucliers<\/a> humains. Le Hamas dispose d&rsquo;une branche paramilitaire, les <a href=\"https:\/\/de.wikipedia.org\/wiki\/Qassam-Brigaden\">Brigades Qassam<\/a>, et applique rigoureusement son id\u00e9ologie \u00e0 Gaza depuis sa prise de pouvoir en 2007.  <\/p>\n\n<p>Il n&rsquo;y a pas de diversit\u00e9 \u00e0 Gaza. <a href=\"https:\/\/www.cia.gov\/the-world-factbook\/countries\/gaza-strip\/\">99 pour cent sont musulmans<\/a>. Parmi les 1 % restants, il n&rsquo;y a pas de juifs. <a href=\"https:\/\/jij.org\/wp-content\/uploads\/2017\/04\/Discrimination-against-Women-Palestinian-Authority-and-Hamas.pdf\">Les femmes<\/a> sont juridiquement et socialement inf\u00e9rieures aux hommes et sont soumises \u00e0 un <a href=\"https:\/\/www.idf.il\/en\/mini-sites\/the-hamas-terrorist-organization\/the-status-of-women-in-gaza\/\">code de la mode<\/a>. Il n&rsquo;y a pas de droits pour <a href=\"https:\/\/williamsinstitute.law.ucla.edu\/publications\/global-acceptance-index-lgbt\/\">les homosexuels<\/a>.  <\/p>\n\n<p>Sur le plan int\u00e9rieur, le Hamas tente d&rsquo;\u00e9tablir un contrepoids au <a href=\"https:\/\/de.wikipedia.org\/wiki\/Fatah\">Fatah<\/a> ou au Front de lib\u00e9ration de la Palestine, l&rsquo;<a href=\"https:\/\/de.wikipedia.org\/wiki\/Pal%C3%A4stinensische_Befreiungsorganisation\">OLP<\/a>, qui gouverne la Cisjordanie.<\/p>\n\n<p>Le Hamas n&rsquo;est pas exclusivement r\u00e9gional, mais <a href=\"https:\/\/www.memri.org\/reports\/global-ideology-hamas-islam-will-rule-world-annihilate-us-conquer-europe-%E2%80%93-memri-video\">fait partie du djihad mondial<\/a>, c&rsquo;est-\u00e0-dire de la \u00ab\u00a0guerre sainte\u00a0\u00bb contre les infid\u00e8les. Il est largement financ\u00e9 par des sources ext\u00e9rieures, principalement par l&rsquo;Iran. <\/p>\n\n<h2 class=\"wp-block-heading\"><strong>Le Hamas et la Suisse<\/strong><\/h2>\n\n<p>Le Hamas est consid\u00e9r\u00e9 depuis des ann\u00e9es comme une organisation terroriste par la plupart des pays occidentaux et est donc interdit, mais pas en Suisse. Suite au pogrom du 7 octobre 2023, le Conseil f\u00e9d\u00e9ral suisse a finalement d\u00e9cid\u00e9 le 22 novembre 2023 d&rsquo;<a href=\"https:\/\/www.admin.ch\/gov\/de\/start\/dokumentation\/medienmitteilungen.msg-id-98855.html\">interdire le Hamas par le biais d&rsquo;une loi f\u00e9d\u00e9rale<\/a>. <\/p>\n\n<p>Auparavant, le Parlement f\u00e9d\u00e9ral avait d\u00e9battu \u00e0 plusieurs reprises d&rsquo;interventions similaires, qui ont toujours \u00e9t\u00e9 rejet\u00e9es. La derni\u00e8re <a href=\"https:\/\/www.parlament.ch\/de\/ratsbetrieb\/amtliches-bulletin\/amtliches-bulletin-die-verhandlungen?SubjectId=57541\">initiative parlementaire a \u00e9t\u00e9 d\u00e9pos\u00e9e par Lukas Reimann<\/a>, UDC, en juin 2022, et la conseill\u00e8re aux Etats Marianne Binder-Keller, du centre, a \u00e9galement plaid\u00e9 pour une interdiction du Hamas dans son <a href=\"https:\/\/www.parlament.ch\/de\/ratsbetrieb\/suche-curia-vista\/geschaeft?AffairId=20213632\">interpellation de juin 2021<\/a>. L&rsquo;UDC a vot\u00e9 en premier lieu en faveur de ces demandes. Le Conseil f\u00e9d\u00e9ral et la plupart des autres groupes politiques se sont prononc\u00e9s contre.    <\/p>\n\n<p><strong>Courtis\u00e9 par la Suisse pendant des ann\u00e9es<\/strong><\/p>\n\n<p>Le DFAE a mis\u00e9 sur le contact avec le Hamas, en particulier <strong>\u00e0 l&rsquo;\u00e9poque de la ministre des Affaires \u00e9trang\u00e8res Micheline Calmy-Rey<\/strong>. Ce sont surtout l&rsquo;ancien conseiller national des Verts, Geri M\u00fcller, et le diplomate du PS, Jean-Daniel Ruch, qui ont fait les gros titres : <\/p>\n\n<ul class=\"wp-block-list\">\n<li>En 2012, Geri M\u00fcller fait visiter le Palais f\u00e9d\u00e9ral \u00e0 des responsables du Hamas. Sans surprise, il s&rsquo;<a href=\"https:\/\/www.aargauerzeitung.ch\/aargau\/kanton-aargau\/kontroverse-geri-mueller-der-mann-der-die-hamas-ins-bundeshaus-brachte-wie-sieht-er-situation-heute-ld.2525837?reduced=true\">oppose aujourd&rsquo;hui encore \u00e0 l&rsquo;interdiction du Hamas<\/a>. <a href=\"https:\/\/www.tagesanzeiger.ch\/der-neue-nahostkrieg-und-die-schweiz-der-bund-soll-alle-kontakte-zur-hamas-abbrechen-304134171993\">Il affirme qu&rsquo;Isra\u00ebl est un Etat d&rsquo;apartheid et relativise la terreur du 7 octobre.<\/a> L&rsquo;<a href=\"https:\/\/www.palaestina.ch\/de\/\">association \u00ab\u00a0Suisse-Palestine\u00a0\u00bb<\/a>, qu&rsquo;il pr\u00e9side, relativise bien entendu \u00e9galement le pogrom. <\/li>\n\n\n\n<li>En 2012, Jean-Daniel Ruch, alors ambassadeur de Suisse en Isra\u00ebl, rencontre le chef du Hamas de l&rsquo;\u00e9poque, Khalid Mashal, au Caire. Dans la Weltwoche du 12.10.2023, le conseiller national Alfred Heer qualifie Jean-Daniel Ruch d'\u00a0\u00bbidiot utile pour le Hamas\u00a0\u00bb et \u00e9crit : \u00a0\u00bb <strong>Le DFAE a largement contribu\u00e9 \u00e0 rendre le Hamas pr\u00e9sentable. Que peut faire le DFAE aujourd&rsquo;hui avec ses excellents contacts avec le Hamas ? Absolument rien\u00a0\u00bb.  <\/strong><\/li>\n\n\n\n<li>En 2017, un envoy\u00e9 sp\u00e9cial de la Suisse pour le processus de paix rencontre Jahia Sinwar. Le chef du Hamas est consid\u00e9r\u00e9 comme le ma\u00eetre d&rsquo;\u0153uvre du massacre du 7 octobre. <br \/><\/li>\n<\/ul>\n\n<p>A lire : NZZ du 14.10.2023, \u00ab\u00a0<a href=\"https:\/\/www.nzz.ch\/schweiz\/wandel-durch-verhandeln-mit-terroristen-lebt-die-calmy-rey-doktrin-im-neuen-staatssekretariat-fuer-sicherheitspolitik-weiter-ld.1760752?reduced=true\">Mit der Hamas sprechen : La vision de Micheline Calmy-Rey est morte<\/a>\u00ab\u00a0. La NZZ conclut : \u00ab\u00a0Il [Jean-Daniel Ruch] a tent\u00e9 \u00e0 maintes reprises \u00e0 l&rsquo;\u00e9poque de maintenir en vie la soi-disant Initiative de Gen\u00e8ve. Il s&rsquo;agit d&rsquo;une vision d&rsquo;une solution pacifique \u00e0 deux Etats promue par Calmy-Rey &#8211; mais qui n&rsquo;a jamais \u00e9t\u00e9 capable de r\u00e9unir une majorit\u00e9 ni en Isra\u00ebl ni en Palestine.  <\/p>\n\n<p>La Suisse a soutenu l&rsquo;id\u00e9e \u00e0 hauteur de 18 millions de francs au cours des 20 derni\u00e8res ann\u00e9es. Fin 2023, elle se retirera totalement de l&rsquo;Initiative de Gen\u00e8ve. Au vu des derniers \u00e9v\u00e9nements, le bilan est plus que d\u00e9cevant. A la fin de son mandat, Mme Calmy-Rey a appel\u00e9 le Hamas \u00e0 participer de mani\u00e8re constructive \u00e0 une solution de paix, il fallait \u00ab\u00a0penser \u00e0 l&rsquo;impensable\u00a0\u00bb. C&rsquo;est effectivement ce qu&rsquo;ont fait les terroristes &#8211; mais loin de la table des n\u00e9gociations et de mani\u00e8re incroyablement brutale\u00a0\u00bb.    <\/p>\n\n<h2 class=\"wp-block-heading\"><strong>Le Hamas et les Palestiniens<\/strong><\/h2>\n\n<p>Une partie consid\u00e9rable des Palestiniens voit le Hamas d&rsquo;un bon \u0153il. Et : pour eux, il n&rsquo;y a qu&rsquo;une seule Palestine, et c&rsquo;est \u00ab\u00a0From the river to the sea\u00a0\u00bb. <\/p>\n\n<p>Un mois avant le massacre du 7 octobre, le Palestinian Center for Policy and Survey Research (PCPSR), bas\u00e9 \u00e0 Ramallah, a publi\u00e9 les r\u00e9sultats d&rsquo;un <a href=\"https:\/\/www.pcpsr.org\/sites\/default\/files\/Poll%2089%20English%20Full%20Text%20September%202023.pdf\">sondage r\u00e9alis\u00e9 du 6 au 9 septembre 2023<\/a>. Selon l&rsquo;\u00e9tude, 44 pour cent \u00e0 Gaza et 25 pour cent en Cisjordanie soutiennent le Hamas. Cela montre que, m\u00eame si le Hamas ne repr\u00e9sente pas l&rsquo;ensemble de la population palestinienne, une grande partie d&rsquo;entre eux le soutiennent.  <\/p>\n\n<p>Une <a href=\"https:\/\/www.pcpsr.org\/sites\/default\/files\/Poll%2090%20English%20press%20release%2013%20Dec%202023%20Final%20New.pdf\">\u00e9tude du PCPSR r\u00e9alis\u00e9e environ un mois et demi apr\u00e8s le massacre par le Hamas de quelque 1300 civils isra\u00e9liens et \u00e9trangers ,<\/a> enqu\u00eate men\u00e9e du 22 novembre au 2 d\u00e9cembre 2023, a donn\u00e9 les r\u00e9sultats suivants :<\/p>\n\n<ul class=\"wp-block-list\">\n<li>Interrog\u00e9s sur une solution \u00e0 deux \u00c9tats, 77% (Cisjordanie) et 70,4% (Gaza) ont r\u00e9pondu qu&rsquo;il n&rsquo;y avait pour eux qu&rsquo;une Palestine \u00ab\u00a0de la rivi\u00e8re \u00e0 la mer\u00a0\u00bb.<\/li>\n\n\n\n<li>72% des Palestiniens interrog\u00e9s estiment que l&rsquo;action du Hamas est \u00ab\u00a0correcte\u00a0\u00bb.<\/li>\n\n\n\n<li>22% ont d\u00e9clar\u00e9 le contraire.<\/li>\n\n\n\n<li>De m\u00eame, 72% ont d\u00e9clar\u00e9 soutenir le Hamas, 52% dans la bande de Gaza et 85% en Cisjordanie.<\/li>\n\n\n\n<li>Alors que le soutien au Hamas a l\u00e9g\u00e8rement augment\u00e9 \u00e0 Gaza &#8211; mais il \u00e9tait d\u00e9j\u00e0 \u00e0 un niveau \u00e9lev\u00e9 avant le 7 octobre &#8211; il a plus que tripl\u00e9 en Cisjordanie.<\/li>\n<\/ul>\n\n<h2 class=\"wp-block-heading\"><strong>Charte du Hamas<\/strong><\/h2>\n\n<p><strong>Objectifs du Hamas<\/strong><\/p>\n\n<p>\u00ab\u00a0Le Mouvement de r\u00e9sistance islamique (&#8230;) s&rsquo;efforce de d\u00e9ployer la banni\u00e8re d&rsquo;Allah sur chaque centim\u00e8tre de la Palestine\u00a0\u00bb. (Article 6)<\/p>\n\n<p><strong>Destruction d&rsquo;Isra\u00ebl<\/strong><\/p>\n\n<p>\u00ab\u00a0Isra\u00ebl existe et continuera d&rsquo;exister jusqu&rsquo;\u00e0 ce que l&rsquo;Islam l&rsquo;ait an\u00e9anti, comme il a an\u00e9anti d&rsquo;autres pays auparavant\u00a0\u00bb. (Pr\u00e9ambule)<\/p>\n\n<p><strong>Les origines musulmanes de la r\u00e9gion<\/strong><\/p>\n\n<p>\u00ab\u00a0La Palestine est une terre islamique&#8230; C&rsquo;est pourquoi la lib\u00e9ration de la Palestine est le plus grand devoir personnel de tout musulman, o\u00f9 qu&rsquo;il se trouve\u00a0\u00bb. (Article 13)<\/p>\n\n<p><strong>Appel au djihad<\/strong><\/p>\n\n<p>\u00ab\u00a0Le djihad est le devoir personnel de chaque musulman\u00a0\u00bb. (Article 15)<\/p>\n\n<p><strong>Rejet des initiatives de paix<\/strong><\/p>\n\n<p>\u00ab\u00a0Les initiatives de paix et les soi-disant id\u00e9es de paix ou les conf\u00e9rences internationales sont contraires aux principes du Mouvement de la r\u00e9sistance islamique. Les conf\u00e9rences ne sont rien d&rsquo;autre qu&rsquo;un moyen de d\u00e9signer des infid\u00e8les comme arbitres dans les pays islamiques &#8230; Il n&rsquo;y a pas d&rsquo;autre solution au probl\u00e8me de la Palestine que le djihad. Les initiatives de paix sont une perte de temps, un effort inutile\u00a0\u00bb. (Article 13)<\/p>\n\n<p><strong>D\u00e9sapprobation du trait\u00e9 de paix isra\u00e9lo-\u00e9gyptien<\/strong><\/p>\n\n<p>\u00ab\u00a0L&rsquo;Egypte a \u00e9t\u00e9 d\u00e9tach\u00e9e de la lutte commune (contre le sionisme) par le tra\u00eetre accord de Camp David. Les sionistes tentent d&rsquo;entra\u00eener les autres \u00c9tats arabes dans des accords similaires&#8230; Se d\u00e9tourner de la lutte commune contre le sionisme est une trahison ; maudit est celui qui commet un tel acte\u00a0\u00bb. (Article 32)<\/p>\n\n<p><strong>Haine antis\u00e9mite<\/strong><\/p>\n\n<p>\u00ab\u00a0Le jugement dernier ne viendra pas tant que les musulmans ne combattront pas les juifs et ne les tueront pas. Mais alors, les Juifs se cacheront derri\u00e8re des pierres et des arbres, et les pierres et les arbres crieront : &lsquo;\u00d4 musulman, un Juif se cache derri\u00e8re moi, viens&rsquo; et tue-le\u00a0\u00bb. (Article 7)<\/p>\n\n<p>\u00ab\u00a0Les ennemis ont longtemps complot\u00e9 &#8230; et accumul\u00e9 d&rsquo;\u00e9normes richesses mat\u00e9rielles significatives. Avec leur richesse, ils ont pris le contr\u00f4le des m\u00e9dias dans le monde entier, &#8230; avec leur argent, ils ont dirig\u00e9 des r\u00e9volutions dans diff\u00e9rentes parties du monde &#8230; ils \u00e9taient derri\u00e8re la R\u00e9volution fran\u00e7aise, la R\u00e9volution russe et la plupart des autres r\u00e9volutions &#8230; avec leur argent, ils ont form\u00e9 des organisations secr\u00e8tes, telles que les francs-ma\u00e7ons, les Rotary Clubs et les Lions Clubs, qui se sont r\u00e9pandus dans le monde entier pour d\u00e9truire les syst\u00e8mes sociaux et servir les int\u00e9r\u00eats sionistes &#8230; ils \u00e9taient derri\u00e8re la Premi\u00e8re Guerre mondiale. Ils \u00e9taient derri\u00e8re la Seconde Guerre mondiale et ont form\u00e9 la Soci\u00e9t\u00e9 des Nations, avec laquelle ils ont gouvern\u00e9 le monde. Ils \u00e9taient derri\u00e8re la Seconde Guerre mondiale, qui leur a permis de r\u00e9aliser d&rsquo;\u00e9normes profits financiers &#8230; Ils sont les ma\u00eetres d&rsquo;\u0153uvre de toutes les guerres men\u00e9es quelque part dans le monde\u00a0\u00bb. (Article 22)<\/p>\n\n<p>\u00ab\u00a0Les intrigues sionistes n&rsquo;auront pas de fin&#8230; Leur programme est consign\u00e9 dans les \u00ab\u00a0Protocoles des Sages de Sion\u00a0\u00bb\u00a0\u00bb. (Article 2)<\/p>\n\n<p>\u00ab\u00a0Le Hamas se consid\u00e8re comme le fer de lance et l&rsquo;avant-garde de la lutte commune contre le sionisme mondial&#8230; Les groupes islamiques de l&rsquo;ensemble du monde arabe devraient faire de m\u00eame, car ils sont bien \u00e9quip\u00e9s pour leur future mission, la lutte contre les juifs bellicistes\u00a0\u00bb. (Article 32)<\/p>\n\n<p><a href=\"https:\/\/embassies.gov.il\/berlin\/AboutIsrael\/the-middle-east\/naherostendokumente\/Hamas_Profil.pdf\"><strong>Extraits <\/strong><\/a><strong>la charte des fondateurs de 1988<\/strong><\/p>\n\n<p><a href=\"https:\/\/www.bpb.de\/themen\/islamismus\/dossier-islamismus\/36358\/antisemitismus-und-antizionismus-in-der-ersten-und-zweiten-charta-der-hamas\/#node-content-title-10\" target=\"_blank\" rel=\"noreferrer noopener\">La deuxi\u00e8me charte de 2017<\/a><\/p>\n\n<p>La charte fondatrice de 1988 a \u00e9t\u00e9 critiqu\u00e9e pour son appel ouvert \u00e0 la destruction d&rsquo;Isra\u00ebl et au meurtre de Juifs. Afin d&rsquo;\u00eatre plus mod\u00e9r\u00e9, le Hamas a publi\u00e9 la charte de 2017, dont la signification n&rsquo;est pas claire par rapport \u00e0 la premi\u00e8re charte. Cette version doit-elle compl\u00e9ter ou remplacer la charte de 1988 ? Le Hamas ne s&rsquo;est en tout cas pas distanci\u00e9 du contenu de la charte fondatrice.    <\/p>\n\n<p>L&rsquo;analyse d&rsquo;<a href=\"https:\/\/de.wikipedia.org\/wiki\/Armin_Pfahl-Traughber\" target=\"_blank\" rel=\"noreferrer noopener\">Armin Pfahl-Traughber<\/a> pour le <a href=\"https:\/\/www.bpb.de\/themen\/islamismus\/dossier-islamismus\/36358\/antisemitismus-und-antizionismus-in-der-ersten-und-zweiten-charta-der-hamas\/\" target=\"_blank\" rel=\"noreferrer noopener\">Bundeszentrale f\u00fcr politische Bildung<\/a> montre clairement que la Charte de 2017 rejette l&rsquo;existence d&rsquo;Isra\u00ebl.<\/p>\n\n<p>\u00ab\u00a0Le projet sioniste est un projet raciste, agressif et s\u00e9paratiste&#8230; Et l&rsquo;\u00c9tat isra\u00e9lien est l&rsquo;outil de ce projet et son fondement\u00a0\u00bb (article 14), cite Armin Pfahl-Traughber dans la Charte 2017 et pr\u00e9cise : \u00ab\u00a0Cette d\u00e9claration concerne Isra\u00ebl, ind\u00e9pendamment de la question des fronti\u00e8res de 1967 ou des projets de colonisation. Il s&rsquo;agit d&rsquo;une <strong>d\u00e9l\u00e9gitimation fondamentale de l&rsquo;\u00c9tat<\/strong>. En cons\u00e9quence, la cr\u00e9ation d'\u00a0\u00bbIsra\u00ebl\u00a0\u00bb est consid\u00e9r\u00e9e comme ill\u00e9gale, ce que les guillemets d\u00e9lib\u00e9r\u00e9ment plac\u00e9s doivent \u00e9galement illustrer pour les lecteurs (cf. article 18).  <\/p>\n\n<p>Et vous pouvez lire :  <strong>\u00ab\u00a0Le Hamas rejette toute alternative \u00e0 une lib\u00e9ration compl\u00e8te et totale de la Palestine, du fleuve \u00e0 la mer\u00a0\u00bb (article 20). Il s&rsquo;agit d&rsquo;une d\u00e9claration claire qui s&rsquo;oppose \u00e0 l&rsquo;existence de l&rsquo;\u00c9tat isra\u00e9lien. <\/strong>  Il doit cesser d&rsquo;exister au profit d&rsquo;une Palestine souveraine, ce que l&rsquo;on peut difficilement imaginer sans une guerre d&rsquo;extermination. M\u00eame dans les manifestations en Europe, \u00ab\u00a0From the River to the Sea, Palestine will be free\u00a0\u00bb (ou sa forme abr\u00e9g\u00e9e : \u00ab\u00a0From the River to the Sea\u00a0\u00bb) est un slogan fr\u00e9quemment cri\u00e9 et affich\u00e9. <\/p>\n\n<p>Il poursuit en \u00e9crivant : \u00ab\u00a0Ainsi, il y a aussi des explications sur le \u00ab\u00a0syst\u00e8me politique palestinien\u00a0\u00bb qui doit \u00eatre fond\u00e9 sur \u00ab\u00a0le pluralisme, la d\u00e9mocratie, le partenariat national, l&rsquo;acceptation de l&rsquo;autre et la volont\u00e9 de dialogue\u00a0\u00bb (article 28). L&rsquo;objectif est d&rsquo;orienter les institutions palestiniennes selon des \u00ab\u00a0principes d\u00e9mocratiques\u00a0\u00bb, notamment des \u00ab\u00a0\u00e9lections libres et \u00e9quitables\u00a0\u00bb (article 20). On peut toutefois se demander pourquoi le Hamas n&rsquo;organise pas d&rsquo;\u00e9lections depuis des ann\u00e9es. On peut \u00e9galement se demander pourquoi le Hamas n&rsquo;autorise pas le pluralisme \u00e0 Gaza. L&rsquo;orientation de la nouvelle charte montre qu&rsquo;il s&rsquo;agit d&rsquo;une reconnaissance politique et d&rsquo;un impact public. La mod\u00e9ration formelle du texte avait donc un objectif clair : il ne s&rsquo;agissait pas d&rsquo;un changement id\u00e9ologique, mais d&rsquo;une tromperie strat\u00e9gique. Les massacres du Hamas en octobre 2023 au plus tard l&rsquo;ont illustr\u00e9 aux yeux du monde entier\u00a0\u00bb.      <\/p>\n\n<h2 class=\"wp-block-heading\"><strong>Financement<\/strong><\/h2>\n\n<p>Depuis que le Hamas r\u00e8gne sans partage sur Gaza depuis 2007, l&rsquo;argent \u00e9chappe \u00e0 la population. Les salaires de l&rsquo;administration sont pay\u00e9s par l&rsquo;\u00e9mirat du Qatar, les h\u00f4pitaux sont financ\u00e9s par des organisations humanitaires internationales comme le Croissant-Rouge. Les \u00e9coles et certaines cliniques sont pay\u00e9es par l&rsquo;UNRWA. Dans les \u00e9coles, on inculque aux enfants la haine d&rsquo;Isra\u00ebl et des Juifs d\u00e8s leur plus jeune \u00e2ge. ((LINK UNRWA interne))    <\/p>\n\n<p>L&rsquo;Iran, \u00e0 lui seul, aurait donn\u00e9 <a href=\"https:\/\/twitter.com\/MEMRIReports\/status\/1719778580551336359\">des milliards de dollars<\/a> au Hamas. Le Hamas a utilis\u00e9 ces fonds pour construire et d\u00e9velopper son <a href=\"https:\/\/www.idf.il\/en\/mini-sites\/the-hamas-terrorist-organization\/everything-you-need-to-know-about-hamas-underground-city-of-terror\/\">syst\u00e8me de tunnels<\/a> et <a href=\"https:\/\/www.idf.il\/en\/mini-sites\/the-hamas-terrorist-organization\/#arsenal\">son arsenal<\/a>. <\/p>\n\n<p>On estime qu&rsquo;avant 2023, les organisations terroristes de la bande de Gaza disposaient d&rsquo;un arsenal de plus de 10 000 roquettes. Si la plupart de ces roquettes sont consid\u00e9r\u00e9es comme des missiles \u00e0 courte port\u00e9e, d&rsquo;une port\u00e9e maximale de 20 kilom\u00e8tres, le Hamas dispose \u00e9galement de centaines voire de milliers de missiles \u00e0 moyenne port\u00e9e visant le centre d&rsquo;Isra\u00ebl. Outre son arsenal de roquettes, il peut \u00e9galement compter sur un large \u00e9ventail d&rsquo;autres armes, telles que des fusils d&rsquo;assaut, des armes de poing, des engins explosifs, des bazookas, des grenades, des mines, des drones, des missiles antichars et bien plus encore. Des drones d&rsquo;observation et d&rsquo;attaque font \u00e9galement partie de l&rsquo;arsenal.   <\/p>\n\n<h2 class=\"wp-block-heading\"><strong>Histoire<\/strong><\/h2>\n\n<p>L&rsquo;id\u00e9ologie du Hamas prend ses racines dans celle des <a href=\"https:\/\/www.nzz.ch\/feuilleton\/hamas-ist-von-hitler-inspiriert-ld.1761991?reduced=true\">Fr\u00e8res musulmans, fond\u00e9e en 1928 en \u00c9gypte , qui partage la haine des juifs et les fantasmes d&rsquo;extermination des nazis.<\/a><\/p>\n\n<p>En 1987, apr\u00e8s le d\u00e9clenchement de la premi\u00e8re Intifada, le Hamas est cr\u00e9\u00e9 dans la ville de Gaza. En 2006 &#8211; un an apr\u00e8s le retrait complet d&rsquo;Isra\u00ebl de Gaza &#8211; il remporte les \u00e9lections l\u00e9gislatives dans les territoires autonomes palestiniens. Des tensions apparaissent avec l&rsquo;Autorit\u00e9 palestinienne.  <\/p>\n\n<p>En 2007, le Hamas prend le contr\u00f4le de Gaza par la force. Il rompt avec l&rsquo;Autorit\u00e9 palestinienne. 600 Palestiniens sont tu\u00e9s dans les affrontements.  <\/p>\n\n<figure class=\"wp-block-embed is-type-video is-provider-youtube wp-block-embed-youtube wp-embed-aspect-16-9 wp-has-aspect-ratio\"><div class=\"wp-block-embed__wrapper\">\n<iframe loading=\"lazy\" title=\"Hamas: Die Erschaffung eines Monsters | ARTE Reportage\" width=\"500\" height=\"281\" src=\"https:\/\/www.youtube.com\/embed\/ah8q-bwcVys?feature=oembed\" frameborder=\"0\" allow=\"accelerometer; autoplay; clipboard-write; encrypted-media; gyroscope; picture-in-picture; web-share\" referrerpolicy=\"strict-origin-when-cross-origin\" allowfullscreen><\/iframe>\n<\/div><\/figure>\n","protected":false},"excerpt":{"rendered":"<p>Le 7 octobre 2023, l&rsquo;organisation terroriste islamiste palestinienne Hamas a massacr\u00e9 plus de 1 300 personnes dans le sud d&rsquo;Isra\u00ebl et a emmen\u00e9 plus de 200 otages \u00e0 Gaza. Des femmes, des hommes, des personnes \u00e2g\u00e9es, des enfants et m\u00eame des b\u00e9b\u00e9s ont \u00e9t\u00e9 assassin\u00e9s, viol\u00e9s, mutil\u00e9s, d\u00e9capit\u00e9s et incendi\u00e9s de la mani\u00e8re la plus [&hellip;]<\/p>\n","protected":false},"author":2,"featured_media":2246,"parent":2730,"menu_order":0,"comment_status":"closed","ping_status":"closed","template":"","meta":{"_hide_socialbar":"","footnotes":""},"categories":[],"tags":[393,385],"class_list":["post-2718","page","type-page","status-publish","has-post-thumbnail","hentry","tag-hamas-fr","tag-organisations-terroristes"],"aioseo_notices":[],"_links":{"self":[{"href":"https:\/\/fokusisrael.ch\/fr\/wp-json\/wp\/v2\/pages\/2718","targetHints":{"allow":["GET"]}}],"collection":[{"href":"https:\/\/fokusisrael.ch\/fr\/wp-json\/wp\/v2\/pages"}],"about":[{"href":"https:\/\/fokusisrael.ch\/fr\/wp-json\/wp\/v2\/types\/page"}],"author":[{"embeddable":true,"href":"https:\/\/fokusisrael.ch\/fr\/wp-json\/wp\/v2\/users\/2"}],"replies":[{"embeddable":true,"href":"https:\/\/fokusisrael.ch\/fr\/wp-json\/wp\/v2\/comments?post=2718"}],"version-history":[{"count":3,"href":"https:\/\/fokusisrael.ch\/fr\/wp-json\/wp\/v2\/pages\/2718\/revisions"}],"predecessor-version":[{"id":5273,"href":"https:\/\/fokusisrael.ch\/fr\/wp-json\/wp\/v2\/pages\/2718\/revisions\/5273"}],"up":[{"embeddable":true,"href":"https:\/\/fokusisrael.ch\/fr\/wp-json\/wp\/v2\/pages\/2730"}],"wp:featuredmedia":[{"embeddable":true,"href":"https:\/\/fokusisrael.ch\/fr\/wp-json\/wp\/v2\/media\/2246"}],"wp:attachment":[{"href":"https:\/\/fokusisrael.ch\/fr\/wp-json\/wp\/v2\/media?parent=2718"}],"wp:term":[{"taxonomy":"category","embeddable":true,"href":"https:\/\/fokusisrael.ch\/fr\/wp-json\/wp\/v2\/categories?post=2718"},{"taxonomy":"post_tag","embeddable":true,"href":"https:\/\/fokusisrael.ch\/fr\/wp-json\/wp\/v2\/tags?post=2718"}],"curies":[{"name":"wp","href":"https:\/\/api.w.org\/{rel}","templated":true}]}}