{"id":2715,"date":"2024-01-18T15:33:00","date_gmt":"2024-01-18T14:33:00","guid":{"rendered":"https:\/\/fokusisrael.ch\/la-haine-des-juifs-et-disrael-a-de-nouveau-le-vent-en-poupe\/le-slogan-from-the-river-to-the-sea-est-clairement-antisemite\/"},"modified":"2025-10-15T13:37:52","modified_gmt":"2025-10-15T11:37:52","slug":"le-slogan-from-the-river-to-the-sea-est-clairement-antisemite","status":"publish","type":"page","link":"https:\/\/fokusisrael.ch\/fr\/la-haine-des-juifs-et-disrael-a-de-nouveau-le-vent-en-poupe\/le-slogan-from-the-river-to-the-sea-est-clairement-antisemite\/","title":{"rendered":"Le slogan \u00ab\u00a0From the river to the sea\u00a0\u00bb est clairement antis\u00e9mite"},"content":{"rendered":"\n<p>\u00ab\u00a0From the river to the sea\u00a0\u00bb est clairement antis\u00e9mite selon la d\u00e9finition de l&rsquo;IHRA. L&rsquo;utilisation de ce slogan doit cesser. Communiqu\u00e9 de presse de la F\u00e9d\u00e9ration suisse des communaut\u00e9s isra\u00e9lites (FSCI). jeudi 18.01.2024   <\/p>\n\n<figure class=\"wp-block-image size-full\"><img loading=\"lazy\" decoding=\"async\" width=\"1024\" height=\"600\" src=\"https:\/\/fokusisrael.ch\/wp-content\/uploads\/2025\/03\/Charta-der-Hamas-1024x600-1.jpg\" alt=\"Des manifestants tiennent une banni&#xE8;re avec un chant populaire qui a suscit&#xE9; la controverse : &quot;From the river to the sea, Palestine will be free&quot; (de la rivi&#xE8;re &#xE0; la mer, la Palestine sera libre).\" class=\"wp-image-791\" srcset=\"https:\/\/fokusisrael.ch\/wp-content\/uploads\/2025\/03\/Charta-der-Hamas-1024x600-1.jpg 1024w, https:\/\/fokusisrael.ch\/wp-content\/uploads\/2025\/03\/Charta-der-Hamas-1024x600-1-300x176.jpg 300w, https:\/\/fokusisrael.ch\/wp-content\/uploads\/2025\/03\/Charta-der-Hamas-1024x600-1-768x450.jpg 768w\" sizes=\"auto, (max-width: 1024px) 100vw, 1024px\" \/><figcaption class=\"wp-element-caption\">Des manifestants tiennent une banni\u00e8re avec un chant populaire qui a suscit\u00e9 la controverse : \u00ab\u00a0From the river to the sea, Palestine will be free\u00a0\u00bb (de la rivi\u00e8re \u00e0 la mer, la Palestine sera libre). <span class=\"image-meta\">&copy; Eleventh Hour Photography  Alamy Stock Foto<\/span><\/figcaption><\/figure>\n\n<p>Le slogan \u00ab\u00a0From the river to the sea\u00a0\u00bb est antis\u00e9mite selon la d\u00e9finition de l&rsquo;antis\u00e9mitisme de l&rsquo;IHRA. Le slogan contient \u00e9galement un appel \u00e0 la violence contre les Juifs d&rsquo;Isra\u00ebl. La FSCI condamne fermement ce slogan.  <\/p>\n\n<p>Depuis le d\u00e9but du conflit \u00e0 Gaza, le slogan \u00ab\u00a0From the river to the sea, Palestine will be free\u00a0\u00bb appara\u00eet tr\u00e8s r\u00e9guli\u00e8rement dans diff\u00e9rents contextes. Il est scand\u00e9 lors de manifestations et se retrouve sur des banni\u00e8res et des panneaux. Il est utilis\u00e9 comme un mot d&rsquo;ordre g\u00e9n\u00e9ral sur des flyers ou dans des appels. Il est \u00e9galement omnipr\u00e9sent dans les m\u00e9dias sociaux ou sous forme d&rsquo;inscriptions spray\u00e9es sur les murs des b\u00e2timents. La libert\u00e9 postul\u00e9e pour une Palestine a cependant une face sombre que beaucoup ne semblent pas comprendre. \u00ab\u00a0From the river to the Sea\u00a0\u00bb n&rsquo;est pas une critique de l&rsquo;\u00c9tat isra\u00e9lien, mais est clairement antis\u00e9mite.     <\/p>\n\n<h3 class=\"wp-block-heading\">Slogan antis\u00e9mite selon la d\u00e9finition de l&rsquo;IHRA<\/h3>\n\n<p>Cette conclusion est bas\u00e9e sur la d\u00e9finition de l&rsquo;antis\u00e9mitisme de l&rsquo;IHRA, qui est reconnue et appliqu\u00e9e par de nombreux Etats et organisations dans le monde entier et \u00e0 laquelle la FSCI se r\u00e9f\u00e8re \u00e9galement dans son travail. Ce qui compte ici, c&rsquo;est ce que le slogan insinue r\u00e9ellement et pose comme revendication. Le \u00ab\u00a0fleuve\u00a0\u00bb et la \u00ab\u00a0mer\u00a0\u00bb dont il est question sont le Jourdain et la M\u00e9diterran\u00e9e. Entre les deux se trouvent aujourd&rsquo;hui l&rsquo;\u00c9tat d&rsquo;Isra\u00ebl, la Cisjordanie et la bande de Gaza. Il ne peut donc y avoir de Palestine du Jourdain \u00e0 la M\u00e9diterran\u00e9e que si l&rsquo;\u00c9tat d&rsquo;Isra\u00ebl est pr\u00e9alablement supprim\u00e9. Cela revient \u00e0 nier \u00e0 l&rsquo;\u00c9tat juif le droit d&rsquo;exister. C&rsquo;est ici qu&rsquo;intervient la d\u00e9finition qui consid\u00e8re cela comme antis\u00e9mite. Dans un deuxi\u00e8me temps, il faut prendre en compte les cons\u00e9quences d&rsquo;une telle dissolution de l&rsquo;\u00c9tat d&rsquo;Isra\u00ebl dans la r\u00e9alit\u00e9. Pr\u00e8s de sept millions de Juifs vivent en Isra\u00ebl et leur s\u00e9curit\u00e9 est existentiellement li\u00e9e \u00e0 l&rsquo;\u00c9tat d&rsquo;Isra\u00ebl. Le slogan s&rsquo;apparente donc \u00e0 un appel \u00e0 la violence. Le 7 octobre 2023, le monde a vu \u00e0 quoi pourrait ressembler une telle extermination. Le Hamas utilise \u00e9galement ce terme de combat dans sa charte de 2017, dans laquelle il proclame aussi explicitement la destruction d&rsquo;Isra\u00ebl.           <\/p>\n\n<h3 class=\"wp-block-heading\">Les manifestants doivent faire preuve de responsabilit\u00e9<\/h3>\n\n<p>Actuellement, ce slogan est utilis\u00e9 pour promouvoir une manifestation qui aura lieu le 27 janvier 2024 \u00e0 Zurich. Pour la FSCI et l&rsquo;ensemble de la communaut\u00e9 juive, cet \u00e9talage de slogans clairement antis\u00e9mites et l&rsquo;appel \u00e0 la violence qu&rsquo;ils contiennent sont insupportables. De plus, le 27 janvier est justement la Journ\u00e9e internationale de comm\u00e9moration des victimes de l&rsquo;Holocauste.  <\/p>\n\n<p>\u00ab\u00a0From the river to the sea\u00a0\u00bb est antis\u00e9mite, mais on ne sait pas encore s&rsquo;il est punissable en Suisse. Apr\u00e8s les diverses manifestations de ces derniers mois, de nombreuses plaintes ont \u00e9t\u00e9 d\u00e9pos\u00e9es contre le slogan. Il n&rsquo;y a pas encore de jugement d\u00e9finitif sur la question de savoir si \u00ab\u00a0From the river to the sea\u00a0\u00bb est juridiquement contraire \u00e0 la norme p\u00e9nale contre le racisme (art. 261bis CP) ou s&rsquo;il constitue un appel \u00e0 la violence punissable. Pour la FSCI, il est toutefois clair que, punissable ou non, le slogan attise la haine et continue d&rsquo;attiser le conflit, l\u00e0 aussi. Les organisateurs et les participants aux manifestations doivent faire preuve de responsabilit\u00e9 \u00e0 cet \u00e9gard et renoncer \u00e0 utiliser ce slogan. \u00a9 SIG 18.1.2024     <br \/><br \/>*International Holocaust Remembrance Alliance (IHRA), en fran\u00e7ais : Alliance internationale pour la m\u00e9moire de l&rsquo;Holocauste.<\/p>\n\n<h3 class=\"wp-block-heading\">Voici la d\u00e9finition de l&rsquo;antis\u00e9mitisme donn\u00e9e par l&rsquo;IHRA<\/h3>\n\n<p>La d\u00e9finition de l&rsquo;IHRA se compose de deux parties. La premi\u00e8re partie formule la d\u00e9finition : <\/p>\n\n<p>\u00ab\u00a0L&rsquo;antis\u00e9mitisme est une perception particuli\u00e8re des Juifs qui peut s&rsquo;exprimer sous forme de haine \u00e0 leur \u00e9gard. L&rsquo;antis\u00e9mitisme est dirig\u00e9, en paroles ou en actes, contre des individus juifs ou non juifs et\/ou leurs biens, ainsi que contre des institutions communautaires ou religieuses juives\u00a0\u00bb.<\/p>\n","protected":false},"excerpt":{"rendered":"<p>\u00ab\u00a0From the river to the sea\u00a0\u00bb est clairement antis\u00e9mite selon la d\u00e9finition de l&rsquo;IHRA. L&rsquo;utilisation de ce slogan doit cesser. Communiqu\u00e9 de presse de la F\u00e9d\u00e9ration suisse des communaut\u00e9s isra\u00e9lites (FSCI). jeudi 18.01.2024 Le slogan \u00ab\u00a0From the river to the sea\u00a0\u00bb est antis\u00e9mite selon la d\u00e9finition de l&rsquo;antis\u00e9mitisme de l&rsquo;IHRA. Le slogan contient \u00e9galement un [&hellip;]<\/p>\n","protected":false},"author":2,"featured_media":2364,"parent":2709,"menu_order":0,"comment_status":"closed","ping_status":"closed","template":"","meta":{"_hide_socialbar":"","footnotes":""},"categories":[],"tags":[395],"class_list":["post-2715","page","type-page","status-publish","has-post-thumbnail","hentry","tag-antisemitisme"],"aioseo_notices":[],"_links":{"self":[{"href":"https:\/\/fokusisrael.ch\/fr\/wp-json\/wp\/v2\/pages\/2715","targetHints":{"allow":["GET"]}}],"collection":[{"href":"https:\/\/fokusisrael.ch\/fr\/wp-json\/wp\/v2\/pages"}],"about":[{"href":"https:\/\/fokusisrael.ch\/fr\/wp-json\/wp\/v2\/types\/page"}],"author":[{"embeddable":true,"href":"https:\/\/fokusisrael.ch\/fr\/wp-json\/wp\/v2\/users\/2"}],"replies":[{"embeddable":true,"href":"https:\/\/fokusisrael.ch\/fr\/wp-json\/wp\/v2\/comments?post=2715"}],"version-history":[{"count":3,"href":"https:\/\/fokusisrael.ch\/fr\/wp-json\/wp\/v2\/pages\/2715\/revisions"}],"predecessor-version":[{"id":5272,"href":"https:\/\/fokusisrael.ch\/fr\/wp-json\/wp\/v2\/pages\/2715\/revisions\/5272"}],"up":[{"embeddable":true,"href":"https:\/\/fokusisrael.ch\/fr\/wp-json\/wp\/v2\/pages\/2709"}],"wp:featuredmedia":[{"embeddable":true,"href":"https:\/\/fokusisrael.ch\/fr\/wp-json\/wp\/v2\/media\/2364"}],"wp:attachment":[{"href":"https:\/\/fokusisrael.ch\/fr\/wp-json\/wp\/v2\/media?parent=2715"}],"wp:term":[{"taxonomy":"category","embeddable":true,"href":"https:\/\/fokusisrael.ch\/fr\/wp-json\/wp\/v2\/categories?post=2715"},{"taxonomy":"post_tag","embeddable":true,"href":"https:\/\/fokusisrael.ch\/fr\/wp-json\/wp\/v2\/tags?post=2715"}],"curies":[{"name":"wp","href":"https:\/\/api.w.org\/{rel}","templated":true}]}}