{"id":2712,"date":"2024-01-21T16:53:00","date_gmt":"2024-01-21T15:53:00","guid":{"rendered":"https:\/\/fokusisrael.ch\/la-haine-des-juifs-et-disrael-a-de-nouveau-le-vent-en-poupe\/comment-se-definit-lantisemitisme\/"},"modified":"2026-03-26T16:16:50","modified_gmt":"2026-03-26T15:16:50","slug":"comment-se-definit-lantisemitisme","status":"publish","type":"page","link":"https:\/\/fokusisrael.ch\/fr\/la-haine-des-juifs-et-disrael-a-de-nouveau-le-vent-en-poupe\/comment-se-definit-lantisemitisme\/","title":{"rendered":"Comment se d\u00e9finit l&rsquo;antis\u00e9mitisme"},"content":{"rendered":"\n<h2 class=\"wp-block-heading\">La d\u00e9finition de l&rsquo;antis\u00e9mitisme par Theodor W. Adorno<\/h2>\n\n<p>Le philosophe et sociologue allemand <a href=\"https:\/\/de.wikipedia.org\/wiki\/Theodor_W._Adorno\" target=\"_blank\" rel=\"noreferrer noopener\">Theodor W. Adorno<\/a> (1903-1969) a d\u00e9fini bri\u00e8vement l&rsquo;antis\u00e9mitisme comme suit <strong>: \u00ab\u00a0L&rsquo;antis\u00e9mitisme est la rumeur concernant les Juifs\u00a0\u00bb.<\/strong><\/p>\n\n<figure class=\"wp-block-image size-full\"><img loading=\"lazy\" decoding=\"async\" width=\"1024\" height=\"600\" src=\"https:\/\/fokusisrael.ch\/wp-content\/uploads\/2025\/03\/Antismitism-B-Christopher-Alamy-Stock-Foto-1024x600-1.jpg\" alt=\"Panneau &quot;Interdit aux Juifs&quot; (Mus&#xE9;e juif) - &#xC9;tats-Unis\" class=\"wp-image-613\" srcset=\"https:\/\/fokusisrael.ch\/wp-content\/uploads\/2025\/03\/Antismitism-B-Christopher-Alamy-Stock-Foto-1024x600-1.jpg 1024w, https:\/\/fokusisrael.ch\/wp-content\/uploads\/2025\/03\/Antismitism-B-Christopher-Alamy-Stock-Foto-1024x600-1-300x176.jpg 300w, https:\/\/fokusisrael.ch\/wp-content\/uploads\/2025\/03\/Antismitism-B-Christopher-Alamy-Stock-Foto-1024x600-1-768x450.jpg 768w\" sizes=\"auto, (max-width: 1024px) 100vw, 1024px\" \/><figcaption class=\"wp-element-caption\">Panneau \u00ab\u00a0Interdit aux Juifs\u00a0\u00bb (Mus\u00e9e juif) &#8211; \u00c9tats-Unis <span class=\"image-meta\">&copy; B Christopher  Alamy Stock Foto<\/span><\/figcaption><\/figure>\n\n<h2 class=\"wp-block-heading\">La d\u00e9finition de l&rsquo;antis\u00e9mitisme par l&rsquo;IHRA<\/h2>\n\n<p>L&rsquo;<a href=\"https:\/\/de.wikipedia.org\/wiki\/International_Holocaust_Remembrance_Alliance\" target=\"_blank\" rel=\"noreferrer noopener\">International Holocaust Remembrance Alliance <\/a>(IHRA) d\u00e9finit l&rsquo;antis\u00e9mitisme de la mani\u00e8re suivante : <strong>\u00ab\u00a0L&rsquo;antis\u00e9mitisme est une perception particuli\u00e8re des Juifs qui peut s&rsquo;exprimer sous la forme d&rsquo;une haine \u00e0 leur \u00e9gard. L&rsquo;antis\u00e9mitisme est dirig\u00e9, en paroles et en actes, contre des individus juifs et non juifs et\/ou leurs biens, ainsi que contre des institutions communautaires ou religieuses juives\u00a0\u00bb.<\/strong><\/p>\n\n<p>Le gouvernement allemand a ajout\u00e9 \u00e0 cette d\u00e9finition la d\u00e9claration suivante : <strong>\u00ab\u00a0En outre, l&rsquo;\u00c9tat d&rsquo;Isra\u00ebl, qui est alors compris comme un collectif juif, peut \u00e9galement \u00eatre la cible de telles attaques <\/strong>\u00a0\u00bb <strong>. <\/strong> <\/p>\n\n<h2 class=\"wp-block-heading\">D\u00e9finition de la critique antis\u00e9mite d&rsquo;Isra\u00ebl<\/h2>\n\n<p>Pour nous, \u00e0 FokusIsrael.ch, la critique de l&rsquo;\u00c9tat d&rsquo;Isra\u00ebl est consid\u00e9r\u00e9e comme antis\u00e9mite si le crit\u00e8re suivant est rempli : <strong>\u00ab\u00a0La critique d&rsquo;Isra\u00ebl suit d&rsquo;autres principes que la critique de tous les autres \u00c9tats\u00a0\u00bb.<\/strong><\/p>\n\n<p>Le slogan \u00ab\u00a0From the river to the sea\u00a0\u00bb, souvent utilis\u00e9 dans le d\u00e9bat politique actuel par les partisans des Palestiniens et par les Palestiniens eux-m\u00eames, est \u00e9galement antis\u00e9mite. En effet, cette revendication implique la destruction d&rsquo;Isra\u00ebl en tant qu&rsquo;\u00c9tat juif. Voir \u00e0 ce sujet le <a href=\"https:\/\/fokusisrael.ch\/news\/antisemitismus-from-the-river-to-the-sea\/\">communiqu\u00e9 de presse<\/a> du 18.0.24 de la F\u00e9d\u00e9ration suisse des communaut\u00e9s isra\u00e9lites.  <\/p>\n\n<p>De mani\u00e8re g\u00e9n\u00e9rale, chez FokusIsrael.ch, nous trouvons la d\u00e9finition de l&rsquo;antis\u00e9mitisme de Theodor W. Adorno meilleure que celle de l&rsquo;International Holocaust Remembrance Alliance. Cela s&rsquo;explique d&rsquo;une part par sa bri\u00e8vet\u00e9 et sa concision. Mais surtout, <a href=\"https:\/\/de.wikipedia.org\/wiki\/Theodor_W._Adorno\" target=\"_blank\" rel=\"noreferrer noopener\">la d\u00e9finition d&rsquo;Adorno<\/a> englobe \u00e9galement l&rsquo;antis\u00e9mitisme qui ne s&rsquo;exprime pas sous forme de haine ou de violence, mais qui, au contraire, semble \u00e0 premi\u00e8re vue tout \u00e0 fait positif. Il peut s&rsquo;agir de d\u00e9clarations telles que \u00ab\u00a0vous, les Juifs, \u00eates particuli\u00e8rement dou\u00e9s pour les affaires\u00a0\u00bb, \u00ab\u00a0vous, les Juifs, \u00eates tr\u00e8s intelligents\u00a0\u00bb, \u00ab\u00a0vous, les Juifs, \u00eates tr\u00e8s puissants\u00a0\u00bb, \u00ab\u00a0vous, les Juifs, \u00eates tr\u00e8s riches\u00a0\u00bb, etc. Car m\u00eame ces affirmations positives sont des rumeurs et des g\u00e9n\u00e9ralisations qui permettent de distinguer les Juifs des autres groupes de population d&rsquo;une mani\u00e8re qui ne s&rsquo;applique qu&rsquo;\u00e0 eux. Cela n&rsquo;est pas forc\u00e9ment antis\u00e9mite, mais peut l&rsquo;\u00eatre. (par exemple, entreprenant ou riche = avide d&rsquo;argent, intelligent = \u00e9litiste, puissant = conspiration mondiale).     <\/p>\n\n<p>\u00a9Tachles Podcast Jan Philipp Reemtsma, sp\u00e9cialiste de litt\u00e9rature, aborde l&rsquo;essai de Theodor W. Adorno <a href=\"https:\/\/www.tachles.ch\/podcasts\/adorno-ueber-antisemitismus\" target=\"_blank\" rel=\"noreferrer noopener\">\u00ab\u00a0Combattre l&rsquo;antis\u00e9mitisme aujourd&rsquo;hui\u00a0\u00bb.<\/a><\/p>\n\n<p>\u00a9 Arte TV  <a href=\"https:\/\/fokusisrael.ch\/fr\/la-haine-des-juifs-et-disrael-a-de-nouveau-le-vent-en-poupe\/une-histoire-de-lantisemitisme-serie-documentaire-arte-en-quatre-parties\/\">Histoire de l&rsquo;antis\u00e9mitisme. S\u00e9rie documentaire ARTE en quatre parties <\/a><\/p>\n\n<p><a href=\"https:\/\/fokusisrael.ch\/fr\/la-haine-des-juifs-et-disrael-a-de-nouveau-le-vent-en-poupe\/le-slogan-from-the-river-to-the-sea-est-clairement-antisemite\/\" title=\"\">\u00ab\u00a0From the river to the sea\u00a0\u00bb est clairement antis\u00e9mite<\/a><\/p>\n\n<p><\/p>\n","protected":false},"excerpt":{"rendered":"<p>La d\u00e9finition de l&rsquo;antis\u00e9mitisme par Theodor W. Adorno Le philosophe et sociologue allemand Theodor W. Adorno (1903-1969) a d\u00e9fini bri\u00e8vement l&rsquo;antis\u00e9mitisme comme suit : \u00ab\u00a0L&rsquo;antis\u00e9mitisme est la rumeur concernant les Juifs\u00a0\u00bb. La d\u00e9finition de l&rsquo;antis\u00e9mitisme par l&rsquo;IHRA L&rsquo;International Holocaust Remembrance Alliance (IHRA) d\u00e9finit l&rsquo;antis\u00e9mitisme de la mani\u00e8re suivante : \u00ab\u00a0L&rsquo;antis\u00e9mitisme est une perception particuli\u00e8re des [&hellip;]<\/p>\n","protected":false},"author":2,"featured_media":2321,"parent":2709,"menu_order":0,"comment_status":"closed","ping_status":"closed","template":"","meta":{"_hide_socialbar":"","footnotes":""},"categories":[],"tags":[395],"class_list":["post-2712","page","type-page","status-publish","has-post-thumbnail","hentry","tag-antisemitisme"],"aioseo_notices":[],"_links":{"self":[{"href":"https:\/\/fokusisrael.ch\/fr\/wp-json\/wp\/v2\/pages\/2712","targetHints":{"allow":["GET"]}}],"collection":[{"href":"https:\/\/fokusisrael.ch\/fr\/wp-json\/wp\/v2\/pages"}],"about":[{"href":"https:\/\/fokusisrael.ch\/fr\/wp-json\/wp\/v2\/types\/page"}],"author":[{"embeddable":true,"href":"https:\/\/fokusisrael.ch\/fr\/wp-json\/wp\/v2\/users\/2"}],"replies":[{"embeddable":true,"href":"https:\/\/fokusisrael.ch\/fr\/wp-json\/wp\/v2\/comments?post=2712"}],"version-history":[{"count":8,"href":"https:\/\/fokusisrael.ch\/fr\/wp-json\/wp\/v2\/pages\/2712\/revisions"}],"predecessor-version":[{"id":8354,"href":"https:\/\/fokusisrael.ch\/fr\/wp-json\/wp\/v2\/pages\/2712\/revisions\/8354"}],"up":[{"embeddable":true,"href":"https:\/\/fokusisrael.ch\/fr\/wp-json\/wp\/v2\/pages\/2709"}],"wp:featuredmedia":[{"embeddable":true,"href":"https:\/\/fokusisrael.ch\/fr\/wp-json\/wp\/v2\/media\/2321"}],"wp:attachment":[{"href":"https:\/\/fokusisrael.ch\/fr\/wp-json\/wp\/v2\/media?parent=2712"}],"wp:term":[{"taxonomy":"category","embeddable":true,"href":"https:\/\/fokusisrael.ch\/fr\/wp-json\/wp\/v2\/categories?post=2712"},{"taxonomy":"post_tag","embeddable":true,"href":"https:\/\/fokusisrael.ch\/fr\/wp-json\/wp\/v2\/tags?post=2712"}],"curies":[{"name":"wp","href":"https:\/\/api.w.org\/{rel}","templated":true}]}}