{"id":2709,"date":"2024-01-18T15:30:00","date_gmt":"2024-01-18T14:30:00","guid":{"rendered":"https:\/\/fokusisrael.ch\/la-haine-des-juifs-et-disrael-a-de-nouveau-le-vent-en-poupe\/"},"modified":"2025-10-15T13:37:52","modified_gmt":"2025-10-15T11:37:52","slug":"la-haine-des-juifs-et-disrael-a-de-nouveau-le-vent-en-poupe","status":"publish","type":"page","link":"https:\/\/fokusisrael.ch\/fr\/la-haine-des-juifs-et-disrael-a-de-nouveau-le-vent-en-poupe\/","title":{"rendered":"La haine des juifs et d&rsquo;Isra\u00ebl a de nouveau le vent en poupe"},"content":{"rendered":"\n<p class=\"article__intro\">Le massacre perp\u00e9tr\u00e9 par l&rsquo;organisation terroriste palestinienne Hamas le 7 octobre 2023 a provoqu\u00e9 une flamb\u00e9e d&rsquo;antis\u00e9mitisme et de haine d&rsquo;Isra\u00ebl exprim\u00e9s publiquement, tant dans le monde islamique qu&rsquo;en Europe et aux \u00c9tats-Unis.<\/p>\n\n<p>Ces manifestations en Europe et aux \u00c9tats-Unis trouvent leur origine d&rsquo;une part dans la population musulmane de chaque pays, mais aussi dans des groupes politiquement \u00e0 gauche et \u00e0 l&rsquo;extr\u00eame gauche, par exemple dans les universit\u00e9s. A cela s&rsquo;ajoute l&rsquo;antis\u00e9mitisme de l&rsquo;extr\u00eame-droite politique.   <a href=\"\/fr\/?page_id=2712\">Comment se d\u00e9finit l&rsquo;antis\u00e9mitisme ?<\/a>  D&rsquo;o\u00f9 vient l&rsquo;antis\u00e9mitisme ? Depuis quand l&rsquo;antis\u00e9mitisme existe-t-il ? Comment l&rsquo;antis\u00e9mitisme se manifeste-t-il ? O\u00f9 trouve-t-on de l&rsquo;antis\u00e9mitisme sur les m\u00e9dias sociaux ? Comment <a href=\"\/juden-und-israelhass\/oeffentliche-hetze-gegen-juden-ist-in-der-schweiz-strafbar-727\/\">l&rsquo;antis\u00e9mitisme est-il sanctionn\u00e9 en Suisse<\/a>? C&rsquo;est \u00e0 ces questions que FocusIsra\u00ebl.ch s&rsquo;int\u00e9resse dans ce chapitre.     <\/p>\n\n<p><\/p>\n","protected":false},"excerpt":{"rendered":"<p>Le massacre perp\u00e9tr\u00e9 par l&rsquo;organisation terroriste palestinienne Hamas le 7 octobre 2023 a provoqu\u00e9 une flamb\u00e9e d&rsquo;antis\u00e9mitisme et de haine d&rsquo;Isra\u00ebl exprim\u00e9s publiquement, tant dans le monde islamique qu&rsquo;en Europe et aux \u00c9tats-Unis. Ces manifestations en Europe et aux \u00c9tats-Unis trouvent leur origine d&rsquo;une part dans la population musulmane de chaque pays, mais aussi dans [&hellip;]<\/p>\n","protected":false},"author":2,"featured_media":2321,"parent":0,"menu_order":0,"comment_status":"closed","ping_status":"closed","template":"","meta":{"_hide_socialbar":"","footnotes":""},"categories":[],"tags":[395,400],"class_list":["post-2709","page","type-page","status-publish","has-post-thumbnail","hentry","tag-antisemitisme","tag-haine-des-juifs"],"aioseo_notices":[],"_links":{"self":[{"href":"https:\/\/fokusisrael.ch\/fr\/wp-json\/wp\/v2\/pages\/2709","targetHints":{"allow":["GET"]}}],"collection":[{"href":"https:\/\/fokusisrael.ch\/fr\/wp-json\/wp\/v2\/pages"}],"about":[{"href":"https:\/\/fokusisrael.ch\/fr\/wp-json\/wp\/v2\/types\/page"}],"author":[{"embeddable":true,"href":"https:\/\/fokusisrael.ch\/fr\/wp-json\/wp\/v2\/users\/2"}],"replies":[{"embeddable":true,"href":"https:\/\/fokusisrael.ch\/fr\/wp-json\/wp\/v2\/comments?post=2709"}],"version-history":[{"count":3,"href":"https:\/\/fokusisrael.ch\/fr\/wp-json\/wp\/v2\/pages\/2709\/revisions"}],"predecessor-version":[{"id":5414,"href":"https:\/\/fokusisrael.ch\/fr\/wp-json\/wp\/v2\/pages\/2709\/revisions\/5414"}],"wp:featuredmedia":[{"embeddable":true,"href":"https:\/\/fokusisrael.ch\/fr\/wp-json\/wp\/v2\/media\/2321"}],"wp:attachment":[{"href":"https:\/\/fokusisrael.ch\/fr\/wp-json\/wp\/v2\/media?parent=2709"}],"wp:term":[{"taxonomy":"category","embeddable":true,"href":"https:\/\/fokusisrael.ch\/fr\/wp-json\/wp\/v2\/categories?post=2709"},{"taxonomy":"post_tag","embeddable":true,"href":"https:\/\/fokusisrael.ch\/fr\/wp-json\/wp\/v2\/tags?post=2709"}],"curies":[{"name":"wp","href":"https:\/\/api.w.org\/{rel}","templated":true}]}}