{"id":2703,"date":"2024-01-20T16:58:00","date_gmt":"2024-01-20T15:58:00","guid":{"rendered":"https:\/\/fokusisrael.ch\/le-conseil-des-droits-de-lhomme-de-lonu-anti-israelien\/"},"modified":"2025-10-15T13:37:52","modified_gmt":"2025-10-15T11:37:52","slug":"le-conseil-des-droits-de-lhomme-de-lonu-anti-israelien","status":"publish","type":"page","link":"https:\/\/fokusisrael.ch\/fr\/israel-lonu-et-la-suisse\/le-conseil-des-droits-de-lhomme-de-lonu-anti-israelien\/","title":{"rendered":"Le Conseil des droits de l&rsquo;homme de l&rsquo;ONU anti-isra\u00e9lien"},"content":{"rendered":"\n<p class=\"article__intro\">Aucun autre organe de l&rsquo;ONU ne pr\u00e9sente un tel \u00e9cart entre les exigences et la r\u00e9alit\u00e9 que le Conseil des droits de l&rsquo;homme, bas\u00e9 \u00e0 Gen\u00e8ve. Alors que des pays comme la Cor\u00e9e du Nord, l&rsquo;Iran, le Venezuela ou encore le Mianmar ne sont presque jamais abord\u00e9s ou critiqu\u00e9s, c&rsquo;est le cas d&rsquo;Isra\u00ebl, et ce depuis le d\u00e9but.   <\/p>\n\n<p>Ainsi, un an seulement apr\u00e8s la cr\u00e9ation du Conseil des droits de l&rsquo;homme de l&rsquo;ONU, un ordre du jour fixe a \u00e9t\u00e9 introduit, le <a href=\"https:\/\/www.parlament.ch\/de\/ratsbetrieb\/suche-curia-vista\/geschaeft?AffairId=20173819\" target=\"_blank\" rel=\"noreferrer noopener\">point 7 de l&rsquo;ordre du jour<\/a> devant obligatoirement porter \u00e0 chaque fois sur la \u00ab\u00a0situation des droits de l&rsquo;homme en Palestine et dans les autres territoires arabes occup\u00e9s\u00a0\u00bb. Aucune autre zone de conflit ne fait l&rsquo;objet d&rsquo;un point comparable \u00e0 l&rsquo;ordre du jour. En cons\u00e9quence, Isra\u00ebl est souvent condamn\u00e9.  <br \/><\/p>\n\n<h3 class=\"wp-block-heading\">Hillel Neuer &#8211; le critique du Conseil d&rsquo;injustice<\/h3>\n\n<p>Le critique le plus virulent du Conseil des droits de l&rsquo;homme de l&rsquo;ONU est Hillel Neuer. Avec son organisation <a href=\"https:\/\/unwatch.org\/\">UN Watch<\/a>, il surveille de pr\u00e8s le Conseil des droits de l&rsquo;homme de l&rsquo;ONU et critique ce dernier \u00e0 l&rsquo;aide d&rsquo;innombrables exemples pour sa position anti-isra\u00e9lienne constante et unilat\u00e9rale. <a href=\"https:\/\/unwatch.org\/blog\/\" target=\"_blank\" rel=\"noreferrer noopener\">Vous trouverez ici les principales interventions et d\u00e9clarations.<\/a> <\/p>\n\n<p>Hillel Neuer t\u00e9moigne devant le Congr\u00e8s am\u00e9ricain sur l&rsquo;antis\u00e9mitisme \u00e0 l&rsquo;ONU (en anglais). \u00a9 UN Watch, 8 novembre 2023 <\/p>\n\n<figure class=\"wp-block-embed is-type-video is-provider-youtube wp-block-embed-youtube wp-embed-aspect-16-9 wp-has-aspect-ratio\"><div class=\"wp-block-embed__wrapper\">\n<iframe loading=\"lazy\" title=\"Hillel Neuer Testifies Before U.S. Congress on U.N. Antisemitism\" width=\"500\" height=\"281\" src=\"https:\/\/www.youtube.com\/embed\/XoJcb0KGQMY?feature=oembed\" frameborder=\"0\" allow=\"accelerometer; autoplay; clipboard-write; encrypted-media; gyroscope; picture-in-picture; web-share\" referrerpolicy=\"strict-origin-when-cross-origin\" allowfullscreen><\/iframe>\n<\/div><\/figure>\n","protected":false},"excerpt":{"rendered":"<p>Aucun autre organe de l&rsquo;ONU ne pr\u00e9sente un tel \u00e9cart entre les exigences et la r\u00e9alit\u00e9 que le Conseil des droits de l&rsquo;homme, bas\u00e9 \u00e0 Gen\u00e8ve. Alors que des pays comme la Cor\u00e9e du Nord, l&rsquo;Iran, le Venezuela ou encore le Mianmar ne sont presque jamais abord\u00e9s ou critiqu\u00e9s, c&rsquo;est le cas d&rsquo;Isra\u00ebl, et ce [&hellip;]<\/p>\n","protected":false},"author":2,"featured_media":2349,"parent":2808,"menu_order":0,"comment_status":"closed","ping_status":"closed","template":"","meta":{"_hide_socialbar":"","footnotes":""},"categories":[],"tags":[398,8,372,397],"class_list":["post-2703","page","type-page","status-publish","has-post-thumbnail","hentry","tag-conseil-des-droits-de-lhomme-de-lonu","tag-israel","tag-israel-fr","tag-onu"],"aioseo_notices":[],"_links":{"self":[{"href":"https:\/\/fokusisrael.ch\/fr\/wp-json\/wp\/v2\/pages\/2703","targetHints":{"allow":["GET"]}}],"collection":[{"href":"https:\/\/fokusisrael.ch\/fr\/wp-json\/wp\/v2\/pages"}],"about":[{"href":"https:\/\/fokusisrael.ch\/fr\/wp-json\/wp\/v2\/types\/page"}],"author":[{"embeddable":true,"href":"https:\/\/fokusisrael.ch\/fr\/wp-json\/wp\/v2\/users\/2"}],"replies":[{"embeddable":true,"href":"https:\/\/fokusisrael.ch\/fr\/wp-json\/wp\/v2\/comments?post=2703"}],"version-history":[{"count":3,"href":"https:\/\/fokusisrael.ch\/fr\/wp-json\/wp\/v2\/pages\/2703\/revisions"}],"predecessor-version":[{"id":5269,"href":"https:\/\/fokusisrael.ch\/fr\/wp-json\/wp\/v2\/pages\/2703\/revisions\/5269"}],"up":[{"embeddable":true,"href":"https:\/\/fokusisrael.ch\/fr\/wp-json\/wp\/v2\/pages\/2808"}],"wp:featuredmedia":[{"embeddable":true,"href":"https:\/\/fokusisrael.ch\/fr\/wp-json\/wp\/v2\/media\/2349"}],"wp:attachment":[{"href":"https:\/\/fokusisrael.ch\/fr\/wp-json\/wp\/v2\/media?parent=2703"}],"wp:term":[{"taxonomy":"category","embeddable":true,"href":"https:\/\/fokusisrael.ch\/fr\/wp-json\/wp\/v2\/categories?post=2703"},{"taxonomy":"post_tag","embeddable":true,"href":"https:\/\/fokusisrael.ch\/fr\/wp-json\/wp\/v2\/tags?post=2703"}],"curies":[{"name":"wp","href":"https:\/\/api.w.org\/{rel}","templated":true}]}}