{"id":2700,"date":"2024-01-22T06:07:00","date_gmt":"2024-01-22T05:07:00","guid":{"rendered":"https:\/\/fokusisrael.ch\/lincitation-publique-a-la-haine-envers-les-juifs-est-punissable-en-suisse\/"},"modified":"2025-10-15T13:37:52","modified_gmt":"2025-10-15T11:37:52","slug":"lincitation-publique-a-la-haine-envers-les-juifs-est-punissable-en-suisse","status":"publish","type":"page","link":"https:\/\/fokusisrael.ch\/fr\/la-haine-des-juifs-et-disrael-a-de-nouveau-le-vent-en-poupe\/lincitation-publique-a-la-haine-envers-les-juifs-est-punissable-en-suisse\/","title":{"rendered":"L&rsquo;incitation publique \u00e0 la haine envers les juifs est punissable en Suisse"},"content":{"rendered":"\n<p class=\"article__intro\">Depuis 1994, la Suisse dispose d&rsquo;un article dans son code p\u00e9nal qui punit l&rsquo;incitation publique \u00e0 la haine et \u00e0 la discrimination en raison de la race, de l&rsquo;appartenance \u00e0 une ethnie ou de la religion (norme p\u00e9nale antiraciste). En 2020, cet article du code p\u00e9nal a \u00e9t\u00e9 \u00e9tendu \u00e0 l&rsquo;orientation sexuelle. Depuis lors, l&rsquo;article concern\u00e9 est le 261bis du Code p\u00e9nal suisse :  <\/p>\n\n<figure class=\"wp-block-image size-large\"><img decoding=\"async\" src=\"https:\/\/fokusisrael.ch\/wp-content\/uploads\/2025\/03\/markus-spiske-PGpi-oKW8I-unsplash-1024x683.jpg\" alt=\"Carte d'impression de quotas en noir et blanc\" class=\"wp-image-779\" \/><figcaption class=\"wp-element-caption\"> <span class=\"image-meta\">&copy;<a href=\"https:\/\/unsplash.com\/de\/@markusspiske?utm_content=creditCopyText&#038;utm_medium=referral&#038;utm_source=unsplash\" target=\"_blank\" rel=\"noopener\">Markus Spiske<\/a> <a href=\"https:\/\/unsplash.com\/de\/fotos\/schwarz-weiss-quote-druckkarte--PGpi-oKW8I?utm_content=creditCopyText&#038;utm_medium=referral&#038;utm_source=unsplash\" target=\"_blank\" rel=\"noopener\">Unsplash<\/a><\/span><\/figure><\/figcaption>\n\n<p>Toute personne qui incite publiquement \u00e0 la haine ou \u00e0 la violence envers une personne ou un groupe de personnes en raison de leur race, de leur appartenance ethnique, de leur religion ou de leur orientation sexuelle.  <a href=\"https:\/\/de.wikipedia.org\/wiki\/Diskriminierung\" target=\"_blank\" rel=\"noreferrer noopener\">Discrimination<\/a>  celui qui aura propag\u00e9 publiquement des id\u00e9ologies visant \u00e0 rabaisser ou \u00e0 d\u00e9nigrer syst\u00e9matiquement ces personnes ou groupes de personnes,celui qui, dans le m\u00eame but  <a href=\"https:\/\/de.wikipedia.org\/wiki\/Propaganda\" target=\"_blank\" rel=\"noreferrer noopener\">Actions de propagande<\/a>  organise, promeut ou participe \u00e0 toute personne qui, publiquement, par la parole, l&rsquo;\u00e9criture, l&rsquo;image, le geste, les voies de fait ou de toute autre mani\u00e8re, traite une personne ou un groupe de personnes en raison de leur race, leur ethnie, leur religion ou leur orientation sexuelle d&rsquo;une mani\u00e8re contraire \u00e0 la  <a href=\"https:\/\/de.wikipedia.org\/wiki\/Menschenw%C3%BCrde\" target=\"_blank\" rel=\"noreferrer noopener\">Dignit\u00e9 humaine<\/a>  ou discriminatoire, ou pour l&rsquo;une de ces raisons.  <a href=\"https:\/\/de.wikipedia.org\/wiki\/V%C3%B6lkermord\" target=\"_blank\" rel=\"noreferrer noopener\">G\u00e9nocide<\/a>  ou autre  <a href=\"https:\/\/de.wikipedia.org\/wiki\/Verbrechen_gegen_die_Menschlichkeit\" target=\"_blank\" rel=\"noreferrer noopener\">Crimes contre l&rsquo;humanit\u00e9<\/a>  nie, minimise grossi\u00e8rement ou cherche \u00e0 justifier celui qui refuse une prestation qu&rsquo;il offre et qui est destin\u00e9e au grand public \u00e0 une personne ou \u00e0 un groupe de personnes en raison de leur race, de leur ethnie, de leur religion ou de leur orientation sexuelle, est passible d&rsquo;une peine d&#8217;emprisonnement pouvant aller jusqu&rsquo;\u00e0 trois ans ou d&rsquo;une amende.<\/p>\n\n<p><a href=\"https:\/\/de.wikipedia.org\/wiki\/Artikel_261bis_StGB\">Plus d&rsquo;informations sur la norme p\u00e9nale suisse contre le racisme  <\/a><\/p>\n","protected":false},"excerpt":{"rendered":"<p>En Suisse, l&rsquo;article 261bis du Code p\u00e9nal interdit l&rsquo;incitation publique \u00e0 la haine ou \u00e0 la discrimination fond\u00e9e sur la race, l&rsquo;ethnie, la religion ou l&rsquo;orientation sexuelle.  <\/p>\n","protected":false},"author":2,"featured_media":2361,"parent":2709,"menu_order":0,"comment_status":"closed","ping_status":"closed","template":"","meta":{"_hide_socialbar":"","footnotes":""},"categories":[],"tags":[395,396],"class_list":["post-2700","page","type-page","status-publish","has-post-thumbnail","hentry","tag-antisemitisme","tag-suisse"],"aioseo_notices":[],"_links":{"self":[{"href":"https:\/\/fokusisrael.ch\/fr\/wp-json\/wp\/v2\/pages\/2700","targetHints":{"allow":["GET"]}}],"collection":[{"href":"https:\/\/fokusisrael.ch\/fr\/wp-json\/wp\/v2\/pages"}],"about":[{"href":"https:\/\/fokusisrael.ch\/fr\/wp-json\/wp\/v2\/types\/page"}],"author":[{"embeddable":true,"href":"https:\/\/fokusisrael.ch\/fr\/wp-json\/wp\/v2\/users\/2"}],"replies":[{"embeddable":true,"href":"https:\/\/fokusisrael.ch\/fr\/wp-json\/wp\/v2\/comments?post=2700"}],"version-history":[{"count":3,"href":"https:\/\/fokusisrael.ch\/fr\/wp-json\/wp\/v2\/pages\/2700\/revisions"}],"predecessor-version":[{"id":5268,"href":"https:\/\/fokusisrael.ch\/fr\/wp-json\/wp\/v2\/pages\/2700\/revisions\/5268"}],"up":[{"embeddable":true,"href":"https:\/\/fokusisrael.ch\/fr\/wp-json\/wp\/v2\/pages\/2709"}],"wp:featuredmedia":[{"embeddable":true,"href":"https:\/\/fokusisrael.ch\/fr\/wp-json\/wp\/v2\/media\/2361"}],"wp:attachment":[{"href":"https:\/\/fokusisrael.ch\/fr\/wp-json\/wp\/v2\/media?parent=2700"}],"wp:term":[{"taxonomy":"category","embeddable":true,"href":"https:\/\/fokusisrael.ch\/fr\/wp-json\/wp\/v2\/categories?post=2700"},{"taxonomy":"post_tag","embeddable":true,"href":"https:\/\/fokusisrael.ch\/fr\/wp-json\/wp\/v2\/tags?post=2700"}],"curies":[{"name":"wp","href":"https:\/\/api.w.org\/{rel}","templated":true}]}}