{"id":2697,"date":"2024-01-22T15:57:00","date_gmt":"2024-01-22T14:57:00","guid":{"rendered":"https:\/\/fokusisrael.ch\/organisation-de-liberation-de-la-palestine-olp\/"},"modified":"2025-10-15T13:37:32","modified_gmt":"2025-10-15T11:37:32","slug":"organisation-de-liberation-de-la-palestine-olp","status":"publish","type":"page","link":"https:\/\/fokusisrael.ch\/fr\/organisations-terroristes-palestiniennes-et-islamistes\/organisation-de-liberation-de-la-palestine-olp\/","title":{"rendered":"Organisation de lib\u00e9ration de la Palestine (OLP)"},"content":{"rendered":"\n<p class=\"article__intro\">L&rsquo;Organisation de lib\u00e9ration de la Palestine (OLP), fond\u00e9e en 1964, se consid\u00e8re comme le repr\u00e9sentant l\u00e9gitime des int\u00e9r\u00eats des Palestiniens.<\/p>\n\n<figure class=\"wp-block-image size-full\"><img loading=\"lazy\" decoding=\"async\" width=\"1024\" height=\"600\" src=\"https:\/\/fokusisrael.ch\/wp-content\/uploads\/2025\/03\/PLO_Eddie-Gerald-Alamy-Stock-Foto.jpg\" alt=\"Mur avec les figures peintes de Mahmoud Abbas, chef de l'Autorit&#xE9; palestinienne, et de Yasser Arafat, dirigeant politique palestinien et pr&#xE9;sident de l'Organisation de lib&#xE9;ration de la Palestine (OLP).\" class=\"wp-image-761\" srcset=\"https:\/\/fokusisrael.ch\/wp-content\/uploads\/2025\/03\/PLO_Eddie-Gerald-Alamy-Stock-Foto.jpg 1024w, https:\/\/fokusisrael.ch\/wp-content\/uploads\/2025\/03\/PLO_Eddie-Gerald-Alamy-Stock-Foto-300x176.jpg 300w, https:\/\/fokusisrael.ch\/wp-content\/uploads\/2025\/03\/PLO_Eddie-Gerald-Alamy-Stock-Foto-768x450.jpg 768w\" sizes=\"auto, (max-width: 1024px) 100vw, 1024px\" \/><figcaption class=\"wp-element-caption\">Mur avec les figures peintes de Mahmoud Abbas, chef de l&rsquo;Autorit\u00e9 palestinienne, et de Yasser Arafat, dirigeant politique palestinien et pr\u00e9sident de l&rsquo;Organisation de lib\u00e9ration de la Palestine (OLP). <span class=\"image-meta\">&copy; Eddie Gerald  Alamy Stock Foto<\/span><\/figcaption><\/figure>\n\n<p>Dans sa charte de 1968, l&rsquo;OLP affirme qu&rsquo;elle veut d\u00e9truire Isra\u00ebl et que son objectif est de d\u00e9truire Isra\u00ebl. Ainsi, un \u00c9tat-nation doit \u00eatre \u00e9tabli pour les Palestiniens sur l&rsquo;ancien territoire sous mandat britannique de la Palestine. La charte qualifiait la <a href=\"https:\/\/de.wikipedia.org\/wiki\/Balfour-Deklaration\" target=\"_blank\" rel=\"noreferrer noopener\">d\u00e9claration Balfour<\/a> et le mandat sur la Palestine de \u00ab\u00a0nuls et non avenus\u00a0\u00bb, la partition de la Palestine en 1947 et la cr\u00e9ation de l&rsquo;\u00c9tat <a href=\"https:\/\/www.wissen.de\/lexikon\/israel-laenderkunde\" target=\"_blank\" rel=\"noreferrer noopener\">d&rsquo;Isra\u00ebl<\/a> de \u00ab\u00a0totalement ill\u00e9gales\u00a0\u00bb et la lutte arm\u00e9e de \u00ab\u00a0seul moyen de lib\u00e9rer la Palestine\u00a0\u00bb.  <\/p>\n\n<p>  Dans les ann\u00e9es 1970 en particulier, l&rsquo;OLP a commis de nombreux attentats en Isra\u00ebl et \u00e0 l&rsquo;\u00e9tranger. Dans le cadre du <a href=\"https:\/\/de.wikipedia.org\/wiki\/Oslo-Friedensprozess\" target=\"_blank\" rel=\"noreferrer noopener\">processus de paix<\/a> avec Isra\u00ebl lanc\u00e9 \u00e0 Oslo en 1993, l&rsquo;OLP s&rsquo;est engag\u00e9e \u00e0 supprimer l&rsquo;objectif de \u00ab\u00a0destruction d&rsquo;Isra\u00ebl\u00a0\u00bb qui figurait jusqu&rsquo;alors dans sa charte. En 1998, <a href=\"https:\/\/de.wikipedia.org\/wiki\/Jassir_Arafat\" target=\"_blank\" rel=\"noreferrer noopener\">Yasser Arafat<\/a>, qui avait pris la pr\u00e9sidence de l&rsquo;OLP en 1969, a assur\u00e9 dans une lettre au pr\u00e9sident am\u00e9ricain de l&rsquo;\u00e9poque, Bill Clinton, que l&rsquo;OLP avait modifi\u00e9 sa charte et supprim\u00e9 les appels \u00e0 la destruction d&rsquo;Isra\u00ebl. Le Conseil national palestinien a approuv\u00e9 cette suppression \u00e0 une nette majorit\u00e9 lors d&rsquo;un vote en 1996 et a confirm\u00e9 cette d\u00e9cision en 1998 en pr\u00e9sence du pr\u00e9sident Clinton. Mais comme l&rsquo;OLP n&rsquo;a jamais publi\u00e9 de nouvelle version de sa charte depuis lors, il n&rsquo;est pas certain que le passage sur la destruction planifi\u00e9e d&rsquo;Isra\u00ebl ait \u00e9t\u00e9 effectivement supprim\u00e9, comme cela avait \u00e9t\u00e9 promis lors des n\u00e9gociations de paix d&rsquo;Oslo.   <\/p>\n\n<p>Depuis novembre 2004 <a href=\"https:\/\/de.wikipedia.org\/wiki\/Mahmud_Abbas\" target=\"_blank\" rel=\"noreferrer noopener\">, Mahmoud Abbas<\/a> est le pr\u00e9sident de l&rsquo;OLP. Il s&rsquo;est r\u00e9guli\u00e8rement distingu\u00e9 par des d\u00e9clarations antis\u00e9mites. Comme son pr\u00e9d\u00e9cesseur Yasser Arafat, il dirige \u00e0 la fois l&rsquo;OLP, le Fatah et l&rsquo;Autorit\u00e9 palestinienne.  <\/p>\n\n<p>En prenant en charge l&rsquo;administration de la Cisjordanie (et de Gaza jusqu&rsquo;\u00e0 son \u00e9viction par le Hamas en 2007), comme convenu dans le cadre du processus de paix d&rsquo;Oslo, l&rsquo;OLP s&rsquo;est progressivement d\u00e9tourn\u00e9e de la lutte arm\u00e9e contre Isra\u00ebl. La partie radicale des Palestiniens l&rsquo;accuse donc aujourd&rsquo;hui de faiblesse et penche vers le Hamas. Une grande partie de la population palestinienne est \u00e9galement critique \u00e0 l&rsquo;\u00e9gard de l&rsquo;OLP et de l&rsquo;Autorit\u00e9 palestinienne qu&rsquo;elle contr\u00f4le en raison de la corruption qui s\u00e9vit dans ses rangs. Mais gr\u00e2ce \u00e0 sa mod\u00e9ration, l&rsquo;OLP est devenue le seul interlocuteur reconnu d&rsquo;Isra\u00ebl, m\u00eame si les n\u00e9gociations entre les deux parties sur un \u00c9tat palestinien ind\u00e9pendant, entam\u00e9es en 1993, sont au point mort depuis le d\u00e9but des ann\u00e9es 2000.   <\/p>\n","protected":false},"excerpt":{"rendered":"<p>L&rsquo;Organisation de lib\u00e9ration de la Palestine (OLP), fond\u00e9e en 1964, se consid\u00e8re comme le repr\u00e9sentant l\u00e9gitime des int\u00e9r\u00eats des Palestiniens. Dans sa charte de 1968, l&rsquo;OLP affirme qu&rsquo;elle veut d\u00e9truire Isra\u00ebl et que son objectif est de d\u00e9truire Isra\u00ebl. Ainsi, un \u00c9tat-nation doit \u00eatre \u00e9tabli pour les Palestiniens sur l&rsquo;ancien territoire sous mandat britannique de [&hellip;]<\/p>\n","protected":false},"author":2,"featured_media":2357,"parent":2730,"menu_order":0,"comment_status":"closed","ping_status":"closed","template":"","meta":{"_hide_socialbar":"","footnotes":""},"categories":[],"tags":[385,394],"class_list":["post-2697","page","type-page","status-publish","has-post-thumbnail","hentry","tag-organisations-terroristes","tag-plo-fr"],"aioseo_notices":[],"_links":{"self":[{"href":"https:\/\/fokusisrael.ch\/fr\/wp-json\/wp\/v2\/pages\/2697","targetHints":{"allow":["GET"]}}],"collection":[{"href":"https:\/\/fokusisrael.ch\/fr\/wp-json\/wp\/v2\/pages"}],"about":[{"href":"https:\/\/fokusisrael.ch\/fr\/wp-json\/wp\/v2\/types\/page"}],"author":[{"embeddable":true,"href":"https:\/\/fokusisrael.ch\/fr\/wp-json\/wp\/v2\/users\/2"}],"replies":[{"embeddable":true,"href":"https:\/\/fokusisrael.ch\/fr\/wp-json\/wp\/v2\/comments?post=2697"}],"version-history":[{"count":3,"href":"https:\/\/fokusisrael.ch\/fr\/wp-json\/wp\/v2\/pages\/2697\/revisions"}],"predecessor-version":[{"id":5267,"href":"https:\/\/fokusisrael.ch\/fr\/wp-json\/wp\/v2\/pages\/2697\/revisions\/5267"}],"up":[{"embeddable":true,"href":"https:\/\/fokusisrael.ch\/fr\/wp-json\/wp\/v2\/pages\/2730"}],"wp:featuredmedia":[{"embeddable":true,"href":"https:\/\/fokusisrael.ch\/fr\/wp-json\/wp\/v2\/media\/2357"}],"wp:attachment":[{"href":"https:\/\/fokusisrael.ch\/fr\/wp-json\/wp\/v2\/media?parent=2697"}],"wp:term":[{"taxonomy":"category","embeddable":true,"href":"https:\/\/fokusisrael.ch\/fr\/wp-json\/wp\/v2\/categories?post=2697"},{"taxonomy":"post_tag","embeddable":true,"href":"https:\/\/fokusisrael.ch\/fr\/wp-json\/wp\/v2\/tags?post=2697"}],"curies":[{"name":"wp","href":"https:\/\/api.w.org\/{rel}","templated":true}]}}