{"id":2694,"date":"2024-01-26T10:25:00","date_gmt":"2024-01-26T09:25:00","guid":{"rendered":"https:\/\/fokusisrael.ch\/le-systeme-gouvernemental-et-judiciaire\/"},"modified":"2025-10-15T13:38:10","modified_gmt":"2025-10-15T11:38:10","slug":"le-systeme-gouvernemental-et-judiciaire","status":"publish","type":"page","link":"https:\/\/fokusisrael.ch\/fr\/israel-et-le-moyen-orient\/le-systeme-gouvernemental-et-judiciaire\/","title":{"rendered":"Le syst\u00e8me gouvernemental et judiciaire"},"content":{"rendered":"\n<p class=\"article__intro\">Isra\u00ebl est une d\u00e9mocratie parlementaire avec un syst\u00e8me monocam\u00e9ral. Le parlement se r\u00e9unit \u00e0 J\u00e9rusalem, compte 120 d\u00e9put\u00e9s et s&rsquo;appelle la Knesset. Les d\u00e9put\u00e9s sont \u00e9lus au scrutin proportionnel sur la base de listes de partis. Tous les partis qui obtiennent au moins 3,25% des voix lors des \u00e9lections quadriennales ont le droit d&rsquo;\u00eatre repr\u00e9sent\u00e9s \u00e0 la Knesset. Ce seuil peu \u00e9lev\u00e9 a pour cons\u00e9quence que le paysage politique isra\u00e9lien est tr\u00e8s fragment\u00e9.    <\/p>\n\n<figure class=\"wp-block-image size-full\"><img loading=\"lazy\" decoding=\"async\" width=\"1024\" height=\"600\" src=\"https:\/\/fokusisrael.ch\/wp-content\/uploads\/2025\/03\/Demo_Yoav-Aziz-unsplash.jpg\" alt=\"Une manifestation passionn&#xE9;e dans une ville isra&#xE9;lienne, avec des gens tenant des pancartes avec des textes en h&#xE9;breu, au milieu d'immeubles urbains, par une journ&#xE9;e ensoleill&#xE9;e.\" class=\"wp-image-830\" srcset=\"https:\/\/fokusisrael.ch\/wp-content\/uploads\/2025\/03\/Demo_Yoav-Aziz-unsplash.jpg 1024w, https:\/\/fokusisrael.ch\/wp-content\/uploads\/2025\/03\/Demo_Yoav-Aziz-unsplash-300x176.jpg 300w, https:\/\/fokusisrael.ch\/wp-content\/uploads\/2025\/03\/Demo_Yoav-Aziz-unsplash-768x450.jpg 768w\" sizes=\"auto, (max-width: 1024px) 100vw, 1024px\" \/><figcaption class=\"wp-element-caption\"> <span class=\"image-meta\">&copy;<a href=\"https:\/\/unsplash.com\/de\/@yoavaziz?utm_content=creditCopyText&#038;utm_medium=referral&#038;utm_source=unsplash\" target=\"_blank\" rel=\"noopener\">Yoav Aziz<\/a> <a href=\"https:\/\/unsplash.com\/de\/fotos\/eine-grosse-gruppe-von-menschen-die-fahnen-vor-einer-menschenmenge-halten-8mEbvFWLtfI?utm_content=creditCopyText&#038;utm_medium=referral&#038;utm_source=unsplash\" target=\"_blank\" rel=\"noopener\">Unsplash<\/a><\/span><\/figure><\/figcaption>\n\n<p>Le chef repr\u00e9sentatif d&rsquo;Isra\u00ebl est le Pr\u00e9sident de la R\u00e9publique, \u00e9lu par la Knesset pour un mandat de sept ans. Apr\u00e8s les \u00e9lections \u00e0 la Knesset, le pr\u00e9sident de la R\u00e9publique charge le chef du parti ayant obtenu le plus grand nombre de mandats de d\u00e9put\u00e9s de former un nouveau gouvernement. En raison de la forte fragmentation des forces politiques au Parlement, Isra\u00ebl est toujours gouvern\u00e9 par des gouvernements de coalition compos\u00e9s de repr\u00e9sentants de diff\u00e9rents partis (voir Partis et alliances de partis \u00e0 la Knesset). Le chef du gouvernement occupe le poste de Premier ministre. Le gouvernement dispose de pouvoirs \u00e9tendus, mais peut \u00eatre remis en cause par la Cour supr\u00eame.    <\/p>\n\n<p>Isra\u00ebl dispose d&rsquo;un syst\u00e8me judiciaire la\u00efc \u00e0 trois niveaux et de tribunaux appartenant aux diff\u00e9rentes communaut\u00e9s religieuses. La Cour supr\u00eame du pays (Supreme Court of Israel), situ\u00e9e \u00e0 J\u00e9rusalem, rev\u00eat une grande importance. Cela s&rsquo;explique par le fait qu&rsquo;Isra\u00ebl n&rsquo;a pas encore de constitution \u00e0 proprement parler, comme la Suisse par exemple. Les principales bases juridiques sont la D\u00e9claration d&rsquo;ind\u00e9pendance de 1948 et douze lois dites \u00ab\u00a0fondamentales\u00a0\u00bb, adopt\u00e9es entre 1958 et 2018, qui traitent des principes fondamentaux de l&rsquo;\u00c9tat, par exemple sur le parlement et le gouvernement, le budget de l&rsquo;\u00c9tat, l&rsquo;arm\u00e9e, la libert\u00e9 et la dignit\u00e9 humaine, etc.   <br \/> <br \/>Les nouvelles lois et les d\u00e9cisions du gouvernement peuvent \u00eatre examin\u00e9es et rejet\u00e9es par la Cour supr\u00eame si elle estime qu&rsquo;elles sont contraires \u00e0 l&rsquo;une des douze lois fondamentales. En juillet 2023, le Parlement a adopt\u00e9 une loi retirant ce pouvoir \u00e0 la Cour supr\u00eame. Cette d\u00e9cision parlementaire a entra\u00een\u00e9 des manifestations populaires massives jusqu&rsquo;au d\u00e9but de la guerre de Gaza en octobre 2023. Le 1er janvier 2024, la Cour supr\u00eame a jug\u00e9 que la d\u00e9cision du Parlement de juillet 2023 \u00e9tait nulle et non avenue.<br \/> <br \/>Les questions juridiques relatives au mariage et au divorce, \u00e0 la tutelle, \u00e0 la pension alimentaire ou \u00e0 l&rsquo;adoption sont tranch\u00e9es en Isra\u00ebl par les tribunaux des communaut\u00e9s religieuses concern\u00e9es. Pour les juifs, ce sont des tribunaux rabbiniques et pour les musulmans, des tribunaux de la charia. Les Druzes et les communaut\u00e9s chr\u00e9tiennes reconnues en Isra\u00ebl disposent \u00e9galement de telles institutions. La conception juridique de ces tribunaux est en contradiction avec la conception juridique la\u00efque en ce qui concerne l&rsquo;\u00e9galit\u00e9 des sexes ou les questions relatives \u00e0 l&rsquo;homosexualit\u00e9. La libert\u00e9 de religion pr\u00e9vaut ici.       <\/p>\n\n<h3 class=\"wp-block-heading\"><strong>Partis politiques et alliances de partis de la Knesset<\/strong><\/h3>\n\n<p><a href=\"https:\/\/www.likud.org.il\/en\/\" target=\"_blank\" rel=\"noreferrer noopener\"><strong>Likoud<\/strong><\/a> (droite nationale)<\/p>\n\n<p><a href=\"https:\/\/en.wikipedia.org\/wiki\/Yesh_Atid\" target=\"_blank\" rel=\"noreferrer noopener\"><strong>Yesh Atid<\/strong><\/a> (parti lib\u00e9ral du centre)<\/p>\n\n<p><a href=\"https:\/\/zionutdatit.org.il\/en\/about\/\" target=\"_blank\" rel=\"noreferrer noopener\"><strong>HaTzionut HaDatit<\/strong><\/a> (alliance de partis religieux de droite)<\/p>\n\n<p><a href=\"https:\/\/de.wikipedia.org\/wiki\/HaMahane_HaMamlachti\" target=\"_blank\" rel=\"noreferrer noopener\"><strong>HaMachane HaMamlachti<\/strong><\/a> (sioniste lib\u00e9ral)<\/p>\n\n<p><a href=\"https:\/\/de.wikipedia.org\/wiki\/Demokratische_Partei_(Israel)\" target=\"_blank\" rel=\"noopener\" title=\"\"><strong>HaDemokratim<\/strong><\/a> (sioniste, social-d\u00e9mocrate)<\/p>\n\n<p><a href=\"https:\/\/de.wikipedia.org\/wiki\/Schas#:~:text=Schas%20(hebr%C3%A4isch%20%D7%A9%D7%B4%D7%A1,Interessen%20der%20religi%C3%B6sen%20sephardischen%20Juden.\" target=\"_blank\" rel=\"noreferrer noopener\"><strong>Shas<\/strong><\/a> (s\u00e9pharade ultra-orthodoxe)<\/p>\n\n<p><a href=\"https:\/\/de.wikipedia.org\/wiki\/Vereinigtes_Thora-Judentum\" target=\"_blank\" rel=\"noreferrer noopener\"><strong>Juda\u00efsme unifi\u00e9 de la Torah<\/strong><\/a> (alliance de partis politiques ask\u00e9nazes-ultraorthodoxes)<\/p>\n\n<p><a href=\"https:\/\/de.wikipedia.org\/wiki\/Jisra%E2%80%99el_Beitenu\" target=\"_blank\" rel=\"noreferrer noopener\"><strong>Isra\u00ebl Beitenu<\/strong><\/a> (la\u00efque-nationaliste)<\/p>\n\n<p><a href=\"https:\/\/de.wikipedia.org\/wiki\/Vereinigte_Arabische_Liste\" target=\"_blank\" rel=\"noreferrer noopener\"><strong>Ra&rsquo;am<\/strong><\/a> (Liste arabe unifi\u00e9e, antisioniste)<\/p>\n\n<p><a href=\"https:\/\/de.wikipedia.org\/wiki\/Ta%27al\" target=\"_blank\" rel=\"noreferrer noopener\"><strong>Ta-al<\/strong> <\/a>(parti arabe)<\/p>\n\n<p><\/p>\n\n<p><\/p>\n","protected":false},"excerpt":{"rendered":"<p>Isra\u00ebl est une d\u00e9mocratie parlementaire avec un syst\u00e8me monocam\u00e9ral. Le parlement se r\u00e9unit \u00e0 J\u00e9rusalem, compte 120 d\u00e9put\u00e9s et s&rsquo;appelle la Knesset. Les d\u00e9put\u00e9s sont \u00e9lus au scrutin proportionnel sur la base de listes de partis. Tous les partis qui obtiennent au moins 3,25% des voix lors des \u00e9lections quadriennales ont le droit d&rsquo;\u00eatre repr\u00e9sent\u00e9s [&hellip;]<\/p>\n","protected":false},"author":2,"featured_media":2379,"parent":2802,"menu_order":0,"comment_status":"closed","ping_status":"closed","template":"","meta":{"_hide_socialbar":"","footnotes":""},"categories":[],"tags":[],"class_list":["post-2694","page","type-page","status-publish","has-post-thumbnail","hentry"],"aioseo_notices":[],"_links":{"self":[{"href":"https:\/\/fokusisrael.ch\/fr\/wp-json\/wp\/v2\/pages\/2694","targetHints":{"allow":["GET"]}}],"collection":[{"href":"https:\/\/fokusisrael.ch\/fr\/wp-json\/wp\/v2\/pages"}],"about":[{"href":"https:\/\/fokusisrael.ch\/fr\/wp-json\/wp\/v2\/types\/page"}],"author":[{"embeddable":true,"href":"https:\/\/fokusisrael.ch\/fr\/wp-json\/wp\/v2\/users\/2"}],"replies":[{"embeddable":true,"href":"https:\/\/fokusisrael.ch\/fr\/wp-json\/wp\/v2\/comments?post=2694"}],"version-history":[{"count":3,"href":"https:\/\/fokusisrael.ch\/fr\/wp-json\/wp\/v2\/pages\/2694\/revisions"}],"predecessor-version":[{"id":5266,"href":"https:\/\/fokusisrael.ch\/fr\/wp-json\/wp\/v2\/pages\/2694\/revisions\/5266"}],"up":[{"embeddable":true,"href":"https:\/\/fokusisrael.ch\/fr\/wp-json\/wp\/v2\/pages\/2802"}],"wp:featuredmedia":[{"embeddable":true,"href":"https:\/\/fokusisrael.ch\/fr\/wp-json\/wp\/v2\/media\/2379"}],"wp:attachment":[{"href":"https:\/\/fokusisrael.ch\/fr\/wp-json\/wp\/v2\/media?parent=2694"}],"wp:term":[{"taxonomy":"category","embeddable":true,"href":"https:\/\/fokusisrael.ch\/fr\/wp-json\/wp\/v2\/categories?post=2694"},{"taxonomy":"post_tag","embeddable":true,"href":"https:\/\/fokusisrael.ch\/fr\/wp-json\/wp\/v2\/tags?post=2694"}],"curies":[{"name":"wp","href":"https:\/\/api.w.org\/{rel}","templated":true}]}}