{"id":2691,"date":"2024-01-23T07:08:00","date_gmt":"2024-01-23T06:08:00","guid":{"rendered":"https:\/\/fokusisrael.ch\/comment-le-hamas-nuit-a-sa-propre-population-a-gaza\/"},"modified":"2025-10-15T13:37:53","modified_gmt":"2025-10-15T11:37:53","slug":"comment-le-hamas-nuit-a-sa-propre-population-a-gaza","status":"publish","type":"page","link":"https:\/\/fokusisrael.ch\/fr\/les-palestiniens\/comment-le-hamas-nuit-a-sa-propre-population-a-gaza\/","title":{"rendered":"Comment le Hamas nuit \u00e0 sa propre population \u00e0 Gaza"},"content":{"rendered":"\n<figure class=\"wp-block-image size-full\"><img loading=\"lazy\" decoding=\"async\" width=\"1024\" height=\"600\" src=\"https:\/\/fokusisrael.ch\/wp-content\/uploads\/2025\/03\/Hamas-schadet_Abaca-Press-Alamy-Stock-Foto-1.jpg\" alt=\"Une mosqu&#xE9;e d&#xE9;truite par des frappes a&#xE9;riennes isra&#xE9;liennes le 9 novembre 2023 pr&#xE8;s de Khan Yunis dans la bande de Gaza\" class=\"wp-image-855\" srcset=\"https:\/\/fokusisrael.ch\/wp-content\/uploads\/2025\/03\/Hamas-schadet_Abaca-Press-Alamy-Stock-Foto-1.jpg 1024w, https:\/\/fokusisrael.ch\/wp-content\/uploads\/2025\/03\/Hamas-schadet_Abaca-Press-Alamy-Stock-Foto-1-300x176.jpg 300w, https:\/\/fokusisrael.ch\/wp-content\/uploads\/2025\/03\/Hamas-schadet_Abaca-Press-Alamy-Stock-Foto-1-768x450.jpg 768w\" sizes=\"auto, (max-width: 1024px) 100vw, 1024px\" \/><figcaption class=\"wp-element-caption\">Une mosqu\u00e9e d\u00e9truite par des frappes a\u00e9riennes isra\u00e9liennes le 9 novembre 2023 pr\u00e8s de Khan Yunis dans la bande de Gaza <span class=\"image-meta\">&copy; Abaca Press  Alamy Stock Foto<\/span><\/figcaption><\/figure>\n\n<h2 class=\"wp-block-heading\">La population civile est un moyen pour le Hamas de parvenir \u00e0 ses fins  <\/h2>\n\n<ul class=\"wp-block-list\">\n<li>Le Hamas m\u00e9lange d\u00e9lib\u00e9r\u00e9ment et syst\u00e9matiquement ses bases d&rsquo;attaque avec les infrastructures civiles de Gaza. Il utilise les h\u00f4pitaux comme centre de commandement et de contr\u00f4le des activit\u00e9s militaires et comme d\u00e9p\u00f4t d&rsquo;armes. Il utilise des \u00e9coles pour la production d&rsquo;armes. Elle utilise des infrastructures civiles critiques (approvisionnement en \u00e9lectricit\u00e9 et en eau) pour prot\u00e9ger les rampes de lancement de roquettes.     <\/li>\n\n\n\n<li>Le Hamas <a href=\"https:\/\/www.youtube.com\/watch?v=WwL3fxDi774\">pille les convois<\/a> d <a href=\"https:\/\/www.youtube.com\/watch?v=NBjvYkNzuAA\">&lsquo;aide<\/a> \u00e0 la population civile. Il a vol\u00e9 <a href=\"https:\/\/unwatch.org\/unrwa-reports-hamas-stole-humanitarian-aid-hillel-neuer-on-i24-news\/\" target=\"_blank\" rel=\"noreferrer noopener\">du carburant dans les entrep\u00f4ts de l&rsquo;ONU<\/a> et, <a href=\"https:\/\/www.ajc.org\/news\/7-ways-hamas-exploits-palestinian-civilians-in-gaza\">pendant de nombreuses ann\u00e9es,<\/a> a d\u00e9tourn\u00e9 des fonds d&rsquo;organisations humanitaires et utilis\u00e9 pour la construction de tunnels des mat\u00e9riaux qui auraient d\u00fb \u00eatre utilis\u00e9s pour construire des infrastructures au b\u00e9n\u00e9fice de la population.   <\/li>\n\n\n\n<li>Le Hamas <a href=\"https:\/\/www.youtube.com\/watch?v=WVmUYw8llxY\">a activement contourn\u00e9 les appels et les efforts de Tsahal et du gouvernement isra\u00e9lien pour \u00e9vacuer la population civile<\/a> et a plut\u00f4t utilis\u00e9 sa propre population comme bouclier humain, ce qui g\u00e9n\u00e8re en outre des images qui peuvent \u00eatre utilis\u00e9es \u00e0 des fins de propagande.  <\/li>\n\n\n\n<li>Le Hamas a endommag\u00e9 les propres infrastructures civiles de Gaza.  <\/li>\n\n\n\n<li>Depuis le 7 octobre 2023, le Hamas et d&rsquo;autres organisations de fa\u00e7ade sont responsables de plus de 1 900 roquettes mal dirig\u00e9es \u00e0 Gaza, qui ont fait de nombreux morts et bless\u00e9s.  <\/li>\n\n\n\n<li>Le 7 octobre 2023, neuf des dix lignes \u00e9lectriques en provenance d&rsquo;Isra\u00ebl et une ligne d&rsquo;eau en provenance d&rsquo;Isra\u00ebl ont \u00e9t\u00e9 bombard\u00e9es par le Hamas.  <\/li>\n\n\n\n<li>Le Hamas a pris pour cible le point de passage de Kerem Shalom dans le sud de Gaza, qui est central pour l&rsquo;acheminement des marchandises et de l&rsquo;aide vers Gaza.  <\/li>\n\n\n\n<li>Le Hamas a plac\u00e9 des engins explosifs dans de nombreuses installations civiles \u00e0 Gaza, y compris dans des \u00e9coles, afin d&rsquo;attaquer les forces terrestres de Tsahal. (Situation au 16 d\u00e9cembre 2023)   <\/li>\n<\/ul>\n","protected":false},"excerpt":{"rendered":"<p>La population civile est un moyen pour le Hamas de parvenir \u00e0 ses fins<\/p>\n","protected":false},"author":2,"featured_media":2387,"parent":2769,"menu_order":0,"comment_status":"closed","ping_status":"closed","template":"","meta":{"_hide_socialbar":"","footnotes":""},"categories":[],"tags":[379,393],"class_list":["post-2691","page","type-page","status-publish","has-post-thumbnail","hentry","tag-gaza-fr","tag-hamas-fr"],"aioseo_notices":[],"_links":{"self":[{"href":"https:\/\/fokusisrael.ch\/fr\/wp-json\/wp\/v2\/pages\/2691","targetHints":{"allow":["GET"]}}],"collection":[{"href":"https:\/\/fokusisrael.ch\/fr\/wp-json\/wp\/v2\/pages"}],"about":[{"href":"https:\/\/fokusisrael.ch\/fr\/wp-json\/wp\/v2\/types\/page"}],"author":[{"embeddable":true,"href":"https:\/\/fokusisrael.ch\/fr\/wp-json\/wp\/v2\/users\/2"}],"replies":[{"embeddable":true,"href":"https:\/\/fokusisrael.ch\/fr\/wp-json\/wp\/v2\/comments?post=2691"}],"version-history":[{"count":3,"href":"https:\/\/fokusisrael.ch\/fr\/wp-json\/wp\/v2\/pages\/2691\/revisions"}],"predecessor-version":[{"id":5265,"href":"https:\/\/fokusisrael.ch\/fr\/wp-json\/wp\/v2\/pages\/2691\/revisions\/5265"}],"up":[{"embeddable":true,"href":"https:\/\/fokusisrael.ch\/fr\/wp-json\/wp\/v2\/pages\/2769"}],"wp:featuredmedia":[{"embeddable":true,"href":"https:\/\/fokusisrael.ch\/fr\/wp-json\/wp\/v2\/media\/2387"}],"wp:attachment":[{"href":"https:\/\/fokusisrael.ch\/fr\/wp-json\/wp\/v2\/media?parent=2691"}],"wp:term":[{"taxonomy":"category","embeddable":true,"href":"https:\/\/fokusisrael.ch\/fr\/wp-json\/wp\/v2\/categories?post=2691"},{"taxonomy":"post_tag","embeddable":true,"href":"https:\/\/fokusisrael.ch\/fr\/wp-json\/wp\/v2\/tags?post=2691"}],"curies":[{"name":"wp","href":"https:\/\/api.w.org\/{rel}","templated":true}]}}