{"id":2688,"date":"2024-01-28T07:51:00","date_gmt":"2024-01-28T06:51:00","guid":{"rendered":"https:\/\/fokusisrael.ch\/pourquoi-israel-reussit-en-tant-que-nation-de-start-up\/"},"modified":"2025-10-15T13:38:10","modified_gmt":"2025-10-15T11:38:10","slug":"pourquoi-israel-reussit-en-tant-que-nation-de-start-up","status":"publish","type":"page","link":"https:\/\/fokusisrael.ch\/fr\/israel-et-le-moyen-orient\/pourquoi-israel-reussit-en-tant-que-nation-de-start-up\/","title":{"rendered":"Pourquoi Isra\u00ebl r\u00e9ussit en tant que nation de start-up"},"content":{"rendered":"\n<h2 class=\"wp-block-heading\">Affirmation<\/h2>\n\n<p><strong>Isra\u00ebl est une grande puissance dans le secteur de la haute technologie.<\/strong><\/p>\n\n<figure class=\"wp-block-image size-full\"><img loading=\"lazy\" decoding=\"async\" width=\"1024\" height=\"600\" src=\"https:\/\/fokusisrael.ch\/wp-content\/uploads\/2025\/03\/Tel-Aviv-Skyline_RaphaelQS_Wikipedia.jpg\" alt=\"Skyline de Tel Aviv\" class=\"wp-image-823\" srcset=\"https:\/\/fokusisrael.ch\/wp-content\/uploads\/2025\/03\/Tel-Aviv-Skyline_RaphaelQS_Wikipedia.jpg 1024w, https:\/\/fokusisrael.ch\/wp-content\/uploads\/2025\/03\/Tel-Aviv-Skyline_RaphaelQS_Wikipedia-300x176.jpg 300w, https:\/\/fokusisrael.ch\/wp-content\/uploads\/2025\/03\/Tel-Aviv-Skyline_RaphaelQS_Wikipedia-768x450.jpg 768w\" sizes=\"auto, (max-width: 1024px) 100vw, 1024px\" \/><figcaption class=\"wp-element-caption\">Skyline de Tel Aviv <span class=\"image-meta\">&copy; RaphaelQS  CC BY-SA 4.0<\/span><\/figcaption><\/figure>\n\n<h2 class=\"wp-block-heading\">Les faits<\/h2>\n\n<p>Cette affirmation est correcte. Depuis le milieu des ann\u00e9es 1980, Isra\u00ebl n&rsquo;a cess\u00e9 de se d\u00e9velopper pour devenir une grande puissance dans le domaine de la haute technologie. La technologie isra\u00e9lienne est pr\u00e9sente dans tous les smartphones et dans de nombreuses voitures. Mais le pays fait \u00e9galement partie des leaders mondiaux dans le domaine de l&rsquo;agriculture ou du d\u00e9veloppement de nouveaux produits alimentaires, ainsi que dans le domaine de la technologie militaire et de s\u00e9curit\u00e9, et fournit des entreprises et des \u00c9tats dans le monde entier. L&rsquo;arm\u00e9e isra\u00e9lienne, les Forces de d\u00e9fense d&rsquo;Isra\u00ebl (IDF), ont jou\u00e9 un r\u00f4le essentiel dans ce d\u00e9veloppement.    <\/p>\n\n<p>Si vous prenez l&rsquo;autoroute vers le nord depuis la plus grande ville d&rsquo;Isra\u00ebl, la m\u00e9tropole c\u00f4ti\u00e8re de Tel Aviv, avec sa ligne d&rsquo;horizon qui rappelle Singapour ou Seattle, vous pensez \u00eatre aux Etats-Unis. Google, Microsoft, Intel, Amazon, Apple s&rsquo;affichent en grosses lettres sur les fa\u00e7ades des immeubles modernes qui bordent la route en direction de Ha\u00effa. Mais de nombreux noms, inconnus chez nous, s&rsquo;affichent \u00e9galement sur les maisons. Ils appartiennent \u00e0 des entreprises technologiques isra\u00e9liennes.   <br \/><br \/>Bienvenue dans le \u00ab\u00a0Silicon Wadi\u00a0\u00bb, le troisi\u00e8me site le plus important au monde pour les <a href=\"https:\/\/innovationisrael.org.il\/en\/wp-content\/uploads\/sites\/3\/2023\/07\/2023-The-state-of-High-Tech.pdf\" target=\"_blank\" rel=\"noopener\" title=\"\">start-up high-tech<\/a>. En effet, seuls San Francisco en Californie et New York abritent des centres de haute technologie plus importants que la r\u00e9gion c\u00f4ti\u00e8re autour de Tel Aviv.<br \/>Le terme \u00ab\u00a0Silicon Wadi\u00a0\u00bb provient sans surprise du site de haute technologie le plus connu au monde, la Silicon Valley pr\u00e8s de San Francisco. Wadi signifie \u00ab\u00a0vall\u00e9e du d\u00e9sert\u00a0\u00bb et est donc la version arabe de l&rsquo;anglais \u00ab\u00a0Valley\u00a0\u00bb.  <br \/><br \/>Mais la Silicon Wadi n&rsquo;est pas la seule \u00e0 regorger de petites, moyennes et grandes entreprises high-tech. On en trouve \u00e9galement dans d&rsquo;autres r\u00e9gions du pays. <\/p>\n\n<figure class=\"wp-block-image size-full\"><img loading=\"lazy\" decoding=\"async\" width=\"1024\" height=\"600\" src=\"https:\/\/fokusisrael.ch\/wp-content\/uploads\/2025\/03\/Start-up_Weizmann-Institute.jpg\" alt=\"Deux scientifiques en blouse blanche travaillent sur des microscopes dans un laboratoire.\" class=\"wp-image-822\" srcset=\"https:\/\/fokusisrael.ch\/wp-content\/uploads\/2025\/03\/Start-up_Weizmann-Institute.jpg 1024w, https:\/\/fokusisrael.ch\/wp-content\/uploads\/2025\/03\/Start-up_Weizmann-Institute-300x176.jpg 300w, https:\/\/fokusisrael.ch\/wp-content\/uploads\/2025\/03\/Start-up_Weizmann-Institute-768x450.jpg 768w\" sizes=\"auto, (max-width: 1024px) 100vw, 1024px\" \/><figcaption class=\"wp-element-caption\"> <span class=\"image-meta\">&copy; Weizmann Institute<\/span><\/figure><\/figcaption>\n\n<h3 class=\"wp-block-heading\">Focus sur l&rsquo;\u00e9ducation &#8211; Des centres de recherche de classe mondiale<\/h3>\n\n<p>L&rsquo;essor \u00e9conomique d&rsquo;Isra\u00ebl repose sur l&rsquo;excellence de ses universit\u00e9s.<a href=\"https:\/\/english.tau.ac.il\/\" target=\"_blank\" rel=\"noreferrer noopener\"> Le Technion de Ha\u00effa<\/a> est l&rsquo;\u00e9quivalent isra\u00e9lien de l&rsquo;\u00c9cole polytechnique f\u00e9d\u00e9rale de Zurich (ETH) ou de l&rsquo;\u00c9cole polytechnique f\u00e9d\u00e9rale de Lausanne (EPFL). <a href=\"https:\/\/english.tau.ac.il\/\" target=\"_blank\" rel=\"noreferrer noopener\">L&rsquo;universit\u00e9 de Tel Aviv TAU<\/a> et <a href=\"https:\/\/en.huji.ac.il\/\" target=\"_blank\" rel=\"noreferrer noopener\">l&rsquo;universit\u00e9 h\u00e9bra\u00efque de J\u00e9rusalem<\/a> jouissent \u00e9galement d&rsquo;une r\u00e9putation de premier ordre.   <br \/><br \/>Avec l&rsquo;Institut Weizmann, situ\u00e9 \u00e0 Rehovot, dans la banlieue de Tel Aviv, l&rsquo;\u00c9tat h\u00e9breu poss\u00e8de \u00e9galement l&rsquo;un des plus grands instituts de recherche fondamentale au monde. Fond\u00e9 en 1934, l&rsquo;<a href=\"https:\/\/www.weizmann.ac.il\/pages\/about-institute\" target=\"_blank\" rel=\"noreferrer noopener\">Institut Weizmann <\/a>a produit trois laur\u00e9ats du prix Nobel. Il est \u00e9galement bien connect\u00e9 au niveau mondial, par exemple avec l&rsquo;EPF de Zurich ou l&rsquo;Institut Max Planck en Allemagne.  <br \/><br \/>Le haut niveau des \u00e9tablissements d&rsquo;enseignement sup\u00e9rieur et de recherche isra\u00e9liens n&rsquo;est pas le fruit du hasard. Isra\u00ebl investit 7,1 %<a href=\"https:\/\/www.destatis.de\/DE\/Themen\/Laender-Regionen\/Internationales\/Thema\/Tabellen\/Basistabelle_BildAusg.html\" target=\"_blank\" rel=\"noreferrer noopener\"> des d\u00e9penses publiques totales dans l&rsquo;\u00e9ducation<\/a> (2020), plus que la plupart des autres pays. <a href=\"https:\/\/www.cbs.gov.il\/en\/mediarelease\/pages\/2023\/the-national-expenditure-on-civilian-rd-2022.aspx\" target=\"_blank\" rel=\"noreferrer noopener\">En 2022, le pays a investi dans la recherche et le d\u00e9veloppement 6,1 % du produit int\u00e9rieur brut (PIB)<\/a>, c&rsquo;est-\u00e0-dire de tous les biens et services produits dans le pays (2022). <br \/><br \/>Cela porte ses fruits. Selon le <a href=\"https:\/\/www.wipo.int\/global_innovation_index\/en\/2023\/\" target=\"_blank\" rel=\"noreferrer noopener\">\u00ab\u00a0Global Innovation Index 2023\u00a0\u00bb<\/a>, Isra\u00ebl se situe au 14e rang mondial en termes de capacit\u00e9 d&rsquo;innovation. Les entreprises innovantes g\u00e9n\u00e8rent des flux financiers importants. Entre 2013 et 2023, les investissements dans les start-up isra\u00e9liennes ont \u00e9t\u00e9 multipli\u00e9s par cinq pour atteindre 95 milliards de dollars (soit environ 83 milliards de francs). Au cours de la derni\u00e8re d\u00e9cennie, la Silicon Wadi s&rsquo;est ainsi hiss\u00e9e parmi les six endroits au monde o\u00f9 les capitaux destin\u00e9s aux start-ups ont \u00e9t\u00e9 les plus importants, et ce dans un pays qui compte \u00e0 peine 9 millions d&rsquo;habitants.    <\/p>\n\n<h3 class=\"wp-block-heading\">De l&rsquo;irrigation goutte \u00e0 goutte \u00e0 la viande \u00e0 base de cellules<\/h3>\n\n<p>Des milliers d&rsquo;innovations qui ont pris pied dans le monde entier sont n\u00e9es en Isra\u00ebl. L&rsquo;irrigation goutte \u00e0 goutte en est un exemple. Cette m\u00e9thode permet d&rsquo;obtenir des r\u00e9coltes jusqu&rsquo;\u00e0 70% plus importantes avec 50% d&rsquo;eau en moins.  <br \/><br \/>Gr\u00e2ce \u00e0 cette m\u00e9thode, le probl\u00e8me de la p\u00e9nurie d&rsquo;eau en Isra\u00ebl, dont 60% du territoire est d\u00e9sertique, appartient d\u00e9sormais au pass\u00e9. Le syst\u00e8me isra\u00e9lien est \u00e9galement utilis\u00e9 dans de nombreuses autres r\u00e9gions du monde souffrant de s\u00e9cheresse. Il a \u00e9t\u00e9 d\u00e9velopp\u00e9 en 1959 par la soci\u00e9t\u00e9 <a href=\"https:\/\/www.netafim.de\/\" target=\"_blank\" rel=\"noreferrer noopener\">Netafim<\/a>, bas\u00e9e \u00e0 Tel Aviv. Gr\u00e2ce \u00e0 six grandes usines de dessalement d&rsquo;eau de mer, qui produisent 70% de l&rsquo;eau potable, le probl\u00e8me de la p\u00e9nurie d&rsquo;eau en Isra\u00ebl appartient aujourd&rsquo;hui au pass\u00e9.     <br \/><br \/>Un autre exemple de d\u00e9veloppement isra\u00e9lien innovant, cette fois dans le domaine m\u00e9dical, est une petite cam\u00e9ra de 26 millim\u00e8tres qui est ins\u00e9r\u00e9e dans une pilule et aval\u00e9e. Cela permet aux m\u00e9decins de mieux examiner l&rsquo;intestin gr\u00eale, difficile d&rsquo;acc\u00e8s. En 2001, la soci\u00e9t\u00e9 <a href=\"http:\/\/medtronicsolutions.medtronic.com\/given-imaging\" target=\"_blank\" rel=\"noreferrer noopener\">Given Imaging<\/a> avait pr\u00e9sent\u00e9 cette mini-cam\u00e9ra au public mondial. En 2015, l&rsquo;entreprise ou son successeur a \u00e9t\u00e9 rachet\u00e9 par le groupe de technologie m\u00e9dicale am\u00e9ricain Medtronic.   <\/p>\n\n<p>L&rsquo;entreprise <a href=\"https:\/\/aleph-farms.com\/journals\/aleph-farms-granted-worlds-first-regulatory-approval-for-cultivated-beef\/\" target=\"_blank\" rel=\"noreferrer noopener\">Aleph Farms<\/a> illustre \u00e9galement l&rsquo;esprit d&rsquo;innovation et l&rsquo;ouverture des Isra\u00e9liens aux nouvelles approches et technologies. Cette start-up, \u00e0 laquelle <a href=\"https:\/\/corporate.migros.ch\/de\/medien\/mitteilungen\/show\/news\/medienmitteilungen\/2019\/aleph-farms~id=3aa48251-b495-4be0-aa95-3861248c63d0~.html\" target=\"_blank\" rel=\"noreferrer noopener\">Migros<\/a> participe depuis 2019, produit de la viande de b\u0153uf \u00e0 base de cellules. Alors que d&rsquo;autres pays se demandent encore si ces produits carn\u00e9s cultiv\u00e9s en laboratoire peuvent \u00eatre propos\u00e9s aux consommateurs, Isra\u00ebl sera le premier pays au monde \u00e0 accorder \u00e0 la startup une licence pour la vente en magasin en janvier 2024.  <br \/><br \/>Parmi les startups isra\u00e9liennes les plus connues au niveau international, on peut citer l&rsquo;<a href=\"https:\/\/www.medtronic.com\/ch-de\/index.html\" target=\"_blank\" rel=\"noreferrer noopener\">application de navigation Waze<\/a>, \u00e9galement utilis\u00e9e par les automobilistes chez nous, le syst\u00e8me d&rsquo;assistance \u00e0 la conduite Mobileye, IronSource pour la publicit\u00e9 mobile ou la technologie de r\u00e9seau de Mellanox Technologies. Ces entreprises sont soit cot\u00e9es au Nasdaq, la bourse des technologies de New York, soit elles ont \u00e9t\u00e9 rachet\u00e9es par d&rsquo;autres soci\u00e9t\u00e9s. <\/p>\n\n<figure class=\"wp-block-image size-full\"><img loading=\"lazy\" decoding=\"async\" width=\"1024\" height=\"600\" src=\"https:\/\/fokusisrael.ch\/wp-content\/uploads\/2025\/03\/Jerusalem-Technology-Park_Eran-talk-contribs-Wikipedia.jpg\" alt=\"Parc technologique de J&#xE9;rusalem\" class=\"wp-image-821\" srcset=\"https:\/\/fokusisrael.ch\/wp-content\/uploads\/2025\/03\/Jerusalem-Technology-Park_Eran-talk-contribs-Wikipedia.jpg 1024w, https:\/\/fokusisrael.ch\/wp-content\/uploads\/2025\/03\/Jerusalem-Technology-Park_Eran-talk-contribs-Wikipedia-300x176.jpg 300w, https:\/\/fokusisrael.ch\/wp-content\/uploads\/2025\/03\/Jerusalem-Technology-Park_Eran-talk-contribs-Wikipedia-768x450.jpg 768w\" sizes=\"auto, (max-width: 1024px) 100vw, 1024px\" \/><figcaption class=\"wp-element-caption\">Parc technologique de J\u00e9rusalem <span class=\"image-meta\">&copy; Eran  CC BY-SA 3.0<\/span><\/figcaption><\/figure>\n\n<h3 class=\"wp-block-heading\">Abandon du socialisme et immigration en provenance d&rsquo;Union sovi\u00e9tique<\/h3>\n\n<p>Face \u00e0 la terreur du 7 octobre 2023, l&rsquo;\u00e9conomie isra\u00e9lienne et son secteur des startups sont plus que jamais \u00e0 la peine. L&rsquo;arm\u00e9e a fait appel \u00e0 plus de 300 000 r\u00e9servistes. Ils manquent d\u00e9sormais \u00e0 l&rsquo;\u00e9conomie et aux jeunes entreprises. <a href=\"https:\/\/www.nzz.ch\/wirtschaft\/startups-in-israel-was-bedeutet-der-krieg-fuer-den-wichtigen-tech-sektor-ld.1771186?reduced=true\" target=\"_blank\" rel=\"noreferrer noopener\">Le terrible acte terroriste dans le sud<\/a> du pays a en outre sem\u00e9 l&rsquo;incertitude parmi les investisseurs. Cela peut \u00eatre probl\u00e9matique pour les jeunes entreprises lors de la lev\u00e9e de fonds.     <br \/><br \/>Et pourtant, il n&rsquo;y a gu\u00e8re d&rsquo;\u00c9tat qui soit aussi capable qu&rsquo;Isra\u00ebl de construire une \u00e9conomie prosp\u00e8re en d\u00e9pit de toutes les r\u00e9sistances &#8211; peut-\u00eatre aussi : \u00e0 cause de ces r\u00e9sistances &#8211; et de cr\u00e9er ainsi de la richesse pour sa population. Normalement, la stabilit\u00e9 politique, la paix et des ressources naturelles suffisantes sont des facteurs d\u00e9terminants pour la construction d&rsquo;une \u00e9conomie prosp\u00e8re. <br \/><br \/>Isra\u00ebl n&rsquo;a rien de tout cela. Pourtant, ce petit pays est aujourd&rsquo;hui l&rsquo;une des premi\u00e8res nations \u00e9conomiques du monde. Le produit int\u00e9rieur brut (PIB) par habitant s&rsquo;\u00e9levait en 2022 \u00e0 <a href=\"https:\/\/data.worldbank.org\/country\/israel\" target=\"_blank\" rel=\"noreferrer noopener\">55&rsquo;000 USD <\/a>(l&rsquo;\u00e9quivalent d&rsquo;environ 47&rsquo;000 CHF). C&rsquo;est plus de dix fois le PIB par habitant des pays voisins comme <a href=\"https:\/\/data.worldbank.org\/country\/egypt-arab-rep\" target=\"_blank\" rel=\"noreferrer noopener\">l&rsquo;Egypte<\/a>, <a href=\"https:\/\/data.worldbank.org\/country\/jordan\" target=\"_blank\" rel=\"noreferrer noopener\">la Jordanie<\/a> et <a href=\"https:\/\/data.worldbank.org\/country\/lebanon\" target=\"_blank\" rel=\"noreferrer noopener\">le Liban<\/a>. Dans ces pays, le PIB par habitant se situe autour de 4 300 USD.    <\/p>\n\n<p>En 2022, la croissance <a href=\"https:\/\/de.statista.com\/statistik\/daten\/studie\/581845\/umfrage\/anteil-der-militaerausgaben-am-bip-in-israel\/\" target=\"_blank\" rel=\"noreferrer noopener\">du PIB r\u00e9el<\/a> en Isra\u00ebl \u00e9tait de 6,5%. La croissance devrait \u00eatre de 3,1% en 2023 et l\u00e9g\u00e8rement sup\u00e9rieure \u00e0 3% en 2024. Ce ralentissement est li\u00e9 \u00e0 la guerre \u00e0 Gaza. Outre le haut niveau de formation d\u00e9j\u00e0 mentionn\u00e9, en particulier dans les domaines techniques, d&rsquo;autres raisons expliquent la success story de l&rsquo;\u00e9conomie isra\u00e9lienne au cours des derni\u00e8res d\u00e9cennies.   <br \/><br \/>L&rsquo;une de ces raisons est l&rsquo;abandon par Isra\u00ebl, au milieu des ann\u00e9es 1980, d&rsquo;une \u00e9conomie socialiste dirig\u00e9e par l&rsquo;\u00c9tat au profit d&rsquo;une \u00e9conomie trop orient\u00e9e vers le march\u00e9. Cette politique a ouvert la voie \u00e0 la transformation d&rsquo;un \u00c9tat agricole en un pays industriel diversifi\u00e9 et de haute technologie. L&rsquo;immigration d&rsquo;un grand nombre de Juifs bien form\u00e9s et hautement qualifi\u00e9s en provenance de l&rsquo;Union sovi\u00e9tique apr\u00e8s son effondrement \u00e0 la fin des ann\u00e9es 1980 et au d\u00e9but des ann\u00e9es 1990 a \u00e9galement eu un effet positif.  <\/p>\n\n<h3 class=\"wp-block-heading\">L&rsquo;arm\u00e9e comme incubateur d&rsquo;experts en haute technologie<\/h3>\n\n<p>Paradoxalement, un autre \u00e9l\u00e9ment important pour la reprise \u00e9conomique est la menace militaire permanente des pays arabes hostiles ainsi que de l&rsquo;Iran et des organisations terroristes qu&rsquo;il soutient.<br \/><br \/>En effet, cette menace constante a conduit l&rsquo;arm\u00e9e isra\u00e9lienne \u00e0 investir et \u00e0 continuer d&rsquo;investir fortement dans la formation de sp\u00e9cialistes dans le domaine informatique et dans le d\u00e9veloppement de nouvelles technologies. \u00ab\u00a0Nous ne devons pas investir dans les muscles des soldats, mais dans leur cerveau\u00a0\u00bb, a d\u00e9clar\u00e9 l&rsquo;ancien Premier ministre isra\u00e9lien et futur pr\u00e9sident Shimon Peres. <br \/><br \/>Pour ce faire, les meilleurs \u00e9l\u00e8ves de chaque classe d&rsquo;\u00e2ge ont la possibilit\u00e9 d&rsquo;effectuer leur service militaire dans des unit\u00e9s sp\u00e9ciales telles que l&rsquo;<a href=\"https:\/\/de.wikipedia.org\/wiki\/Unit_8200\" target=\"_blank\" rel=\"noreferrer noopener\">unit\u00e9 d&rsquo;\u00e9lite Tsahal 8200 <\/a>. Ils y re\u00e7oivent une formation non seulement militaire, mais aussi technique, scientifique et de gestion. En cons\u00e9quence, la dur\u00e9e du service dans cette unit\u00e9 d&rsquo;\u00e9lite de haute technologie est sup\u00e9rieure aux trois ans habituels pour les hommes et aux deux ans pour les femmes. Ce syst\u00e8me ne profite pas seulement \u00e0 l&rsquo;arm\u00e9e ; il augmente \u00e9galement les chances des jeunes hommes et femmes ainsi form\u00e9s lorsqu&rsquo;ils se lancent dans l&rsquo;\u00e9conomie \u00e0 la fin de leur service militaire, souvent en cr\u00e9ant eux-m\u00eames une start-up.   <br \/><br \/>Cela est bon pour l&rsquo;arm\u00e9e et a permis \u00e0 Isra\u00ebl de devenir une grande puissance internationale dans le domaine des technologies militaires et de s\u00e9curit\u00e9. Rafael ou Israel Aerospace Industries sont des fabricants de mat\u00e9riel militaire qui ont des clients dans le monde entier. La Suisse ach\u00e8te \u00e9galement ses derniers drones de reconnaissance en Isra\u00ebl.  <br \/><br \/>L&rsquo;un des d\u00e9veloppements militaires isra\u00e9liens les plus connus est le syst\u00e8me de d\u00e9fense antimissile Iron Dome (D\u00f4me de fer). Ce syst\u00e8me a eu le grand m\u00e9rite de limiter les d\u00e9g\u00e2ts et les pertes humaines caus\u00e9s par les incessantes attaques de roquettes lanc\u00e9es depuis Gaza par les organisations terroristes Hamas et Jihad islamique au cours des derni\u00e8res ann\u00e9es. <\/p>\n\n<p>En 2022, Isra\u00ebl a investi 4,5% de son produit int\u00e9rieur brut (PIB) dans son arm\u00e9e de d\u00e9fense. A titre de comparaison, au sein de l&rsquo;alliance de d\u00e9fense OTAN, de nombreux alli\u00e9s peinent \u00e0 atteindre ne serait-ce que l&rsquo;objectif de 2%.   <\/p>\n\n<h3 class=\"wp-block-heading\">Anti-autoritaire et rebelle comme les Suisses<\/h3>\n\n<p>Un autre \u00e9l\u00e9ment est d\u00e9terminant pour la capacit\u00e9 d&rsquo;innovation de l&rsquo;\u00e9conomie isra\u00e9lienne : les Isra\u00e9liens sont g\u00e9n\u00e9ralement sceptiques \u00e0 l&rsquo;\u00e9gard des autorit\u00e9s et n&rsquo;h\u00e9sitent pas \u00e0 remettre en question, souvent bruyamment, ce que leur disent leurs patrons.<br \/><br \/>Cette qualit\u00e9 est indispensable lorsqu&rsquo;il s&rsquo;agit d&rsquo;innover. En effet, les innovations ne viennent g\u00e9n\u00e9ralement pas d&rsquo;en haut, mais de la base. Mais ce n&rsquo;est que lorsque la base ose remettre en question ce qui lui a \u00e9t\u00e9 impos\u00e9 d&rsquo;en haut qu&rsquo;elle se fait entendre et peut contribuer \u00e0 l&rsquo;innovation avec des id\u00e9es cr\u00e9atives.  <br \/><br \/>De ce point de vue, tout comme en ce qui concerne la qualit\u00e9 de l&rsquo;\u00e9ducation, les Isra\u00e9liens et les Suisses ont beaucoup en commun. Ce n&rsquo;est donc pas un hasard si les deux pays comptent parmi les plus innovants au monde. <br \/><br \/><a href=\"\/fr\/?page_id=2736\">Lecture recommand\u00e9e par la r\u00e9daction : L&rsquo;\u00c9tat d&rsquo;Isra\u00ebl<\/a><\/p>\n","protected":false},"excerpt":{"rendered":"<p>Affirmation Isra\u00ebl est une grande puissance dans le secteur de la haute technologie. Les faits Cette affirmation est correcte. Depuis le milieu des ann\u00e9es 1980, Isra\u00ebl n&rsquo;a cess\u00e9 de se d\u00e9velopper pour devenir une grande puissance dans le domaine de la haute technologie. La technologie isra\u00e9lienne est pr\u00e9sente dans tous les smartphones et dans de [&hellip;]<\/p>\n","protected":false},"author":2,"featured_media":2376,"parent":2802,"menu_order":0,"comment_status":"closed","ping_status":"closed","template":"","meta":{"_hide_socialbar":"","footnotes":""},"categories":[],"tags":[392,391,372,390],"class_list":["post-2688","page","type-page","status-publish","has-post-thumbnail","hentry","tag-economie","tag-haute-technologie","tag-israel-fr","tag-tel-aviv-fr"],"aioseo_notices":[],"_links":{"self":[{"href":"https:\/\/fokusisrael.ch\/fr\/wp-json\/wp\/v2\/pages\/2688","targetHints":{"allow":["GET"]}}],"collection":[{"href":"https:\/\/fokusisrael.ch\/fr\/wp-json\/wp\/v2\/pages"}],"about":[{"href":"https:\/\/fokusisrael.ch\/fr\/wp-json\/wp\/v2\/types\/page"}],"author":[{"embeddable":true,"href":"https:\/\/fokusisrael.ch\/fr\/wp-json\/wp\/v2\/users\/2"}],"replies":[{"embeddable":true,"href":"https:\/\/fokusisrael.ch\/fr\/wp-json\/wp\/v2\/comments?post=2688"}],"version-history":[{"count":3,"href":"https:\/\/fokusisrael.ch\/fr\/wp-json\/wp\/v2\/pages\/2688\/revisions"}],"predecessor-version":[{"id":5264,"href":"https:\/\/fokusisrael.ch\/fr\/wp-json\/wp\/v2\/pages\/2688\/revisions\/5264"}],"up":[{"embeddable":true,"href":"https:\/\/fokusisrael.ch\/fr\/wp-json\/wp\/v2\/pages\/2802"}],"wp:featuredmedia":[{"embeddable":true,"href":"https:\/\/fokusisrael.ch\/fr\/wp-json\/wp\/v2\/media\/2376"}],"wp:attachment":[{"href":"https:\/\/fokusisrael.ch\/fr\/wp-json\/wp\/v2\/media?parent=2688"}],"wp:term":[{"taxonomy":"category","embeddable":true,"href":"https:\/\/fokusisrael.ch\/fr\/wp-json\/wp\/v2\/categories?post=2688"},{"taxonomy":"post_tag","embeddable":true,"href":"https:\/\/fokusisrael.ch\/fr\/wp-json\/wp\/v2\/tags?post=2688"}],"curies":[{"name":"wp","href":"https:\/\/api.w.org\/{rel}","templated":true}]}}