{"id":2685,"date":"2024-01-22T16:01:00","date_gmt":"2024-01-22T15:01:00","guid":{"rendered":"https:\/\/fokusisrael.ch\/front-populaire-de-liberation-de-la-palestine-fplp\/"},"modified":"2025-10-15T13:37:32","modified_gmt":"2025-10-15T11:37:32","slug":"front-populaire-de-liberation-de-la-palestine-fplp","status":"publish","type":"page","link":"https:\/\/fokusisrael.ch\/fr\/organisations-terroristes-palestiniennes-et-islamistes\/front-populaire-de-liberation-de-la-palestine-fplp\/","title":{"rendered":"Front populaire de lib\u00e9ration de la Palestine (FPLP)"},"content":{"rendered":"\n<p class=\"article__intro\">Fond\u00e9 en 1967, le Front populaire de lib\u00e9ration de la Palestine se rattache id\u00e9ologiquement au panarabisme de gauche. Il m\u00e8ne des actions politiques, terroristes et militaires.    <\/p>\n\n<figure class=\"wp-block-image size-full\"><img loading=\"lazy\" decoding=\"async\" width=\"1024\" height=\"600\" src=\"https:\/\/fokusisrael.ch\/wp-content\/uploads\/2025\/03\/PFLP_Sipa-USA-Alamy-Stock-Foto.jpg\" alt=\"Combattants palestiniens masqu&#xE9;s du FPLP\" class=\"wp-image-755\" srcset=\"https:\/\/fokusisrael.ch\/wp-content\/uploads\/2025\/03\/PFLP_Sipa-USA-Alamy-Stock-Foto.jpg 1024w, https:\/\/fokusisrael.ch\/wp-content\/uploads\/2025\/03\/PFLP_Sipa-USA-Alamy-Stock-Foto-300x176.jpg 300w, https:\/\/fokusisrael.ch\/wp-content\/uploads\/2025\/03\/PFLP_Sipa-USA-Alamy-Stock-Foto-768x450.jpg 768w\" sizes=\"auto, (max-width: 1024px) 100vw, 1024px\" \/><figcaption class=\"wp-element-caption\"> <span class=\"image-meta\">&copy; Sipa USA  Alamy Stock Foto<\/span><\/figure><\/figcaption>\n\n<p>Leur objectif central est la destruction d&rsquo;Isra\u00ebl en tant qu&rsquo;\u00c9tat juif, qui doit \u00eatre remplac\u00e9 par un \u00c9tat arabe socialiste.  <\/p>\n\n<p>La <a href=\"https:\/\/de.wikipedia.org\/wiki\/Volksfront_zur_Befreiung_Pal%C3%A4stinas#Terroranschl%C3%A4ge\" target=\"_blank\" rel=\"noreferrer noopener\">liste de leurs attentats terroristes<\/a> est longue. On leur doit notamment le d\u00e9tournement du <a href=\"https:\/\/de.wikipedia.org\/wiki\/Entf%C3%BChrung_des_Flugzeugs_%E2%80%9ELandshut%E2%80%9C\" target=\"_blank\" rel=\"noreferrer noopener\">vol Landshut de la Lufthansa<\/a> et l&rsquo;assassinat de son pilote (1977).   <\/p>\n\n<p>La Suisse a \u00e9galement \u00e9t\u00e9 touch\u00e9e par la terreur du FPLP :  <\/p>\n\n<ul class=\"wp-block-list\">\n<li>En 1969, des assassins ont attaqu\u00e9 un avion de la compagnie isra\u00e9lienne El Al \u00e0 Kloten (ZH) et ont tu\u00e9 le pilote.<\/li>\n\n\n\n<li>En 1970, le FPLP d\u00e9tourne quatre avions dans le cadre d&rsquo;une action coordonn\u00e9e, un cinqui\u00e8me d\u00e9tournement \u00e9choue. Les avions de <a href=\"https:\/\/de.wikipedia.org\/wiki\/Swissair\" target=\"_blank\" rel=\"noreferrer noopener\">Swissair<\/a>, de <a href=\"https:\/\/de.wikipedia.org\/wiki\/British_Overseas_Airways_Corporation\" target=\"_blank\" rel=\"noreferrer noopener\">la BOAC<\/a> et <a href=\"https:\/\/de.wikipedia.org\/wiki\/Trans_World_Airlines\" target=\"_blank\" rel=\"noreferrer noopener\">de la TWA<\/a> doivent atterrir sur le terrain d&rsquo;aviation d\u00e9saffect\u00e9 de Dawson&rsquo;s Field, pr\u00e8s de <a href=\"https:\/\/de.wikipedia.org\/wiki\/Zarqa\" target=\"_blank\" rel=\"noreferrer noopener\">Zarqa<\/a> en Jordanie. Une guerre des nerfs \u00e9puisante s&rsquo;engage alors pour obtenir la lib\u00e9ration des otages en \u00e9change de terroristes palestiniens. Parmi ces derniers figurent les auteurs de l&rsquo;<a href=\"https:\/\/de.wikipedia.org\/wiki\/Attentat_in_Kloten\" target=\"_blank\" rel=\"noreferrer noopener\">attentat de Kloten<\/a> du 18 f\u00e9vrier 1969, qui sont emprisonn\u00e9s en Suisse.   <\/li>\n\n\n\n<li><a href=\"https:\/\/www.youtube.com\/watch?v=_pKlYAPjbBE\" target=\"_blank\" rel=\"noreferrer noopener\">Le vol 330 de Swissair<\/a>: En f\u00e9vrier 1970, une bombe a explos\u00e9 dans la soute d&rsquo;une Coronado de Swissair qui volait de Zurich \u00e0 Tel Aviv, peu apr\u00e8s le d\u00e9collage. L&rsquo;appareil s&rsquo;est \u00e9cras\u00e9 dans une for\u00eat pr\u00e8s de W\u00fcrenlingen (AG). Les 47 occupants ont \u00e9t\u00e9 tu\u00e9s.    <\/li>\n\n\n\n<li>Le commanditaire de l&rsquo;attentat \u00e0 la bombe \u00e9tait <a href=\"https:\/\/de.wikipedia.org\/wiki\/George_Habasch\" target=\"_blank\" rel=\"noreferrer noopener\">George Habasch<\/a>, ancien m\u00e9decin \u00e0 l&rsquo;h\u00f4pital pour enfants de Zurich, qui avait fond\u00e9 le FPLP apr\u00e8s son retour au pays. Les autorit\u00e9s de poursuite p\u00e9nale en Suisse n&rsquo;ont jamais poursuivi ni condamn\u00e9 les responsables de cet attentat. <\/li>\n<\/ul>\n\n<p>D\u00e9but 2016, le journaliste de la NZZ <a href=\"https:\/\/de.wikipedia.org\/w\/index.php?title=Marcel_Gyr&amp;action=edit&amp;redlink=1\" target=\"_blank\" rel=\"noreferrer noopener\">Marcel Gyr<\/a>, auteur du livre <a href=\"https:\/\/www.persoenlich.com\/medien\/das-risiko-war-enorm\" target=\"_blank\" rel=\"noreferrer noopener\">Schweizer Terrorjahre<\/a>, a publi\u00e9 une th\u00e8se selon laquelle il y aurait eu un contact entre l&rsquo;OLP et le ministre suisse des Affaires \u00e9trang\u00e8res de l&rsquo;\u00e9poque <a href=\"https:\/\/de.wikipedia.org\/wiki\/Pierre_Graber\" target=\"_blank\" rel=\"noreferrer noopener\">, le conseiller f\u00e9d\u00e9ral Pierre Graber<\/a>, apr\u00e8s le 6 septembre 1970. Un accord secret de statu quo aurait \u00e9t\u00e9 conclu entre la Suisse et l&rsquo;OLP.   <\/p>\n","protected":false},"excerpt":{"rendered":"<p>Fond\u00e9 en 1967, le Front populaire de lib\u00e9ration de la Palestine se rattache id\u00e9ologiquement au panarabisme de gauche. Il m\u00e8ne des actions politiques, terroristes et militaires. Leur objectif central est la destruction d&rsquo;Isra\u00ebl en tant qu&rsquo;\u00c9tat juif, qui doit \u00eatre remplac\u00e9 par un \u00c9tat arabe socialiste. La liste de leurs attentats terroristes est longue. On [&hellip;]<\/p>\n","protected":false},"author":2,"featured_media":2355,"parent":2730,"menu_order":0,"comment_status":"closed","ping_status":"closed","template":"","meta":{"_hide_socialbar":"","footnotes":""},"categories":[],"tags":[389,385],"class_list":["post-2685","page","type-page","status-publish","has-post-thumbnail","hentry","tag-fplp","tag-organisations-terroristes"],"aioseo_notices":[],"_links":{"self":[{"href":"https:\/\/fokusisrael.ch\/fr\/wp-json\/wp\/v2\/pages\/2685","targetHints":{"allow":["GET"]}}],"collection":[{"href":"https:\/\/fokusisrael.ch\/fr\/wp-json\/wp\/v2\/pages"}],"about":[{"href":"https:\/\/fokusisrael.ch\/fr\/wp-json\/wp\/v2\/types\/page"}],"author":[{"embeddable":true,"href":"https:\/\/fokusisrael.ch\/fr\/wp-json\/wp\/v2\/users\/2"}],"replies":[{"embeddable":true,"href":"https:\/\/fokusisrael.ch\/fr\/wp-json\/wp\/v2\/comments?post=2685"}],"version-history":[{"count":3,"href":"https:\/\/fokusisrael.ch\/fr\/wp-json\/wp\/v2\/pages\/2685\/revisions"}],"predecessor-version":[{"id":5263,"href":"https:\/\/fokusisrael.ch\/fr\/wp-json\/wp\/v2\/pages\/2685\/revisions\/5263"}],"up":[{"embeddable":true,"href":"https:\/\/fokusisrael.ch\/fr\/wp-json\/wp\/v2\/pages\/2730"}],"wp:featuredmedia":[{"embeddable":true,"href":"https:\/\/fokusisrael.ch\/fr\/wp-json\/wp\/v2\/media\/2355"}],"wp:attachment":[{"href":"https:\/\/fokusisrael.ch\/fr\/wp-json\/wp\/v2\/media?parent=2685"}],"wp:term":[{"taxonomy":"category","embeddable":true,"href":"https:\/\/fokusisrael.ch\/fr\/wp-json\/wp\/v2\/categories?post=2685"},{"taxonomy":"post_tag","embeddable":true,"href":"https:\/\/fokusisrael.ch\/fr\/wp-json\/wp\/v2\/tags?post=2685"}],"curies":[{"name":"wp","href":"https:\/\/api.w.org\/{rel}","templated":true}]}}