{"id":2679,"date":"2024-01-09T07:09:00","date_gmt":"2024-01-09T06:09:00","guid":{"rendered":"https:\/\/fokusisrael.ch\/qui-nous-sommes-et-ce-que-nous-voulons\/"},"modified":"2025-10-15T13:37:14","modified_gmt":"2025-10-15T11:37:14","slug":"qui-nous-sommes-et-ce-que-nous-voulons","status":"publish","type":"page","link":"https:\/\/fokusisrael.ch\/fr\/qui-nous-sommes-et-ce-que-nous-voulons\/","title":{"rendered":"Qui nous sommes et ce que nous voulons"},"content":{"rendered":"\n<p>FokusIsrael.ch est un groupe ind\u00e9pendant et b\u00e9n\u00e9vole bas\u00e9 en Suisse. Il est dirig\u00e9 par Sacha Wigdorovits et d&rsquo;autres personnes issues du monde des m\u00e9dias. Sacha Wigdorovits est un ancien journaliste (correspondant aux Etats-Unis de la SonntagsZeitung et r\u00e9dacteur en chef du Blick, entre autres), cofondateur du journal pour pendulaires 20minuten et conseiller en communication.  <\/p>\n\n<p>L&rsquo;objectif de FokusIsrael.ch est d&rsquo;informer sur Isra\u00ebl et le Proche-Orient en citant les faits, en \u00e9tablissant des corr\u00e9lations, en fournissant des r\u00e9ponses et en indiquant les articles pertinents dans les m\u00e9dias suisses et \u00e9trangers ainsi que dans les m\u00e9dias sociaux.<\/p>\n\n<h2 class=\"wp-block-heading\">Nous combattons les mythes et l&rsquo;antis\u00e9mitisme par les faits<\/h2>\n\n<p>Sur FocusIsra\u00ebl.ch, nous publions notre propre contenu, que nous compl\u00e9tons avec des contenus m\u00e9diatiques pertinents. En outre, FocusIsrael.ch s&rsquo;exprime dans les colonnes de commentaires et sur les plateformes de m\u00e9dias sociaux sur les posts qui sont antis\u00e9mites ou qui diffament Isra\u00ebl avec des affirmations mensong\u00e8res.   <\/p>\n\n<p>Nous utilisons le masculin g\u00e9n\u00e9rique pour des raisons de lisibilit\u00e9.  <br \/><br \/><strong>Responsabilit\u00e9 pour les liens<\/strong><br \/>Les renvois et liens vers des sites web de tiers ne rel\u00e8vent pas de notre responsabilit\u00e9. Nous d\u00e9clinons toute responsabilit\u00e9 pour de tels sites. <br \/><br \/><strong>Droits d&rsquo;auteur<\/strong><br \/>Les droits d&rsquo;auteur et tous les autres droits relatifs aux contenus, images, photos ou autres fichiers figurant sur le site web appartiennent exclusivement aux titulaires de droits sp\u00e9cialement cit\u00e9s. Pour toute utilisation, l&rsquo;accord \u00e9crit des d\u00e9tenteurs des droits d&rsquo;auteur doit \u00eatre obtenu au pr\u00e9alable. <\/p>\n","protected":false},"excerpt":{"rendered":"<p>FokusIsrael.ch est un groupe ind\u00e9pendant et b\u00e9n\u00e9vole bas\u00e9 en Suisse. Il est dirig\u00e9 par Sacha Wigdorovits et d&rsquo;autres personnes issues du monde des m\u00e9dias. Sacha Wigdorovits est un ancien journaliste (correspondant aux Etats-Unis de la SonntagsZeitung et r\u00e9dacteur en chef du Blick, entre autres), cofondateur du journal pour pendulaires 20minuten et conseiller en communication. L&rsquo;objectif [&hellip;]<\/p>\n","protected":false},"author":2,"featured_media":0,"parent":0,"menu_order":0,"comment_status":"closed","ping_status":"closed","template":"","meta":{"_hide_socialbar":"","footnotes":""},"categories":[],"tags":[],"class_list":["post-2679","page","type-page","status-publish","hentry"],"aioseo_notices":[],"_links":{"self":[{"href":"https:\/\/fokusisrael.ch\/fr\/wp-json\/wp\/v2\/pages\/2679","targetHints":{"allow":["GET"]}}],"collection":[{"href":"https:\/\/fokusisrael.ch\/fr\/wp-json\/wp\/v2\/pages"}],"about":[{"href":"https:\/\/fokusisrael.ch\/fr\/wp-json\/wp\/v2\/types\/page"}],"author":[{"embeddable":true,"href":"https:\/\/fokusisrael.ch\/fr\/wp-json\/wp\/v2\/users\/2"}],"replies":[{"embeddable":true,"href":"https:\/\/fokusisrael.ch\/fr\/wp-json\/wp\/v2\/comments?post=2679"}],"version-history":[{"count":3,"href":"https:\/\/fokusisrael.ch\/fr\/wp-json\/wp\/v2\/pages\/2679\/revisions"}],"predecessor-version":[{"id":5261,"href":"https:\/\/fokusisrael.ch\/fr\/wp-json\/wp\/v2\/pages\/2679\/revisions\/5261"}],"wp:attachment":[{"href":"https:\/\/fokusisrael.ch\/fr\/wp-json\/wp\/v2\/media?parent=2679"}],"wp:term":[{"taxonomy":"category","embeddable":true,"href":"https:\/\/fokusisrael.ch\/fr\/wp-json\/wp\/v2\/categories?post=2679"},{"taxonomy":"post_tag","embeddable":true,"href":"https:\/\/fokusisrael.ch\/fr\/wp-json\/wp\/v2\/tags?post=2679"}],"curies":[{"name":"wp","href":"https:\/\/api.w.org\/{rel}","templated":true}]}}