{"id":2676,"date":"2024-01-22T16:04:00","date_gmt":"2024-01-22T15:04:00","guid":{"rendered":"https:\/\/fokusisrael.ch\/le-hezbollah-parti-de-dieu-en-arabe\/"},"modified":"2025-10-15T13:37:32","modified_gmt":"2025-10-15T11:37:32","slug":"le-hezbollah-parti-de-dieu-en-arabe","status":"publish","type":"page","link":"https:\/\/fokusisrael.ch\/fr\/organisations-terroristes-palestiniennes-et-islamistes\/le-hezbollah-parti-de-dieu-en-arabe\/","title":{"rendered":"Le Hezbollah (parti de Dieu en arabe)"},"content":{"rendered":"\n<p class=\"article__intro\">Le Hezbollah (parti de Dieu en arabe) a \u00e9t\u00e9 cr\u00e9\u00e9 en 1982 en tant que milice anti-isra\u00e9lienne pendant la guerre civile libanaise. Comme le Hamas sunnite, il est parrain\u00e9 par l&rsquo;Iran et se compose principalement de chiites libanais.   <\/p>\n\n<figure class=\"wp-block-image size-full\"><img loading=\"lazy\" decoding=\"async\" width=\"1024\" height=\"600\" src=\"https:\/\/fokusisrael.ch\/wp-content\/uploads\/2025\/03\/Hisbollah_john-wreford-Alamy-Stock-Foto-1.jpg\" alt=\"Drapeau du Hezbollah\" class=\"wp-image-464\" srcset=\"https:\/\/fokusisrael.ch\/wp-content\/uploads\/2025\/03\/Hisbollah_john-wreford-Alamy-Stock-Foto-1.jpg 1024w, https:\/\/fokusisrael.ch\/wp-content\/uploads\/2025\/03\/Hisbollah_john-wreford-Alamy-Stock-Foto-1-300x176.jpg 300w, https:\/\/fokusisrael.ch\/wp-content\/uploads\/2025\/03\/Hisbollah_john-wreford-Alamy-Stock-Foto-1-768x450.jpg 768w\" sizes=\"auto, (max-width: 1024px) 100vw, 1024px\" \/><figcaption class=\"wp-element-caption\"> <span class=\"image-meta\">&copy; John Wreford  Alamy Stock Foto<\/span><\/figure><\/figcaption>\n\n<p>La force militaire du Hezbollah au Liban est consid\u00e9rable et s&rsquo;apparente \u00e0 celle d&rsquo;une arm\u00e9e d&rsquo;un pays de taille moyenne. Il dispose de plus de 150 000 roquettes et missiles, dont les missiles Fajr-5 et Zelzal-2 d&rsquo;origine iranienne. Cet armement souligne la menace que repr\u00e9sente le Hezbollah pour la s\u00e9curit\u00e9 isra\u00e9lienne.  <\/p>\n\n<p>L&rsquo;unit\u00e9 d&rsquo;\u00e9lite du Hezbollah, l&rsquo;unit\u00e9 Radwan, a \u00e9t\u00e9 cr\u00e9\u00e9e avec le soutien de la force iranienne Qods. Elle m\u00e8ne g\u00e9n\u00e9ralement des attaques contre Isra\u00ebl.   <\/p>\n\n<p>Le chef du Hezbollah est Hassan Nasrallah.  <\/p>\n\n<p>Au cours des quarante derni\u00e8res ann\u00e9es, le Hezbollah a \u00e9t\u00e9 responsable d&rsquo;une s\u00e9rie d&rsquo;attentats terroristes de grande envergure contre des cibles isra\u00e9liennes et occidentales. Il s&rsquo;agit notamment de l&rsquo;attentat \u00e0 la bombe contre une caserne am\u00e9ricaine \u00e0 Beyrouth en 1983, contre l&rsquo;ambassade isra\u00e9lienne \u00e0 Buenos Aires en 1992 et contre le centre culturel juif de Buenos Aires en 1994.   <\/p>\n\n<p>D\u00e9but janvier 2024, Saleh a-Aruri, le num\u00e9ro deux du Hamas et le cerveau de l&rsquo;attaque terroriste du 7 octobre, a \u00e9t\u00e9 \u00e9limin\u00e9 \u00e0 Beyrouth. Le chef du Hezbollah, Hassan Nasrallah, a alors annonc\u00e9 des repr\u00e9sailles contre son alli\u00e9 et interlocuteur fr\u00e9quent. En effet, depuis l&rsquo;attaque terroriste du Hamas du 7 octobre, le Hezbollah n&rsquo;a cess\u00e9 d&rsquo;attaquer des cibles dans le nord d&rsquo;Isra\u00ebl. Il s&rsquo;est toutefois abstenu de le faire afin de ne pas provoquer une riposte massive d&rsquo;Isra\u00ebl.   <\/p>\n","protected":false},"excerpt":{"rendered":"<p>Le Hezbollah (parti de Dieu en arabe) a \u00e9t\u00e9 cr\u00e9\u00e9 en 1982 en tant que milice anti-isra\u00e9lienne pendant la guerre civile libanaise. Comme le Hamas sunnite, il est parrain\u00e9 par l&rsquo;Iran et se compose principalement de chiites libanais. La force militaire du Hezbollah au Liban est consid\u00e9rable et s&rsquo;apparente \u00e0 celle d&rsquo;une arm\u00e9e d&rsquo;un pays [&hellip;]<\/p>\n","protected":false},"author":2,"featured_media":2282,"parent":2730,"menu_order":0,"comment_status":"closed","ping_status":"closed","template":"","meta":{"_hide_socialbar":"","footnotes":""},"categories":[],"tags":[387,385],"class_list":["post-2676","page","type-page","status-publish","has-post-thumbnail","hentry","tag-hezbollah","tag-organisations-terroristes"],"aioseo_notices":[],"_links":{"self":[{"href":"https:\/\/fokusisrael.ch\/fr\/wp-json\/wp\/v2\/pages\/2676","targetHints":{"allow":["GET"]}}],"collection":[{"href":"https:\/\/fokusisrael.ch\/fr\/wp-json\/wp\/v2\/pages"}],"about":[{"href":"https:\/\/fokusisrael.ch\/fr\/wp-json\/wp\/v2\/types\/page"}],"author":[{"embeddable":true,"href":"https:\/\/fokusisrael.ch\/fr\/wp-json\/wp\/v2\/users\/2"}],"replies":[{"embeddable":true,"href":"https:\/\/fokusisrael.ch\/fr\/wp-json\/wp\/v2\/comments?post=2676"}],"version-history":[{"count":3,"href":"https:\/\/fokusisrael.ch\/fr\/wp-json\/wp\/v2\/pages\/2676\/revisions"}],"predecessor-version":[{"id":5260,"href":"https:\/\/fokusisrael.ch\/fr\/wp-json\/wp\/v2\/pages\/2676\/revisions\/5260"}],"up":[{"embeddable":true,"href":"https:\/\/fokusisrael.ch\/fr\/wp-json\/wp\/v2\/pages\/2730"}],"wp:featuredmedia":[{"embeddable":true,"href":"https:\/\/fokusisrael.ch\/fr\/wp-json\/wp\/v2\/media\/2282"}],"wp:attachment":[{"href":"https:\/\/fokusisrael.ch\/fr\/wp-json\/wp\/v2\/media?parent=2676"}],"wp:term":[{"taxonomy":"category","embeddable":true,"href":"https:\/\/fokusisrael.ch\/fr\/wp-json\/wp\/v2\/categories?post=2676"},{"taxonomy":"post_tag","embeddable":true,"href":"https:\/\/fokusisrael.ch\/fr\/wp-json\/wp\/v2\/tags?post=2676"}],"curies":[{"name":"wp","href":"https:\/\/api.w.org\/{rel}","templated":true}]}}