{"id":2673,"date":"2024-01-22T16:03:00","date_gmt":"2024-01-22T15:03:00","guid":{"rendered":"https:\/\/fokusisrael.ch\/le-jihad-islamique-palestinien-pij\/"},"modified":"2025-10-15T13:37:32","modified_gmt":"2025-10-15T11:37:32","slug":"le-jihad-islamique-palestinien-pij","status":"publish","type":"page","link":"https:\/\/fokusisrael.ch\/fr\/organisations-terroristes-palestiniennes-et-islamistes\/le-jihad-islamique-palestinien-pij\/","title":{"rendered":"Le Jihad islamique palestinien (PIJ)"},"content":{"rendered":"\n<p class=\"article__intro\">Le Jihad islamique palestinien (PIJ) est consid\u00e9r\u00e9 comme l&rsquo;un des groupes militants les plus radicaux du Moyen-Orient. Son <a href=\"https:\/\/www.jewishvirtuallibrary.org\/palestine-islamic-jihad\" target=\"_blank\" rel=\"noreferrer noopener\">id\u00e9ologie<\/a> combine des id\u00e9es nationalistes palestiniennes avec celles des Fr\u00e8res musulmans et de l&rsquo;ayatollah Khomeiny, le leader chiite de la r\u00e9volution islamique en Iran. <\/p>\n\n<figure class=\"wp-block-image size-full\"><img loading=\"lazy\" decoding=\"async\" width=\"1024\" height=\"600\" src=\"https:\/\/fokusisrael.ch\/wp-content\/uploads\/2025\/03\/PIJ_ZUMA-Press-Inc.-Alamy-Stock-Foto.jpg\" alt=\"Des membres des brigades Saraya Al-Quds, la branche militaire du Jihad islamique palestinien (PIJ), organisent un d&#xE9;fil&#xE9; militaire dans la ville de Gaza.\" class=\"wp-image-752\" srcset=\"https:\/\/fokusisrael.ch\/wp-content\/uploads\/2025\/03\/PIJ_ZUMA-Press-Inc.-Alamy-Stock-Foto.jpg 1024w, https:\/\/fokusisrael.ch\/wp-content\/uploads\/2025\/03\/PIJ_ZUMA-Press-Inc.-Alamy-Stock-Foto-300x176.jpg 300w, https:\/\/fokusisrael.ch\/wp-content\/uploads\/2025\/03\/PIJ_ZUMA-Press-Inc.-Alamy-Stock-Foto-768x450.jpg 768w\" sizes=\"auto, (max-width: 1024px) 100vw, 1024px\" \/><figcaption class=\"wp-element-caption\">Des membres des brigades Saraya Al-Quds, la branche militaire du Jihad islamique palestinien (PIJ), organisent un d\u00e9fil\u00e9 militaire dans la ville de Gaza. <span class=\"image-meta\">&copy; ZUMA Press, Inc.  Alamy Stock Foto<\/span><\/figcaption><\/figure>\n\n<p>Le Jihad islamique vise \u00e9galement la \u00ab\u00a0lib\u00e9ration\u00a0\u00bb de toute la Palestine historique et la destruction d&rsquo;Isra\u00ebl.  <\/p>\n\n<p>Selon le PIJ, une lecture correcte du Coran et une compr\u00e9hension de l&rsquo;histoire conduisent \u00e0 la conclusion que la Palestine est au c\u0153ur de la confrontation historico-religieuse entre les musulmans et leurs ennemis \u00e9ternels, les juifs. Les musulmans repr\u00e9sentent les forces de la v\u00e9rit\u00e9 (haq), tandis que les juifs et les chr\u00e9tiens incarnent les forces de l&rsquo;apostasie (batil). Dans le cadre de cette confrontation, le probl\u00e8me de la Palestine est au c\u0153ur d&rsquo;une offensive imp\u00e9rialiste occidentale.  <\/p>\n\n<p>Le groupe est n\u00e9 \u00e0 Gaza dans les ann\u00e9es 1980, mais il est \u00e9galement actif en Cisjordanie. Il est \u00e0 l&rsquo;origine d&rsquo;attaques \u00e0 la roquette, d&rsquo;attentats et d&rsquo;attentats-suicides. L&rsquo;organisation est consid\u00e9r\u00e9e comme moins puissante que le Hamas et ses roquettes moins pr\u00e9cises.  <\/p>\n\n<p>Le Jihad islamique est \u00e9galement financ\u00e9 par l&rsquo;Iran et a particip\u00e9 au pogrom du 7 octobre.  <\/p>\n","protected":false},"excerpt":{"rendered":"<p>Le Jihad islamique palestinien (PIJ) est consid\u00e9r\u00e9 comme l&rsquo;un des groupes militants les plus radicaux du Moyen-Orient. Son id\u00e9ologie combine des id\u00e9es nationalistes palestiniennes avec celles des Fr\u00e8res musulmans et de l&rsquo;ayatollah Khomeiny, le leader chiite de la r\u00e9volution islamique en Iran. Le Jihad islamique vise \u00e9galement la \u00ab\u00a0lib\u00e9ration\u00a0\u00bb de toute la Palestine historique et [&hellip;]<\/p>\n","protected":false},"author":2,"featured_media":2354,"parent":2730,"menu_order":0,"comment_status":"closed","ping_status":"closed","template":"","meta":{"_hide_socialbar":"","footnotes":""},"categories":[],"tags":[385,386],"class_list":["post-2673","page","type-page","status-publish","has-post-thumbnail","hentry","tag-organisations-terroristes","tag-pij-fr"],"aioseo_notices":[],"_links":{"self":[{"href":"https:\/\/fokusisrael.ch\/fr\/wp-json\/wp\/v2\/pages\/2673","targetHints":{"allow":["GET"]}}],"collection":[{"href":"https:\/\/fokusisrael.ch\/fr\/wp-json\/wp\/v2\/pages"}],"about":[{"href":"https:\/\/fokusisrael.ch\/fr\/wp-json\/wp\/v2\/types\/page"}],"author":[{"embeddable":true,"href":"https:\/\/fokusisrael.ch\/fr\/wp-json\/wp\/v2\/users\/2"}],"replies":[{"embeddable":true,"href":"https:\/\/fokusisrael.ch\/fr\/wp-json\/wp\/v2\/comments?post=2673"}],"version-history":[{"count":3,"href":"https:\/\/fokusisrael.ch\/fr\/wp-json\/wp\/v2\/pages\/2673\/revisions"}],"predecessor-version":[{"id":5259,"href":"https:\/\/fokusisrael.ch\/fr\/wp-json\/wp\/v2\/pages\/2673\/revisions\/5259"}],"up":[{"embeddable":true,"href":"https:\/\/fokusisrael.ch\/fr\/wp-json\/wp\/v2\/pages\/2730"}],"wp:featuredmedia":[{"embeddable":true,"href":"https:\/\/fokusisrael.ch\/fr\/wp-json\/wp\/v2\/media\/2354"}],"wp:attachment":[{"href":"https:\/\/fokusisrael.ch\/fr\/wp-json\/wp\/v2\/media?parent=2673"}],"wp:term":[{"taxonomy":"category","embeddable":true,"href":"https:\/\/fokusisrael.ch\/fr\/wp-json\/wp\/v2\/categories?post=2673"},{"taxonomy":"post_tag","embeddable":true,"href":"https:\/\/fokusisrael.ch\/fr\/wp-json\/wp\/v2\/tags?post=2673"}],"curies":[{"name":"wp","href":"https:\/\/api.w.org\/{rel}","templated":true}]}}