{"id":2670,"date":"2024-01-28T16:32:00","date_gmt":"2024-01-28T15:32:00","guid":{"rendered":"https:\/\/fokusisrael.ch\/la-question-des-colonies-et-la-solution-des-deux-etats\/"},"modified":"2025-10-15T13:38:10","modified_gmt":"2025-10-15T11:38:10","slug":"la-question-des-colonies-et-la-solution-des-deux-etats","status":"publish","type":"page","link":"https:\/\/fokusisrael.ch\/fr\/israel-et-le-moyen-orient\/la-question-des-colonies-et-la-solution-des-deux-etats\/","title":{"rendered":"La question des colonies et la solution des deux \u00c9tats"},"content":{"rendered":"\n<h2 class=\"wp-block-heading\">Affirmation<\/h2>\n\n<p>La construction de colonies juives en Cisjordanie est responsable de l&rsquo;absence de paix entre les Palestiniens et Isra\u00ebl.<\/p>\n\n<figure class=\"wp-block-image size-full\"><img loading=\"lazy\" decoding=\"async\" width=\"1024\" height=\"600\" src=\"https:\/\/fokusisrael.ch\/wp-content\/uploads\/2025\/03\/Siedlungen_Andreas-Keuchel-Alamy-Stock-Foto.jpg\" alt=\"Colonies isra&#xE9;liennes pr&#xE8;s de la ville de Bethl&#xE9;em\" class=\"wp-image-802\" srcset=\"https:\/\/fokusisrael.ch\/wp-content\/uploads\/2025\/03\/Siedlungen_Andreas-Keuchel-Alamy-Stock-Foto.jpg 1024w, https:\/\/fokusisrael.ch\/wp-content\/uploads\/2025\/03\/Siedlungen_Andreas-Keuchel-Alamy-Stock-Foto-300x176.jpg 300w, https:\/\/fokusisrael.ch\/wp-content\/uploads\/2025\/03\/Siedlungen_Andreas-Keuchel-Alamy-Stock-Foto-768x450.jpg 768w\" sizes=\"auto, (max-width: 1024px) 100vw, 1024px\" \/><figcaption class=\"wp-element-caption\">Colonies isra\u00e9liennes pr\u00e8s de la ville de Bethl\u00e9em <span class=\"image-meta\">&copy; Andreas Keuchel  Alamy Stock Foto<\/span><\/figcaption><\/figure>\n\n<h2 class=\"wp-block-heading\">Les faits<\/h2>\n\n<p>Les colonies juives construites en Cisjordanie et \u00e0 J\u00e9rusalem-Est au cours des cinquante derni\u00e8res ann\u00e9es sont ill\u00e9gales au regard du droit international et constituent un obstacle \u00e0 une r\u00e9solution pacifique du conflit entre Palestiniens et Isra\u00e9liens. Mais elles n&rsquo;en sont pas la cause. L&rsquo;origine du conflit r\u00e9side dans le refus des \u00c9tats arabes de reconna\u00eetre le mod\u00e8le de solution \u00e0 deux \u00c9tats (avec un \u00c9tat juif et un \u00c9tat palestinien) propos\u00e9 par l&rsquo;ONU.  <br\/><br\/>Ce refus remonte \u00e0 1947, l&rsquo;ann\u00e9e o\u00f9 l&rsquo;ONU a adopt\u00e9 le plan de partage. En revanche, les premi\u00e8res colonies juives en Cisjordanie n&rsquo;ont \u00e9t\u00e9 \u00e9tablies que plus de vingt ans plus tard, apr\u00e8s qu&rsquo;Isra\u00ebl eut conquis ce territoire sur la Jordanie lors de la guerre des Six Jours de 1967, ainsi que la bande de Gaza sur l&rsquo;Egypte. <br\/><br\/><a href=\"\/fr\/?page_id=2727\">Gaza<\/a> montre que le renoncement aux colonies n&rsquo;apporte pas n\u00e9cessairement la paix : Isra\u00ebl y a \u00e9vacu\u00e9 ses propres colonies d\u00e8s 2005 et s&rsquo;est retir\u00e9 compl\u00e8tement de la bande de Gaza. Mais depuis, l&rsquo;\u00c9tat h\u00e9breu est confront\u00e9 \u00e0 des attaques incessantes des organisations terroristes <a href=\"\/fr\/?page_id=2718\">Hamas<\/a> et Jihad islamique au pouvoir \u00e0 Gaza, jusqu&rsquo;au massacre du 7 octobre 2023. <\/p>\n\n<p>Imm\u00e9diatement apr\u00e8s sa victoire dans la guerre des Six Jours en juin 1967, Isra\u00ebl a commenc\u00e9 \u00e0 construire des colonies en <a href=\"\/fr\/?page_id=2727\">Cisjordanie<\/a> (ainsi que sur les hauteurs du Golan conquises par la Syrie), anciennement occup\u00e9e par la Jordanie. Celles-ci se trouvaient au-del\u00e0 de la <a href=\"https:\/\/de.wikipedia.org\/wiki\/Gr%C3%BCne_Linie\" target=\"_blank\" rel=\"noreferrer noopener\">\u00ab\u00a0ligne verte\u00a0\u00bb,<\/a> qui avait \u00e9t\u00e9 convenue comme fronti\u00e8re dans l&rsquo;armistice avec la Jordanie. <\/p>\n\n<h3 class=\"wp-block-heading\">Raisons militaires, politiques et \u00e9conomiques<\/h3>\n\n<p>Pour <a href=\"\/fr\/?page_id=2736\">Isra\u00ebl<\/a>, ces premi\u00e8res colonies avaient avant tout des raisons strat\u00e9giques de s\u00e9curit\u00e9 : Elles devaient s\u00e9curiser le territoire national en cas de nouvelle guerre. Elles \u00e9taient donc situ\u00e9es pr\u00e8s de la fronti\u00e8re. <br\/><br\/>Au cours des ann\u00e9es et des d\u00e9cennies suivantes, la colonisation s&rsquo;est \u00e9tendue \u00e0 des parties de plus en plus grandes de la Cisjordanie, et des colons juifs se sont \u00e9galement install\u00e9s dans la partie orientale de J\u00e9rusalem, conquise par les Jordaniens. Il en r\u00e9sulte qu&rsquo;aujourd&rsquo;hui, selon les derniers recensements, 450 000 colons vivent en Cisjordanie en plus des 2,5 millions de Palestiniens. A J\u00e9rusalem-Est, 435&rsquo;000 Palestiniens et 220&rsquo;000 Juifs vivent.  <br\/><br\/>Lors de la construction des premi\u00e8res colonies, les raisons militaires et de s\u00e9curit\u00e9 ont jou\u00e9 un r\u00f4le primordial. Les colonies construites par la suite et celles d&rsquo;aujourd&rsquo;hui ont \u00e9t\u00e9 et sont encore principalement motiv\u00e9es par des consid\u00e9rations religieuses, \u00e9conomiques et politiques. Au fil des ann\u00e9es, de plus en plus de colons orthodoxes se sont install\u00e9s en Cisjordanie, qui est la Jud\u00e9e et la Samarie bibliques, deux foyers traditionnels des Juifs.  <br\/><br\/>Les aspects religieux ont \u00e9galement jou\u00e9 un r\u00f4le pr\u00e9pond\u00e9rant dans la (re)colonisation d&rsquo;H\u00e9bron, qui a eu lieu d\u00e8s 1968. C&rsquo;est en effet \u00e0 H\u00e9bron que se trouve le tombeau d&rsquo;Abraham. Jusqu&rsquo;au pogrom de 1929, au cours duquel plus de 100 Juifs ont \u00e9t\u00e9 assassin\u00e9s et les autres ont d\u00fb fuir, des Juifs ont toujours v\u00e9cu dans cette ville construite en 300 av.  <br\/><br\/>Outre les raisons religieuses, des consid\u00e9rations \u00e9conomiques jouent souvent un r\u00f4le dans la d\u00e9cision des Isra\u00e9liens de s&rsquo;installer en Cisjordanie. En effet, les logements y sont subventionn\u00e9s et donc nettement moins chers qu&rsquo;en Isra\u00ebl m\u00eame. <br\/><br\/>Mais ce sont avant tout des consid\u00e9rations politiques qui ont pouss\u00e9 les gouvernements isra\u00e9liens, notamment ceux de droite, \u00e0 approuver de nombreux projets de colonisation au cours des derni\u00e8res d\u00e9cennies.<br\/><br\/>La multiplication des nouvelles colonies et des projets de construction de colonies en suspens vise \u00e0 cr\u00e9er des faits accomplis afin de rendre impossible la solution \u00e0 deux \u00c9tats d\u00e9cid\u00e9e par l&rsquo;ONU en 1947. Et ce, bien que la solution \u00e0 deux Etats ait \u00e9t\u00e9 approuv\u00e9e par Isra\u00ebl \u00e0 l&rsquo;\u00e9poque et plus tard, notamment dans le cadre du processus de paix d&rsquo;Oslo avec l&rsquo;OLP, entam\u00e9 en 1993. <br\/><br\/>Des affrontements violents, souvent mortels, opposent donc r\u00e9guli\u00e8rement les Palestiniens vivant en Cisjordanie aux colons juifs. Alors qu&rsquo;auparavant, ces attaques \u00e9taient le plus souvent le fait des Palestiniens, on assiste depuis peu \u00e0 une recrudescence des attaques de colons ultranationalistes et religieux contre la population palestinienne de Cisjordanie. <\/p>\n\n<h3 class=\"wp-block-heading\">La situation juridique est controvers\u00e9e<\/h3>\n\n<p>La situation juridique des colonies juives en Cisjordanie est controvers\u00e9e. L&rsquo;ONU, l&rsquo;Union europ\u00e9enne et la Cour internationale de justice consid\u00e8rent la construction de colonies en Cisjordanie et \u00e0 J\u00e9rusalem-Est comme ill\u00e9gale et l&rsquo;ont condamn\u00e9e par le pass\u00e9 dans diff\u00e9rentes r\u00e9solutions et d\u00e9cisions. <br\/><br\/>La raison invoqu\u00e9e est la Convention de Gen\u00e8ve relative \u00e0 la protection des personnes civiles en temps de guerre de 1949, dont l&rsquo;article 49\/paragraphe 6 stipule que \u00ab\u00a0la puissance occupante ne pourra pas d\u00e9porter ou d\u00e9placer une partie de sa propre population civile dans le territoire qu&rsquo;elle occupe\u00a0\u00bb. <br\/><br\/>Le gouvernement isra\u00e9lien a une vision diff\u00e9rente de la situation et affirme, sur la base d&rsquo;une expertise qu&rsquo;il a command\u00e9e (\u00ab\u00a0rapport Levy\u00a0\u00bb de 2012), que cet article de la Convention de Gen\u00e8ve ne s&rsquo;applique pas dans le cas pr\u00e9sent, car la Cisjordanie et J\u00e9rusalem-Est ne sont pas des \u00ab\u00a0territoires occup\u00e9s\u00a0\u00bb. Ce point de vue n&rsquo;est cependant pas partag\u00e9 au niveau international. <br\/><br\/>La <a href=\"\/der-staat-israel-eine-parlamentarische-demokratie\/das-regierungs-und-justizsystem-796\/\">Cour supr\u00eame isra\u00e9lienne<\/a> ne d\u00e9fend pas non plus sans r\u00e9serve la position du gouvernement isra\u00e9lien. Par le pass\u00e9, la Cour supr\u00eame ne s&rsquo;est pas oppos\u00e9e par principe \u00e0 la construction de colonies en Cisjordanie. Cependant, elle a r\u00e9guli\u00e8rement d\u00e9clar\u00e9 ill\u00e9gaux des projets de colonisation et des expropriations de propri\u00e9taires terriens palestiniens approuv\u00e9s par le gouvernement.  <\/p>\n\n<figure class=\"wp-block-embed is-type-video is-provider-youtube wp-block-embed-youtube wp-embed-aspect-16-9 wp-has-aspect-ratio\"><div class=\"wp-block-embed__wrapper\">\n<iframe loading=\"lazy\" title=\"Einat Wil im Interview  in der ILTV-Sendung \u00abIsrael Weekly\u00bb\" width=\"500\" height=\"281\" src=\"https:\/\/www.youtube.com\/embed\/GqxAlUFbmcM?feature=oembed\" frameborder=\"0\" allow=\"accelerometer; autoplay; clipboard-write; encrypted-media; gyroscope; picture-in-picture; web-share\" referrerpolicy=\"strict-origin-when-cross-origin\" allowfullscreen><\/iframe>\n<\/div><\/figure>\n\n<p>Dr Einat Wilf, ancien membre de la Knesset, \u00e0 l&rsquo;\u00e9mission \u00ab\u00a0Israel Weekly\u00a0\u00bb d&rsquo;ILTV, sur la question de savoir si les colonies isra\u00e9liennes emp\u00eachent une solution \u00e0 deux \u00c9tats.<\/p>\n\n<h3 class=\"wp-block-heading\">Un obstacle sur la voie de la solution \u00e0 deux \u00c9tats<\/h3>\n\n<p>Comme le souhaitent principalement les politiciens isra\u00e9liens ultranationalistes et religieux, le grand nombre de colonies existantes, qui comptent pr\u00e8s d&rsquo;un demi-million d&rsquo;habitants juifs, constitue un obstacle majeur \u00e0 la cr\u00e9ation d&rsquo;un \u00c9tat palestinien englobant la Cisjordanie et Gaza, comme le pr\u00e9voit la solution \u00e0 deux \u00c9tats de 1947.<br\/><br\/>Dans le pass\u00e9, il y a eu plusieurs tentatives de mettre en \u0153uvre cette solution malgr\u00e9 tout. En 2000\/2001, des n\u00e9gociations de paix ont eu lieu entre l&rsquo;OLP et Isra\u00ebl sous le patronage du pr\u00e9sident am\u00e9ricain Bill Clinton. Le gouvernement isra\u00e9lien a accept\u00e9 une proposition d&rsquo;\u00c9tat palestinien ind\u00e9pendant qui aurait englob\u00e9 l&rsquo;ensemble de Gaza et 94 \u00e0 96 % du territoire de la Cisjordanie.  <br\/><br\/>Selon le plan de paix, jusqu&rsquo;\u00e0 trois pour cent du territoire manquant aurait \u00e9t\u00e9 compens\u00e9 par Isra\u00ebl par la cession de son propre territoire. Cela aurait permis de cr\u00e9er un pont terrestre entre Gaza, situ\u00e9e au bord de la M\u00e9diterran\u00e9e, et la Cisjordanie, situ\u00e9e \u00e0 l&rsquo;int\u00e9rieur des terres. L&rsquo;\u00c9tat palestinien aurait ainsi form\u00e9 une unit\u00e9 territoriale. Mais le pr\u00e9sident palestinien de l&rsquo;\u00e9poque, Yasser Arafat, a rejet\u00e9 la proposition.   <br\/><br\/>En 2008, une autre tentative de mise en \u0153uvre de la solution \u00e0 deux \u00c9tats, malgr\u00e9 le probl\u00e8me des colons, a \u00e9chou\u00e9. Le Premier ministre isra\u00e9lien de l&rsquo;\u00e9poque, Ehud Olmert, a pr\u00e9sent\u00e9 un plan qui pr\u00e9voyait que les Palestiniens c\u00e8dent 6,3% de leur territoire \u00e0 Isra\u00ebl. Cela aurait permis d&rsquo;int\u00e9grer 80% des colons juifs au territoire central isra\u00e9lien. Les Isra\u00e9liens s&rsquo;\u00e9taient d\u00e9j\u00e0 retir\u00e9s de Gaza en 2005 et avaient \u00e9vacu\u00e9 toutes leurs colonies.   <br\/><br\/>En contrepartie, les Palestiniens devaient recevoir 5,8% du territoire isra\u00e9lien. Et comme l&rsquo;avaient d\u00e9j\u00e0 propos\u00e9 le pr\u00e9sident am\u00e9ricain Clinton et le Premier ministre isra\u00e9lien de l&rsquo;\u00e9poque, Ehud Barak, en 2001, un pont terrestre devait permettre de cr\u00e9er un \u00c9tat d&rsquo;un seul tenant entre Gaza et la Cisjordanie. Mais le successeur d&rsquo;Arafat \u00e0 la pr\u00e9sidence palestinienne, Mahmoud Abbas, a \u00e9galement rejet\u00e9 le plan de paix isra\u00e9lien.  <br\/><br\/>Comme environ 80% des colons isra\u00e9liens vivant aujourd&rsquo;hui en Cisjordanie sont concentr\u00e9s dans cinq grands blocs, les experts pensent qu&rsquo;une solution \u00e0 deux \u00c9tats est toujours possible. La guerre actuelle \u00e0 Gaza a conduit les Etats-Unis et l&rsquo;Union europ\u00e9enne \u00e0 faire \u00e0 nouveau fermement pression en faveur d&rsquo;une telle solution. <\/p>\n\n<h3 class=\"wp-block-heading\">V\u0153ux pieux et r\u00e9alit\u00e9<\/h3>\n\n<p>Dans la <a href=\"https:\/\/www.nzz.ch\/meinung\/die-zweistaatenloesung-ist-ein-ferner-traum-ld.1775665?reduced=true\" target=\"_blank\" rel=\"noreferrer noopener\">Neue Z\u00fcrcher Zeitung (NZZ) du 27 janvier 2024<\/a>, Peter Rasonyi, chef de la section \u00e9trang\u00e8re, \u00e9crit \u00e0 ce sujet : \u00ab\u00a0Les \u00c9tats-Unis et l&rsquo;UE exigent un \u00c9tat palestinien. Ils sont ainsi du bon c\u00f4t\u00e9 de la morale et du mauvais c\u00f4t\u00e9 de la r\u00e9alit\u00e9\u00a0\u00bb.<br\/><br\/>En exigeant la mise en \u0153uvre imm\u00e9diate de la solution \u00e0 deux Etats, l&rsquo;Europe et les Etats-Unis ignorent les r\u00e9alit\u00e9s politiques du Proche-Orient, critique Rasonyi. Si les Etats-Unis et l&rsquo;UE prennent au s\u00e9rieux leur demande d&rsquo;un Etat palestinien ind\u00e9pendant, ils doivent d&rsquo;abord cr\u00e9er les conditions n\u00e9cessaires \u00e0 cet effet. <br\/> <br\/>Cela signifie en premier lieu qu&rsquo;ils doivent veiller \u00e0 la s\u00e9curit\u00e9 d&rsquo;Isra\u00ebl, \u00e9crit le chef du service \u00e9tranger de la NZZ. Car ce n&rsquo;est que si celle-ci est garantie qu&rsquo;Isra\u00ebl pourra \u00eatre convaincu de renoncer \u00e0 son contr\u00f4le sur les territoires palestiniens. \u00ab\u00a0Une cr\u00e9ation forc\u00e9e d&rsquo;un Etat palestinien contre la volont\u00e9 d&rsquo;Isra\u00ebl, comme l&rsquo;a sugg\u00e9r\u00e9 Borrell (le vice-pr\u00e9sident de la Commission europ\u00e9enne en charge de la politique \u00e9trang\u00e8re et de s\u00e9curit\u00e9, r\u00e9d.), est totalement aberrante\u00a0\u00bb.  <\/p>\n","protected":false},"excerpt":{"rendered":"<p>Affirmation La construction de colonies juives en Cisjordanie est responsable de l&rsquo;absence de paix entre les Palestiniens et Isra\u00ebl. Les faits Les colonies juives construites en Cisjordanie et \u00e0 J\u00e9rusalem-Est au cours des cinquante derni\u00e8res ann\u00e9es sont ill\u00e9gales au regard du droit international et constituent un obstacle \u00e0 une r\u00e9solution pacifique du conflit entre Palestiniens [&hellip;]<\/p>\n","protected":false},"author":2,"featured_media":2367,"parent":2802,"menu_order":0,"comment_status":"closed","ping_status":"closed","template":"","meta":{"_hide_socialbar":"","footnotes":""},"categories":[],"tags":[1098,383,372,382,384],"class_list":["post-2670","page","type-page","status-publish","has-post-thumbnail","hentry","tag-analyses-propres","tag-cisjordanie","tag-israel-fr","tag-palestiniens","tag-problematique-de-lurbanisation"],"aioseo_notices":[],"_links":{"self":[{"href":"https:\/\/fokusisrael.ch\/fr\/wp-json\/wp\/v2\/pages\/2670","targetHints":{"allow":["GET"]}}],"collection":[{"href":"https:\/\/fokusisrael.ch\/fr\/wp-json\/wp\/v2\/pages"}],"about":[{"href":"https:\/\/fokusisrael.ch\/fr\/wp-json\/wp\/v2\/types\/page"}],"author":[{"embeddable":true,"href":"https:\/\/fokusisrael.ch\/fr\/wp-json\/wp\/v2\/users\/2"}],"replies":[{"embeddable":true,"href":"https:\/\/fokusisrael.ch\/fr\/wp-json\/wp\/v2\/comments?post=2670"}],"version-history":[{"count":4,"href":"https:\/\/fokusisrael.ch\/fr\/wp-json\/wp\/v2\/pages\/2670\/revisions"}],"predecessor-version":[{"id":5413,"href":"https:\/\/fokusisrael.ch\/fr\/wp-json\/wp\/v2\/pages\/2670\/revisions\/5413"}],"up":[{"embeddable":true,"href":"https:\/\/fokusisrael.ch\/fr\/wp-json\/wp\/v2\/pages\/2802"}],"wp:featuredmedia":[{"embeddable":true,"href":"https:\/\/fokusisrael.ch\/fr\/wp-json\/wp\/v2\/media\/2367"}],"wp:attachment":[{"href":"https:\/\/fokusisrael.ch\/fr\/wp-json\/wp\/v2\/media?parent=2670"}],"wp:term":[{"taxonomy":"category","embeddable":true,"href":"https:\/\/fokusisrael.ch\/fr\/wp-json\/wp\/v2\/categories?post=2670"},{"taxonomy":"post_tag","embeddable":true,"href":"https:\/\/fokusisrael.ch\/fr\/wp-json\/wp\/v2\/tags?post=2670"}],"curies":[{"name":"wp","href":"https:\/\/api.w.org\/{rel}","templated":true}]}}