{"id":2667,"date":"2024-01-28T04:48:00","date_gmt":"2024-01-28T03:48:00","guid":{"rendered":"https:\/\/fokusisrael.ch\/nachetez-pas-aux-juifs-le-mouvement-bds\/"},"modified":"2025-10-15T13:38:09","modified_gmt":"2025-10-15T11:38:09","slug":"nachetez-pas-aux-juifs-le-mouvement-bds","status":"publish","type":"page","link":"https:\/\/fokusisrael.ch\/fr\/israel-et-le-moyen-orient\/nachetez-pas-aux-juifs-le-mouvement-bds\/","title":{"rendered":"\u00ab\u00a0N&rsquo;achetez pas aux juifs !\u00a0\u00bb &#8211; le mouvement BDS"},"content":{"rendered":"\n<p class=\"article__intro\">Isra\u00ebl est un Etat d&rsquo;apartheid dans lequel la population non juive, en particulier la population arabe, est d\u00e9favoris\u00e9e et o\u00f9 les Arabes sont des citoyens de seconde zone, affirment r\u00e9guli\u00e8rement les opposants \u00e0 l&rsquo;Etat juif.  <\/p>\n\n<figure class=\"wp-block-image size-full\"><img loading=\"lazy\" decoding=\"async\" width=\"1024\" height=\"600\" src=\"https:\/\/fokusisrael.ch\/wp-content\/uploads\/2025\/03\/BDS-Bewegung_MKR-photoscene.ch_.jpg\" alt=\"Un magasin de chaussures anim&#xE9; avec des sandales en cuir, des clients et des vendeurs au comptoir, montre la vie quotidienne dans un march&#xE9; traditionnel, entour&#xE9; de sacs et d'accessoires.  \" class=\"wp-image-840\" srcset=\"https:\/\/fokusisrael.ch\/wp-content\/uploads\/2025\/03\/BDS-Bewegung_MKR-photoscene.ch_.jpg 1024w, https:\/\/fokusisrael.ch\/wp-content\/uploads\/2025\/03\/BDS-Bewegung_MKR-photoscene.ch_-300x176.jpg 300w, https:\/\/fokusisrael.ch\/wp-content\/uploads\/2025\/03\/BDS-Bewegung_MKR-photoscene.ch_-768x450.jpg 768w\" sizes=\"auto, (max-width: 1024px) 100vw, 1024px\" \/><figcaption class=\"wp-element-caption\"> <span class=\"image-meta\">&copy; MKR  photoscene.ch<\/span><\/figure><\/figcaption>\n\n<p>Outre les diff\u00e9rents groupes terroristes palestiniens et islamistes qui, soutenus par l&rsquo;Iran, combattent Isra\u00ebl par les armes, il existe \u00e9galement un groupe qui tente de le faire par l&rsquo;exclusion \u00e9conomique, scientifique et culturelle.  <br \/><br \/>Ce groupe s&rsquo;appelle \u00ab\u00a0Boycott, D\u00e9sinvestissement et Sanctions\u00a0\u00bb (BDS), conform\u00e9ment \u00e0 son credo. Il vise l&rsquo;existence m\u00eame d&rsquo;Isra\u00ebl en exigeant l&rsquo;application de boycotts aussi larges que possible, le retrait des investissements \u00e9trangers d&rsquo;Isra\u00ebl et l&rsquo;imposition de sanctions contre l&rsquo;\u00c9tat juif.   <br \/><br \/>Les boycotts ne portent pas seulement sur les produits des entreprises isra\u00e9liennes, mais aussi, par exemple, sur l&rsquo;interdiction pour les artistes isra\u00e9liens ou les productions artistiques isra\u00e9liennes (par exemple les films) de participer \u00e0 des manifestations artistiques internationales ou d&rsquo;y \u00eatre pr\u00e9sent\u00e9s. De m\u00eame, aucune collaboration avec des chercheurs isra\u00e9liens ne doit avoir lieu dans le domaine scientifique et universitaire.   <br \/><br \/>De nombreux repr\u00e9sentants du mouvement BDS nient le droit \u00e0 l&rsquo;existence d&rsquo;Isra\u00ebl, comme son fondateur Omar Barthouti, qui a d\u00e9clar\u00e9 : <a href=\"https:\/\/honestreporting.com\/bds-myths-and-facts\/\" target=\"_blank\" rel=\"noreferrer noopener\">\u00ab\u00a0Nous sommes d\u00e9finitivement oppos\u00e9s \u00e0 un \u00c9tat juif dans toute partie de la Palestine\u00a0\u00bb.<\/a>  <br \/><br \/>Dans son <a href=\"https:\/\/docs.house.gov\/meetings\/FA\/FA18\/20160419\/104817\/HHRG-114-FA18-Wstate-SchanzerJ-20160419.pdf\" target=\"_blank\" rel=\"noreferrer noopener\">rapport devant le Congr\u00e8s am\u00e9ricain <\/a>, l&rsquo;ancien analyste du terrorisme Jonathan Schanzer a mis en \u00e9vidence les liens financiers et personnels de l&rsquo;organisation BDS avec des soutiens du Hamas.  <br \/><br \/>Le mouvement BDS a \u00e9t\u00e9 cr\u00e9\u00e9 en 2005 par des organisations palestiniennes et est aujourd&rsquo;hui actif dans de nombreux pays occidentaux, avec des comit\u00e9s de soutien locaux. Ceux-ci sont g\u00e9n\u00e9ralement compos\u00e9s de repr\u00e9sentants de la gauche politique. Au niveau international, on conna\u00eet surtout le soutien apport\u00e9 au BDS par le musicien de Pink Floyd Roger Waters, qui a fait parler de lui lors de ses pr\u00e9c\u00e9dents concerts pour sa propagande ouvertement antis\u00e9mite.    <br \/><br \/>En Suisse, <a href=\"https:\/\/www.bds-info.ch\/index.php\/de\/personengalerie\" target=\"_blank\" rel=\"noreferrer noopener\">les soutiens les plus connus<\/a> du mouvement BDS sont le conseiller national socialiste genevois Carlo Sommaruga, l&rsquo;ex-conseiller national grison Andrea H\u00e4mmerle (\u00e9galement du PSS), l&rsquo;ex-conseiller national vert et pr\u00e9sident de l&rsquo;association Suisse-Palestine Geri M\u00fcller, l&rsquo;ancien journaliste de t\u00e9l\u00e9vision Erich Gysling et le cin\u00e9aste Samir, issu d&rsquo;une famille irakienne.  <br \/><\/p>\n\n<h3 class=\"wp-block-heading\">Actions BDS interdites dans de nombreux pays  <\/h3>\n\n<p>Avec son appel \u00e0 boycotter tout ce qui provient de l&rsquo;\u00c9tat juif d&rsquo;Isra\u00ebl et ses autocollants \u00ab\u00a0Don&rsquo;t buy &#8211; n&rsquo;achetez pas !\u00a0\u00bb, le mouvement BDS rappelle les appels antis\u00e9mites des nazis allemands. En 1933, avant que ne commencent les v\u00e9ritables pers\u00e9cutions contre les Juifs, l&rsquo;<a href=\"https:\/\/www.dw.com\/de\/bundestag-verurteilt-boykott-kampagne-gegen-israel\/a-48779523\" target=\"_blank\" rel=\"noreferrer noopener\">Allemagne<\/a> avait appel\u00e9 \u00e0 boycotter les magasins juifs avec la revendication \u00ab\u00a0N&rsquo;achetez pas aux Juifs !   <br \/><br \/>Les campagnes BDS sont donc consid\u00e9r\u00e9es comme antis\u00e9mites par le gouvernement et le parlement en Allemagne, en Autriche et en R\u00e9publique tch\u00e8que, entre autres. En France, des repr\u00e9sentants de BDS ont \u00e9t\u00e9 condamn\u00e9s par la justice pour avoir lanc\u00e9 des appels en vertu de la norme p\u00e9nale antiraciste. En Angleterre, le gouvernement conservateur a interdit \u00e0 toutes les institutions soutenues par les pouvoirs publics de faire la promotion de BDS.    <br \/><br \/><a href=\"https:\/\/en.wikipedia.org\/wiki\/Anti-BDS_laws\" target=\"_blank\" rel=\"noreferrer noopener\">Aux \u00c9tats-Unis, le gouvernement f\u00e9d\u00e9ral et le Congr\u00e8s am\u00e9ricain, ainsi que les gouvernements et les parlements de nombreux \u00c9tats, ont \u00e9galement<\/a> pris des mesures contre BDS. Par exemple, en 2015, le pr\u00e9sident de l&rsquo;\u00e9poque, Barack Obama, a sign\u00e9 une loi exigeant que les campagnes BDS soient explicitement rejet\u00e9es dans les accords de libre-\u00e9change avec l&rsquo;UE. Au niveau parlementaire, des r\u00e9solutions contre le boycott d&rsquo;Isra\u00ebl ont \u00e9t\u00e9 adopt\u00e9es dans les deux chambres (S\u00e9nat et Chambre des repr\u00e9sentants).    <br \/><br \/>Trente-sept des cinquante \u00c9tats am\u00e9ricains ont d\u00e9sormais adopt\u00e9 des lois ou des r\u00e8glements visant \u00e0 lutter contre le BDS et \u00e0 emp\u00eacher les appels au boycott d&rsquo;Isra\u00ebl. Ainsi, il a \u00e9t\u00e9 interdit aux fournisseurs du secteur public d&rsquo;entretenir des relations commerciales avec des entreprises qui soutiennent le BDS ou d&rsquo;autres boycotts d&rsquo;Isra\u00ebl.   <\/p>\n","protected":false},"excerpt":{"rendered":"<p>Isra\u00ebl est un Etat d&rsquo;apartheid dans lequel la population non juive, en particulier la population arabe, est d\u00e9favoris\u00e9e et o\u00f9 les Arabes sont des citoyens de seconde zone, affirment r\u00e9guli\u00e8rement les opposants \u00e0 l&rsquo;Etat juif. Outre les diff\u00e9rents groupes terroristes palestiniens et islamistes qui, soutenus par l&rsquo;Iran, combattent Isra\u00ebl par les armes, il existe \u00e9galement [&hellip;]<\/p>\n","protected":false},"author":2,"featured_media":2383,"parent":2802,"menu_order":0,"comment_status":"closed","ping_status":"closed","template":"","meta":{"_hide_socialbar":"","footnotes":""},"categories":[],"tags":[381],"class_list":["post-2667","page","type-page","status-publish","has-post-thumbnail","hentry","tag-bds-fr"],"aioseo_notices":[],"_links":{"self":[{"href":"https:\/\/fokusisrael.ch\/fr\/wp-json\/wp\/v2\/pages\/2667","targetHints":{"allow":["GET"]}}],"collection":[{"href":"https:\/\/fokusisrael.ch\/fr\/wp-json\/wp\/v2\/pages"}],"about":[{"href":"https:\/\/fokusisrael.ch\/fr\/wp-json\/wp\/v2\/types\/page"}],"author":[{"embeddable":true,"href":"https:\/\/fokusisrael.ch\/fr\/wp-json\/wp\/v2\/users\/2"}],"replies":[{"embeddable":true,"href":"https:\/\/fokusisrael.ch\/fr\/wp-json\/wp\/v2\/comments?post=2667"}],"version-history":[{"count":3,"href":"https:\/\/fokusisrael.ch\/fr\/wp-json\/wp\/v2\/pages\/2667\/revisions"}],"predecessor-version":[{"id":5257,"href":"https:\/\/fokusisrael.ch\/fr\/wp-json\/wp\/v2\/pages\/2667\/revisions\/5257"}],"up":[{"embeddable":true,"href":"https:\/\/fokusisrael.ch\/fr\/wp-json\/wp\/v2\/pages\/2802"}],"wp:featuredmedia":[{"embeddable":true,"href":"https:\/\/fokusisrael.ch\/fr\/wp-json\/wp\/v2\/media\/2383"}],"wp:attachment":[{"href":"https:\/\/fokusisrael.ch\/fr\/wp-json\/wp\/v2\/media?parent=2667"}],"wp:term":[{"taxonomy":"category","embeddable":true,"href":"https:\/\/fokusisrael.ch\/fr\/wp-json\/wp\/v2\/categories?post=2667"},{"taxonomy":"post_tag","embeddable":true,"href":"https:\/\/fokusisrael.ch\/fr\/wp-json\/wp\/v2\/tags?post=2667"}],"curies":[{"name":"wp","href":"https:\/\/api.w.org\/{rel}","templated":true}]}}