{"id":2661,"date":"2025-03-19T20:09:54","date_gmt":"2025-03-19T19:09:54","guid":{"rendered":"https:\/\/fokusisrael.ch\/videos-nationales-et-internationales\/"},"modified":"2025-10-15T13:38:09","modified_gmt":"2025-10-15T11:38:09","slug":"videos-nationales-et-internationales","status":"publish","type":"page","link":"https:\/\/fokusisrael.ch\/fr\/contexte-et-opinions-recommandations-de-la-redaction\/videos-nationales-et-internationales\/","title":{"rendered":"Vid\u00e9os nationales et internationales"},"content":{"rendered":"<div class=\"media__list\"><div class=\"media__list__item\">\n                            <h2 class=\"media__list__item__title\">Gibt es bald den grossen Krieg im Nahen Osten? Eine Videoanalyse zur aktuellen Lage<\/h2>\n                            <p class=\"media__list__item__copyright\">13. August 2024 - <\/p>\n                            <p class=\"media__list__item__text\">Israel hat Iran und die Terrormiliz Hizbullah provoziert. Alle erwarten nun eine heftige Antwort Irans und&nbsp;damit Krieg. Wie wahrscheinlich ist eine Eskalation? \u00a9 13. August 2024<\/p>\n                            <p class=\"media__list__item__copyright\"><a href=\"https:\/\/www.nzz.ch\/international\/naechster-schritt-krieg-drei-akteure-im-nahen-osten-sind-fuer-die-neueste-eskalationsstufe-verantwortlich-eine-videoanalyse-ld.1842939\" target=\"_blank\">Zum Video<\/a><\/p>\n                        <\/div><div class=\"media__list__item\">\n                            <h2 class=\"media__list__item__title\">7. Oktober 2023: Verbrechen gegen die Menschlichkeit, Kriegsverbrechen durch Hamas-gef\u00fchrte Gruppen<\/h2>\n                            <p class=\"media__list__item__copyright\">17. Juli 2024 - HRW<\/p>\n                            <p class=\"media__list__item__text\">Der milit\u00e4rische Fl\u00fcgel der Hamas - die al-Kassam-Brigaden \u2013 und mindestens vier weitere bewaffnete pal\u00e4stinensische Gruppen haben w\u00e4hrend des Angriffs im S\u00fcden Israels am 7. Oktober 2023 zahlreiche Kriegsverbrechen und Verbrechen gegen die Menschlichkeit an Zivilisten begangen, so Human Rights Watch in einem heute ver\u00f6ffentlichten Bericht.&nbsp; \u00a9 HRW 17. Juli 2024<\/p>\n                            <div class=\"wp-block-embed__wrapper\"><iframe loading=\"lazy\" title=\"Israel: Angriff pal\u00e4stinensischer bewaffneter Gruppen vom 7. Oktober\" width=\"500\" height=\"281\" src=\"https:\/\/www.youtube.com\/embed\/IjuCbDTi-Jw?feature=oembed\" frameborder=\"0\" allow=\"accelerometer; autoplay; clipboard-write; encrypted-media; gyroscope; picture-in-picture; web-share\" referrerpolicy=\"strict-origin-when-cross-origin\" allowfullscreen><\/iframe><\/div>\n                        <\/div><div class=\"media__list__item\">\n                            <h2 class=\"media__list__item__title\">\u00abSehen ein globales Mitl\u00e4ufertum\u00bb \u2013 Michael Wolffsohn zum Israel-Hass auf den Strassen<\/h2>\n                            <p class=\"media__list__item__copyright\">21. Mai 2024 - WELT<\/p>\n                            <p class=\"media__list__item__text\">Im Interview spricht Historiker Michael Wolfssohn \u00fcber den globalen Antisemitismus und die anhaltenden Proteste der Israel-Hasser. Die antisemitischen Einstellungen seien nicht neu und auch keine Reaktion auf den Gaza-Krieg, sondern etwas, was unter Oberfl\u00e4che immer schon vorhanden war und durch diesen Anlass zum Vorschein kommt. \u00a9 WELT 21. Mai 2024<\/p>\n                            <div class=\"wp-block-embed__wrapper\"><iframe loading=\"lazy\" title=\"ANTISEMITISMUS: &quot;Sehen ein globales Mitl\u00e4ufertum&quot; Michael Wolffsohn zum Israel-Hass auf den Stra\u00dfen\" width=\"500\" height=\"281\" src=\"https:\/\/www.youtube.com\/embed\/UYakOu9mcqM?feature=oembed\" frameborder=\"0\" allow=\"accelerometer; autoplay; clipboard-write; encrypted-media; gyroscope; picture-in-picture; web-share\" referrerpolicy=\"strict-origin-when-cross-origin\" allowfullscreen><\/iframe><\/div>\n                        <\/div><div class=\"media__list__item\">\n                            <h2 class=\"media__list__item__title\">Einat Wilf speaks at UN Briefing on UNRWA<\/h2>\n                            <p class=\"media__list__item__copyright\">10. Mai 2024 - Einat Wilf<\/p>\n                            <p class=\"media__list__item__text\">Dr. Einat Wilf erkl\u00e4rt das Wesen des UNRWA bei einem Briefing f\u00fcr UN-Delegationen im UN-Hauptquartier in New York, das vom israelischen Botschafter bei den Vereinten Nationen veranstaltet wird. \u00a9 Einat Wilf 10. Mai 2024<\/p>\n                            <div class=\"wp-block-embed__wrapper\"><iframe loading=\"lazy\" title=\"Einat Wilf speaks at UN Briefing on UNRWA\" width=\"500\" height=\"281\" src=\"https:\/\/www.youtube.com\/embed\/tV0ct9pECzQ?feature=oembed\" frameborder=\"0\" allow=\"accelerometer; autoplay; clipboard-write; encrypted-media; gyroscope; picture-in-picture; web-share\" referrerpolicy=\"strict-origin-when-cross-origin\" allowfullscreen><\/iframe><\/div>\n                        <\/div><div class=\"media__list__item\">\n                            <h2 class=\"media__list__item__title\">Israels n\u00e4chste Offensive: Was Israel in Rafah will und wieso die USA dagegen sind \u2013 ein Erkl\u00e4rvideo<\/h2>\n                            <p class=\"media__list__item__copyright\">17. April 2024 - NZZ<\/p>\n                            <p class=\"media__list__item__text\">Die USA warnen Israel davor, Rafah anzugreifen. Die humanit\u00e4ren Konsequenzen w\u00e4ren in der s\u00fcdlichsten Stadt Gazas wohl verheerend. Der Nachbarstaat \u00c4gypten hat bisher zwar die Offensive verurteilt, die Grenzen aber geschlossen gelassen. Das k\u00f6nnte sich jetzt \u00e4ndern. \u00a9 NZZ 17. April 2024<\/p>\n                            <p class=\"media__list__item__copyright\"><a href=\"https:\/\/www.nzz.ch\/international\/gaza-krieg\/aegypten-koennte-grenze-zu-gaza-oeffnen-ld.1826607\" target=\"_blank\">Zum Video<\/a><\/p>\n                        <\/div><div class=\"media__list__item\">\n                            <h2 class=\"media__list__item__title\">Isaac Herzog, Pr\u00e4sident des Staates Israel am WEF 2024<\/h2>\n                            <p class=\"media__list__item__copyright\">31. Januar 2024 - \u00a0 BILD<\/p>\n                            <p class=\"media__list__item__text\">Ein Gespr\u00e4ch mit Isaac Herzog, Pr\u00e4sident des Staates Israel. 54. Jahrestagung des Weltwirtschaftsforums, 2024 Davos. (Auf englisch). \u00a9&nbsp; BILD, 31. Januar 2024      &nbsp;<\/p>\n                            <div class=\"wp-block-embed__wrapper\"><iframe loading=\"lazy\" title=\"A Conversation with Isaac Herzog, President of Israel | Davos 2024 | World Economic Forum\" width=\"500\" height=\"281\" src=\"https:\/\/www.youtube.com\/embed\/JqM_9OAUHEU?feature=oembed\" frameborder=\"0\" allow=\"accelerometer; autoplay; clipboard-write; encrypted-media; gyroscope; picture-in-picture; web-share\" referrerpolicy=\"strict-origin-when-cross-origin\" allowfullscreen><\/iframe><\/div>\n                        <\/div><div class=\"media__list__item\">\n                            <h2 class=\"media__list__item__title\">Michael Wolffsohn \u00fcber Antisemitismus in Deutschland<\/h2>\n                            <p class=\"media__list__item__copyright\">22. November 2023 - S\u00e4chsischer Landtag<\/p>\n                            <p class=\"media__list__item__text\">In einer Rede am 15. November 2023 in Dresden hat Prof. Dr. Michael Wolffsohn \u00fcber die aus seiner Sicht \u00abHauptquellen von Antisemitismus in Deutschland und Europa\u00bb gesprochen. Der Historiker und Publizist hielt auf Einladung von Sachsens Landtagspr\u00e4sident Dr. Matthias R\u00f6ssler einen Vortrag beim Gespr\u00e4chskreis vor rund 110 G\u00e4sten im St\u00e4ndehaus zum Thema \u00abJ\u00fcdisches Leben in Gefahr? Antisemitismus in Deutschland und Europa\u00bb. \u00a9 S\u00e4chsischer Landtag, 22. November 2023<\/p>\n                            <div class=\"wp-block-embed__wrapper\"><iframe loading=\"lazy\" title=\"Michael Wolffsohn zu &quot;Antisemitismus in Deutschland und Europa&quot;\" width=\"500\" height=\"281\" src=\"https:\/\/www.youtube.com\/embed\/YvpAjzFCAas?feature=oembed\" frameborder=\"0\" allow=\"accelerometer; autoplay; clipboard-write; encrypted-media; gyroscope; picture-in-picture; web-share\" referrerpolicy=\"strict-origin-when-cross-origin\" allowfullscreen><\/iframe><\/div>\n                        <\/div><div class=\"media__list__item\">\n                            <h2 class=\"media__list__item__title\">Die Rede der israelischen Schriftstellerin und Schauspielerin Noa Tishby<\/h2>\n                            <p class=\"media__list__item__copyright\">17. Oktober 2023 - Die israelische Schriftstellerin und Schauspielerin Noa Tishby h\u00e4lt eine Rede am der j\u00e4hrlichen Gala der Freunde der israelischen Verteidigungskr\u00e4fte (FIDF). New York<\/p>\n                            <p class=\"media__list__item__text\">Die israelische Schriftstellerin und Schauspielerin Noa Tishby h\u00e4lt eine Rede am der j\u00e4hrlichen Gala der Freunde der israelischen Verteidigungskr\u00e4fte (FIDF). New York, 17. Oktober 2023<\/p>\n                            <div class=\"wp-block-embed__wrapper\"><iframe loading=\"lazy\" title=\"Noa Tishby \u2013 Die Rede an der Gala der FIDF\" width=\"500\" height=\"281\" src=\"https:\/\/www.youtube.com\/embed\/x0_fLpb_0OE?feature=oembed\" frameborder=\"0\" allow=\"accelerometer; autoplay; clipboard-write; encrypted-media; gyroscope; picture-in-picture; web-share\" referrerpolicy=\"strict-origin-when-cross-origin\" allowfullscreen><\/iframe><\/div>\n                        <\/div><div class=\"media__list__item\">\n                            <h2 class=\"media__list__item__title\">Verdacht Judenhass \u2013 Der Fall Gr\u00fcnbaum<\/h2>\n                            <p class=\"media__list__item__copyright\"> - SRF 2024<\/p>\n                            <p class=\"media__list__item__text\">Rabbiner Abraham Gr\u00fcnbaum hatte als Kind den Holocaust \u00fcberlebt und in Israel eine neue Heimat gefunden. Mit 70 Jahren wird er im Juni 2001 mitten in Z\u00fcrich erschossen. Der T\u00e4ter fl\u00fcchtet. War das Motiv Judenhass? Beweise daf\u00fcr fehlen, doch bleibt es die wahrscheinlichste Hypothese. \u00a9 SRF 2024<\/p>\n                            <div class=\"wp-block-embed__wrapper\"><iframe loading=\"lazy\" title=\"Verdacht Judenhass \u2013 Der Fall Gr\u00fcnbaum | Cold Cases Schweiz | DOK | SRF\" width=\"500\" height=\"281\" src=\"https:\/\/www.youtube.com\/embed\/fERhqhf9gIc?feature=oembed\" frameborder=\"0\" allow=\"accelerometer; autoplay; clipboard-write; encrypted-media; gyroscope; picture-in-picture; web-share\" referrerpolicy=\"strict-origin-when-cross-origin\" allowfullscreen><\/iframe><\/div>\n                        <\/div><div class=\"media__list__item\">\n                            <h2 class=\"media__list__item__title\">Einat Wil im Interview in der ILTV-Sendung \u00abIsrael Weekly\u00bb<\/h2>\n                            <p class=\"media__list__item__copyright\"> - Dr. Einat Wilf, ehemaliges Mitglied der Knesset, in der ILTV-Sendung \u00abIsrael Weekly\u00bb \u00fcber die Frage, ob die israelischen Siedlungen eine Zwei-Staaten-L\u00f6sung verhindern. Mit deutschen Untertitel.<\/p>\n                            <p class=\"media__list__item__text\">Dr. Einat Wilf, ehemaliges Mitglied der Knesset, in der ILTV-Sendung \u00abIsrael Weekly\u00bb \u00fcber die Frage, ob die israelischen Siedlungen eine Zwei-Staaten-L\u00f6sung verhindern. Mit deutschen Untertitel.<\/p>\n                            <div class=\"wp-block-embed__wrapper\"><iframe loading=\"lazy\" title=\"Einat Wil im Interview  in der ILTV-Sendung \u00abIsrael Weekly\u00bb\" width=\"500\" height=\"281\" src=\"https:\/\/www.youtube.com\/embed\/GqxAlUFbmcM?feature=oembed\" frameborder=\"0\" allow=\"accelerometer; autoplay; clipboard-write; encrypted-media; gyroscope; picture-in-picture; web-share\" referrerpolicy=\"strict-origin-when-cross-origin\" allowfullscreen><\/iframe><\/div>\n                        <\/div><div class=\"pagination\">\n\t<nav class=\"navigation pagination\" aria-label=\"Pagination des publications\">\n\t\t<h2 class=\"screen-reader-text\">Pagination des publications<\/h2>\n\t\t<div class=\"nav-links\"><span aria-current=\"page\" class=\"page-numbers current\">1<\/span>\n<a class=\"page-numbers\" href=\"https:\/\/fokusisrael.ch\/fr\/wp-json\/wp\/v2\/pages\/2661\/page\/2\/\">2<\/a>\n<a class=\"next page-numbers\" href=\"https:\/\/fokusisrael.ch\/fr\/wp-json\/wp\/v2\/pages\/2661\/page\/2\/\">Plus d'informations \"<\/a><\/div>\n\t<\/nav><\/div><\/div>\n","protected":false},"excerpt":{"rendered":"","protected":false},"author":2,"featured_media":2391,"parent":2804,"menu_order":0,"comment_status":"closed","ping_status":"closed","template":"","meta":{"_hide_socialbar":"","footnotes":""},"categories":[],"tags":[],"class_list":["post-2661","page","type-page","status-publish","has-post-thumbnail","hentry"],"aioseo_notices":[],"_links":{"self":[{"href":"https:\/\/fokusisrael.ch\/fr\/wp-json\/wp\/v2\/pages\/2661","targetHints":{"allow":["GET"]}}],"collection":[{"href":"https:\/\/fokusisrael.ch\/fr\/wp-json\/wp\/v2\/pages"}],"about":[{"href":"https:\/\/fokusisrael.ch\/fr\/wp-json\/wp\/v2\/types\/page"}],"author":[{"embeddable":true,"href":"https:\/\/fokusisrael.ch\/fr\/wp-json\/wp\/v2\/users\/2"}],"replies":[{"embeddable":true,"href":"https:\/\/fokusisrael.ch\/fr\/wp-json\/wp\/v2\/comments?post=2661"}],"version-history":[{"count":2,"href":"https:\/\/fokusisrael.ch\/fr\/wp-json\/wp\/v2\/pages\/2661\/revisions"}],"predecessor-version":[{"id":2663,"href":"https:\/\/fokusisrael.ch\/fr\/wp-json\/wp\/v2\/pages\/2661\/revisions\/2663"}],"up":[{"embeddable":true,"href":"https:\/\/fokusisrael.ch\/fr\/wp-json\/wp\/v2\/pages\/2804"}],"wp:featuredmedia":[{"embeddable":true,"href":"https:\/\/fokusisrael.ch\/fr\/wp-json\/wp\/v2\/media\/2391"}],"wp:attachment":[{"href":"https:\/\/fokusisrael.ch\/fr\/wp-json\/wp\/v2\/media?parent=2661"}],"wp:term":[{"taxonomy":"category","embeddable":true,"href":"https:\/\/fokusisrael.ch\/fr\/wp-json\/wp\/v2\/categories?post=2661"},{"taxonomy":"post_tag","embeddable":true,"href":"https:\/\/fokusisrael.ch\/fr\/wp-json\/wp\/v2\/tags?post=2661"}],"curies":[{"name":"wp","href":"https:\/\/api.w.org\/{rel}","templated":true}]}}