{"id":2658,"date":"2024-08-02T11:56:00","date_gmt":"2024-08-02T09:56:00","guid":{"rendered":"https:\/\/fokusisrael.ch\/que-repondez-vous-a-laccusation-selon-laquelle-israel-commet-un-genocide-a-gaza\/"},"modified":"2026-04-02T00:39:53","modified_gmt":"2026-04-01T22:39:53","slug":"que-repondez-vous-a-laccusation-selon-laquelle-israel-commet-un-genocide-a-gaza","status":"publish","type":"page","link":"https:\/\/fokusisrael.ch\/fr\/questions-et-reponses-sur-israel-gaza-et-les-palestiniens\/que-repondez-vous-a-laccusation-selon-laquelle-israel-commet-un-genocide-a-gaza\/","title":{"rendered":"Que r\u00e9pondez-vous \u00e0 l&rsquo;accusation selon laquelle Isra\u00ebl commet un g\u00e9nocide \u00e0 Gaza ?"},"content":{"rendered":"\n<p class=\"article__intro\">Elle a \u00e9t\u00e9 membre du Parlement isra\u00e9lien, la Knesset, et est aujourd&rsquo;hui l&rsquo;une des analystes les plus respect\u00e9es au monde de la situation en Isra\u00ebl et au Moyen-Orient : la politologue Dr Einat Wilf. Elle r\u00e9pond en exclusivit\u00e9 aux dix questions les plus importantes sur Isra\u00ebl et le Proche-Orient. <\/p>\n\n<figure class=\"wp-block-embed is-type-video is-provider-youtube wp-block-embed-youtube wp-embed-aspect-16-9 wp-has-aspect-ratio\"><div class=\"wp-block-embed__wrapper\">\n<iframe loading=\"lazy\" title=\"Was antworten Sie auf den Vorwurf, dass Israel in Gaza einen V\u00f6lkermord begeht?\" width=\"500\" height=\"281\" src=\"https:\/\/www.youtube.com\/embed\/LGUDShIboyI?feature=oembed\" frameborder=\"0\" allow=\"accelerometer; autoplay; clipboard-write; encrypted-media; gyroscope; picture-in-picture; web-share\" referrerpolicy=\"strict-origin-when-cross-origin\" allowfullscreen><\/iframe>\n<\/div><\/figure>\n\n<p>Ses opposants accusent Isra\u00ebl de commettre un g\u00e9nocide en menant une guerre contre les organisations terroristes du Hamas et du Djihad islamique \u00e0 Gaza. Le Dr Einat Wilf explique pourquoi cette accusation est injustifi\u00e9e. <\/p>\n","protected":false},"excerpt":{"rendered":"<p>Elle a \u00e9t\u00e9 membre du Parlement isra\u00e9lien, la Knesset, et est aujourd&rsquo;hui l&rsquo;une des analystes les plus respect\u00e9es au monde de la situation en Isra\u00ebl et au Moyen-Orient : la politologue Dr Einat Wilf. Elle r\u00e9pond en exclusivit\u00e9 aux dix questions les plus importantes sur Isra\u00ebl et le Proche-Orient. Ses opposants accusent Isra\u00ebl de commettre [&hellip;]<\/p>\n","protected":false},"author":2,"featured_media":2341,"parent":2814,"menu_order":12,"comment_status":"closed","ping_status":"closed","template":"","meta":{"_hide_socialbar":"","footnotes":""},"categories":[],"tags":[373,375,379,372],"class_list":["post-2658","page","type-page","status-publish","has-post-thumbnail","hentry","tag-einat-wilf-fr","tag-faq-fr-2","tag-gaza-fr","tag-israel-fr"],"aioseo_notices":[],"_links":{"self":[{"href":"https:\/\/fokusisrael.ch\/fr\/wp-json\/wp\/v2\/pages\/2658","targetHints":{"allow":["GET"]}}],"collection":[{"href":"https:\/\/fokusisrael.ch\/fr\/wp-json\/wp\/v2\/pages"}],"about":[{"href":"https:\/\/fokusisrael.ch\/fr\/wp-json\/wp\/v2\/types\/page"}],"author":[{"embeddable":true,"href":"https:\/\/fokusisrael.ch\/fr\/wp-json\/wp\/v2\/users\/2"}],"replies":[{"embeddable":true,"href":"https:\/\/fokusisrael.ch\/fr\/wp-json\/wp\/v2\/comments?post=2658"}],"version-history":[{"count":2,"href":"https:\/\/fokusisrael.ch\/fr\/wp-json\/wp\/v2\/pages\/2658\/revisions"}],"predecessor-version":[{"id":2660,"href":"https:\/\/fokusisrael.ch\/fr\/wp-json\/wp\/v2\/pages\/2658\/revisions\/2660"}],"up":[{"embeddable":true,"href":"https:\/\/fokusisrael.ch\/fr\/wp-json\/wp\/v2\/pages\/2814"}],"wp:featuredmedia":[{"embeddable":true,"href":"https:\/\/fokusisrael.ch\/fr\/wp-json\/wp\/v2\/media\/2341"}],"wp:attachment":[{"href":"https:\/\/fokusisrael.ch\/fr\/wp-json\/wp\/v2\/media?parent=2658"}],"wp:term":[{"taxonomy":"category","embeddable":true,"href":"https:\/\/fokusisrael.ch\/fr\/wp-json\/wp\/v2\/categories?post=2658"},{"taxonomy":"post_tag","embeddable":true,"href":"https:\/\/fokusisrael.ch\/fr\/wp-json\/wp\/v2\/tags?post=2658"}],"curies":[{"name":"wp","href":"https:\/\/api.w.org\/{rel}","templated":true}]}}