{"id":2644,"date":"2024-08-01T12:04:00","date_gmt":"2024-08-01T10:04:00","guid":{"rendered":"https:\/\/fokusisrael.ch\/peut-on-et-doit-on-parvenir-a-une-solution-a-deux-etats\/"},"modified":"2026-04-02T00:39:45","modified_gmt":"2026-04-01T22:39:45","slug":"peut-on-et-doit-on-parvenir-a-une-solution-a-deux-etats","status":"publish","type":"page","link":"https:\/\/fokusisrael.ch\/fr\/questions-et-reponses-sur-israel-gaza-et-les-palestiniens\/peut-on-et-doit-on-parvenir-a-une-solution-a-deux-etats\/","title":{"rendered":"Peut-on et doit-on parvenir \u00e0 une solution \u00e0 deux \u00c9tats ?"},"content":{"rendered":"\n<p class=\"article__intro\">Elle a \u00e9t\u00e9 membre du Parlement isra\u00e9lien, la Knesset, et est aujourd&rsquo;hui l&rsquo;une des analystes les plus respect\u00e9es au monde de la situation en Isra\u00ebl et au Moyen-Orient : la politologue Dr Einat Wilf. Elle r\u00e9pond en exclusivit\u00e9 aux dix questions les plus importantes sur Isra\u00ebl et le Proche-Orient. <\/p>\n\n<figure class=\"wp-block-embed is-type-video is-provider-youtube wp-block-embed-youtube wp-embed-aspect-16-9 wp-has-aspect-ratio\"><div class=\"wp-block-embed__wrapper\">\n<iframe loading=\"lazy\" title=\"Ist die Zwei-Staaten-L\u00f6sung Geschichte?\" width=\"500\" height=\"281\" src=\"https:\/\/www.youtube.com\/embed\/qi-My6kXGrQ?feature=oembed\" frameborder=\"0\" allow=\"accelerometer; autoplay; clipboard-write; encrypted-media; gyroscope; picture-in-picture; web-share\" referrerpolicy=\"strict-origin-when-cross-origin\" allowfullscreen><\/iframe>\n<\/div><\/figure>\n\n<p>En 1947, l&rsquo;Assembl\u00e9e g\u00e9n\u00e9rale des Nations unies a d\u00e9cid\u00e9 de cr\u00e9er un \u00c9tat juif et un \u00c9tat arabe au Moyen-Orient. Que reste-t-il de cette id\u00e9e ? A-t-elle encore une chance d&rsquo;\u00eatre r\u00e9alis\u00e9e ? Le Dr Einat Wilf donne son avis.     <\/p>\n","protected":false},"excerpt":{"rendered":"<p>Elle a \u00e9t\u00e9 membre du Parlement isra\u00e9lien, la Knesset, et est aujourd&rsquo;hui l&rsquo;une des analystes les plus respect\u00e9es au monde de la situation en Isra\u00ebl et au Moyen-Orient : la politologue Dr Einat Wilf. Elle r\u00e9pond en exclusivit\u00e9 aux dix questions les plus importantes sur Isra\u00ebl et le Proche-Orient. En 1947, l&rsquo;Assembl\u00e9e g\u00e9n\u00e9rale des Nations [&hellip;]<\/p>\n","protected":false},"author":2,"featured_media":2348,"parent":2814,"menu_order":11,"comment_status":"closed","ping_status":"closed","template":"","meta":{"_hide_socialbar":"","footnotes":""},"categories":[],"tags":[373,375,372],"class_list":["post-2644","page","type-page","status-publish","has-post-thumbnail","hentry","tag-einat-wilf-fr","tag-faq-fr-2","tag-israel-fr"],"aioseo_notices":[],"_links":{"self":[{"href":"https:\/\/fokusisrael.ch\/fr\/wp-json\/wp\/v2\/pages\/2644","targetHints":{"allow":["GET"]}}],"collection":[{"href":"https:\/\/fokusisrael.ch\/fr\/wp-json\/wp\/v2\/pages"}],"about":[{"href":"https:\/\/fokusisrael.ch\/fr\/wp-json\/wp\/v2\/types\/page"}],"author":[{"embeddable":true,"href":"https:\/\/fokusisrael.ch\/fr\/wp-json\/wp\/v2\/users\/2"}],"replies":[{"embeddable":true,"href":"https:\/\/fokusisrael.ch\/fr\/wp-json\/wp\/v2\/comments?post=2644"}],"version-history":[{"count":2,"href":"https:\/\/fokusisrael.ch\/fr\/wp-json\/wp\/v2\/pages\/2644\/revisions"}],"predecessor-version":[{"id":2647,"href":"https:\/\/fokusisrael.ch\/fr\/wp-json\/wp\/v2\/pages\/2644\/revisions\/2647"}],"up":[{"embeddable":true,"href":"https:\/\/fokusisrael.ch\/fr\/wp-json\/wp\/v2\/pages\/2814"}],"wp:featuredmedia":[{"embeddable":true,"href":"https:\/\/fokusisrael.ch\/fr\/wp-json\/wp\/v2\/media\/2348"}],"wp:attachment":[{"href":"https:\/\/fokusisrael.ch\/fr\/wp-json\/wp\/v2\/media?parent=2644"}],"wp:term":[{"taxonomy":"category","embeddable":true,"href":"https:\/\/fokusisrael.ch\/fr\/wp-json\/wp\/v2\/categories?post=2644"},{"taxonomy":"post_tag","embeddable":true,"href":"https:\/\/fokusisrael.ch\/fr\/wp-json\/wp\/v2\/tags?post=2644"}],"curies":[{"name":"wp","href":"https:\/\/api.w.org\/{rel}","templated":true}]}}