{"id":2635,"date":"2024-08-04T09:00:00","date_gmt":"2024-08-04T07:00:00","guid":{"rendered":"https:\/\/fokusisrael.ch\/comment-israel-peut-il-combler-le-fosse-entre-les-parties-laiques-et-liberales-et-les-parties-ultra-orthodoxes-et-nationalistes-de-sa-population\/"},"modified":"2026-04-02T00:41:09","modified_gmt":"2026-04-01T22:41:09","slug":"comment-israel-peut-il-combler-le-fosse-entre-les-parties-laiques-et-liberales-et-les-parties-ultra-orthodoxes-et-nationalistes-de-sa-population","status":"publish","type":"page","link":"https:\/\/fokusisrael.ch\/fr\/questions-et-reponses-sur-israel-gaza-et-les-palestiniens\/comment-israel-peut-il-combler-le-fosse-entre-les-parties-laiques-et-liberales-et-les-parties-ultra-orthodoxes-et-nationalistes-de-sa-population\/","title":{"rendered":"Comment Isra\u00ebl peut-il combler le foss\u00e9 entre les parties la\u00efques et lib\u00e9rales et les parties ultra-orthodoxes et nationalistes de sa population ?"},"content":{"rendered":"\n<p class=\"article__intro\">Elle a \u00e9t\u00e9 membre du Parlement isra\u00e9lien, la Knesset, et est aujourd&rsquo;hui l&rsquo;une des analystes les plus respect\u00e9es au monde de la situation en Isra\u00ebl et au Moyen-Orient : la politologue Dr. Einat Wilf. Einat Wilf r\u00e9pond en exclusivit\u00e9 \u00e0 FocusIsrael.ch sur les dix questions les plus importantes concernant Isra\u00ebl et le Proche-Orient.<\/p>\n\n<figure class=\"wp-block-embed is-type-video is-provider-youtube wp-block-embed-youtube wp-embed-aspect-16-9 wp-has-aspect-ratio\"><div class=\"wp-block-embed__wrapper\">\n<iframe loading=\"lazy\" title=\"Wie kann Israel seine innere Spaltung \u00fcberwinden?\" width=\"500\" height=\"281\" src=\"https:\/\/www.youtube.com\/embed\/35gDIrmKby4?feature=oembed\" frameborder=\"0\" allow=\"accelerometer; autoplay; clipboard-write; encrypted-media; gyroscope; picture-in-picture; web-share\" referrerpolicy=\"strict-origin-when-cross-origin\" allowfullscreen><\/iframe>\n<\/div><\/figure>\n\n<p>Le foss\u00e9 entre la majorit\u00e9 la\u00efque de la population isra\u00e9lienne et sa minorit\u00e9 ultra-orthodoxe provoque des tensions politiques de plus en plus fortes. Le Dr Einat Wilf explique pourquoi et comment ces tensions peuvent \u00eatre surmont\u00e9es.<\/p>\n","protected":false},"excerpt":{"rendered":"<p>Elle a \u00e9t\u00e9 membre du Parlement isra\u00e9lien, la Knesset, et est aujourd&rsquo;hui l&rsquo;une des analystes les plus respect\u00e9es au monde de la situation en Isra\u00ebl et au Moyen-Orient : la politologue Dr. Einat Wilf. Einat Wilf r\u00e9pond en exclusivit\u00e9 \u00e0 FocusIsrael.ch sur les dix questions les plus importantes concernant Isra\u00ebl et le Proche-Orient. Le foss\u00e9 [&hellip;]<\/p>\n","protected":false},"author":2,"featured_media":2340,"parent":2814,"menu_order":19,"comment_status":"closed","ping_status":"closed","template":"","meta":{"_hide_socialbar":"","footnotes":""},"categories":[],"tags":[373,375,372],"class_list":["post-2635","page","type-page","status-publish","has-post-thumbnail","hentry","tag-einat-wilf-fr","tag-faq-fr-2","tag-israel-fr"],"aioseo_notices":[],"_links":{"self":[{"href":"https:\/\/fokusisrael.ch\/fr\/wp-json\/wp\/v2\/pages\/2635","targetHints":{"allow":["GET"]}}],"collection":[{"href":"https:\/\/fokusisrael.ch\/fr\/wp-json\/wp\/v2\/pages"}],"about":[{"href":"https:\/\/fokusisrael.ch\/fr\/wp-json\/wp\/v2\/types\/page"}],"author":[{"embeddable":true,"href":"https:\/\/fokusisrael.ch\/fr\/wp-json\/wp\/v2\/users\/2"}],"replies":[{"embeddable":true,"href":"https:\/\/fokusisrael.ch\/fr\/wp-json\/wp\/v2\/comments?post=2635"}],"version-history":[{"count":2,"href":"https:\/\/fokusisrael.ch\/fr\/wp-json\/wp\/v2\/pages\/2635\/revisions"}],"predecessor-version":[{"id":2638,"href":"https:\/\/fokusisrael.ch\/fr\/wp-json\/wp\/v2\/pages\/2635\/revisions\/2638"}],"up":[{"embeddable":true,"href":"https:\/\/fokusisrael.ch\/fr\/wp-json\/wp\/v2\/pages\/2814"}],"wp:featuredmedia":[{"embeddable":true,"href":"https:\/\/fokusisrael.ch\/fr\/wp-json\/wp\/v2\/media\/2340"}],"wp:attachment":[{"href":"https:\/\/fokusisrael.ch\/fr\/wp-json\/wp\/v2\/media?parent=2635"}],"wp:term":[{"taxonomy":"category","embeddable":true,"href":"https:\/\/fokusisrael.ch\/fr\/wp-json\/wp\/v2\/categories?post=2635"},{"taxonomy":"post_tag","embeddable":true,"href":"https:\/\/fokusisrael.ch\/fr\/wp-json\/wp\/v2\/tags?post=2635"}],"curies":[{"name":"wp","href":"https:\/\/api.w.org\/{rel}","templated":true}]}}