{"id":2634,"date":"2024-08-04T17:55:00","date_gmt":"2024-08-04T15:55:00","guid":{"rendered":"https:\/\/fokusisrael.ch\/que-peut-faire-israel-pour-son-image\/"},"modified":"2026-04-02T00:41:17","modified_gmt":"2026-04-01T22:41:17","slug":"que-peut-faire-israel-pour-son-image","status":"publish","type":"page","link":"https:\/\/fokusisrael.ch\/fr\/questions-et-reponses-sur-israel-gaza-et-les-palestiniens\/que-peut-faire-israel-pour-son-image\/","title":{"rendered":"Que peut faire Isra\u00ebl pour son image ?"},"content":{"rendered":"\n<p class=\"article__intro\">Elle a \u00e9t\u00e9 membre du Parlement isra\u00e9lien, la Knesset, et est aujourd&rsquo;hui l&rsquo;une des analystes les plus respect\u00e9es au monde de la situation en Isra\u00ebl et au Moyen-Orient : la politologue Dr. Einat Wilf. Einat Wilf r\u00e9pond en exclusivit\u00e9 \u00e0 FocusIsrael.ch sur les dix questions les plus importantes concernant Isra\u00ebl et le Proche-Orient.<\/p>\n\n<figure class=\"wp-block-embed is-type-video is-provider-youtube wp-block-embed-youtube wp-embed-aspect-16-9 wp-has-aspect-ratio\"><div class=\"wp-block-embed__wrapper\">\n<iframe loading=\"lazy\" title=\"Was kann Israel tun, um sich in der \u00fcbrigen Welt besser zu positionieren?\" width=\"500\" height=\"281\" src=\"https:\/\/www.youtube.com\/embed\/2ihQbhJFUPQ?feature=oembed\" frameborder=\"0\" allow=\"accelerometer; autoplay; clipboard-write; encrypted-media; gyroscope; picture-in-picture; web-share\" referrerpolicy=\"strict-origin-when-cross-origin\" allowfullscreen><\/iframe>\n<\/div><\/figure>\n\n<p>Isra\u00ebl est le seul \u00c9tat de droit d\u00e9mocratique au Moyen-Orient. Pourtant, il est r\u00e9guli\u00e8rement critiqu\u00e9 dans le monde occidental d\u00e9mocratique. Le Dr Einat Wilf explique ce qu&rsquo;Isra\u00ebl devrait faire pour am\u00e9liorer son image.<\/p>\n","protected":false},"excerpt":{"rendered":"<p>Elle a \u00e9t\u00e9 membre du Parlement isra\u00e9lien, la Knesset, et est aujourd&rsquo;hui l&rsquo;une des analystes les plus respect\u00e9es au monde de la situation en Isra\u00ebl et au Moyen-Orient : la politologue Dr. Einat Wilf. Einat Wilf r\u00e9pond en exclusivit\u00e9 \u00e0 FocusIsrael.ch sur les dix questions les plus importantes concernant Isra\u00ebl et le Proche-Orient. Isra\u00ebl est [&hellip;]<\/p>\n","protected":false},"author":2,"featured_media":2339,"parent":2814,"menu_order":20,"comment_status":"closed","ping_status":"closed","template":"","meta":{"_hide_socialbar":"","footnotes":""},"categories":[],"tags":[373,375,372],"class_list":["post-2634","page","type-page","status-publish","has-post-thumbnail","hentry","tag-einat-wilf-fr","tag-faq-fr-2","tag-israel-fr"],"aioseo_notices":[],"_links":{"self":[{"href":"https:\/\/fokusisrael.ch\/fr\/wp-json\/wp\/v2\/pages\/2634","targetHints":{"allow":["GET"]}}],"collection":[{"href":"https:\/\/fokusisrael.ch\/fr\/wp-json\/wp\/v2\/pages"}],"about":[{"href":"https:\/\/fokusisrael.ch\/fr\/wp-json\/wp\/v2\/types\/page"}],"author":[{"embeddable":true,"href":"https:\/\/fokusisrael.ch\/fr\/wp-json\/wp\/v2\/users\/2"}],"replies":[{"embeddable":true,"href":"https:\/\/fokusisrael.ch\/fr\/wp-json\/wp\/v2\/comments?post=2634"}],"version-history":[{"count":2,"href":"https:\/\/fokusisrael.ch\/fr\/wp-json\/wp\/v2\/pages\/2634\/revisions"}],"predecessor-version":[{"id":2639,"href":"https:\/\/fokusisrael.ch\/fr\/wp-json\/wp\/v2\/pages\/2634\/revisions\/2639"}],"up":[{"embeddable":true,"href":"https:\/\/fokusisrael.ch\/fr\/wp-json\/wp\/v2\/pages\/2814"}],"wp:featuredmedia":[{"embeddable":true,"href":"https:\/\/fokusisrael.ch\/fr\/wp-json\/wp\/v2\/media\/2339"}],"wp:attachment":[{"href":"https:\/\/fokusisrael.ch\/fr\/wp-json\/wp\/v2\/media?parent=2634"}],"wp:term":[{"taxonomy":"category","embeddable":true,"href":"https:\/\/fokusisrael.ch\/fr\/wp-json\/wp\/v2\/categories?post=2634"},{"taxonomy":"post_tag","embeddable":true,"href":"https:\/\/fokusisrael.ch\/fr\/wp-json\/wp\/v2\/tags?post=2634"}],"curies":[{"name":"wp","href":"https:\/\/api.w.org\/{rel}","templated":true}]}}