{"id":2631,"date":"2025-03-19T18:44:42","date_gmt":"2025-03-19T17:44:42","guid":{"rendered":"https:\/\/fokusisrael.ch\/israel-et-le-moyen-orient-dans-les-medias-etrangers\/"},"modified":"2025-10-15T13:38:09","modified_gmt":"2025-10-15T11:38:09","slug":"israel-et-le-moyen-orient-dans-les-medias-etrangers","status":"publish","type":"page","link":"https:\/\/fokusisrael.ch\/fr\/contexte-et-opinions-recommandations-de-la-redaction\/israel-et-le-moyen-orient-dans-les-medias-etrangers\/","title":{"rendered":"Isra\u00ebl et le Moyen-Orient dans les m\u00e9dias \u00e9trangers"},"content":{"rendered":"<div class=\"media__list\"><div class=\"media__list__item\">\n                            <h2 class=\"media__list__item__title\"><a href=\"https:\/\/steady.page\/de\/u-m\/posts\/69b47a58-3e74-4b52-a591-687340893588\" target=\"_blank\" rel=\"noopener noreferer\">Ungefilterte Fotos aus Gaza<\/a><\/h2>\n                            <p class=\"media__list__item__copyright\">12. September 2025 - U.M.<\/p>\n                            <p class=\"media__list__item__text\">Der Medienbeobachter U.M. erkl\u00e4rt anhand gekaufter Agenturfotos, wie Auswahl, Marktanreize und politische Rahmenbedingungen das visuelle Narrativ aus Gaza pr\u00e4gen \u2013 und belegt mit Beispielen (M\u00e4rkte, B\u00e4ckerei, Strandbilder Ende August 2025), dass neben Trag\u00f6dien auch Alltag stattfindet. Eine nuancierte, faktennahe Medienkritik \u2013 ohne das Leid zu relativieren.<\/p>\n                        <\/div><div class=\"media__list__item\">\n                            <h2 class=\"media__list__item__title\"><a href=\"https:\/\/www.nytimes.com\/2025\/07\/22\/opinion\/no-israel-is-not-committing-genocide-in-gaza.html\" target=\"_blank\" rel=\"noopener noreferer\">Nein, Israel begeht in Gaza keinen V\u00f6lkermord<\/a><\/h2>\n                            <p class=\"media__list__item__copyright\">30. Juli 2025 - New York Times<\/p>\n                            <p class=\"media__list__item__text\">Bret Stephens erkl\u00e4rt, warum Israels Vorgehen in Gaza kein V\u00f6lkermord ist: Die Opferzahlen und die Kriegsf\u00fchrung widersprechen der Absicht, die Bev\u00f6lkerung gezielt zu vernichten. V\u00f6lkermord bedeutet eine geplante Ausl\u00f6schung einer Gruppe \u201eals solche\u201c \u2013 wie bei den Nazis oder in Ruanda. Israels Ziel sei die Eliminierung der Hamas und die R\u00fcckkehr der Geiseln, nicht die Vernichtung der Pal\u00e4stinenser. Die inflation\u00e4re Verwendung des Begriffs \u201eV\u00f6lkermord\u201c banalisiert das Verbrechen und sch\u00fcrt neuen Antisemitismus.<\/p>\n                        <\/div><div class=\"media__list__item\">\n                            <h2 class=\"media__list__item__title\"><a href=\"https:\/\/www.bild.de\/politik\/meinung-kommentare-kolumnen\/kommentar-10-wahrheiten-ueber-gaza-die-man-derzeit-nicht-hoert-683c1cce72b82d20ec757909\" target=\"_blank\" rel=\"noopener noreferer\">10 Wahrheiten \u00fcber Gaza, die man derzeit nicht h\u00f6rt<\/a><\/h2>\n                            <p class=\"media__list__item__copyright\">03. Juni 2025 - bild.de<\/p>\n                            <p class=\"media__list__item__text\">Die Bilder aus Gaza sind schwer zu ertragen. Zerschossene Wohnh\u00e4user, hungernde Kinder, verzweifelte Eltern \u2013 das Leid der Zivilisten ist real, tief und t\u00e4glich. Wer hier kein Mitleid empfindet, dem ist jegliche Empathie abhandengekommen. Kein Mensch sollte so leben m\u00fcssen. Kein Kind sollte in Tr\u00fcmmern aufwachsen. Dieser Krieg muss enden \u2013 je schneller, desto besser. Aber wer hinschaut, muss auch benennen, wer das Leid verursacht hat und wer es skrupellos f\u00fcr seine Zwecke instrumentalisiert.<\/p>\n                        <\/div><div class=\"media__list__item\">\n                            <h2 class=\"media__list__item__title\"><a href=\"https:\/\/www.welt.de\/politik\/ausland\/article254091338\/Benjamin-Netanjahu-Das-wird-zu-einer-historischen-Versoehnung-zwischen-Juden-und-Arabern-fuehren.html\" target=\"_blank\" rel=\"noopener noreferer\">Netanjahu:  \u00abDas wird zu einer historischen Vers\u00f6hnung zwischen Juden und Arabern f\u00fchren\u00bb<\/a><\/h2>\n                            <p class=\"media__list__item__copyright\">16. Oktober 2024 - welt.de<\/p>\n                            <p class=\"media__list__item__text\">Der israelische Ministerpr\u00e4sident Benjamin Netanjahu erkl\u00e4rt im Interview, wie er sich ein Ende des Kriegs gegen die Hamas und Hisbollah vorstellt. Kritik an der Behandlung der Zivilisten weist er von sich. F\u00fcr die Zukunft von Gaza hat er sich drei Ziele gesetzt.      Das Interview, publiziert am 16.10.2024, f\u00fchrte \u00abLe Figaro\u00bb. Die deutsche \u00dcbersetzung erschien in der Welt.<\/p>\n                        <\/div><div class=\"media__list__item\">\n                            <h2 class=\"media__list__item__title\"><a href=\"https:\/\/www.bild.de\/politik\/inland\/bild-exklusiv-zum-schaudern-das-plant-der-hamas-chef-mit-den-geiseln-66d98503c0fd674dd9f5d092\" target=\"_blank\" rel=\"noopener noreferer\">\u201eWir stehen in einem Mehrfrontenkrieg, der den Nahen Osten grundlegend ver\u00e4ndern wird\u201c<\/a><\/h2>\n                            <p class=\"media__list__item__copyright\">06. Oktober 2024 - welt.de<\/p>\n                            <p class=\"media__list__item__text\">W\u00e4hrend die israelische Armee fast die gesamte Hisbollah-F\u00fchrung ausgeschaltet hat, richtete der Gegenschlag aus dem Iran kaum Schaden an. Doch Israels Feinde sind nicht so schwach, wie es scheint, sagt Iran-Expertin Sima Shine. Ein m\u00f6gliches Szenario h\u00e4lt sie f\u00fcr besonders gef\u00e4hrlich.<\/p>\n                        <\/div><div class=\"media__list__item\">\n                            <h2 class=\"media__list__item__title\"><a href=\"https:\/\/www.bild.de\/politik\/inland\/bild-exklusiv-zum-schaudern-das-plant-der-hamas-chef-mit-den-geiseln-66d98503c0fd674dd9f5d092\" target=\"_blank\" rel=\"noopener noreferer\">Zum Schaudern! Das plant der Hamas-Chef mit den Geiseln<\/a><\/h2>\n                            <p class=\"media__list__item__copyright\">06. September 2024 - bild.de<\/p>\n                            <p class=\"media__list__item__text\">Seit Monaten verhandelt Israel erfolglos mit der pal\u00e4stinensischen Terror-Organisation Hamas \u00fcber ein Ende des Krieges. Die Gespr\u00e4che stecken fest: Die Hamas weigert sich, die israelischen Geiseln freizulassen, die sie am 7. Oktober verschleppt hat \u2013 darunter junge Frauen und Greise. Israels Premierminister Benjamin Netanjahu (74) will die Kontrolle \u00fcber einen wichtigen Versorgungskorridor der Hamas nicht aufgeben, f\u00fcrchtet ein Erstarken der Terroristen.<\/p>\n                        <\/div><div class=\"media__list__item\">\n                            <h2 class=\"media__list__item__title\"><a href=\"https:\/\/www.welt.de\/politik\/ausland\/article252984336\/Gaza-Konflikt-Israelis-zweifeln-an-der-Neutralitaet-des-Internationalen-Roten-Kreuzes.html\" target=\"_blank\" rel=\"noopener noreferer\">Die Zweifel an der Neutralit\u00e4t des Roten Kreuzes<\/a><\/h2>\n                            <p class=\"media__list__item__copyright\">13. August 2024 - welt.de<\/p>\n                            <p class=\"media__list__item__text\">Angeh\u00f6rige israelischer Hamas-Geiseln werfen dem Internationalen Roten Kreuz vor, seine Hilfe vor allem der pal\u00e4stinensischen Seite&nbsp;zukommen zu lassen \u2013 und die humanit\u00e4re Unterst\u00fctzung f\u00fcr die Geiseln zu vernachl\u00e4ssigen. Aktivistinnen erheben deshalb eine&nbsp;drastische Forderung.<\/p>\n                        <\/div><div class=\"media__list__item\">\n                            <h2 class=\"media__list__item__title\"><a href=\"https:\/\/www.welt.de\/politik\/ausland\/plus252757350\/Libanon-Was-droht-wenn-Israel-in-den-totalen-Krieg-eintritt.html\" target=\"_blank\" rel=\"noopener noreferer\">Was droht, wenn Israel in den \u00abtotalen Krieg\u00bb eintritt<\/a><\/h2>\n                            <p class=\"media__list__item__copyright\">30. Juli 2024 - welt.de<\/p>\n                            <p class=\"media__list__item__text\">Zw\u00f6lf Kinder und Jugendliche starben durch einen Raketenangriff in den israelisch kontrollierten Golanh\u00f6hen. Verantwortlich daf\u00fcr soll&nbsp;die Hisbollah sein. Nun droht ein weitreichender Krieg mit der libanesischen Miliz \u2013 der f\u00fcr Israel allerdings viele Gefahren birgt.<\/p>\n                        <\/div><div class=\"media__list__item\">\n                            <h2 class=\"media__list__item__title\"><a href=\"https:\/\/www.bild.de\/politik\/ausland-und-internationales\/hamas-islamisten-arbeiten-bei-un-deutschland-finanziert-mehr-als-100-terroristen-668e8e49a76a581c61f687e7\" target=\"_blank\" rel=\"noopener noreferer\">Deutschland finanziert mehr als 100 Terroristen<\/a><\/h2>\n                            <p class=\"media__list__item__copyright\">30. Juni 2024 - welt.de<\/p>\n                            <p class=\"media__list__item__text\">Schwere Anschuldigung der israelischen Regierung: Das Gaza-Fl\u00fcchtlingswerk UNRWA hat&nbsp;Terroristen in seinen Reihen, kriegt trotzdem Steuergelder in Millionenh\u00f6he<\/p>\n                        <\/div><div class=\"media__list__item\">\n                            <h2 class=\"media__list__item__title\"><a href=\"https:\/\/www.welt.de\/debatte\/kommentare\/article252248614\/ARD-Wie-die-Tagesschau-Angriffe-auf-Israel-totschweigt.html\" target=\"_blank\" rel=\"noopener noreferer\">Wie die Tagesschau Angriffe auf Israel totschweigt<\/a><\/h2>\n                            <p class=\"media__list__item__copyright\">30. Juni 2024 - welt.de<\/p>\n                            <p class=\"media__list__item__text\">Tag f\u00fcr Tag schie\u00dft die Terrormiliz Hisbollah Raketen auf Israel \u2013 aber die Tagesschau berichtet nicht dar\u00fcber. Sollte Israel sich am Ende zu einem umfassenden Gegenangriff entschlie\u00dfen, wird die Tagesschau dann voll einsteigen.<\/p>\n                        <\/div><div class=\"media__list__item\">\n                            <h2 class=\"media__list__item__title\"><a href=\"https:\/\/www.welt.de\/debatte\/kommentare\/article252143806\/Israel-Hass-Bildung-ist-keine-Garantie-gegen-Antisemitismus.html\" target=\"_blank\" rel=\"noopener noreferer\">Bildung ist keine Garantie gegen Antisemitismus<\/a><\/h2>\n                            <p class=\"media__list__item__copyright\">22. Juni 2024 - welt.de<\/p>\n                            <p class=\"media__list__item__text\">Seit seiner Gr\u00fcndung wird Israel gehasst, weil es existiert. Und nicht, weil es etwas tut oder nicht tut, schreibt unsere Gastautorin von der TU Berlin. Wo war nach dem Massaker vom 7. Oktober der Aufschrei jener, die sonst jede Diskriminierung anprangern?<\/p>\n                        <\/div><div class=\"media__list__item\">\n                            <h2 class=\"media__list__item__title\"><a href=\"https:\/\/www.bild.de\/politik\/inland\/hat-die-un-den-mullahs-beim-bau-der-atombombe-geholfen-665efe73c34cbc2d431c1386\" target=\"_blank\" rel=\"noopener noreferer\">Half die UN den Mullahs beim Bau der Atombombe?<\/a><\/h2>\n                            <p class=\"media__list__item__copyright\">16. Juni 2024 - Bild<\/p>\n                            <p class=\"media__list__item__text\">Vergangene Woche teilte die unabh\u00e4ngige UN-Organisation mit, dass der Iran sein Nuklearprogramm ausgebaut habe. Teheran treibe seine Produktion von waffenf\u00e4higem Uran massiv voran, so Grossi. F\u00fcr die USA steht fest: Die Mullahs verfolgen mit dem Atomprogramm \u201ekeinen glaubw\u00fcrdigen friedlichen Zweck\u201c.<\/p>\n                        <\/div><div class=\"media__list__item\">\n                            <h2 class=\"media__list__item__title\"><a href=\"https:\/\/www.bild.de\/politik\/ausland-und-internationales\/explosion-in-rafah-ist-die-welt-auf-eine-neue-hamas-luege-reingefallen-6657172583fcfa508edce6b0?t_ref=https%3A%2F%2Fm.bild.de%2Fpolitik%2Fausland-und-internationales%2Fexplosion-in-rafah-ist-die-welt-auf-eine-neue-hamas-luege-reingefallen-6657172583fcfa508edce6b0%3Ft_ref%3Dhttps%253A%252F%252Fm.bild.de%252F\" target=\"_blank\" rel=\"noopener noreferer\">Ist die Welt auf eine neue Hamas-L\u00fcge reingefallen?<\/a><\/h2>\n                            <p class=\"media__list__item__copyright\">31. Mai 2024 - Bild<\/p>\n                            <p class=\"media__list__item__text\">Es war eine t\u00f6dliche Explosion, die Israel weltweit Kritik einbrachte. Doch wer ist f\u00fcr die zivilen Opfer in Rafah (Gaza) wirklich verantwortlich? Die Terror-Organisation Hamas gibt Israel die Schuld f\u00fcr angeblich 45 Todesf\u00e4lle im Fl\u00fcchtlingslager, Regierungschefs aus aller Welt verurteilten den j\u00fcdischen Staat. Frankreichs Pr\u00e4sident Emmanuel Macron zeigte sich \u00abemp\u00f6rt\u00bb \u00fcber Israel, von den Vereinten Nationen hagelte es Kritik.<\/p>\n                        <\/div><div class=\"media__list__item\">\n                            <h2 class=\"media__list__item__title\"><a href=\"https:\/\/www.bild.de\/politik\/meinung-kommentare-kolumnen\/kommentar-zum-hamas-krieg-dieses-viral-foto-belohnt-den-terror-66532d1698896b2e305b3a8b\" target=\"_blank\" rel=\"noopener noreferer\">Dieses Viral-Foto belohnt den Terror<\/a><\/h2>\n                            <p class=\"media__list__item__copyright\">30. Mai 2024 - Bild<\/p>\n                            <p class=\"media__list__item__text\">Es ist ein scheinbar friedlicher Aufruf, weltweit 45 Millionen Mal geteilt, zehntausendfach auch in Deutschland:&nbsp;\u201eAll eyes on Rafah\u201c&nbsp;(dt. Schaut auf Rafah), das ist die Botschaft der viralen Grafik, die um die Welt geht. Dass der Nutzer, der das KI-Foto generiert hat,&nbsp;auf seinem Profil auch zur Ausl\u00f6schung Israels aufruft, interessiert niemanden. Viele junge Menschen, die das Foto teilen, meinen&nbsp;es gut mit den Zivilisten in Gaza \u2013 aber spielen unbewusst der Hamas in die H\u00e4nde.<\/p>\n                        <\/div><div class=\"media__list__item\">\n                            <h2 class=\"media__list__item__title\"><a href=\"https:\/\/www.spiegel.de\/politik\/israel-gaza-krieg-joschka-fischer-warnt-vor-einseitiger-sicht-auf-pro-palaestina-proteste-a-bf4dd049-0e8c-4ae8-a747-22a695a2eaff\" target=\"_blank\" rel=\"noopener noreferer\">\u00abIsrael hat den Krieg der Meinungen schon verloren\u00bb<\/a><\/h2>\n                            <p class=\"media__list__item__copyright\">25. Mai 2024 - Spiegel<\/p>\n                            <p class=\"media__list__item__text\">Joschka Fischer versteht das humanit\u00e4re Anliegen der Pro-Pal\u00e4stina-Demonstranten. Er warnt aber, wer die&nbsp;Hamas-Massaker in Israel am 7. Oktober und damit den Kriegsgrund ausblende, gerate \u00bbauf eine schiefe&nbsp;argumentative Bahn\u00ab.<\/p>\n                        <\/div><div class=\"media__list__item\">\n                            <h2 class=\"media__list__item__title\"><a href=\"https:\/\/www.bild.de\/politik\/ausland-und-internationales\/hamas-terrorist-gesteht-vater-hat-sie-vergewaltigt-dann-ich-664f4ce3e374ea67b85b4401\" target=\"_blank\" rel=\"noopener noreferer\">\u00abVater hat sie vergewaltigt, dann ich\u00bb<\/a><\/h2>\n                            <p class=\"media__list__item__copyright\">24. Mai 2024 - Bild<\/p>\n                            <p class=\"media__list__item__text\">Dieses Gest\u00e4ndnis l\u00e4sst einem das Blut in den Adern gefrieren. Seelenruhig erz\u00e4hlt Hamas-Terrorist Abdallah&nbsp;(18) von dem abscheulichen Verbrechen, das er gemeinsam mit seinem Vater Jamal (47) und seinem Cousin&nbsp;begangen hat: Die drei vergewaltigten beim \u00dcberfall der&nbsp;Hamas&nbsp;auf Israel eine hilflose Frau!<\/p>\n                        <\/div><div class=\"media__list__item\">\n                            <h2 class=\"media__list__item__title\"><a href=\"https:\/\/magazin.zenith.me\/de\/politik\/interview-zu-grundrechten-verfassungsreform-und-demokratie-israel\" target=\"_blank\" rel=\"noopener noreferer\">\u00bbIsraels Demokratie verwundbarer denn je\u00ab<\/a><\/h2>\n                            <p class=\"media__list__item__copyright\">23. Mai 2024 - Zenith<\/p>\n                            <p class=\"media__list__item__text\">Verfassungsrechtler Adam Shinar sieht Presse- und Redefreiheit in Gefahr: Denn auch jenseits der umstrittenen Justizreform f\u00e4nden Netanyahu, Ben Gvir und Smotrich vor dem Hintergrund des Gaza-Kriegs Wege, um Israels Demokratie auszuh\u00f6hlen.<\/p>\n                        <\/div><div class=\"media__list__item\">\n                            <h2 class=\"media__list__item__title\"><a href=\"https:\/\/www.bild.de\/politik\/inland\/brisanter-beitrag-zdf-journalistin-wundert-sich-ueber-gaza-hunger-664db649a3a7a8732d0da490#:~:text=Das%20ZDF%20drehte%20einen%20Beitrag,kamen%20mehrere%20Pal%C3%A4stinenser%20zu%20Wort.\" target=\"_blank\" rel=\"noopener noreferer\">ZDF-Journalistin wundert sich \u00fcber Gaza-Hunger<\/a><\/h2>\n                            <p class=\"media__list__item__copyright\">22. Mai 2024 - Bild<\/p>\n                            <p class=\"media__list__item__text\">Wie steht es wirklich um die humanit\u00e4re Lage im Gaza-Streifen? Das ZDF drehte einen Beitrag \u00fcber die Lage der Zivilisten Gaza \u2013 und wunderte sich anschlie\u00dfend \u00fcber Hunger-Berichte.<\/p>\n                        <\/div><div class=\"media__list__item\">\n                            <h2 class=\"media__list__item__title\"><a href=\"https:\/\/www.welt.de\/politik\/ausland\/plus251617196\/Internationaler-Strafgerichtshof-Schlimmer-als-Putin-Neun-Merkwuerdigkeiten-am-Haftbefehl-gegen-Netanjahu.html?source=puerto-reco-2_ABC-V38.1.D_ac_extra_row\" target=\"_blank\" rel=\"noopener noreferer\">Schlimmer als Putin? Neun Merkw\u00fcrdigkeiten am Haftbefehl gegen Netanjahu<\/a><\/h2>\n                            <p class=\"media__list__item__copyright\">22. Mai 2024 - Welt<\/p>\n                            <p class=\"media__list__item__text\">Der Chefankl\u00e4ger des Internationalen Strafgerichtshofs hat Haftbefehl gegen Israels Premier und Verteidigungsminister beantragt. Vergleicht man den aber mit den Vorw\u00fcrfen gegen die Hamas-F\u00fchrer und den Haftbefehl gegen Putin, kann man nur zu einem Schluss kommen.&nbsp;<\/p>\n                        <\/div><div class=\"media__list__item\">\n                            <h2 class=\"media__list__item__title\"><a href=\"https:\/\/www.dailymail.co.uk\/debate\/article-13272407\/RICHARD-LITTLEJOHN-U-S-troops-kill-aid-workers-friendly-fire-Israel-war-crime-double-standards.html?dicbo=v4-zgDBSRf-1088236730\" target=\"_blank\" rel=\"noopener noreferer\">When U.S. troops kill aid workers, it&rsquo;s &lsquo;friendly fire&rsquo;. When Israel does, it&rsquo;s a &lsquo;war crime&rsquo;. The double standards are nauseating<\/a><\/h2>\n                            <p class=\"media__list__item__copyright\">21. Mai 2024 - Daily Mail<\/p>\n                            <p class=\"media__list__item__text\">The call came through as I was leaving Twickenham after an England rugby international in March 2003. My old friend Terry Lloyd, the brilliant ITN correspondent, had been&nbsp;killed in&nbsp;Iraq.<\/p>\n                        <\/div><div class=\"pagination\">\n\t<nav class=\"navigation pagination\" aria-label=\"Pagination des publications\">\n\t\t<h2 class=\"screen-reader-text\">Pagination des publications<\/h2>\n\t\t<div class=\"nav-links\"><span aria-current=\"page\" class=\"page-numbers current\">1<\/span>\n<a class=\"page-numbers\" href=\"https:\/\/fokusisrael.ch\/fr\/wp-json\/wp\/v2\/pages\/2631\/page\/2\/\">2<\/a>\n<a class=\"page-numbers\" href=\"https:\/\/fokusisrael.ch\/fr\/wp-json\/wp\/v2\/pages\/2631\/page\/3\/\">3<\/a>\n<a class=\"next page-numbers\" href=\"https:\/\/fokusisrael.ch\/fr\/wp-json\/wp\/v2\/pages\/2631\/page\/2\/\">Plus d'informations \"<\/a><\/div>\n\t<\/nav><\/div><\/div>\n\n\n\n<p><\/p>\n","protected":false},"excerpt":{"rendered":"","protected":false},"author":2,"featured_media":2389,"parent":2804,"menu_order":0,"comment_status":"closed","ping_status":"closed","template":"","meta":{"_hide_socialbar":"","footnotes":""},"categories":[],"tags":[],"class_list":["post-2631","page","type-page","status-publish","has-post-thumbnail","hentry"],"aioseo_notices":[],"_links":{"self":[{"href":"https:\/\/fokusisrael.ch\/fr\/wp-json\/wp\/v2\/pages\/2631","targetHints":{"allow":["GET"]}}],"collection":[{"href":"https:\/\/fokusisrael.ch\/fr\/wp-json\/wp\/v2\/pages"}],"about":[{"href":"https:\/\/fokusisrael.ch\/fr\/wp-json\/wp\/v2\/types\/page"}],"author":[{"embeddable":true,"href":"https:\/\/fokusisrael.ch\/fr\/wp-json\/wp\/v2\/users\/2"}],"replies":[{"embeddable":true,"href":"https:\/\/fokusisrael.ch\/fr\/wp-json\/wp\/v2\/comments?post=2631"}],"version-history":[{"count":2,"href":"https:\/\/fokusisrael.ch\/fr\/wp-json\/wp\/v2\/pages\/2631\/revisions"}],"predecessor-version":[{"id":2633,"href":"https:\/\/fokusisrael.ch\/fr\/wp-json\/wp\/v2\/pages\/2631\/revisions\/2633"}],"up":[{"embeddable":true,"href":"https:\/\/fokusisrael.ch\/fr\/wp-json\/wp\/v2\/pages\/2804"}],"wp:featuredmedia":[{"embeddable":true,"href":"https:\/\/fokusisrael.ch\/fr\/wp-json\/wp\/v2\/media\/2389"}],"wp:attachment":[{"href":"https:\/\/fokusisrael.ch\/fr\/wp-json\/wp\/v2\/media?parent=2631"}],"wp:term":[{"taxonomy":"category","embeddable":true,"href":"https:\/\/fokusisrael.ch\/fr\/wp-json\/wp\/v2\/categories?post=2631"},{"taxonomy":"post_tag","embeddable":true,"href":"https:\/\/fokusisrael.ch\/fr\/wp-json\/wp\/v2\/tags?post=2631"}],"curies":[{"name":"wp","href":"https:\/\/api.w.org\/{rel}","templated":true}]}}