{"id":2615,"date":"2025-07-08T15:48:26","date_gmt":"2025-07-08T13:48:26","guid":{"rendered":"https:\/\/fokusisrael.ch\/un-etat-a-part-entiere-les-occasions-manquees-des-palestiniens\/"},"modified":"2025-10-15T13:37:53","modified_gmt":"2025-10-15T11:37:53","slug":"un-etat-a-part-entiere-les-occasions-manquees-des-palestiniens","status":"publish","type":"page","link":"https:\/\/fokusisrael.ch\/fr\/les-palestiniens\/un-etat-a-part-entiere-les-occasions-manquees-des-palestiniens\/","title":{"rendered":"Un \u00c9tat \u00e0 part enti\u00e8re : les occasions manqu\u00e9es des Palestiniens"},"content":{"rendered":"\n<p><em>Par la r\u00e9daction de FokusIsrael.ch<\/em><\/p>\n\n<p>Au cours des 80 derni\u00e8res ann\u00e9es, les Palestiniens se sont vus proposer \u00e0 plusieurs reprises un \u00c9tat ((il y a 80 ans, personne ne parlait de Palestiniens, mais seulement d&rsquo;Arabes)). Mais ils ont tous refus\u00e9. Voici un bref aper\u00e7u des occasions manqu\u00e9es de devenir ind\u00e9pendant au niveau de l&rsquo;\u00c9tat.<\/p>\n\n<p><strong>1947 D\u00e9cision de partage de l&rsquo;ONU<\/strong>. Le 29 novembre 1947, l&rsquo;Assembl\u00e9e g\u00e9n\u00e9rale des Nations unies a adopt\u00e9 la r\u00e9solution 181 (II). Celle-ci postulait un \u00c9tat juif, un \u00c9tat arabe et l&rsquo;internationalisation de J\u00e9rusalem. Alors que la partie juive a accept\u00e9 le plan, la partie arabe l&rsquo;a rejet\u00e9.  <\/p>\n\n<p>Le 14 mai 1948, lorsque l&rsquo;\u00c9tat d&rsquo;Isra\u00ebl a \u00e9t\u00e9 proclam\u00e9, la partie arabe a opt\u00e9, un jour plus tard seulement, pour une solution militaire et a tent\u00e9 de d\u00e9truire l&rsquo;\u00c9tat juif nouvellement cr\u00e9\u00e9. La guerre a dur\u00e9 plus d&rsquo;un an et s&rsquo;est termin\u00e9e en juillet 1949 par la victoire d&rsquo;Isra\u00ebl sur les arm\u00e9es \u00e9gyptienne, syrienne, jordanienne, libanaise et irakienne.  <\/p>\n\n<p>La Cisjordanie, pr\u00e9vue par l&rsquo;ONU comme faisant partie du nouvel \u00c9tat arabe (palestinien), est pass\u00e9e sous domination jordanienne, tout comme J\u00e9rusalem-Est. Gaza, \u00e9galement pr\u00e9vue pour faire partie du nouvel \u00c9tat palestinien, a \u00e9t\u00e9 occup\u00e9e par l&rsquo;\u00c9gypte. (Lors de la guerre des Six Jours de 1967, la Cisjordanie et Gaza sont ensuite tomb\u00e9es aux mains d&rsquo;Isra\u00ebl et ont \u00e9t\u00e9 consid\u00e9r\u00e9es d\u00e8s lors comme des territoires occup\u00e9s en vertu du droit international).<\/p>\n\n<p><strong>2000\/2001 Camp David<\/strong>. Sous la direction du pr\u00e9sident am\u00e9ricain de l&rsquo;\u00e9poque, Bill Clinton, le pr\u00e9sident de l&rsquo;Autorit\u00e9 palestinienne, Yasser Arafat, et le Premier ministre isra\u00e9lien de l&rsquo;\u00e9poque, Ehud Barak, ont n\u00e9goci\u00e9 la cr\u00e9ation d&rsquo;un \u00c9tat palestinien. (L&rsquo;Autorit\u00e9 palestinienne avait \u00e9t\u00e9 cr\u00e9\u00e9e \u00e0 la suite des pourparlers de paix d&rsquo;Oslo en 1993. Elle \u00e9tait responsable de l&rsquo;administration de la majeure partie de la Cisjordanie et de Gaza).<\/p>\n\n<p>Le plan de paix de Clinton pr\u00e9voyait que l&rsquo;ensemble de Gaza et 94 \u00e0 96% de l&rsquo;ensemble de la Cisjordanie deviendraient un \u00c9tat palestinien. En outre, Isra\u00ebl devait c\u00e9der ses propres terres, repr\u00e9sentant 1 \u00e0 3 % de la Cisjordanie, au nouvel \u00c9tat palestinien afin de relier Gaza et la Cisjordanie par un pont terrestre. Les parties arabes de J\u00e9rusalem devraient \u00eatre plac\u00e9es sous administration palestinienne et les parties juives sous administration isra\u00e9lienne. Un fonds d&rsquo;aide international de 30 milliards de dollars devrait \u00e9galement \u00eatre cr\u00e9\u00e9 pour les Palestiniens.<\/p>\n\n<p>Le Premier ministre Barak et le gouvernement isra\u00e9lien ont approuv\u00e9 ce plan. Yasser Arafat a \u00e9galement d\u00e9clar\u00e9 qu&rsquo;il \u00e9tait d&rsquo;accord. Mais il a pos\u00e9 tellement de conditions \u00e0 son accord que la r\u00e9alisation du plan a finalement \u00e9t\u00e9 rendue impossible. L&rsquo;ambassadeur saoudien aux \u00c9tats-Unis, le prince Bandar bin Sultan, a d\u00e9clar\u00e9 \u00e0 ce sujet : \u00ab\u00a0Si Arafat n&rsquo;accepte pas ce qu&rsquo;on lui propose maintenant, ce n&rsquo;est pas une trag\u00e9die, mais un crime (contre son propre peuple, ndlr)\u00a0\u00bb. Cette tentative de cr\u00e9ation d&rsquo;un \u00c9tat palestinien a donc \u00e9galement \u00e9chou\u00e9.<\/p>\n\n<p><strong>2005 Plan Sharon.  <\/strong>En 2004, le Premier ministre isra\u00e9lien de l&rsquo;\u00e9poque, Ariel Sharon, a annonc\u00e9 qu&rsquo;Isra\u00ebl se retirerait compl\u00e8tement de Gaza et \u00e9vacuerait toutes les colonies qui s&rsquo;y trouvent. En outre, Isra\u00ebl d\u00e9mant\u00e8lera quatre colonies en Cisjordanie. L&rsquo;objectif est d&rsquo;ouvrir la voie \u00e0 une r\u00e9solution du conflit avec les Palestiniens. Ce plan a \u00e9t\u00e9 mis en \u0153uvre en 2005, les colons isra\u00e9liens de Gaza ayant \u00e9t\u00e9 contraints de quitter Gaza avec l&rsquo;aide de l&rsquo;arm\u00e9e isra\u00e9lienne.  <\/p>\n\n<p>L&rsquo;espoir de Sharon que le retrait unilat\u00e9ral d&rsquo;Isra\u00ebl de Gaza et d&rsquo;une partie de la Cisjordanie <strong>ouvrirait<\/strong> la voie \u00e0 la paix avec les Palestiniens s&rsquo;est av\u00e9r\u00e9 \u00eatre un leurre. Deux ans plus tard, le Hamas, <strong>\u00e9lu par sa propre population<\/strong>, a pris le pouvoir \u00e0 Gaza apr\u00e8s une lutte de pouvoir sanglante avec l&rsquo;OLP, au pouvoir en Cisjordanie, et a commenc\u00e9 \u00e0 terroriser Isra\u00ebl \u00e0 partir de l\u00e0 avec des attaques de roquettes et des attentats. Cela a culmin\u00e9 le 7 octobre 2023 avec le massacre de 1 200 b\u00e9b\u00e9s, enfants, femmes et hommes isra\u00e9liens <strong>\u00e0 l&rsquo;int\u00e9rieur des fronti\u00e8res de l&rsquo;\u00c9tat d&rsquo;Isra\u00ebl<\/strong> et l&rsquo;enl\u00e8vement de plus de 250 otages, ce qui a conduit <strong>\u00e0 la<\/strong> guerre de Gaza.<\/p>\n\n<p><strong>2008 Offre de paix d&rsquo;Ehud Olmert<\/strong>. Trois ans apr\u00e8s le retrait isra\u00e9lien de Gaza, Ehud Olmert, qui avait succ\u00e9d\u00e9 \u00e0 Sharon au poste de Premier ministre isra\u00e9lien, a fait une nouvelle offre de paix au successeur de Yasser Arafat \u00e0 la pr\u00e9sidence de l&rsquo;Autorit\u00e9 palestinienne, Mahmoud Abbas.  <\/p>\n\n<p>Tout comme le plan Clinton de 2002\/2001, l&rsquo;offre d&rsquo;Olmert pr\u00e9voyait un \u00e9change de territoires entre Isra\u00ebl et le nouvel \u00c9tat palestinien. Les deux parties devraient se c\u00e9der exactement la m\u00eame quantit\u00e9 de terres.<\/p>\n\n<p>Selon ce document, 6,3% de la Cisjordanie devaient \u00eatre transf\u00e9r\u00e9s \u00e0 Isra\u00ebl afin que les colons isra\u00e9liens qui s&rsquo;y trouvaient puissent \u00eatre int\u00e9gr\u00e9s au territoire isra\u00e9lien. De son c\u00f4t\u00e9, Isra\u00ebl aurait c\u00e9d\u00e9 au nouvel \u00c9tat palestinien une partie de son propre territoire \u00e9quivalant \u00e0 5,8% de la Cisjordanie. En outre, une autre partie du territoire isra\u00e9lien (\u00e9quivalente \u00e0 0,5% de la Cisjordanie) devait \u00eatre c\u00e9d\u00e9e afin de relier la Cisjordanie et Gaza par un pont terrestre et de cr\u00e9er un \u00c9tat palestinien d&rsquo;un seul tenant.  <strong>Isra\u00ebl a aujourd&rsquo;hui une superficie d&rsquo;un peu plus de 20 000 kilom\u00e8tres carr\u00e9s, soit la moiti\u00e9 de la Suisse.<\/strong><\/p>\n\n<p>Mais comme son pr\u00e9d\u00e9cesseur Arafat, Mahmoud Abbas a rejet\u00e9 cette proposition de cr\u00e9ation d&rsquo;un \u00c9tat palestinien ind\u00e9pendant.<\/p>\n\n<p>Dans une interview accord\u00e9e \u00e0 la \u00ab\u00a0Weltwoche\u00a0\u00bb, l&rsquo;ancien Premier ministre britannique Boris Johnson a d\u00e9clar\u00e9 \u00e0 ce sujet en juillet 2025 : \u00ab\u00a0L&rsquo;histoire de la Palestine depuis 1948 est une histoire d&rsquo;occasions manqu\u00e9es, d&rsquo;\u00e9chec de la direction palestinienne et d&rsquo;incompr\u00e9hension totale de la n\u00e9cessit\u00e9 de coexister avec Isra\u00ebl. Il n&rsquo;y a jamais eu de dirigeant palestinien pr\u00eat \u00e0 dire : \u00ab\u00a0Isra\u00ebl a un droit inconditionnel \u00e0 l&rsquo;existence. Nous devons coexister avec Isra\u00ebl\u00a0\u00bb.<\/p>\n","protected":false},"excerpt":{"rendered":"<p>Par la r\u00e9daction de FokusIsrael.ch Au cours des 80 derni\u00e8res ann\u00e9es, les Palestiniens se sont vus proposer \u00e0 plusieurs reprises un \u00c9tat ((il y a 80 ans, personne ne parlait de Palestiniens, mais seulement d&rsquo;Arabes)). Mais ils ont tous refus\u00e9. Voici un bref aper\u00e7u des occasions manqu\u00e9es de devenir ind\u00e9pendant au niveau de l&rsquo;\u00c9tat. 1947 [&hellip;]<\/p>\n","protected":false},"author":2,"featured_media":2368,"parent":2769,"menu_order":0,"comment_status":"closed","ping_status":"closed","template":"","meta":{"_hide_socialbar":"","footnotes":""},"categories":[],"tags":[],"class_list":["post-2615","page","type-page","status-publish","has-post-thumbnail","hentry"],"aioseo_notices":[],"_links":{"self":[{"href":"https:\/\/fokusisrael.ch\/fr\/wp-json\/wp\/v2\/pages\/2615","targetHints":{"allow":["GET"]}}],"collection":[{"href":"https:\/\/fokusisrael.ch\/fr\/wp-json\/wp\/v2\/pages"}],"about":[{"href":"https:\/\/fokusisrael.ch\/fr\/wp-json\/wp\/v2\/types\/page"}],"author":[{"embeddable":true,"href":"https:\/\/fokusisrael.ch\/fr\/wp-json\/wp\/v2\/users\/2"}],"replies":[{"embeddable":true,"href":"https:\/\/fokusisrael.ch\/fr\/wp-json\/wp\/v2\/comments?post=2615"}],"version-history":[{"count":2,"href":"https:\/\/fokusisrael.ch\/fr\/wp-json\/wp\/v2\/pages\/2615\/revisions"}],"predecessor-version":[{"id":2617,"href":"https:\/\/fokusisrael.ch\/fr\/wp-json\/wp\/v2\/pages\/2615\/revisions\/2617"}],"up":[{"embeddable":true,"href":"https:\/\/fokusisrael.ch\/fr\/wp-json\/wp\/v2\/pages\/2769"}],"wp:featuredmedia":[{"embeddable":true,"href":"https:\/\/fokusisrael.ch\/fr\/wp-json\/wp\/v2\/media\/2368"}],"wp:attachment":[{"href":"https:\/\/fokusisrael.ch\/fr\/wp-json\/wp\/v2\/media?parent=2615"}],"wp:term":[{"taxonomy":"category","embeddable":true,"href":"https:\/\/fokusisrael.ch\/fr\/wp-json\/wp\/v2\/categories?post=2615"},{"taxonomy":"post_tag","embeddable":true,"href":"https:\/\/fokusisrael.ch\/fr\/wp-json\/wp\/v2\/tags?post=2615"}],"curies":[{"name":"wp","href":"https:\/\/api.w.org\/{rel}","templated":true}]}}